{"id":599,"date":"2022-08-10T02:27:04","date_gmt":"2022-08-10T02:27:04","guid":{"rendered":"https:\/\/am-powder.com\/?page_id=599"},"modified":"2022-08-10T02:31:14","modified_gmt":"2022-08-10T02:31:14","slug":"hip-technology","status":"publish","type":"page","link":"https:\/\/am-printing.com\/de\/hip-technology\/","title":{"rendered":"HIP-Technologie"},"content":{"rendered":"<div data-elementor-type=\"wp-page\" data-elementor-id=\"599\" class=\"elementor elementor-599\" data-elementor-post-type=\"page\">\n\t\t\t\t\t\t<section data-particle_enable=\"false\" data-particle-mobile-disabled=\"false\" class=\"elementor-section elementor-top-section elementor-element elementor-element-3613153 ct-section-stretched elementor-section-height-min-height elementor-section-boxed elementor-section-height-default elementor-section-items-middle\" data-id=\"3613153\" data-element_type=\"section\" data-e-type=\"section\" data-settings=\"{&quot;background_background&quot;:&quot;classic&quot;}\">\n\t\t\t\t\t\t\t<div class=\"elementor-background-overlay\"><\/div>\n\t\t\t\t\t\t\t<div class=\"elementor-container elementor-column-gap-default\">\n\t\t\t\t\t<div class=\"elementor-column elementor-col-100 elementor-top-column elementor-element elementor-element-7248aab\" data-id=\"7248aab\" data-element_type=\"column\" data-e-type=\"column\">\n\t\t\t<div class=\"elementor-widget-wrap elementor-element-populated\">\n\t\t\t\t\t\t<div class=\"elementor-element elementor-element-ca04945 elementor-widget elementor-widget-text-editor\" data-id=\"ca04945\" data-element_type=\"widget\" data-e-type=\"widget\" data-widget_type=\"text-editor.default\">\n\t\t\t\t<div class=\"elementor-widget-container\">\n\t\t\t\t\t\t\t\t\t<p>Beim hei\u00dfisostatischen Pressen (HIP) wird das Produkt in einen geschlossenen Beh\u00e4lter gegeben, mit Inertgas gef\u00fcllt und bei sehr hoher Temperatur (in der Regel nahe der Schmiedetemperatur des Materials) und sehr hohem Druck (in der Regel 100-140 MPa) gesintert oder verdichtet. Dadurch kann das Produkt gesintert oder verdichtet werden. Bei metallischen Werkstoffen kann mit der Technologie des hei\u00dfisostatischen Pressens eine Verdichtung zur Beseitigung von Fehlern erreicht werden, da metallische Werkstoffe bei hohen Temperaturen eine sehr geringe Festigkeit und eine ausgezeichnete Plastizit\u00e4t aufweisen, das Metall im Bereich des Lochs einem externen Gasdruck ausgesetzt ist und eine plastische Verformung stattfindet, das Metall im Bereich des Lochs miteinander in Kontakt steht und die metallurgische Struktur das Loch verschwinden l\u00e4sst.<\/p>\t\t\t\t\t\t\t\t<\/div>\n\t\t\t\t<\/div>\n\t\t\t\t\t<\/div>\n\t\t<\/div>\n\t\t\t\t\t<\/div>\n\t\t<\/section>\n\t\t\t\t<section data-particle_enable=\"false\" data-particle-mobile-disabled=\"false\" class=\"elementor-section elementor-top-section elementor-element elementor-element-40cc1c0 elementor-section-content-middle elementor-section-boxed elementor-section-height-default elementor-section-height-default\" data-id=\"40cc1c0\" data-element_type=\"section\" data-e-type=\"section\">\n\t\t\t\t\t\t<div class=\"elementor-container elementor-column-gap-default\">\n\t\t\t\t\t<div class=\"elementor-column elementor-col-50 elementor-top-column elementor-element elementor-element-28f086d\" data-id=\"28f086d\" data-element_type=\"column\" data-e-type=\"column\">\n\t\t\t<div class=\"elementor-widget-wrap elementor-element-populated\">\n\t\t\t\t\t\t<div class=\"elementor-element elementor-element-920e3df elementor-widget elementor-widget-heading\" data-id=\"920e3df\" data-element_type=\"widget\" data-e-type=\"widget\" data-widget_type=\"heading.default\">\n\t\t\t\t<div class=\"elementor-widget-container\">\n\t\t\t\t\t<h2 class=\"elementor-heading-title elementor-size-default\">Was ist HIP-Technologie?<\/h2>\t\t\t\t<\/div>\n\t\t\t\t<\/div>\n\t\t\t\t<div class=\"elementor-element elementor-element-71388b9 elementor-widget elementor-widget-text-editor\" data-id=\"71388b9\" data-element_type=\"widget\" data-e-type=\"widget\" data-widget_type=\"text-editor.default\">\n\t\t\t\t<div class=\"elementor-widget-container\">\n\t\t\t\t\t\t\t\t\t<p>Die wichtigsten Parameter des hei\u00dfisostatischen Pressens sind Heiztemperatur, Gasdruck, Haltezeit und Gasmedium. Verschiedene Materialien ausgew\u00e4hlt Temperatur, Druck, Haltezeit sind sehr unterschiedlich, vor allem auf der Grundlage des Materials feste Phase \u00e4ndern und Hochtemperatur-Festigkeit, Plastizit\u00e4t Auswahlprozess Parameter. Zum Beispiel ist die TC4 Titan-Legierung hei\u00dfen isostatischen Pressen Prozess in der Regel 920 \u2103 und 110 - 120 MPa Bedingungen der Isolierung 1 - 2 Stunden, Inertgas mit Argon.<\/p>\t\t\t\t\t\t\t\t<\/div>\n\t\t\t\t<\/div>\n\t\t\t\t<div class=\"elementor-element elementor-element-5fbc517 elementor-widget elementor-widget-button\" data-id=\"5fbc517\" data-element_type=\"widget\" data-e-type=\"widget\" data-widget_type=\"button.default\">\n\t\t\t\t<div class=\"elementor-widget-container\">\n\t\t\t\t\t\t\t\t\t<div class=\"elementor-button-wrapper\">\n\t\t\t\t\t<a class=\"elementor-button elementor-button-link elementor-size-md\" href=\"#elementor-action%3Aaction%3Dpopup%3Aopen%26settings%3DeyJpZCI6IjM2MCIsInRvZ2dsZSI6ZmFsc2V9\">\n\t\t\t\t\t\t<span class=\"elementor-button-content-wrapper\">\n\t\t\t\t\t\t\t\t\t<span class=\"elementor-button-text\">GET SOLUTION<\/span>\n\t\t\t\t\t<\/span>\n\t\t\t\t\t<\/a>\n\t\t\t\t<\/div>\n\t\t\t\t\t\t\t\t<\/div>\n\t\t\t\t<\/div>\n\t\t\t\t\t<\/div>\n\t\t<\/div>\n\t\t\t\t<div class=\"elementor-column elementor-col-50 elementor-top-column elementor-element elementor-element-3cf2d22\" data-id=\"3cf2d22\" data-element_type=\"column\" data-e-type=\"column\">\n\t\t\t<div class=\"elementor-widget-wrap elementor-element-populated\">\n\t\t\t\t\t\t<div class=\"elementor-element elementor-element-09431cd elementor-widget elementor-widget-image\" data-id=\"09431cd\" data-element_type=\"widget\" data-e-type=\"widget\" data-widget_type=\"image.default\">\n\t\t\t\t<div class=\"elementor-widget-container\">\n\t\t\t\t\t\t\t\t\t\t\t\t\t\t\t<img fetchpriority=\"high\" decoding=\"async\" width=\"480\" height=\"540\" src=\"https:\/\/am-printing.com\/wp-content\/uploads\/2022\/08\/hip-technology.jpg\" class=\"attachment-large size-large wp-image-603\" alt=\"Niobiumpulver\" srcset=\"https:\/\/am-printing.com\/wp-content\/uploads\/2022\/08\/hip-technology.jpg 480w, https:\/\/am-printing.com\/wp-content\/uploads\/2022\/08\/hip-technology-267x300.jpg 267w, https:\/\/am-printing.com\/wp-content\/uploads\/2022\/08\/hip-technology-300x338.jpg 300w\" sizes=\"(max-width: 480px) 100vw, 480px\" \/>\t\t\t\t\t\t\t\t\t\t\t\t\t\t\t<\/div>\n\t\t\t\t<\/div>\n\t\t\t\t\t<\/div>\n\t\t<\/div>\n\t\t\t\t\t<\/div>\n\t\t<\/section>\n\t\t\t\t<section data-particle_enable=\"false\" data-particle-mobile-disabled=\"false\" class=\"elementor-section elementor-top-section elementor-element elementor-element-d33de75 elementor-section-content-middle elementor-reverse-tablet elementor-reverse-mobile elementor-section-boxed elementor-section-height-default elementor-section-height-default\" data-id=\"d33de75\" data-element_type=\"section\" data-e-type=\"section\">\n\t\t\t\t\t\t<div class=\"elementor-container elementor-column-gap-default\">\n\t\t\t\t\t<div class=\"elementor-column elementor-col-50 elementor-top-column elementor-element elementor-element-9f5ccd3\" data-id=\"9f5ccd3\" data-element_type=\"column\" data-e-type=\"column\">\n\t\t\t<div class=\"elementor-widget-wrap elementor-element-populated\">\n\t\t\t\t\t\t<div class=\"elementor-element elementor-element-2db98cc elementor-widget elementor-widget-image\" data-id=\"2db98cc\" data-element_type=\"widget\" data-e-type=\"widget\" data-widget_type=\"image.default\">\n\t\t\t\t<div class=\"elementor-widget-container\">\n\t\t\t\t\t\t\t\t\t\t\t\t\t\t\t<img decoding=\"async\" width=\"505\" height=\"510\" src=\"https:\/\/am-printing.com\/wp-content\/uploads\/2022\/08\/HIP-application.jpg\" class=\"attachment-large size-large wp-image-604\" alt=\"\" srcset=\"https:\/\/am-printing.com\/wp-content\/uploads\/2022\/08\/HIP-application.jpg 505w, https:\/\/am-printing.com\/wp-content\/uploads\/2022\/08\/HIP-application-100x100.jpg 100w, https:\/\/am-printing.com\/wp-content\/uploads\/2022\/08\/HIP-application-297x300.jpg 297w, https:\/\/am-printing.com\/wp-content\/uploads\/2022\/08\/HIP-application-150x150.jpg 150w, https:\/\/am-printing.com\/wp-content\/uploads\/2022\/08\/HIP-application-300x303.jpg 300w\" sizes=\"(max-width: 505px) 100vw, 505px\" \/>\t\t\t\t\t\t\t\t\t\t\t\t\t\t\t<\/div>\n\t\t\t\t<\/div>\n\t\t\t\t\t<\/div>\n\t\t<\/div>\n\t\t\t\t<div class=\"elementor-column elementor-col-50 elementor-top-column elementor-element elementor-element-5ec6bbd\" data-id=\"5ec6bbd\" data-element_type=\"column\" data-e-type=\"column\">\n\t\t\t<div class=\"elementor-widget-wrap elementor-element-populated\">\n\t\t\t\t\t\t<div class=\"elementor-element elementor-element-1c8696d elementor-widget elementor-widget-heading\" data-id=\"1c8696d\" data-element_type=\"widget\" data-e-type=\"widget\" data-widget_type=\"heading.default\">\n\t\t\t\t<div class=\"elementor-widget-container\">\n\t\t\t\t\t<h2 class=\"elementor-heading-title elementor-size-default\">HIP-Technologie Prozessprinzip<\/h2>\t\t\t\t<\/div>\n\t\t\t\t<\/div>\n\t\t\t\t<div class=\"elementor-element elementor-element-b1066de elementor-widget elementor-widget-text-editor\" data-id=\"b1066de\" data-element_type=\"widget\" data-e-type=\"widget\" data-widget_type=\"text-editor.default\">\n\t\t\t\t<div class=\"elementor-widget-container\">\n\t\t\t\t\t\t\t\t\t<p>Die HIP-Technologie findet heute breite Anwendung beim Sintern von Hartmetall, bei der Verdichtung von Refrakt\u00e4rmetallen und -legierungen wie Wolfram, Aluminium und Titan, bei der Reparatur von Produktfehlern (z. B. bei 3D-gedruckten Metallteilen), bei der endkonturnahen Umformung von gro\u00dfen und geformten Bauteilen, bei der Herstellung und Verarbeitung von Verbundwerkstoffen und Spezialmaterialien.<\/p><p>Hei\u00dfisostatisches Pressen kann interne Defekte beseitigen. Wie bereits erw\u00e4hnt, dient das hei\u00dfisostatische Pressen im Bereich des 3D-Drucks dazu, Defekte im Inneren des fertigen Teils zu beseitigen.<\/p><p>Hei\u00dfisostatisches Pressen kann unterk\u00fchltes oder nicht stabiles Gewebe verbessern, das durch zu hohe Abk\u00fchlungsraten entstanden ist. Beim hei\u00dfisostatischen Pressen werden die Werkst\u00fccke in der Regel bei sehr hohen Temperaturen erhitzt, was einem Hochtemperaturgl\u00fchprozess entspricht. Beim hei\u00dfisostatischen Pressen werden der Martensit und andere Gewebe, die sich bei der Schnellumformung aufgrund der schnellen Abk\u00fchlung gebildet haben, vollst\u00e4ndig entfernt, so dass die Gewebe in eine bei hoher Temperatur gegl\u00fchte Form \u00fcberf\u00fchrt werden.<\/p>\t\t\t\t\t\t\t\t<\/div>\n\t\t\t\t<\/div>\n\t\t\t\t\t<\/div>\n\t\t<\/div>\n\t\t\t\t\t<\/div>\n\t\t<\/section>\n\t\t\t\t<section data-particle_enable=\"false\" data-particle-mobile-disabled=\"false\" class=\"elementor-section elementor-top-section elementor-element elementor-element-4374562 ct-section-stretched elementor-section-boxed elementor-section-height-default elementor-section-height-default\" data-id=\"4374562\" data-element_type=\"section\" data-e-type=\"section\">\n\t\t\t\t\t\t\t<div class=\"elementor-background-overlay\"><\/div>\n\t\t\t\t\t\t\t<div class=\"elementor-container elementor-column-gap-default\">\n\t\t\t\t\t<div class=\"elementor-column elementor-col-100 elementor-top-column elementor-element elementor-element-1800717\" data-id=\"1800717\" data-element_type=\"column\" data-e-type=\"column\">\n\t\t\t<div class=\"elementor-widget-wrap elementor-element-populated\">\n\t\t\t\t\t\t<div class=\"elementor-element elementor-element-3bbc5ac elementor-widget elementor-widget-heading\" data-id=\"3bbc5ac\" data-element_type=\"widget\" data-e-type=\"widget\" data-widget_type=\"heading.default\">\n\t\t\t\t<div class=\"elementor-widget-container\">\n\t\t\t\t\t<h2 class=\"elementor-heading-title elementor-size-default\">Prozessmerkmale<\/h2>\t\t\t\t<\/div>\n\t\t\t\t<\/div>\n\t\t\t\t<div class=\"elementor-element elementor-element-6b08229 elementor-widget elementor-widget-text-editor\" data-id=\"6b08229\" data-element_type=\"widget\" data-e-type=\"widget\" data-widget_type=\"text-editor.default\">\n\t\t\t\t<div class=\"elementor-widget-container\">\n\t\t\t\t\t\t\t\t\t<p>Hei\u00dfisostatisches Pressen kann die mechanischen Eigenschaften verbessern. Unabh\u00e4ngig davon, ob es sich um Laser-SLM-Umformung oder Elektronenstrahl-EBM-Umformung handelt, besteht die Tendenz, dass die Festigkeit des Materials nach dem hei\u00dfisostatischen Pressen abnimmt und die Plastizit\u00e4t zunimmt, insbesondere bei Materialien mit SLM-Technologie. Der Grund f\u00fcr dieses Ph\u00e4nomen ist, dass die Abk\u00fchlungsgeschwindigkeit beim SLM-Verfahren schneller ist und sich mehr Martensit im geformten Teil bildet, der sich nach dem HIP-Gl\u00fchen zersetzt, wodurch die Festigkeit des Materials sinkt und die Plastizit\u00e4t steigt. Gleichzeitig \u00e4ndert sich auch die H\u00e4rte des Materials beim HIP, wobei die H\u00e4rte nach dem HIP um 5-10% abnimmt. Insgesamt verbessert das hei\u00dfisostatische Pressen die Z\u00e4higkeit des Werkstoffs und seine Widerstandsf\u00e4higkeit gegen Erm\u00fcdungsrisse.<\/p>\t\t\t\t\t\t\t\t<\/div>\n\t\t\t\t<\/div>\n\t\t\t\t<div class=\"elementor-element elementor-element-1e1e189 elementor-widget elementor-widget-heading\" data-id=\"1e1e189\" data-element_type=\"widget\" data-e-type=\"widget\" data-widget_type=\"heading.default\">\n\t\t\t\t<div class=\"elementor-widget-container\">\n\t\t\t\t\t<h5 class=\"elementor-heading-title elementor-size-default\">Beschr\u00e4nkungen der Behandlung durch hei\u00dfisostatisches Pressen<\/h5>\t\t\t\t<\/div>\n\t\t\t\t<\/div>\n\t\t\t\t<div class=\"elementor-element elementor-element-977a33c elementor-view-default elementor-widget elementor-widget-icon\" data-id=\"977a33c\" data-element_type=\"widget\" data-e-type=\"widget\" data-widget_type=\"icon.default\">\n\t\t\t\t<div class=\"elementor-widget-container\">\n\t\t\t\t\t\t\t<div class=\"elementor-icon-wrapper\">\n\t\t\t<div class=\"elementor-icon\">\n\t\t\t<svg xmlns=\"http:\/\/www.w3.org\/2000\/svg\" xmlns:xlink=\"http:\/\/www.w3.org\/1999\/xlink\" class=\"icon\" viewbox=\"0 0 1024 1024\" width=\"48\" height=\"48\"><defs><style type=\"text\/css\">@font-face { font-family: feedback-iconfont; src: url(\"\/\/at.alicdn.com\/t\/font_1031158_u69w8yhxdu.woff2?t=1630033759944\") format(\"woff2\"), url(\"\/\/at.alicdn.com\/t\/font_1031158_u69w8yhxdu.woff?t=1630033759944\") format(\"woff\"), url(\"\/\/at.alicdn.com\/t\/font_1031158_u69w8yhxdu.ttf?t=1630033759944\") format(\"truetype\"); }<\/style><\/defs><path d=\"M159.417291 157.449985l352.753089 343.768461 357.257683-345.263511 41.97602 1.49505-399.233704 422.216137-399.221424-422.216137L159.417291 157.449985zM159.417291 438.754812l352.753089 343.769484L869.428064 437.763229l41.97602 0.991584-399.233704 422.717557-399.221424-422.717557L159.417291 438.754812z\" fill=\"#2872FA\"><\/path><\/svg>\t\t\t<\/div>\n\t\t<\/div>\n\t\t\t\t\t\t<\/div>\n\t\t\t\t<\/div>\n\t\t\t\t<div class=\"elementor-element elementor-element-2c7e24d elementor-widget elementor-widget-text-editor\" data-id=\"2c7e24d\" data-element_type=\"widget\" data-e-type=\"widget\" data-widget_type=\"text-editor.default\">\n\t\t\t\t<div class=\"elementor-widget-container\">\n\t\t\t\t\t\t\t\t\t<p>Hei\u00dfisostatisches Pressen ist nicht f\u00fcr jedes Material und f\u00fcr jede Fehlerbeseitigung geeignet, und eine unsachgem\u00e4\u00dfe Einstellung des hei\u00dfisostatischen Pressvorgangs kann sehr schwerwiegende Folgen haben, weshalb bei der Anwendung des hei\u00dfisostatischen Pressens Folgendes beachtet werden sollte.<\/p><p>(1) Bei offenen Fehlern (Fehler, die sich von der Innenseite des Teils bis zur Oberfl\u00e4che des Teils und dem \u00e4u\u00dferen Gasmedium erstrecken) hat das hei\u00dfisostatische Pressen keinen Einfluss auf die Beseitigung von Fehlern.<\/p><p>(2) Wenn ein gro\u00dfer Fehler (mehr als 2 mm) im Teil vorhanden ist, bildet er einen Krater auf der Oberfl\u00e4che des Teils, wie in Abbildung 5 dargestellt, und muss durch Schwei\u00dfen repariert werden. Befindet sich der Krater an einer Stelle, an der eine Reparatur durch Schwei\u00dfen nicht m\u00f6glich ist, kann dies dazu f\u00fchren, dass das Teil verschrottet wird, wie z. B. bei einigen d\u00fcnnwandigen Teilen, d\u00fcnnwandigen Teilen oder Fl\u00fcgeln.<\/p><p>(3) Keine Auswirkung auf die Beseitigung von Rissen und Einschl\u00fcssen.<\/p><p>(4) Das hei\u00dfisostatische Pressen kann eine Oxidation der Oberfl\u00e4che des Teils verursachen, wobei sich eine d\u00fcnne Oxidschicht bildet, vorzugsweise zwischen den Endbearbeitungsvorg\u00e4ngen.<\/p><p>(5) Hei\u00dfisostatisches Pressen kann zu einer starken Verformung des Teils f\u00fchren, und es sollten immer Ma\u00dfnahmen zur Vermeidung von Verformungen erwogen werden, bevor dies geschieht.<\/p><p>(6) Unsachgem\u00e4\u00df eingestellte Prozesstemperaturen und -dr\u00fccke k\u00f6nnen zu einer Ausd\u00fcnnung der Wandst\u00e4rke des Teils und in schweren F\u00e4llen zu einer starken Vergr\u00f6berung der Korngr\u00f6\u00dfe des Teils f\u00fchren, was schlechte Materialeigenschaften und Ausschuss des Teils zur Folge hat.<\/p><p>(7) Bei Legierungen mit gro\u00dfen Unterschieden in den Schmelzpunkten der Legierungselemente kann es zum Ausbrennen von chemischen Elementen mit niedrigem Schmelzpunkt kommen.<\/p><p>(8) Nicht geeignet f\u00fcr eutektische Legierungen, leicht zur Bildung von Verfl\u00fcssigungsrissen.<\/p>\t\t\t\t\t\t\t\t<\/div>\n\t\t\t\t<\/div>\n\t\t\t\t\t<\/div>\n\t\t<\/div>\n\t\t\t\t\t<\/div>\n\t\t<\/section>\n\t\t\t\t<\/div>","protected":false},"excerpt":{"rendered":"<p>Hot Isostatic Pressing (HIP) technology works by placing the product in a closed container, filling it with inert gas and sintering or densifying the product at a very high temperature (usually close to the forging temperature of the material) and at a very high pressure (usually 100 \u2013 140 MPa). This allows the product to [&hellip;]<\/p>\n","protected":false},"author":1,"featured_media":0,"parent":0,"menu_order":0,"comment_status":"closed","ping_status":"closed","template":"","meta":{"footnotes":""},"class_list":["post-599","page","type-page","status-publish","hentry"],"blocksy_meta":{"styles_descriptor":{"styles":{"desktop":"","tablet":"","mobile":""},"google_fonts":[],"version":6}},"_links":{"self":[{"href":"https:\/\/am-printing.com\/de\/wp-json\/wp\/v2\/pages\/599","targetHints":{"allow":["GET"]}}],"collection":[{"href":"https:\/\/am-printing.com\/de\/wp-json\/wp\/v2\/pages"}],"about":[{"href":"https:\/\/am-printing.com\/de\/wp-json\/wp\/v2\/types\/page"}],"author":[{"embeddable":true,"href":"https:\/\/am-printing.com\/de\/wp-json\/wp\/v2\/users\/1"}],"replies":[{"embeddable":true,"href":"https:\/\/am-printing.com\/de\/wp-json\/wp\/v2\/comments?post=599"}],"version-history":[{"count":4,"href":"https:\/\/am-printing.com\/de\/wp-json\/wp\/v2\/pages\/599\/revisions"}],"predecessor-version":[{"id":607,"href":"https:\/\/am-printing.com\/de\/wp-json\/wp\/v2\/pages\/599\/revisions\/607"}],"wp:attachment":[{"href":"https:\/\/am-printing.com\/de\/wp-json\/wp\/v2\/media?parent=599"}],"curies":[{"name":"wp","href":"https:\/\/api.w.org\/{rel}","templated":true}]}}