{"id":609,"date":"2022-08-10T02:41:11","date_gmt":"2022-08-10T02:41:11","guid":{"rendered":"https:\/\/am-powder.com\/?page_id=609"},"modified":"2022-08-10T02:50:21","modified_gmt":"2022-08-10T02:50:21","slug":"mim-technology","status":"publish","type":"page","link":"https:\/\/am-printing.com\/de\/mim-technology\/","title":{"rendered":"MIM-Technologie"},"content":{"rendered":"<div data-elementor-type=\"wp-page\" data-elementor-id=\"609\" class=\"elementor elementor-609\" data-elementor-post-type=\"page\">\n\t\t\t\t\t\t<section data-particle_enable=\"false\" data-particle-mobile-disabled=\"false\" class=\"elementor-section elementor-top-section elementor-element elementor-element-f3e2c70 ct-section-stretched elementor-section-height-min-height elementor-section-boxed elementor-section-height-default elementor-section-items-middle\" data-id=\"f3e2c70\" data-element_type=\"section\" data-e-type=\"section\" data-settings=\"{&quot;background_background&quot;:&quot;classic&quot;}\">\n\t\t\t\t\t\t\t<div class=\"elementor-background-overlay\"><\/div>\n\t\t\t\t\t\t\t<div class=\"elementor-container elementor-column-gap-default\">\n\t\t\t\t\t<div class=\"elementor-column elementor-col-100 elementor-top-column elementor-element elementor-element-e37420e\" data-id=\"e37420e\" data-element_type=\"column\" data-e-type=\"column\">\n\t\t\t<div class=\"elementor-widget-wrap elementor-element-populated\">\n\t\t\t\t\t\t<div class=\"elementor-element elementor-element-c910158 elementor-widget elementor-widget-text-editor\" data-id=\"c910158\" data-element_type=\"widget\" data-e-type=\"widget\" data-widget_type=\"text-editor.default\">\n\t\t\t\t<div class=\"elementor-widget-container\">\n\t\t\t\t\t\t\t\t\t<p>Die Metal Injection Moulding Technologie (MIM) ist eine Technologie, die Pulvermetallurgie und Spritzguss kombiniert, um die Form- und Festigkeitsbeschr\u00e4nkungen der traditionellen Pulvermetallurgie, die Festigkeitsbeschr\u00e4nkungen des Druckgusses, die Materialflussbeschr\u00e4nkungen des Pressgusses, die Massenproduktionsbeschr\u00e4nkungen des Pr\u00e4zisionsgusses und die hohen Kostenbeschr\u00e4nkungen von Drehteilen zu \u00fcberwinden.<\/p>\t\t\t\t\t\t\t\t<\/div>\n\t\t\t\t<\/div>\n\t\t\t\t\t<\/div>\n\t\t<\/div>\n\t\t\t\t\t<\/div>\n\t\t<\/section>\n\t\t\t\t<section data-particle_enable=\"false\" data-particle-mobile-disabled=\"false\" class=\"elementor-section elementor-top-section elementor-element elementor-element-d5674bc elementor-section-content-middle elementor-section-boxed elementor-section-height-default elementor-section-height-default\" data-id=\"d5674bc\" data-element_type=\"section\" data-e-type=\"section\">\n\t\t\t\t\t\t<div class=\"elementor-container elementor-column-gap-default\">\n\t\t\t\t\t<div class=\"elementor-column elementor-col-50 elementor-top-column elementor-element elementor-element-b220442\" data-id=\"b220442\" data-element_type=\"column\" data-e-type=\"column\">\n\t\t\t<div class=\"elementor-widget-wrap elementor-element-populated\">\n\t\t\t\t\t\t<div class=\"elementor-element elementor-element-78ba1e3 elementor-widget elementor-widget-heading\" data-id=\"78ba1e3\" data-element_type=\"widget\" data-e-type=\"widget\" data-widget_type=\"heading.default\">\n\t\t\t\t<div class=\"elementor-widget-container\">\n\t\t\t\t\t<h2 class=\"elementor-heading-title elementor-size-default\">Was ist MIM-Technologie?<\/h2>\t\t\t\t<\/div>\n\t\t\t\t<\/div>\n\t\t\t\t<div class=\"elementor-element elementor-element-bc505ce elementor-widget elementor-widget-text-editor\" data-id=\"bc505ce\" data-element_type=\"widget\" data-e-type=\"widget\" data-widget_type=\"text-editor.default\">\n\t\t\t\t<div class=\"elementor-widget-container\">\n\t\t\t\t\t\t\t\t\t<p>Beim Metallpulverspritzguss (Metal Injection Moulding, MIM) werden feines Metallpulver und Bindemittel mit einer Mischmaschine zu einem formbaren Gemisch vermischt, das dann durch eine Spritzgussmaschine in die Rohlinge gespritzt und anschlie\u00dfend teilweise entfettet oder vakuumentfettet und zu Rohlingen gesintert wird. MIM-Teile haben die Vorteile der Komplexit\u00e4t, der kleinen Teile, der inneren Homogenit\u00e4t des Materials, der hohen mechanischen Festigkeit und der d\u00fcnnen W\u00e4nde.<\/p>\t\t\t\t\t\t\t\t<\/div>\n\t\t\t\t<\/div>\n\t\t\t\t<div class=\"elementor-element elementor-element-b81088f elementor-widget elementor-widget-button\" data-id=\"b81088f\" data-element_type=\"widget\" data-e-type=\"widget\" data-widget_type=\"button.default\">\n\t\t\t\t<div class=\"elementor-widget-container\">\n\t\t\t\t\t\t\t\t\t<div class=\"elementor-button-wrapper\">\n\t\t\t\t\t<a class=\"elementor-button elementor-button-link elementor-size-md\" href=\"#elementor-action%3Aaction%3Dpopup%3Aopen%26settings%3DeyJpZCI6IjM2MCIsInRvZ2dsZSI6ZmFsc2V9\">\n\t\t\t\t\t\t<span class=\"elementor-button-content-wrapper\">\n\t\t\t\t\t\t\t\t\t<span class=\"elementor-button-text\">GET SOLUTION<\/span>\n\t\t\t\t\t<\/span>\n\t\t\t\t\t<\/a>\n\t\t\t\t<\/div>\n\t\t\t\t\t\t\t\t<\/div>\n\t\t\t\t<\/div>\n\t\t\t\t\t<\/div>\n\t\t<\/div>\n\t\t\t\t<div class=\"elementor-column elementor-col-50 elementor-top-column elementor-element elementor-element-2fbf4a5\" data-id=\"2fbf4a5\" data-element_type=\"column\" data-e-type=\"column\">\n\t\t\t<div class=\"elementor-widget-wrap elementor-element-populated\">\n\t\t\t\t\t\t<div class=\"elementor-element elementor-element-45241c0 elementor-widget elementor-widget-image\" data-id=\"45241c0\" data-element_type=\"widget\" data-e-type=\"widget\" data-widget_type=\"image.default\">\n\t\t\t\t<div class=\"elementor-widget-container\">\n\t\t\t\t\t\t\t\t\t\t\t\t\t\t\t<img fetchpriority=\"high\" decoding=\"async\" width=\"480\" height=\"541\" src=\"https:\/\/am-printing.com\/wp-content\/uploads\/2022\/08\/edfwq.jpg\" class=\"attachment-large size-large wp-image-625\" alt=\"\" srcset=\"https:\/\/am-printing.com\/wp-content\/uploads\/2022\/08\/edfwq.jpg 480w, https:\/\/am-printing.com\/wp-content\/uploads\/2022\/08\/edfwq-266x300.jpg 266w, https:\/\/am-printing.com\/wp-content\/uploads\/2022\/08\/edfwq-300x338.jpg 300w\" sizes=\"(max-width: 480px) 100vw, 480px\" \/>\t\t\t\t\t\t\t\t\t\t\t\t\t\t\t<\/div>\n\t\t\t\t<\/div>\n\t\t\t\t\t<\/div>\n\t\t<\/div>\n\t\t\t\t\t<\/div>\n\t\t<\/section>\n\t\t\t\t<section data-particle_enable=\"false\" data-particle-mobile-disabled=\"false\" class=\"elementor-section elementor-top-section elementor-element elementor-element-d53f104 elementor-section-content-middle elementor-reverse-tablet elementor-reverse-mobile elementor-section-boxed elementor-section-height-default elementor-section-height-default\" data-id=\"d53f104\" data-element_type=\"section\" data-e-type=\"section\">\n\t\t\t\t\t\t<div class=\"elementor-container elementor-column-gap-default\">\n\t\t\t\t\t<div class=\"elementor-column elementor-col-50 elementor-top-column elementor-element elementor-element-69aa613\" data-id=\"69aa613\" data-element_type=\"column\" data-e-type=\"column\">\n\t\t\t<div class=\"elementor-widget-wrap elementor-element-populated\">\n\t\t\t\t\t\t<div class=\"elementor-element elementor-element-c79000f elementor-widget elementor-widget-image\" data-id=\"c79000f\" data-element_type=\"widget\" data-e-type=\"widget\" data-widget_type=\"image.default\">\n\t\t\t\t<div class=\"elementor-widget-container\">\n\t\t\t\t\t\t\t\t\t\t\t\t\t\t\t<img decoding=\"async\" width=\"600\" height=\"376\" src=\"https:\/\/am-printing.com\/wp-content\/uploads\/2022\/08\/MIM-application.jpg\" class=\"attachment-large size-large wp-image-615\" alt=\"\" srcset=\"https:\/\/am-printing.com\/wp-content\/uploads\/2022\/08\/MIM-application.jpg 600w, https:\/\/am-printing.com\/wp-content\/uploads\/2022\/08\/MIM-application-300x188.jpg 300w\" sizes=\"(max-width: 600px) 100vw, 600px\" \/>\t\t\t\t\t\t\t\t\t\t\t\t\t\t\t<\/div>\n\t\t\t\t<\/div>\n\t\t\t\t\t<\/div>\n\t\t<\/div>\n\t\t\t\t<div class=\"elementor-column elementor-col-50 elementor-top-column elementor-element elementor-element-733c8db\" data-id=\"733c8db\" data-element_type=\"column\" data-e-type=\"column\">\n\t\t\t<div class=\"elementor-widget-wrap elementor-element-populated\">\n\t\t\t\t\t\t<div class=\"elementor-element elementor-element-79e0d39 elementor-widget elementor-widget-heading\" data-id=\"79e0d39\" data-element_type=\"widget\" data-e-type=\"widget\" data-widget_type=\"heading.default\">\n\t\t\t\t<div class=\"elementor-widget-container\">\n\t\t\t\t\t<h2 class=\"elementor-heading-title elementor-size-default\">MIM-Technologie Prozessprinzip<\/h2>\t\t\t\t<\/div>\n\t\t\t\t<\/div>\n\t\t\t\t<div class=\"elementor-element elementor-element-67de6ad elementor-widget elementor-widget-text-editor\" data-id=\"67de6ad\" data-element_type=\"widget\" data-e-type=\"widget\" data-widget_type=\"text-editor.default\">\n\t\t\t\t<div class=\"elementor-widget-container\">\n\t\t\t\t\t\t\t\t\t<p>MIM-Produkte k\u00f6nnen komplexe Formen, pr\u00e4zise Abmessungen und eine hohe Festigkeit aufweisen und automatisch in gro\u00dfen Mengen hergestellt werden, wodurch sich die Komplexit\u00e4t und die Kosten der herk\u00f6mmlichen Metallverarbeitung erheblich verringern lassen. Kleine mechanische Teile mit komplexen Formen, hoher Pr\u00e4zision und Hochleistungswerkstoffen wie 3C-Elektronik, Handwerkzeuge, ferngesteuerte Autos, Schl\u00f6sser, Automobile, Uhren, Optoelektronik, Waffen, biomedizinische und andere Produkte k\u00f6nnen in hohem Ma\u00dfe genutzt werden und daher ist das Metallspritzgie\u00dfen eine wesentliche Wahl f\u00fcr die Entwicklung Ihrer Endprodukte.<\/p>\t\t\t\t\t\t\t\t<\/div>\n\t\t\t\t<\/div>\n\t\t\t\t\t<\/div>\n\t\t<\/div>\n\t\t\t\t\t<\/div>\n\t\t<\/section>\n\t\t\t\t<section data-particle_enable=\"false\" data-particle-mobile-disabled=\"false\" class=\"elementor-section elementor-top-section elementor-element elementor-element-d3b306d ct-section-stretched elementor-section-boxed elementor-section-height-default elementor-section-height-default\" data-id=\"d3b306d\" data-element_type=\"section\" data-e-type=\"section\">\n\t\t\t\t\t\t\t<div class=\"elementor-background-overlay\"><\/div>\n\t\t\t\t\t\t\t<div class=\"elementor-container elementor-column-gap-default\">\n\t\t\t\t\t<div class=\"elementor-column elementor-col-100 elementor-top-column elementor-element elementor-element-f8bcebe\" data-id=\"f8bcebe\" data-element_type=\"column\" data-e-type=\"column\">\n\t\t\t<div class=\"elementor-widget-wrap elementor-element-populated\">\n\t\t\t\t\t\t<div class=\"elementor-element elementor-element-b5e9df3 elementor-widget elementor-widget-heading\" data-id=\"b5e9df3\" data-element_type=\"widget\" data-e-type=\"widget\" data-widget_type=\"heading.default\">\n\t\t\t\t<div class=\"elementor-widget-container\">\n\t\t\t\t\t<h2 class=\"elementor-heading-title elementor-size-default\">Technische Vorteile<\/h2>\t\t\t\t<\/div>\n\t\t\t\t<\/div>\n\t\t\t\t\t<\/div>\n\t\t<\/div>\n\t\t\t\t\t<\/div>\n\t\t<\/section>\n\t\t\t\t<section data-particle_enable=\"false\" data-particle-mobile-disabled=\"false\" class=\"elementor-section elementor-top-section elementor-element elementor-element-20ec9c4 elementor-section-boxed elementor-section-height-default elementor-section-height-default\" data-id=\"20ec9c4\" data-element_type=\"section\" data-e-type=\"section\">\n\t\t\t\t\t\t<div class=\"elementor-container elementor-column-gap-custom\">\n\t\t\t\t\t<div class=\"elementor-column elementor-col-50 elementor-top-column elementor-element elementor-element-99c3946\" data-id=\"99c3946\" data-element_type=\"column\" data-e-type=\"column\">\n\t\t\t<div class=\"elementor-widget-wrap elementor-element-populated\">\n\t\t\t\t\t\t<div class=\"elementor-element elementor-element-66066e5 elementor-widget elementor-widget-text-editor\" data-id=\"66066e5\" data-element_type=\"widget\" data-e-type=\"widget\" data-widget_type=\"text-editor.default\">\n\t\t\t\t<div class=\"elementor-widget-container\">\n\t\t\t\t\t\t\t\t\t<p>(1) Komplexe Formteile k\u00f6nnen in einem einzigen Durchgang geformt werden, was die Kosten f\u00fcr die Nachbearbeitung reduziert.<\/p><p>(2) Hervorragende Oberfl\u00e4chenrauhigkeit f\u00fcr Anwendungen wie Uhren und dekorative Gegenst\u00e4nde, bei denen das Aussehen wichtig ist.<\/p><p>(3) Bessere mechanische Eigenschaften als herk\u00f6mmliche pulvermetallurgische Produkte.<\/p><p>(4) Hohe Dichte, leicht zu beschichten.<\/p><p>(5) Effiziente Massenproduktion von Teilen mit mehreren Kavit\u00e4ten in einer Form.<\/p><p>(6) Nahezu jedes Metallmaterial, das sich zu einem feinen Pulver verarbeiten l\u00e4sst, kann f\u00fcr das MIM-Verfahren verwendet werden.\u00a0<\/p>\t\t\t\t\t\t\t\t<\/div>\n\t\t\t\t<\/div>\n\t\t\t\t\t<\/div>\n\t\t<\/div>\n\t\t\t\t<div class=\"elementor-column elementor-col-50 elementor-top-column elementor-element elementor-element-8eccbd0\" data-id=\"8eccbd0\" data-element_type=\"column\" data-e-type=\"column\">\n\t\t\t<div class=\"elementor-widget-wrap elementor-element-populated\">\n\t\t\t\t\t\t<div class=\"elementor-element elementor-element-a392660 elementor-widget elementor-widget-image\" data-id=\"a392660\" data-element_type=\"widget\" data-e-type=\"widget\" data-widget_type=\"image.default\">\n\t\t\t\t<div class=\"elementor-widget-container\">\n\t\t\t\t\t\t\t\t\t\t\t\t\t\t\t<img decoding=\"async\" width=\"799\" height=\"531\" src=\"https:\/\/am-printing.com\/wp-content\/uploads\/2022\/08\/LUOG.jpg\" class=\"attachment-large size-large wp-image-616\" alt=\"\" srcset=\"https:\/\/am-printing.com\/wp-content\/uploads\/2022\/08\/LUOG.jpg 799w, https:\/\/am-printing.com\/wp-content\/uploads\/2022\/08\/LUOG-600x399.jpg 600w, https:\/\/am-printing.com\/wp-content\/uploads\/2022\/08\/LUOG-300x199.jpg 300w, https:\/\/am-printing.com\/wp-content\/uploads\/2022\/08\/LUOG-768x510.jpg 768w\" sizes=\"(max-width: 799px) 100vw, 799px\" \/>\t\t\t\t\t\t\t\t\t\t\t\t\t\t\t<\/div>\n\t\t\t\t<\/div>\n\t\t\t\t\t<\/div>\n\t\t<\/div>\n\t\t\t\t\t<\/div>\n\t\t<\/section>\n\t\t\t\t<\/div>","protected":false},"excerpt":{"rendered":"<p>Metal Injection Moulding technology(MIM) is a technology that combines powder metallurgy and injection moulding to break through the shape and strength limitations of traditional powder metallurgy, the strength limitations of die casting, the material flow limitations of press moulding, the mass production limitations of precision casting and the high-cost limitations of turned parts. What is [&hellip;]<\/p>\n","protected":false},"author":1,"featured_media":0,"parent":0,"menu_order":0,"comment_status":"closed","ping_status":"closed","template":"","meta":{"footnotes":""},"class_list":["post-609","page","type-page","status-publish","hentry"],"blocksy_meta":{"styles_descriptor":{"styles":{"desktop":"","tablet":"","mobile":""},"google_fonts":[],"version":6}},"_links":{"self":[{"href":"https:\/\/am-printing.com\/de\/wp-json\/wp\/v2\/pages\/609","targetHints":{"allow":["GET"]}}],"collection":[{"href":"https:\/\/am-printing.com\/de\/wp-json\/wp\/v2\/pages"}],"about":[{"href":"https:\/\/am-printing.com\/de\/wp-json\/wp\/v2\/types\/page"}],"author":[{"embeddable":true,"href":"https:\/\/am-printing.com\/de\/wp-json\/wp\/v2\/users\/1"}],"replies":[{"embeddable":true,"href":"https:\/\/am-printing.com\/de\/wp-json\/wp\/v2\/comments?post=609"}],"version-history":[{"count":7,"href":"https:\/\/am-printing.com\/de\/wp-json\/wp\/v2\/pages\/609\/revisions"}],"predecessor-version":[{"id":628,"href":"https:\/\/am-printing.com\/de\/wp-json\/wp\/v2\/pages\/609\/revisions\/628"}],"wp:attachment":[{"href":"https:\/\/am-printing.com\/de\/wp-json\/wp\/v2\/media?parent=609"}],"curies":[{"name":"wp","href":"https:\/\/api.w.org\/{rel}","templated":true}]}}