{"id":620,"date":"2022-08-10T02:47:18","date_gmt":"2022-08-10T02:47:18","guid":{"rendered":"https:\/\/am-powder.com\/?page_id=620"},"modified":"2022-08-10T02:54:33","modified_gmt":"2022-08-10T02:54:33","slug":"slm-technology","status":"publish","type":"page","link":"https:\/\/am-printing.com\/de\/slm-technology\/","title":{"rendered":"SLM-Technologie"},"content":{"rendered":"<div data-elementor-type=\"wp-page\" data-elementor-id=\"620\" class=\"elementor elementor-620\" data-elementor-post-type=\"page\">\n\t\t\t\t\t\t<section data-particle_enable=\"false\" data-particle-mobile-disabled=\"false\" class=\"elementor-section elementor-top-section elementor-element elementor-element-f684932 ct-section-stretched elementor-section-height-min-height elementor-section-boxed elementor-section-height-default elementor-section-items-middle\" data-id=\"f684932\" data-element_type=\"section\" data-e-type=\"section\" data-settings=\"{&quot;background_background&quot;:&quot;classic&quot;}\">\n\t\t\t\t\t\t\t<div class=\"elementor-background-overlay\"><\/div>\n\t\t\t\t\t\t\t<div class=\"elementor-container elementor-column-gap-default\">\n\t\t\t\t\t<div class=\"elementor-column elementor-col-100 elementor-top-column elementor-element elementor-element-9898633\" data-id=\"9898633\" data-element_type=\"column\" data-e-type=\"column\">\n\t\t\t<div class=\"elementor-widget-wrap elementor-element-populated\">\n\t\t\t\t\t\t<div class=\"elementor-element elementor-element-26ab718 elementor-widget elementor-widget-text-editor\" data-id=\"26ab718\" data-element_type=\"widget\" data-e-type=\"widget\" data-widget_type=\"text-editor.default\">\n\t\t\t\t<div class=\"elementor-widget-container\">\n\t\t\t\t\t\t\t\t\t<p>SLM, auch bekannt als Selective Laser Melting, \u00e4hnelt im Prinzip dem SLS, bei dem ein Laser verwendet wird, um Metallpulver in einem bestimmten Bereich zu schmelzen und zu verfestigen, das dann in einem schichtweisen Stapel geformt wird.<\/p>\t\t\t\t\t\t\t\t<\/div>\n\t\t\t\t<\/div>\n\t\t\t\t\t<\/div>\n\t\t<\/div>\n\t\t\t\t\t<\/div>\n\t\t<\/section>\n\t\t\t\t<section data-particle_enable=\"false\" data-particle-mobile-disabled=\"false\" class=\"elementor-section elementor-top-section elementor-element elementor-element-c8413d9 elementor-section-content-middle elementor-section-boxed elementor-section-height-default elementor-section-height-default\" data-id=\"c8413d9\" data-element_type=\"section\" data-e-type=\"section\">\n\t\t\t\t\t\t<div class=\"elementor-container elementor-column-gap-default\">\n\t\t\t\t\t<div class=\"elementor-column elementor-col-50 elementor-top-column elementor-element elementor-element-9c32944\" data-id=\"9c32944\" data-element_type=\"column\" data-e-type=\"column\">\n\t\t\t<div class=\"elementor-widget-wrap elementor-element-populated\">\n\t\t\t\t\t\t<div class=\"elementor-element elementor-element-8763a9a elementor-widget elementor-widget-heading\" data-id=\"8763a9a\" data-element_type=\"widget\" data-e-type=\"widget\" data-widget_type=\"heading.default\">\n\t\t\t\t<div class=\"elementor-widget-container\">\n\t\t\t\t\t<h2 class=\"elementor-heading-title elementor-size-default\">Was ist\nSLM-Technologie<\/h2>\t\t\t\t<\/div>\n\t\t\t\t<\/div>\n\t\t\t\t<div class=\"elementor-element elementor-element-4796e4b elementor-widget elementor-widget-text-editor\" data-id=\"4796e4b\" data-element_type=\"widget\" data-e-type=\"widget\" data-widget_type=\"text-editor.default\">\n\t\t\t\t<div class=\"elementor-widget-container\">\n\t\t\t\t\t\t\t\t\t<p>Die SLM-Technologie wird derzeit vor allem in der Industrie eingesetzt und bietet herausragende technische Vorteile in Bereichen wie komplexen Formen, personalisierten medizinischen Teilen und Automobilen.<\/p>\t\t\t\t\t\t\t\t<\/div>\n\t\t\t\t<\/div>\n\t\t\t\t<div class=\"elementor-element elementor-element-f128926 elementor-widget elementor-widget-button\" data-id=\"f128926\" data-element_type=\"widget\" data-e-type=\"widget\" data-widget_type=\"button.default\">\n\t\t\t\t<div class=\"elementor-widget-container\">\n\t\t\t\t\t\t\t\t\t<div class=\"elementor-button-wrapper\">\n\t\t\t\t\t<a class=\"elementor-button elementor-button-link elementor-size-md\" href=\"#elementor-action%3Aaction%3Dpopup%3Aopen%26settings%3DeyJpZCI6IjM2MCIsInRvZ2dsZSI6ZmFsc2V9\">\n\t\t\t\t\t\t<span class=\"elementor-button-content-wrapper\">\n\t\t\t\t\t\t\t\t\t<span class=\"elementor-button-text\">GET SOLUTION<\/span>\n\t\t\t\t\t<\/span>\n\t\t\t\t\t<\/a>\n\t\t\t\t<\/div>\n\t\t\t\t\t\t\t\t<\/div>\n\t\t\t\t<\/div>\n\t\t\t\t\t<\/div>\n\t\t<\/div>\n\t\t\t\t<div class=\"elementor-column elementor-col-50 elementor-top-column elementor-element elementor-element-814d7a6\" data-id=\"814d7a6\" data-element_type=\"column\" data-e-type=\"column\">\n\t\t\t<div class=\"elementor-widget-wrap elementor-element-populated\">\n\t\t\t\t\t\t<div class=\"elementor-element elementor-element-65cc502 elementor-widget elementor-widget-image\" data-id=\"65cc502\" data-element_type=\"widget\" data-e-type=\"widget\" data-widget_type=\"image.default\">\n\t\t\t\t<div class=\"elementor-widget-container\">\n\t\t\t\t\t\t\t\t\t\t\t\t\t\t\t<img fetchpriority=\"high\" decoding=\"async\" width=\"480\" height=\"347\" src=\"https:\/\/am-printing.com\/wp-content\/uploads\/2022\/08\/TRE-1.jpg\" class=\"attachment-large size-large wp-image-629\" alt=\"\" srcset=\"https:\/\/am-printing.com\/wp-content\/uploads\/2022\/08\/TRE-1.jpg 480w, https:\/\/am-printing.com\/wp-content\/uploads\/2022\/08\/TRE-1-300x217.jpg 300w\" sizes=\"(max-width: 480px) 100vw, 480px\" \/>\t\t\t\t\t\t\t\t\t\t\t\t\t\t\t<\/div>\n\t\t\t\t<\/div>\n\t\t\t\t\t<\/div>\n\t\t<\/div>\n\t\t\t\t\t<\/div>\n\t\t<\/section>\n\t\t\t\t<section data-particle_enable=\"false\" data-particle-mobile-disabled=\"false\" class=\"elementor-section elementor-top-section elementor-element elementor-element-141e798 elementor-section-content-middle elementor-reverse-tablet elementor-reverse-mobile elementor-section-boxed elementor-section-height-default elementor-section-height-default\" data-id=\"141e798\" data-element_type=\"section\" data-e-type=\"section\">\n\t\t\t\t\t\t<div class=\"elementor-container elementor-column-gap-default\">\n\t\t\t\t\t<div class=\"elementor-column elementor-col-50 elementor-top-column elementor-element elementor-element-a53bbc0\" data-id=\"a53bbc0\" data-element_type=\"column\" data-e-type=\"column\">\n\t\t\t<div class=\"elementor-widget-wrap elementor-element-populated\">\n\t\t\t\t\t\t<div class=\"elementor-element elementor-element-d10c30c elementor-widget elementor-widget-image\" data-id=\"d10c30c\" data-element_type=\"widget\" data-e-type=\"widget\" data-widget_type=\"image.default\">\n\t\t\t\t<div class=\"elementor-widget-container\">\n\t\t\t\t\t\t\t\t\t\t\t\t\t\t\t<img decoding=\"async\" width=\"448\" height=\"280\" src=\"https:\/\/am-printing.com\/wp-content\/uploads\/2022\/08\/SLM.jpg\" class=\"attachment-large size-large wp-image-630\" alt=\"\" srcset=\"https:\/\/am-printing.com\/wp-content\/uploads\/2022\/08\/SLM.jpg 448w, https:\/\/am-printing.com\/wp-content\/uploads\/2022\/08\/SLM-300x188.jpg 300w\" sizes=\"(max-width: 448px) 100vw, 448px\" \/>\t\t\t\t\t\t\t\t\t\t\t\t\t\t\t<\/div>\n\t\t\t\t<\/div>\n\t\t\t\t\t<\/div>\n\t\t<\/div>\n\t\t\t\t<div class=\"elementor-column elementor-col-50 elementor-top-column elementor-element elementor-element-d292334\" data-id=\"d292334\" data-element_type=\"column\" data-e-type=\"column\">\n\t\t\t<div class=\"elementor-widget-wrap elementor-element-populated\">\n\t\t\t\t\t\t<div class=\"elementor-element elementor-element-f29971e elementor-widget elementor-widget-heading\" data-id=\"f29971e\" data-element_type=\"widget\" data-e-type=\"widget\" data-widget_type=\"heading.default\">\n\t\t\t\t<div class=\"elementor-widget-container\">\n\t\t\t\t\t<h2 class=\"elementor-heading-title elementor-size-default\">SLM-Technologie Prozessprinzip<\/h2>\t\t\t\t<\/div>\n\t\t\t\t<\/div>\n\t\t\t\t<div class=\"elementor-element elementor-element-a227af0 elementor-widget elementor-widget-text-editor\" data-id=\"a227af0\" data-element_type=\"widget\" data-e-type=\"widget\" data-widget_type=\"text-editor.default\">\n\t\t\t\t<div class=\"elementor-widget-container\">\n\t\t\t\t\t\t\t\t\t<p>SLM, auch bekannt als Selective Laser Melting, \u00e4hnelt im Prinzip dem SLS, bei dem ein Laser verwendet wird, um Metallpulver in einem bestimmten Bereich zu schmelzen und zu verfestigen, das dann in einem schichtweisen Stapel geformt wird.<\/p><p>Das Modell wird zun\u00e4chst in die Software geladen, und nach Abschluss des Ladens wird ein Slice-Export durchgef\u00fchrt, um die Daten in den Drucker zu importieren.<\/p>\t\t\t\t\t\t\t\t<\/div>\n\t\t\t\t<\/div>\n\t\t\t\t\t<\/div>\n\t\t<\/div>\n\t\t\t\t\t<\/div>\n\t\t<\/section>\n\t\t\t\t<section data-particle_enable=\"false\" data-particle-mobile-disabled=\"false\" class=\"elementor-section elementor-top-section elementor-element elementor-element-e886aef elementor-section-boxed elementor-section-height-default elementor-section-height-default\" data-id=\"e886aef\" data-element_type=\"section\" data-e-type=\"section\">\n\t\t\t\t\t\t<div class=\"elementor-container elementor-column-gap-default\">\n\t\t\t\t\t<div class=\"elementor-column elementor-col-100 elementor-top-column elementor-element elementor-element-bc7e126\" data-id=\"bc7e126\" data-element_type=\"column\" data-e-type=\"column\">\n\t\t\t<div class=\"elementor-widget-wrap elementor-element-populated\">\n\t\t\t\t\t\t<div class=\"elementor-element elementor-element-ba8db6b elementor-widget elementor-widget-heading\" data-id=\"ba8db6b\" data-element_type=\"widget\" data-e-type=\"widget\" data-widget_type=\"heading.default\">\n\t\t\t\t<div class=\"elementor-widget-container\">\n\t\t\t\t\t<h2 class=\"elementor-heading-title elementor-size-default\">Prozess des 3D-Drucks<\/h2>\t\t\t\t<\/div>\n\t\t\t\t<\/div>\n\t\t\t\t<div class=\"elementor-element elementor-element-44f5493 elementor-widget elementor-widget-text-editor\" data-id=\"44f5493\" data-element_type=\"widget\" data-e-type=\"widget\" data-widget_type=\"text-editor.default\">\n\t\t\t\t<div class=\"elementor-widget-container\">\n\t\t\t\t\t\t\t\t\t<p>Der Laser sendet einen Laserlichtstrahl aus, der computergesteuert auf einen bestimmten Bereich gerichtet wird. Das Metallpulver im bestrahlten Bereich schmilzt und das geschmolzene Metall k\u00fchlt schnell ab und erstarrt.<\/p><p>Nach dem Druck einer Schicht wird der Bedruckstoff um eine Schicht abgesenkt, und der Rakel tr\u00e4gt eine neue Pulverschicht auf, bis das Teil geformt ist.<\/p><p>Nach dem Druck wird die Basalplatte angehoben, der \u00fcbersch\u00fcssige Puder von der Basalplatte abgefegt und die Basalplatte aus dem Studio entfernt.<\/p><p>Nachdem das Werkst\u00fcck gedruckt und der Tr\u00e4ger vom Modell entfernt wurde, wird das Werkst\u00fcck mit einer Schleifmaschine geschliffen und poliert und das Werkst\u00fcck fertiggestellt.<\/p>\t\t\t\t\t\t\t\t<\/div>\n\t\t\t\t<\/div>\n\t\t\t\t\t<\/div>\n\t\t<\/div>\n\t\t\t\t\t<\/div>\n\t\t<\/section>\n\t\t\t\t<\/div>","protected":false},"excerpt":{"rendered":"<p>SLM, also known as Selective Laser Melting, is similar in principle to SLS in that a laser is used to melt and solidify metal powder in a specified area, which is then molded in a layer-by-layer stack. What is SLM Technology SLM technology is currently mainly used in industry and has outstanding technical advantages in [&hellip;]<\/p>\n","protected":false},"author":1,"featured_media":0,"parent":0,"menu_order":0,"comment_status":"closed","ping_status":"closed","template":"","meta":{"footnotes":""},"class_list":["post-620","page","type-page","status-publish","hentry"],"blocksy_meta":{"styles_descriptor":{"styles":{"desktop":"","tablet":"","mobile":""},"google_fonts":[],"version":6}},"_links":{"self":[{"href":"https:\/\/am-printing.com\/de\/wp-json\/wp\/v2\/pages\/620","targetHints":{"allow":["GET"]}}],"collection":[{"href":"https:\/\/am-printing.com\/de\/wp-json\/wp\/v2\/pages"}],"about":[{"href":"https:\/\/am-printing.com\/de\/wp-json\/wp\/v2\/types\/page"}],"author":[{"embeddable":true,"href":"https:\/\/am-printing.com\/de\/wp-json\/wp\/v2\/users\/1"}],"replies":[{"embeddable":true,"href":"https:\/\/am-printing.com\/de\/wp-json\/wp\/v2\/comments?post=620"}],"version-history":[{"count":4,"href":"https:\/\/am-printing.com\/de\/wp-json\/wp\/v2\/pages\/620\/revisions"}],"predecessor-version":[{"id":633,"href":"https:\/\/am-printing.com\/de\/wp-json\/wp\/v2\/pages\/620\/revisions\/633"}],"wp:attachment":[{"href":"https:\/\/am-printing.com\/de\/wp-json\/wp\/v2\/media?parent=620"}],"curies":[{"name":"wp","href":"https:\/\/api.w.org\/{rel}","templated":true}]}}