{"id":1618,"date":"2024-04-28T02:52:59","date_gmt":"2024-04-28T02:52:59","guid":{"rendered":"https:\/\/am-printing.com\/?post_type=product&#038;p=1618"},"modified":"2024-10-15T08:49:52","modified_gmt":"2024-10-15T08:49:52","slug":"haynes-75-230-282-haynes-powder","status":"publish","type":"product","link":"https:\/\/am-printing.com\/de\/haynes-75-230-282-haynes-powder\/","title":{"rendered":"Haynes 75\/230\/282 Haynes-Pulver"},"content":{"rendered":"<p><strong>Haynes 75 (UNS N06075)<\/strong> ist eine l\u00f6sungsgefestigte Ni-Cr-Legierung mit m\u00e4\u00dfiger Festigkeit bis 650\u00b0C und angemessener Oxidationsbest\u00e4ndigkeit, die in ihrer Leistung IN600 entspricht.<br \/>\n<strong>Haynes 230 (UNS N06230)<\/strong> ist eine Ni-Cr-W-Mo-Legierung mit ausgezeichneter Hochtemperaturfestigkeit bis 1149\u00b0C und hervorragender Oxidationsbest\u00e4ndigkeit.<br \/>\n<strong>Haynes 282 (UNS N07208)<\/strong> ist eine Gamma-Kalk-verst\u00e4rkte Superlegierung, die eine au\u00dfergew\u00f6hnliche Kriechfestigkeit (im Temperaturbereich von 649 bis 927\u00b0C), eine ausgezeichnete thermische Stabilit\u00e4t, Schwei\u00dfbarkeit und Verarbeitbarkeit aufweist.<\/p>\n<table style=\"text-align: center;\">\n<tbody>\n<tr>\n<td colspan=\"9\" bgcolor=\"lightblue\">CHEMISCHE ZUSAMMENSETZUNG (wt%)<\/td>\n<\/tr>\n<tr>\n<td>Artikel<\/td>\n<td>Ni<\/td>\n<td>Cr<\/td>\n<td>Mo<\/td>\n<td>Fe<\/td>\n<td>W<\/td>\n<td>Co<\/td>\n<td>AI<\/td>\n<td>Ti<\/td>\n<\/tr>\n<tr>\n<td>Haynes 75<\/td>\n<td>Bal<\/td>\n<td>18.5-20.5<\/td>\n<td>\/<\/td>\n<td>5,0 max<\/td>\n<td>\/<\/td>\n<td>1,0 max<\/td>\n<td>\/<\/td>\n<td>\/<\/td>\n<\/tr>\n<tr>\n<td>Haynes 230<\/td>\n<td>Bal<\/td>\n<td>20.0-24.0<\/td>\n<td>1.0-3.0<\/td>\n<td>3,0 max<\/td>\n<td>13.0-15.0<\/td>\n<td>5,0 max<\/td>\n<td>\/<\/td>\n<td>\/<\/td>\n<\/tr>\n<tr>\n<td>Haynes 280<\/td>\n<td>Bal<\/td>\n<td>19.0-21.0<\/td>\n<td>7.5-9.5<\/td>\n<td>\/<\/td>\n<td>\/<\/td>\n<td>9.0-11.0<\/td>\n<td>1.0-2.0<\/td>\n<td>1.5-2.5<\/td>\n<\/tr>\n<\/tbody>\n<\/table>\n<p>&nbsp;<\/p>\n<p><strong>GA-Pulver<\/strong><br \/>\n<img decoding=\"async\" src=\"https:\/\/pmadditive.com\/wp-content\/uploads\/2024\/01\/%EF%BC%A8aynes-powder-1.png\" \/><\/p>\n<h5 class=\"elementor-heading-title elementor-size-default\"><\/h5>\n<p>&nbsp;<\/p>\n<p><strong>PREP-Pulver<\/strong><br \/>\n<img decoding=\"async\" src=\"https:\/\/pmadditive.com\/wp-content\/uploads\/2024\/01\/haynes-powder-2.png\" \/><\/p>\n<div class=\"table-responsive\">\n<p>&nbsp;<\/p>\n<\/div>","protected":false},"excerpt":{"rendered":"<p>Wir k\u00f6nnen Haynes 230, Haynes 75, Haynes 282 und andere kundenspezifische Pulver anbieten.<\/p>\n<p><strong>Partikelgr\u00f6\u00dfenverteilung (PSD)<\/strong>: 0-25, 15-45, 15-53, 45-105, 45-150um oder nach Bedarf gesiebt.<br \/>\n<strong>Form<\/strong>: Sph\u00e4risch<br \/>\n<strong>Prozess<\/strong>: Gasverd\u00fcstes (GA) oder Plasma rotierendes Elektrodenpulver (PREP)<br \/>\n<strong>Verpacken<\/strong>: 5kg, 10kg, 25kg oder nach Bedarf; Plastikflasche\/Dose.<br \/>\n<strong>Anmeldung<\/strong>Additive Fertigung (3D-Druck, SLM\/EBM\/DLD) oder andere Verfahren.<\/p>","protected":false},"featured_media":1619,"comment_status":"open","ping_status":"closed","template":"","meta":[],"product_brand":[],"product_cat":[41,16,50,17,42],"product_tag":[68,69,66,67],"class_list":{"0":"post-1618","1":"product","2":"type-product","3":"status-publish","4":"has-post-thumbnail","6":"product_cat-3d-prining-metal-powder","7":"product_cat-additive-manufacturing-powder","8":"product_cat-nickel-alloy-powders","9":"product_cat-nickel-based-superalloy-powder","10":"product_cat-superalloy-powder","11":"product_tag-haynes-230-powder","12":"product_tag-haynes-282-powder","13":"product_tag-haynes-powders","14":"product_tag-haynes75-powder","16":"first","17":"instock","18":"featured","19":"shipping-taxable","20":"product-type-simple"},"_links":{"self":[{"href":"https:\/\/am-printing.com\/de\/wp-json\/wp\/v2\/product\/1618","targetHints":{"allow":["GET"]}}],"collection":[{"href":"https:\/\/am-printing.com\/de\/wp-json\/wp\/v2\/product"}],"about":[{"href":"https:\/\/am-printing.com\/de\/wp-json\/wp\/v2\/types\/product"}],"replies":[{"embeddable":true,"href":"https:\/\/am-printing.com\/de\/wp-json\/wp\/v2\/comments?post=1618"}],"wp:featuredmedia":[{"embeddable":true,"href":"https:\/\/am-printing.com\/de\/wp-json\/wp\/v2\/media\/1619"}],"wp:attachment":[{"href":"https:\/\/am-printing.com\/de\/wp-json\/wp\/v2\/media?parent=1618"}],"wp:term":[{"taxonomy":"product_brand","embeddable":true,"href":"https:\/\/am-printing.com\/de\/wp-json\/wp\/v2\/product_brand?post=1618"},{"taxonomy":"product_cat","embeddable":true,"href":"https:\/\/am-printing.com\/de\/wp-json\/wp\/v2\/product_cat?post=1618"},{"taxonomy":"product_tag","embeddable":true,"href":"https:\/\/am-printing.com\/de\/wp-json\/wp\/v2\/product_tag?post=1618"}],"curies":[{"name":"wp","href":"https:\/\/api.w.org\/{rel}","templated":true}]}}