{"id":1621,"date":"2024-04-28T05:18:08","date_gmt":"2024-04-28T05:18:08","guid":{"rendered":"https:\/\/am-printing.com\/?post_type=product&#038;p=1621"},"modified":"2024-10-17T06:52:19","modified_gmt":"2024-10-17T06:52:19","slug":"rene77-125-rene-powder","status":"publish","type":"product","link":"https:\/\/am-printing.com\/de\/rene77-125-rene-powder\/","title":{"rendered":"Rene77\/125\u4e28Rene Puder"},"content":{"rendered":"<p><strong>Rene 77 &amp; Rene 125<\/strong>ist eine ausscheidungsh\u00e4rtende Superlegierung auf Nickelbasis mit einer Betriebstemperatur unter 900 \u00b0C. Die chemische Beschaffenheit der mit R125 beschichteten Teile f\u00fchrt zu einer erheblichen Verbesserung der Oxidationsbest\u00e4ndigkeit der Beschichtung. Wir k\u00f6nnen auch ma\u00dfgeschneiderte Pulver nach Kundenwunsch liefern.<\/p>\n<table style=\"text-align: center;\">\n<tbody>\n<tr>\n<td colspan=\"8\" bgcolor=\"lightblue\">CHEMISCHE ZUSAMMENSETZUNG (wt%)<\/td>\n<\/tr>\n<tr>\n<td>Artikel<\/td>\n<td>Ni<\/td>\n<td>Cr<\/td>\n<td>Mo<\/td>\n<td>Fe<\/td>\n<td>Co<\/td>\n<td>AI<\/td>\n<td>Ti<\/td>\n<\/tr>\n<tr>\n<td>Rene 77<\/td>\n<td>Bal<\/td>\n<td>14.0-15.25<\/td>\n<td>3.9-4.5<\/td>\n<td>\/<\/td>\n<td>14.0-16.0<\/td>\n<td>4.0-4.6<\/td>\n<td>3.0-3.7<\/td>\n<\/tr>\n<tr>\n<td>Rene 125<\/td>\n<td>Bal<\/td>\n<td>8.0-10.0<\/td>\n<td>4.5-6.5<\/td>\n<td>2.0-3.0<\/td>\n<td>14.0-16.0<\/td>\n<td>4.0-5.0<\/td>\n<td>3.0-4.0<\/td>\n<\/tr>\n<\/tbody>\n<\/table>\n<p><strong>Partikelgr\u00f6\u00dfenverteilung<\/strong> (PSD): 0-25, 15-45, 15-53, 45-105, 45-150um oder gesiebt nach Bedarf.<br \/>\n<strong>Form<\/strong>: Sph\u00e4risch<br \/>\n<strong>Prozess<\/strong>: Gasverd\u00fcstes (GA) oder Plasma rotierendes Elektrodenpulver (PREP)<br \/>\n<strong>Verpacken<\/strong>: 5kg, 10kg, 25kg oder nach Bedarf; Plastikflasche\/Dose.<br \/>\n<strong>Anmeldung<\/strong>Additive Fertigung (3D-Druck, SLM\/EBM\/DLD) und andere Verfahren.<\/p>\n<p>&nbsp;<\/p>\n<div class=\"table-responsive\">\n<p>&nbsp;<\/p>\n<\/div>","protected":false},"excerpt":{"rendered":"<p><strong>Partikelgr\u00f6\u00dfenverteilung<\/strong> (PSD): 0-25, 15-45, 15-53, 45-105, 45-150um oder gesiebt nach Bedarf.<br \/>\n<strong>Form<\/strong>: Sph\u00e4risch<br \/>\n<strong>Prozess<\/strong>: Gasverd\u00fcstes (GA) oder Plasma rotierendes Elektrodenpulver (PREP)<br \/>\n<strong>Verpacken<\/strong>: 5kg, 10kg, 25kg oder nach Bedarf; Plastikflasche\/Dose.<br \/>\n<strong>Anmeldung<\/strong>Additive Fertigung (3D-Druck, SLM\/EBM\/DLD) und andere Verfahren.<\/p>","protected":false},"featured_media":1622,"comment_status":"open","ping_status":"closed","template":"","meta":[],"product_brand":[],"product_cat":[41,16,50,17,42],"product_tag":[73,71,70,72],"class_list":{"0":"post-1621","1":"product","2":"type-product","3":"status-publish","4":"has-post-thumbnail","6":"product_cat-3d-prining-metal-powder","7":"product_cat-additive-manufacturing-powder","8":"product_cat-nickel-alloy-powders","9":"product_cat-nickel-based-superalloy-powder","10":"product_cat-superalloy-powder","11":"product_tag-nickel-alloy-powder","12":"product_tag-rene-125-powder","13":"product_tag-rene-77-powder","14":"product_tag-rene-powder","16":"first","17":"instock","18":"featured","19":"shipping-taxable","20":"product-type-simple"},"_links":{"self":[{"href":"https:\/\/am-printing.com\/de\/wp-json\/wp\/v2\/product\/1621","targetHints":{"allow":["GET"]}}],"collection":[{"href":"https:\/\/am-printing.com\/de\/wp-json\/wp\/v2\/product"}],"about":[{"href":"https:\/\/am-printing.com\/de\/wp-json\/wp\/v2\/types\/product"}],"replies":[{"embeddable":true,"href":"https:\/\/am-printing.com\/de\/wp-json\/wp\/v2\/comments?post=1621"}],"wp:featuredmedia":[{"embeddable":true,"href":"https:\/\/am-printing.com\/de\/wp-json\/wp\/v2\/media\/1622"}],"wp:attachment":[{"href":"https:\/\/am-printing.com\/de\/wp-json\/wp\/v2\/media?parent=1621"}],"wp:term":[{"taxonomy":"product_brand","embeddable":true,"href":"https:\/\/am-printing.com\/de\/wp-json\/wp\/v2\/product_brand?post=1621"},{"taxonomy":"product_cat","embeddable":true,"href":"https:\/\/am-printing.com\/de\/wp-json\/wp\/v2\/product_cat?post=1621"},{"taxonomy":"product_tag","embeddable":true,"href":"https:\/\/am-printing.com\/de\/wp-json\/wp\/v2\/product_tag?post=1621"}],"curies":[{"name":"wp","href":"https:\/\/api.w.org\/{rel}","templated":true}]}}