{"id":1627,"date":"2024-04-28T07:10:55","date_gmt":"2024-04-28T07:10:55","guid":{"rendered":"https:\/\/am-printing.com\/?post_type=product&#038;p=1627"},"modified":"2024-10-08T02:39:46","modified_gmt":"2024-10-08T02:39:46","slug":"monel-400-monel-k500-monel-powders","status":"publish","type":"product","link":"https:\/\/am-printing.com\/de\/monel-400-monel-k500-monel-powders\/","title":{"rendered":"Monel 400 \/ Monel K500 | Monel-Pulver"},"content":{"rendered":"<p><strong>Monel 400<\/strong>\u00a0(Nickel 400) ist eine Nickel-Kupfer-Mischkristalllegierung, die nur durch Kaltverformung geh\u00e4rtet werden kann.<br \/>\nEs hat eine ausgezeichnete Korrosionsbest\u00e4ndigkeit in einer Reihe von Meerwasser, Flusss\u00e4ure, Schwefels\u00e4ure und Alkalien.<br \/>\n<strong>Monel K-500<\/strong>\u00a0(UNS N05500, Nr. 2.4375) ist eine Nickel-Kupfer-Legierung, die die ausgezeichnete Korrosionsbest\u00e4ndigkeit von Monel 400 mit den zus\u00e4tzlichen Vorteilen einer h\u00f6heren Festigkeit und H\u00e4rte verbindet. Die verbesserten Eigenschaften werden durch den Zusatz von Aluminium und Titan zur Nickel-Kupfer-Basis erreicht.<\/p>\n<div class=\"table-responsive\">\n<p>&nbsp;<\/p>\n<table style=\"text-align: center;\">\n<tbody>\n<tr>\n<td colspan=\"6\" bgcolor=\"lightblue\">CHEMISCHE ZUSAMMENSETZUNG (wt%)<\/td>\n<\/tr>\n<tr>\n<td>Artikel<\/td>\n<td>Ni+Co<\/td>\n<td>Cu<\/td>\n<td>Fe<\/td>\n<td>Ti<\/td>\n<td>AI<\/td>\n<\/tr>\n<tr>\n<td>Monel 400<\/td>\n<td>63 min.<\/td>\n<td>28.0-34.0<\/td>\n<td>\/<\/td>\n<td>\/<\/td>\n<td>\/<\/td>\n<\/tr>\n<tr>\n<td>Monel K500<\/td>\n<td>63 min.<\/td>\n<td>27.0-33.0<\/td>\n<td>2.0-4.0<\/td>\n<td>0.35-0.85<\/td>\n<td>2.30-3.15<\/td>\n<\/tr>\n<\/tbody>\n<\/table>\n<\/div>\n<p>&nbsp;<\/p>\n<p><strong>Partikelgr\u00f6\u00dfenverteilung<\/strong>\u00a0(PSD): 0-25, 15-45, 15-53, 45-105, 45-150um oder gesiebt nach Bedarf.<br \/>\n<strong>Form<\/strong>: Sph\u00e4risch<br \/>\n<strong>Prozess<\/strong>: Gasverd\u00fcstes (GA) oder Plasma rotierendes Elektrodenpulver (PREP)<br \/>\n<strong>Verpacken<\/strong>: 5kg, 10kg, 25kg oder nach Bedarf; Plastikflasche\/Dose.<br \/>\n<strong>Anmeldung<\/strong>: Additive Fertigung, 3D-Druck und Beschichtungen.<\/p>","protected":false},"excerpt":{"rendered":"<p><strong>Partikelgr\u00f6\u00dfenverteilung<\/strong>\u00a0(PSD): 0-25, 15-45, 15-53, 45-105, 45-150um oder gesiebt nach Bedarf.<br \/>\n<strong>Form<\/strong>: Sph\u00e4risch<br \/>\n<strong>Prozess<\/strong>: Gasverd\u00fcstes (GA) oder Plasma rotierendes Elektrodenpulver (PREP)<br \/>\n<strong>Verpacken<\/strong>: 5kg, 10kg, 25kg oder nach Bedarf; Plastikflasche\/Dose.<br \/>\n<strong>Anmeldung<\/strong>: Additive Fertigung, 3D-Druck und Beschichtungen.<\/p>","protected":false},"featured_media":1629,"comment_status":"open","ping_status":"closed","template":"","meta":[],"product_brand":[],"product_cat":[41,16,50,17,42],"product_tag":[74,75,76,73],"class_list":{"0":"post-1627","1":"product","2":"type-product","3":"status-publish","4":"has-post-thumbnail","6":"product_cat-3d-prining-metal-powder","7":"product_cat-additive-manufacturing-powder","8":"product_cat-nickel-alloy-powders","9":"product_cat-nickel-based-superalloy-powder","10":"product_cat-superalloy-powder","11":"product_tag-monel-400-powder","12":"product_tag-monel-k500-powder","13":"product_tag-monel-powders","14":"product_tag-nickel-alloy-powder","16":"first","17":"instock","18":"featured","19":"shipping-taxable","20":"product-type-simple"},"_links":{"self":[{"href":"https:\/\/am-printing.com\/de\/wp-json\/wp\/v2\/product\/1627","targetHints":{"allow":["GET"]}}],"collection":[{"href":"https:\/\/am-printing.com\/de\/wp-json\/wp\/v2\/product"}],"about":[{"href":"https:\/\/am-printing.com\/de\/wp-json\/wp\/v2\/types\/product"}],"replies":[{"embeddable":true,"href":"https:\/\/am-printing.com\/de\/wp-json\/wp\/v2\/comments?post=1627"}],"wp:featuredmedia":[{"embeddable":true,"href":"https:\/\/am-printing.com\/de\/wp-json\/wp\/v2\/media\/1629"}],"wp:attachment":[{"href":"https:\/\/am-printing.com\/de\/wp-json\/wp\/v2\/media?parent=1627"}],"wp:term":[{"taxonomy":"product_brand","embeddable":true,"href":"https:\/\/am-printing.com\/de\/wp-json\/wp\/v2\/product_brand?post=1627"},{"taxonomy":"product_cat","embeddable":true,"href":"https:\/\/am-printing.com\/de\/wp-json\/wp\/v2\/product_cat?post=1627"},{"taxonomy":"product_tag","embeddable":true,"href":"https:\/\/am-printing.com\/de\/wp-json\/wp\/v2\/product_tag?post=1627"}],"curies":[{"name":"wp","href":"https:\/\/api.w.org\/{rel}","templated":true}]}}