{"id":1632,"date":"2024-04-29T07:57:21","date_gmt":"2024-04-29T07:57:21","guid":{"rendered":"https:\/\/am-printing.com\/?post_type=product&#038;p=1632"},"modified":"2024-10-08T02:39:46","modified_gmt":"2024-10-08T02:39:46","slug":"k403-powder-nickel-alloy-powder","status":"publish","type":"product","link":"https:\/\/am-printing.com\/de\/k403-powder-nickel-alloy-powder\/","title":{"rendered":"K403 Pulver | Nickellegierungspulver"},"content":{"rendered":"<p><strong>K403<\/strong> ist eine gegossene Superlegierung auf Nickelbasis. Die Legierung hat eine hohe Temperaturbest\u00e4ndigkeit. Sie wird h\u00e4ufig f\u00fcr das Gie\u00dfen von Leitschaufeln und Arbeitsschaufeln von Turbostrahltriebwerken, Turbowellen und Turbol\u00fcftern verwendet. Sie hat einen h\u00f6heren Gehalt an \u03b3'-Phasen bildenden Elementen Al, Ti usw., so dass der Volumenanteil der \u03b3'-Phase in der Legierungsstruktur h\u00f6her ist.<\/p>\n<p>&nbsp;<\/p>\n<table style=\"text-align: center;\">\n<tbody>\n<tr>\n<td colspan=\"8\" bgcolor=\"lightblue\">CHEMISCHE ZUSAMMENSETZUNG (wt%)<\/td>\n<\/tr>\n<tr>\n<td>Artikel<\/td>\n<td>Ni<\/td>\n<td>Cr<\/td>\n<td>Mo<\/td>\n<td>AI<\/td>\n<td>Ti<\/td>\n<td>Co<\/td>\n<td>W<\/td>\n<\/tr>\n<tr>\n<td>K 403<\/td>\n<td>Bal.<\/td>\n<td>10.0-12.0<\/td>\n<td>3.8-4.5<\/td>\n<td>5.3-5.9<\/td>\n<td>2.3-2.9<\/td>\n<td>4.5-6.0<\/td>\n<td>3.8-5.5<\/td>\n<\/tr>\n<\/tbody>\n<\/table>\n<p>&nbsp;<\/p>\n<p><strong>Partikelgr\u00f6\u00dfenverteilung<\/strong> (PSD): 0-25, 15-45, 15-53, 45-105, 45-150um oder gesiebt nach Bedarf.<br \/>\n<strong>Form<\/strong>: Sph\u00e4risch<br \/>\n<strong>Prozess<\/strong>: Gasverd\u00fcstes (GA) oder Plasma rotierendes Elektrodenpulver (PREP)<br \/>\n<strong>Verpacken<\/strong>: 5kg, 10kg, 25kg oder nach Bedarf; Plastikflasche\/Dose.<br \/>\n<strong>Anmeldung<\/strong>Additive Fertigung, 3D-Druck<\/p>\n<p>&nbsp;<\/p>","protected":false},"excerpt":{"rendered":"<p><strong>K403<\/strong> ist eine gegossene Superlegierung auf Nickelbasis. Die Legierung hat eine hohe Temperaturbest\u00e4ndigkeit. Sie wird h\u00e4ufig f\u00fcr das Gie\u00dfen von Leitschaufeln und Arbeitsschaufeln von Turbostrahltriebwerken, Turbowellen und Turbol\u00fcftern verwendet. Sie hat einen h\u00f6heren Gehalt an \u03b3'-Phasen bildenden Elementen Al, Ti usw., so dass der Volumenanteil der \u03b3'-Phase in der Legierungsstruktur h\u00f6her ist.<\/p>","protected":false},"featured_media":1634,"comment_status":"open","ping_status":"closed","template":"","meta":[],"product_brand":[],"product_cat":[41,16,50,17,42],"product_tag":[68,69,66,67],"class_list":{"0":"post-1632","1":"product","2":"type-product","3":"status-publish","4":"has-post-thumbnail","6":"product_cat-3d-prining-metal-powder","7":"product_cat-additive-manufacturing-powder","8":"product_cat-nickel-alloy-powders","9":"product_cat-nickel-based-superalloy-powder","10":"product_cat-superalloy-powder","11":"product_tag-haynes-230-powder","12":"product_tag-haynes-282-powder","13":"product_tag-haynes-powders","14":"product_tag-haynes75-powder","16":"first","17":"instock","18":"featured","19":"shipping-taxable","20":"product-type-simple"},"_links":{"self":[{"href":"https:\/\/am-printing.com\/de\/wp-json\/wp\/v2\/product\/1632","targetHints":{"allow":["GET"]}}],"collection":[{"href":"https:\/\/am-printing.com\/de\/wp-json\/wp\/v2\/product"}],"about":[{"href":"https:\/\/am-printing.com\/de\/wp-json\/wp\/v2\/types\/product"}],"replies":[{"embeddable":true,"href":"https:\/\/am-printing.com\/de\/wp-json\/wp\/v2\/comments?post=1632"}],"wp:featuredmedia":[{"embeddable":true,"href":"https:\/\/am-printing.com\/de\/wp-json\/wp\/v2\/media\/1634"}],"wp:attachment":[{"href":"https:\/\/am-printing.com\/de\/wp-json\/wp\/v2\/media?parent=1632"}],"wp:term":[{"taxonomy":"product_brand","embeddable":true,"href":"https:\/\/am-printing.com\/de\/wp-json\/wp\/v2\/product_brand?post=1632"},{"taxonomy":"product_cat","embeddable":true,"href":"https:\/\/am-printing.com\/de\/wp-json\/wp\/v2\/product_cat?post=1632"},{"taxonomy":"product_tag","embeddable":true,"href":"https:\/\/am-printing.com\/de\/wp-json\/wp\/v2\/product_tag?post=1632"}],"curies":[{"name":"wp","href":"https:\/\/api.w.org\/{rel}","templated":true}]}}