{"id":1636,"date":"2024-04-29T08:40:51","date_gmt":"2024-04-29T08:40:51","guid":{"rendered":"https:\/\/am-printing.com\/?post_type=product&#038;p=1636"},"modified":"2024-10-17T06:59:43","modified_gmt":"2024-10-17T06:59:43","slug":"nicrbsi-self-fluxing-alloy-powder-nickel-alloy-powder","status":"publish","type":"product","link":"https:\/\/am-printing.com\/de\/nicrbsi-self-fluxing-alloy-powder-nickel-alloy-powder\/","title":{"rendered":"NiCrBSi Selbstflie\u00dfendes Legierungspulver \uff5c Nickellegierungspulver"},"content":{"rendered":"<p><strong>Ni-Cr-B-Si<\/strong> selbstflie\u00dfende Legierungspulver haben hervorragende umfassende Eigenschaften: Korrosionsbest\u00e4ndigkeit, Oxidationsbest\u00e4ndigkeit, niedriger Schmelzpunkt, breiter Temperaturbereich zwischen fester und fl\u00fcssiger Phase, starke Benetzungsf\u00e4higkeit mit verschiedenen Substraten, geeignet f\u00fcr Flammenspritzschwei\u00dfen, Plasmaspritzschwei\u00dfen und einige andere Verfahren.<\/p>\n<table style=\"text-align: center;\">\n<tbody>\n<tr>\n<td colspan=\"7\" bgcolor=\"lightblue\">CHEMISCHE ZUSAMMENSETZUNG (wt%)<\/td>\n<\/tr>\n<tr>\n<td>Artikel<\/td>\n<td>Ni<\/td>\n<td>Cr<\/td>\n<td>B<\/td>\n<td>Si<\/td>\n<td>C<\/td>\n<td>H\u00e4rte der Mantelschicht (Durchschnitt HRC)<\/td>\n<\/tr>\n<tr>\n<td>Ni15<\/td>\n<td>Bal<\/td>\n<td>\/<\/td>\n<td>0.8-1.4<\/td>\n<td>1.6-2.4<\/td>\n<td>\u22640.1<\/td>\n<td>\/<\/td>\n<\/tr>\n<tr>\n<td>Ni25<\/td>\n<td>Bal<\/td>\n<td>5.0-10.0<\/td>\n<td>1.0-2.0<\/td>\n<td>2.0-3.5<\/td>\n<td>\u22640.2<\/td>\n<td>21<\/td>\n<\/tr>\n<tr>\n<td>Ni35<\/td>\n<td>Bal<\/td>\n<td>7.0-10.0<\/td>\n<td>1.5-2.5<\/td>\n<td>2.0-3.5<\/td>\n<td>0.2-0.4<\/td>\n<td>32<\/td>\n<\/tr>\n<tr>\n<td>Ni45<\/td>\n<td>Bal<\/td>\n<td>11.0-15.0<\/td>\n<td>2.0-3.0<\/td>\n<td>3.0-4.5<\/td>\n<td>0.3-0.6<\/td>\n<td>45<\/td>\n<\/tr>\n<tr>\n<td>Ni55<\/td>\n<td>Bal<\/td>\n<td>11.0-15.0<\/td>\n<td>2.5-3.0<\/td>\n<td>3.5-4.5<\/td>\n<td>0.4-0.9<\/td>\n<td>54<\/td>\n<\/tr>\n<tr>\n<td>Ni60<\/td>\n<td>Bal<\/td>\n<td>15.0-17.0<\/td>\n<td>3.0-4.0<\/td>\n<td>3.5-5.0<\/td>\n<td>0.7-1.1<\/td>\n<td>60<\/td>\n<\/tr>\n<tr>\n<td>Ni65<\/td>\n<td>Bal<\/td>\n<td>17.0-20.0<\/td>\n<td>3.0-4.0<\/td>\n<td>3.5-5.0<\/td>\n<td>0.8-1.2<\/td>\n<td>64<\/td>\n<\/tr>\n<\/tbody>\n<\/table>\n<p>&nbsp;<\/p>\n<p><strong>Partikelgr\u00f6\u00dfenverteilung<\/strong> (PSD): 0-25, 15-45, 15-53, 45-105, 45-150um oder gesiebt nach Bedarf.<br \/>\n<strong>Form<\/strong>: Sph\u00e4risch<br \/>\n<strong>Prozess<\/strong>: Gaszerst\u00e4ubt (GA)<br \/>\n<strong>Verpacken<\/strong>: 5kg, 10kg, 25kg oder nach Bedarf; Plastikflasche\/Dose.<br \/>\n<strong>Anmeldung<\/strong>Thermisches Spritzen, Schwei\u00dfen<\/p>\n<p>&nbsp;<\/p>","protected":false},"excerpt":{"rendered":"<p><strong>Ni-Cr-B-Si<\/strong> selbstflie\u00dfende Legierungspulver haben hervorragende umfassende Eigenschaften: Korrosionsbest\u00e4ndigkeit, Oxidationsbest\u00e4ndigkeit, niedriger Schmelzpunkt, breiter Temperaturbereich zwischen fester und fl\u00fcssiger Phase, starke Benetzungsf\u00e4higkeit mit verschiedenen Substraten, geeignet f\u00fcr Flammenspritzschwei\u00dfen, Plasmaspritzschwei\u00dfen und einige andere Verfahren.<\/p>","protected":false},"featured_media":1637,"comment_status":"open","ping_status":"closed","template":"","meta":[],"product_brand":[],"product_cat":[41,16,50,17,42],"product_tag":[73,78,77],"class_list":{"0":"post-1636","1":"product","2":"type-product","3":"status-publish","4":"has-post-thumbnail","6":"product_cat-3d-prining-metal-powder","7":"product_cat-additive-manufacturing-powder","8":"product_cat-nickel-alloy-powders","9":"product_cat-nickel-based-superalloy-powder","10":"product_cat-superalloy-powder","11":"product_tag-nickel-alloy-powder","12":"product_tag-nicrbsi-alloy-powder","13":"product_tag-nicrbsi-powder","15":"first","16":"instock","17":"featured","18":"shipping-taxable","19":"product-type-simple"},"_links":{"self":[{"href":"https:\/\/am-printing.com\/de\/wp-json\/wp\/v2\/product\/1636","targetHints":{"allow":["GET"]}}],"collection":[{"href":"https:\/\/am-printing.com\/de\/wp-json\/wp\/v2\/product"}],"about":[{"href":"https:\/\/am-printing.com\/de\/wp-json\/wp\/v2\/types\/product"}],"replies":[{"embeddable":true,"href":"https:\/\/am-printing.com\/de\/wp-json\/wp\/v2\/comments?post=1636"}],"wp:featuredmedia":[{"embeddable":true,"href":"https:\/\/am-printing.com\/de\/wp-json\/wp\/v2\/media\/1637"}],"wp:attachment":[{"href":"https:\/\/am-printing.com\/de\/wp-json\/wp\/v2\/media?parent=1636"}],"wp:term":[{"taxonomy":"product_brand","embeddable":true,"href":"https:\/\/am-printing.com\/de\/wp-json\/wp\/v2\/product_brand?post=1636"},{"taxonomy":"product_cat","embeddable":true,"href":"https:\/\/am-printing.com\/de\/wp-json\/wp\/v2\/product_cat?post=1636"},{"taxonomy":"product_tag","embeddable":true,"href":"https:\/\/am-printing.com\/de\/wp-json\/wp\/v2\/product_tag?post=1636"}],"curies":[{"name":"wp","href":"https:\/\/api.w.org\/{rel}","templated":true}]}}