{"id":1639,"date":"2024-04-29T09:00:50","date_gmt":"2024-04-29T09:00:50","guid":{"rendered":"https:\/\/am-printing.com\/?post_type=product&#038;p=1639"},"modified":"2024-10-08T02:39:46","modified_gmt":"2024-10-08T02:39:46","slug":"nickel-based-brazing-alloy-powder","status":"publish","type":"product","link":"https:\/\/am-printing.com\/de\/nickel-based-brazing-alloy-powder\/","title":{"rendered":"Hartl\u00f6tpulver auf Nickelbasis"},"content":{"rendered":"<p><strong>Hartl\u00f6tpulver auf Nickelbasis (von BNi-1 bis BNi-7 und NiCrPSi)<\/strong> sind niedrigschmelzende, frei flie\u00dfende Schwei\u00dfpulver mit ausgezeichneter Festigkeit. Es wird in der Regel bei L\u00f6tverfahren verwendet, um zwei oder mehr Metallteile miteinander zu verbinden. Es kann in verschiedenen L\u00f6ttechniken wie Brennerl\u00f6ten, Ofenl\u00f6ten und Induktionsl\u00f6ten verwendet werden.<\/p>\n<p><strong>BNi-1<\/strong> und <strong>BNi-2<\/strong> sind Ni-Cr-B-Si-Fe-Legierungen. <strong>BNi-2<\/strong>\u00a0hat einen geringeren Chromgehalt als\u00a0<strong>BNi-1<\/strong>. Daher hat es einen niedrigeren Schmelzpunktbereich. <strong>BNi-2<\/strong> wird auch als B-Ni82CrSiBFe, Ni620 oder N99620 bezeichnet.<br \/>\n<strong>BNi-3<\/strong> und <strong>BNi-4<\/strong> sind Ni-B-Si-Legierungen. <strong>BNi-4<\/strong> hat einen h\u00f6heren Schmelzpunktbereich als\u00a0<strong>BNi-3<\/strong> Puder.<br \/>\n<strong>BNi-5<\/strong>\u00a0ist eine Ni-Cr-Si-Legierung. Sie ist f\u00fcr schmale und tiefe Fugen geeignet.<br \/>\n<strong>BNi-6<\/strong> ist ein Pulver aus einer Ni-P-Legierung, das wie alle eutektischen Legierungen hervorragende Flie\u00dfeigenschaften bei engen und tiefen Verbindungen aufweist. Es wird zur Herstellung von Verbindungen mit hoher Festigkeit und guter Oxidationsbest\u00e4ndigkeit auch bei erh\u00f6hten Temperaturen verwendet.<br \/>\n<strong>BNi-7<\/strong>\u00a0ist eine Ni-Cr-P-Legierung. Sie wird h\u00e4ufig zum L\u00f6ten von Wabenstrukturen, d\u00fcnnwandigen Rohren und f\u00fcr nukleare Anwendungen verwendet, bei denen der Zusatz von Bor nicht zul\u00e4ssig ist.<br \/>\nNiCrPSi-Pulver mit h\u00f6herem Chromgehalt, das in der L\u00f6ttechnik als Verbindungsmaterial verwendet wird.<\/p>\n<table style=\"text-align: center;\">\n<tbody>\n<tr>\n<td colspan=\"7\" bgcolor=\"lightblue\">CHEMISCHE ZUSAMMENSETZUNG (typisch wt%)<\/td>\n<\/tr>\n<tr>\n<td>Artikel<\/td>\n<td>Ni<\/td>\n<td>Cr<\/td>\n<td>B<\/td>\n<td>Si<\/td>\n<td>Fe<\/td>\n<td>P<\/td>\n<\/tr>\n<tr>\n<td>BNi-1<\/td>\n<td>Bal<\/td>\n<td>14<\/td>\n<td>3.2<\/td>\n<td>4.5<\/td>\n<td>4.5<\/td>\n<td>\/<\/td>\n<\/tr>\n<tr>\n<td>BNi-2<\/td>\n<td>Bal<\/td>\n<td>7<\/td>\n<td>3.1<\/td>\n<td>4.5<\/td>\n<td>3<\/td>\n<td>\/<\/td>\n<\/tr>\n<tr>\n<td>BNi-3<\/td>\n<td>Bal<\/td>\n<td>\/<\/td>\n<td>3.2<\/td>\n<td>4.5<\/td>\n<td>\/<\/td>\n<td>\/<\/td>\n<\/tr>\n<tr>\n<td>BNi-4<\/td>\n<td>Bal<\/td>\n<td>\/<\/td>\n<td>2.0<\/td>\n<td>3.5<\/td>\n<td>\/<\/td>\n<td>\/<\/td>\n<\/tr>\n<tr>\n<td>BNi-5<\/td>\n<td>Bal<\/td>\n<td>19<\/td>\n<td>\/<\/td>\n<td>10.1<\/td>\n<td>\/<\/td>\n<td>\/<\/td>\n<\/tr>\n<tr>\n<td>BNi-6<\/td>\n<td>Bal<\/td>\n<td>\/<\/td>\n<td>\/<\/td>\n<td>\/<\/td>\n<td>\/<\/td>\n<td>11<\/td>\n<\/tr>\n<tr>\n<td>BNi-7<\/td>\n<td>Bal<\/td>\n<td>14<\/td>\n<td>\/<\/td>\n<td>\/<\/td>\n<td>\/<\/td>\n<td>10.1<\/td>\n<\/tr>\n<tr>\n<td>NiCrPSi<\/td>\n<td>Bal<\/td>\n<td>29<\/td>\n<td>\/<\/td>\n<td>4.0<\/td>\n<td>\/<\/td>\n<td>6.0<\/td>\n<\/tr>\n<\/tbody>\n<\/table>\n<p>&nbsp;<\/p>\n<p>&nbsp;<\/p>\n<p><strong>Partikelgr\u00f6\u00dfenverteilung<\/strong> (PSD): 0-25, 15-45, 15-53, 45-105, 45-150um oder gesiebt nach Bedarf.<br \/>\n<strong>Form<\/strong>: Sph\u00e4risch<br \/>\n<strong>Prozess<\/strong>: Gaszerst\u00e4ubt (GA)<br \/>\n<strong>Verpacken<\/strong>: 5kg, 10kg, 25kg oder nach Bedarf; Plastikflasche\/Dose.<br \/>\n<strong>Anmeldung<\/strong>: L\u00f6ten, Kleben<\/p>\n<p>&nbsp;<\/p>","protected":false},"excerpt":{"rendered":"<p><strong>Hartl\u00f6tpulver auf Nickelbasis (von BNi-1 bis BNi-7 und NiCrPSi)<\/strong> sind niedrigschmelzende, frei flie\u00dfende Schwei\u00dfpulver mit ausgezeichneter Festigkeit. Es wird in der Regel bei L\u00f6tverfahren verwendet, um zwei oder mehr Metallteile miteinander zu verbinden. Es kann in verschiedenen L\u00f6ttechniken wie Brennerl\u00f6ten, Ofenl\u00f6ten und Induktionsl\u00f6ten verwendet werden.<\/p>","protected":false},"featured_media":1640,"comment_status":"open","ping_status":"closed","template":"","meta":[],"product_brand":[],"product_cat":[41,16,50,17,42],"product_tag":[73,78,77],"class_list":{"0":"post-1639","1":"product","2":"type-product","3":"status-publish","4":"has-post-thumbnail","6":"product_cat-3d-prining-metal-powder","7":"product_cat-additive-manufacturing-powder","8":"product_cat-nickel-alloy-powders","9":"product_cat-nickel-based-superalloy-powder","10":"product_cat-superalloy-powder","11":"product_tag-nickel-alloy-powder","12":"product_tag-nicrbsi-alloy-powder","13":"product_tag-nicrbsi-powder","15":"first","16":"instock","17":"featured","18":"shipping-taxable","19":"product-type-simple"},"_links":{"self":[{"href":"https:\/\/am-printing.com\/de\/wp-json\/wp\/v2\/product\/1639","targetHints":{"allow":["GET"]}}],"collection":[{"href":"https:\/\/am-printing.com\/de\/wp-json\/wp\/v2\/product"}],"about":[{"href":"https:\/\/am-printing.com\/de\/wp-json\/wp\/v2\/types\/product"}],"replies":[{"embeddable":true,"href":"https:\/\/am-printing.com\/de\/wp-json\/wp\/v2\/comments?post=1639"}],"wp:featuredmedia":[{"embeddable":true,"href":"https:\/\/am-printing.com\/de\/wp-json\/wp\/v2\/media\/1640"}],"wp:attachment":[{"href":"https:\/\/am-printing.com\/de\/wp-json\/wp\/v2\/media?parent=1639"}],"wp:term":[{"taxonomy":"product_brand","embeddable":true,"href":"https:\/\/am-printing.com\/de\/wp-json\/wp\/v2\/product_brand?post=1639"},{"taxonomy":"product_cat","embeddable":true,"href":"https:\/\/am-printing.com\/de\/wp-json\/wp\/v2\/product_cat?post=1639"},{"taxonomy":"product_tag","embeddable":true,"href":"https:\/\/am-printing.com\/de\/wp-json\/wp\/v2\/product_tag?post=1639"}],"curies":[{"name":"wp","href":"https:\/\/api.w.org\/{rel}","templated":true}]}}