{"id":1642,"date":"2024-04-30T05:33:52","date_gmt":"2024-04-30T05:33:52","guid":{"rendered":"https:\/\/am-printing.com\/?post_type=product&#038;p=1642"},"modified":"2024-10-08T02:39:46","modified_gmt":"2024-10-08T02:39:46","slug":"nickel-chromium-alloy-powder-nickel-alloy-powder","status":"publish","type":"product","link":"https:\/\/am-printing.com\/de\/nickel-chromium-alloy-powder-nickel-alloy-powder\/","title":{"rendered":"Nickel-Chrom-Legierungspulver | Nickel-Legierungspulver"},"content":{"rendered":"<p><strong>Pulver aus den Legierungen NiCr20 und NiCr50<\/strong>, auch bekannt als <strong>Nichrom-Pulver<\/strong>mit dem Vorteil der Hochtemperaturoxidationsbest\u00e4ndigkeit werden haupts\u00e4chlich f\u00fcr das thermische Spritzen, HVOF, HVAF oder als Haftschicht f\u00fcr WC-Beschichtungen verwendet.<\/p>\n<p>&nbsp;<\/p>\n<table style=\"text-align: center;\">\n<tbody>\n<tr>\n<td colspan=\"6\" bgcolor=\"lightblue\">CHEMISCHE ZUSAMMENSETZUNG (wt%)<\/td>\n<\/tr>\n<tr>\n<td>Artikel<\/td>\n<td>Ni<\/td>\n<td>Cr<\/td>\n<td>Fe<\/td>\n<td>Si<\/td>\n<td>Mo<\/td>\n<\/tr>\n<tr>\n<td>NiCr20<\/td>\n<td>Bal.<\/td>\n<td>18.5-20.5<\/td>\n<td>1,0 max<\/td>\n<td>1,5 max<\/td>\n<td>0,5 max<\/td>\n<\/tr>\n<tr>\n<td>NiCr50<\/td>\n<td>Bal.<\/td>\n<td>48.5-50.5<\/td>\n<td>1,0 max<\/td>\n<td>1,5 max<\/td>\n<td>0,5 max<\/td>\n<\/tr>\n<\/tbody>\n<\/table>\n<p>&nbsp;<\/p>\n<p><strong>Partikelgr\u00f6\u00dfenverteilung<\/strong> (PSD): 0-25, 15-45, 15-53, 45-105, 45-150um oder gesiebt nach Bedarf.<br \/>\n<strong>Form<\/strong>: Sph\u00e4risch<br \/>\n<strong>Prozess<\/strong>: Gaszerst\u00e4ubt (GA)<br \/>\n<strong>Verpacken<\/strong>: 5kg, 10kg, 25kg oder nach Bedarf; Plastikflasche\/Dose.<br \/>\n<strong>Anmeldung<\/strong>Thermisches Spritzen, HVOF, HVAF oder Haftschicht aus WC-Beschichtung.<\/p>\n<p>&nbsp;<\/p>","protected":false},"excerpt":{"rendered":"<p><strong>Pulver aus den Legierungen NiCr20 und NiCr50<\/strong>, auch bekannt als <strong>Nichrom-Pulver<\/strong>mit dem Vorteil der Hochtemperaturoxidationsbest\u00e4ndigkeit werden haupts\u00e4chlich f\u00fcr das thermische Spritzen, HVOF, HVAF oder als Haftschicht f\u00fcr WC-Beschichtungen verwendet.<\/p>","protected":false},"featured_media":1643,"comment_status":"open","ping_status":"closed","template":"","meta":[],"product_brand":[],"product_cat":[41,16,50,17,42],"product_tag":[73,79],"class_list":{"0":"post-1642","1":"product","2":"type-product","3":"status-publish","4":"has-post-thumbnail","6":"product_cat-3d-prining-metal-powder","7":"product_cat-additive-manufacturing-powder","8":"product_cat-nickel-alloy-powders","9":"product_cat-nickel-based-superalloy-powder","10":"product_cat-superalloy-powder","11":"product_tag-nickel-alloy-powder","12":"product_tag-nickel-chromium-alloy-powder","14":"first","15":"instock","16":"featured","17":"shipping-taxable","18":"product-type-simple"},"_links":{"self":[{"href":"https:\/\/am-printing.com\/de\/wp-json\/wp\/v2\/product\/1642","targetHints":{"allow":["GET"]}}],"collection":[{"href":"https:\/\/am-printing.com\/de\/wp-json\/wp\/v2\/product"}],"about":[{"href":"https:\/\/am-printing.com\/de\/wp-json\/wp\/v2\/types\/product"}],"replies":[{"embeddable":true,"href":"https:\/\/am-printing.com\/de\/wp-json\/wp\/v2\/comments?post=1642"}],"wp:featuredmedia":[{"embeddable":true,"href":"https:\/\/am-printing.com\/de\/wp-json\/wp\/v2\/media\/1643"}],"wp:attachment":[{"href":"https:\/\/am-printing.com\/de\/wp-json\/wp\/v2\/media?parent=1642"}],"wp:term":[{"taxonomy":"product_brand","embeddable":true,"href":"https:\/\/am-printing.com\/de\/wp-json\/wp\/v2\/product_brand?post=1642"},{"taxonomy":"product_cat","embeddable":true,"href":"https:\/\/am-printing.com\/de\/wp-json\/wp\/v2\/product_cat?post=1642"},{"taxonomy":"product_tag","embeddable":true,"href":"https:\/\/am-printing.com\/de\/wp-json\/wp\/v2\/product_tag?post=1642"}],"curies":[{"name":"wp","href":"https:\/\/api.w.org\/{rel}","templated":true}]}}