{"id":1644,"date":"2024-04-30T06:29:32","date_gmt":"2024-04-30T06:29:32","guid":{"rendered":"https:\/\/am-printing.com\/?post_type=product&#038;p=1644"},"modified":"2024-10-08T02:39:46","modified_gmt":"2024-10-08T02:39:46","slug":"mcraly-alloy-powder-nickel-alloy-powder","status":"publish","type":"product","link":"https:\/\/am-printing.com\/de\/mcraly-alloy-powder-nickel-alloy-powder\/","title":{"rendered":"MCrAlY-Legierungspulver | Nickellegierungspulver"},"content":{"rendered":"<p><strong>NiCrAlY<\/strong> und <strong>NiCoCrAlY<\/strong> Legierungen sind thermisch gespritzte Beschichtungswerkstoffe, die f\u00fcr ihre hervorragende Oxidations- und Hei\u00dfkorrosionsbest\u00e4ndigkeit bekannt sind. Beschichtungen aus diesen Werkstoffen werden als Haftschichten f\u00fcr keramische Deckschichten verwendet. Durch den Zusatz von Yttrium wird die Haftung dieser Oxidschicht verbessert. Die Anwesenheit von Kobalt in NiCoCrAlY-Legierungen verbessert die Duktilit\u00e4t der Beschichtung und die Hei\u00dfkorrosionsbest\u00e4ndigkeit.<\/p>\n<p>&nbsp;<\/p>\n<table style=\"text-align: center;\">\n<tbody>\n<tr>\n<td colspan=\"6\" bgcolor=\"lightblue\">CHEMISCHE ZUSAMMENSETZUNG (wt%)<\/td>\n<\/tr>\n<tr>\n<td>Artikel<\/td>\n<td>Ni<\/td>\n<td>Cr<\/td>\n<td>AI<\/td>\n<td>Y<\/td>\n<td>Co<\/td>\n<\/tr>\n<tr>\n<td>NiCrAIY<\/td>\n<td>Bal.<\/td>\n<td>22<\/td>\n<td>10<\/td>\n<td>1.0<\/td>\n<td>\/<\/td>\n<\/tr>\n<tr>\n<td>NiCrAIY<\/td>\n<td>Bal.<\/td>\n<td>29<\/td>\n<td>10<\/td>\n<td>0.5<\/td>\n<td>\/<\/td>\n<\/tr>\n<tr>\n<td>NiCoCrAIY<\/td>\n<td>Bal.<\/td>\n<td>25<\/td>\n<td>6<\/td>\n<td>0.5<\/td>\n<td>22<\/td>\n<\/tr>\n<\/tbody>\n<\/table>\n<p>&nbsp;<\/p>\n<p><strong>Partikelgr\u00f6\u00dfenverteilung<\/strong> (PSD): 0-25, 15-45, 15-53, 45-105, 45-150um oder gesiebt nach Bedarf.<br \/>\n<strong>Form<\/strong>: Sph\u00e4risch<br \/>\n<strong>Prozess<\/strong>: Gaszerst\u00e4ubt (GA)<br \/>\n<strong>Verpacken<\/strong>: 5kg, 10kg, 25kg oder nach Bedarf; Plastikflasche\/Dose.<br \/>\n<strong>Anmeldung<\/strong>Verkleidungen, Haftbeschichtungen und thermisches Spritzen<\/p>\n<p>&nbsp;<\/p>","protected":false},"excerpt":{"rendered":"<p><strong>NiCrAlY<\/strong> und <strong>NiCoCrAlY<\/strong> Legierungen sind thermisch gespritzte Beschichtungswerkstoffe, die f\u00fcr ihre hervorragende Oxidations- und Hei\u00dfkorrosionsbest\u00e4ndigkeit bekannt sind. Beschichtungen aus diesen Werkstoffen werden als Haftschichten f\u00fcr keramische Deckschichten verwendet. Durch den Zusatz von Yttrium wird die Haftung dieser Oxidschicht verbessert. Die Anwesenheit von Kobalt in NiCoCrAlY-Legierungen verbessert die Duktilit\u00e4t der Beschichtung und die Hei\u00dfkorrosionsbest\u00e4ndigkeit.<\/p>","protected":false},"featured_media":1645,"comment_status":"open","ping_status":"closed","template":"","meta":[],"product_brand":[],"product_cat":[41,16,50,17,42],"product_tag":[80,73],"class_list":{"0":"post-1644","1":"product","2":"type-product","3":"status-publish","4":"has-post-thumbnail","6":"product_cat-3d-prining-metal-powder","7":"product_cat-additive-manufacturing-powder","8":"product_cat-nickel-alloy-powders","9":"product_cat-nickel-based-superalloy-powder","10":"product_cat-superalloy-powder","11":"product_tag-mcraly-alloy-powder","12":"product_tag-nickel-alloy-powder","14":"first","15":"instock","16":"featured","17":"shipping-taxable","18":"product-type-simple"},"_links":{"self":[{"href":"https:\/\/am-printing.com\/de\/wp-json\/wp\/v2\/product\/1644","targetHints":{"allow":["GET"]}}],"collection":[{"href":"https:\/\/am-printing.com\/de\/wp-json\/wp\/v2\/product"}],"about":[{"href":"https:\/\/am-printing.com\/de\/wp-json\/wp\/v2\/types\/product"}],"replies":[{"embeddable":true,"href":"https:\/\/am-printing.com\/de\/wp-json\/wp\/v2\/comments?post=1644"}],"wp:featuredmedia":[{"embeddable":true,"href":"https:\/\/am-printing.com\/de\/wp-json\/wp\/v2\/media\/1645"}],"wp:attachment":[{"href":"https:\/\/am-printing.com\/de\/wp-json\/wp\/v2\/media?parent=1644"}],"wp:term":[{"taxonomy":"product_brand","embeddable":true,"href":"https:\/\/am-printing.com\/de\/wp-json\/wp\/v2\/product_brand?post=1644"},{"taxonomy":"product_cat","embeddable":true,"href":"https:\/\/am-printing.com\/de\/wp-json\/wp\/v2\/product_cat?post=1644"},{"taxonomy":"product_tag","embeddable":true,"href":"https:\/\/am-printing.com\/de\/wp-json\/wp\/v2\/product_tag?post=1644"}],"curies":[{"name":"wp","href":"https:\/\/api.w.org\/{rel}","templated":true}]}}