{"id":1647,"date":"2024-04-30T06:42:43","date_gmt":"2024-04-30T06:42:43","guid":{"rendered":"https:\/\/am-printing.com\/?post_type=product&#038;p=1647"},"modified":"2024-10-08T02:39:46","modified_gmt":"2024-10-08T02:39:46","slug":"nickel-aluminium-alloy-powder-nickel-alloy-powder","status":"publish","type":"product","link":"https:\/\/am-printing.com\/de\/nickel-aluminium-alloy-powder-nickel-alloy-powder\/","title":{"rendered":"Nickel-Aluminium-Legierungspulver | Nickel-Legierungspulver"},"content":{"rendered":"<p><strong>NiAl-Legierungspulver<\/strong> kann als In-situ-Hydrierungskatalysator bei Umgebungsdruck oder als Spr\u00fchschwei\u00dfmaterial verwendet werden, einschlie\u00dflich <strong>NiAl5, NiAl20 und NiAl30<\/strong> oder eine andere individuelle Kombination.<\/p>\n<p>&nbsp;<\/p>\n<table style=\"text-align: center;\">\n<tbody>\n<tr>\n<td colspan=\"3\" bgcolor=\"lightblue\">CHEMISCHE ZUSAMMENSETZUNG (typisch wt%)<\/td>\n<\/tr>\n<tr>\n<td>Artikel<\/td>\n<td>Ni<\/td>\n<td>AI<\/td>\n<\/tr>\n<tr>\n<td>NiAI5<\/td>\n<td>Bal.<\/td>\n<td>5.0<\/td>\n<\/tr>\n<tr>\n<td>NiAI20<\/td>\n<td>Bal.<\/td>\n<td>20.0<\/td>\n<\/tr>\n<tr>\n<td>NiAI30<\/td>\n<td>Bal.<\/td>\n<td>30.0<\/td>\n<\/tr>\n<\/tbody>\n<\/table>\n<p>&nbsp;<\/p>\n<p><strong>Partikelgr\u00f6\u00dfenverteilung<\/strong> (PSD): 0-25, 15-45, 15-53, 45-105, 45-150um oder gesiebt nach Bedarf.<br \/>\n<strong>Form<\/strong>: Sph\u00e4risch<br \/>\n<strong>Prozess<\/strong>: Gaszerst\u00e4ubt (GA)<br \/>\n<strong>Verpacken<\/strong>: 5kg, 10kg, 25kg oder nach Bedarf; Plastikflasche\/Dose.<br \/>\n<strong>Anmeldung<\/strong>: Katalysator oder Spritzschwei\u00dfmaterial<\/p>\n<p>&nbsp;<\/p>\n<p><img fetchpriority=\"high\" decoding=\"async\" class=\"alignnone wp-image-1649 size-full\" src=\"https:\/\/am-printing.com\/wp-content\/uploads\/2024\/04\/metal-alloy-powders.png\" alt=\"Metalllegierungspulver\" width=\"973\" height=\"396\" srcset=\"https:\/\/am-printing.com\/wp-content\/uploads\/2024\/04\/metal-alloy-powders.png 973w, https:\/\/am-printing.com\/wp-content\/uploads\/2024\/04\/metal-alloy-powders-300x122.png 300w, https:\/\/am-printing.com\/wp-content\/uploads\/2024\/04\/metal-alloy-powders-768x313.png 768w, https:\/\/am-printing.com\/wp-content\/uploads\/2024\/04\/metal-alloy-powders-18x7.png 18w, https:\/\/am-printing.com\/wp-content\/uploads\/2024\/04\/metal-alloy-powders-600x244.png 600w\" sizes=\"(max-width: 973px) 100vw, 973px\" \/><\/p>\n<p>&nbsp;<\/p>","protected":false},"excerpt":{"rendered":"<p><strong>NiAl-Legierungspulver<\/strong> kann als In-situ-Hydrierungskatalysator bei Umgebungsdruck oder als Spr\u00fchschwei\u00dfmaterial verwendet werden, einschlie\u00dflich <strong>NiAl5, NiAl20 und NiAl30<\/strong> oder eine andere individuelle Kombination.<\/p>","protected":false},"featured_media":1648,"comment_status":"open","ping_status":"closed","template":"","meta":[],"product_brand":[],"product_cat":[41,16,50,17,42],"product_tag":[73,81],"class_list":{"0":"post-1647","1":"product","2":"type-product","3":"status-publish","4":"has-post-thumbnail","6":"product_cat-3d-prining-metal-powder","7":"product_cat-additive-manufacturing-powder","8":"product_cat-nickel-alloy-powders","9":"product_cat-nickel-based-superalloy-powder","10":"product_cat-superalloy-powder","11":"product_tag-nickel-alloy-powder","12":"product_tag-nickel-aluminium-alloy-powder","14":"first","15":"instock","16":"featured","17":"shipping-taxable","18":"product-type-simple"},"_links":{"self":[{"href":"https:\/\/am-printing.com\/de\/wp-json\/wp\/v2\/product\/1647","targetHints":{"allow":["GET"]}}],"collection":[{"href":"https:\/\/am-printing.com\/de\/wp-json\/wp\/v2\/product"}],"about":[{"href":"https:\/\/am-printing.com\/de\/wp-json\/wp\/v2\/types\/product"}],"replies":[{"embeddable":true,"href":"https:\/\/am-printing.com\/de\/wp-json\/wp\/v2\/comments?post=1647"}],"wp:featuredmedia":[{"embeddable":true,"href":"https:\/\/am-printing.com\/de\/wp-json\/wp\/v2\/media\/1648"}],"wp:attachment":[{"href":"https:\/\/am-printing.com\/de\/wp-json\/wp\/v2\/media?parent=1647"}],"wp:term":[{"taxonomy":"product_brand","embeddable":true,"href":"https:\/\/am-printing.com\/de\/wp-json\/wp\/v2\/product_brand?post=1647"},{"taxonomy":"product_cat","embeddable":true,"href":"https:\/\/am-printing.com\/de\/wp-json\/wp\/v2\/product_cat?post=1647"},{"taxonomy":"product_tag","embeddable":true,"href":"https:\/\/am-printing.com\/de\/wp-json\/wp\/v2\/product_tag?post=1647"}],"curies":[{"name":"wp","href":"https:\/\/api.w.org\/{rel}","templated":true}]}}