{"id":1651,"date":"2024-04-30T07:26:04","date_gmt":"2024-04-30T07:26:04","guid":{"rendered":"https:\/\/am-printing.com\/?post_type=product&#038;p=1651"},"modified":"2024-10-08T02:39:46","modified_gmt":"2024-10-08T02:39:46","slug":"nickel-titanium-alloy-powder-nickel-alloy-powder","status":"publish","type":"product","link":"https:\/\/am-printing.com\/de\/nickel-titanium-alloy-powder-nickel-alloy-powder\/","title":{"rendered":"Nickel-Titan-Legierungspulver | Nickel-Legierungspulver"},"content":{"rendered":"<p><strong>NiTi50 (<\/strong>auch genannt als <strong>Nitinol) <\/strong>und <strong>NiTiCu <\/strong>Legierungen sind typischerweise <strong>Formged\u00e4chtnislegierungen<\/strong> das die F\u00e4higkeit hat, sich bei einer bestimmten Temperatur zu verformen und dann wieder seine urspr\u00fcngliche Form anzunehmen. Au\u00dferdem weist es eine Superelastizit\u00e4t auf, die sofort in die verformte Form zur\u00fcckkehren kann, wenn die \u00e4u\u00dfere Last entfernt wird. Dies macht Nitinol zu einem faszinierenden Material f\u00fcr chirurgische Anwendungen. Es bietet die M\u00f6glichkeit, selbstsichernde, selbst-expandierende und selbst-komprimierende Implantate herzustellen. Bei NiTiCu-Legierungen wird das Kupfer in Formged\u00e4chtnislegierungen auf NiTi-Basis zur Verbesserung der thermomechanischen Eigenschaften hinzugef\u00fcgt.<\/p>\n<p>&nbsp;<\/p>\n<table style=\"text-align: center;\">\n<tbody>\n<tr>\n<td colspan=\"4\" bgcolor=\"lightblue\">CHEMISCHE ZUSAMMENSETZUNG (typisch wt%)<\/td>\n<\/tr>\n<tr>\n<td>Artikel<\/td>\n<td>Ni<\/td>\n<td>Ti<\/td>\n<td>Cu<\/td>\n<\/tr>\n<tr>\n<td>NiTi50<\/td>\n<td>Ni<\/td>\n<td>45.0<\/td>\n<td>\/<\/td>\n<\/tr>\n<tr>\n<td>NiTiCu<\/td>\n<td>Ni<\/td>\n<td>44.0<\/td>\n<td>10.0<\/td>\n<\/tr>\n<\/tbody>\n<\/table>\n<p>&nbsp;<\/p>\n<p>&nbsp;<\/p>\n<p><strong>Partikelgr\u00f6\u00dfenverteilung<\/strong> (PSD): 0-25, 15-45, 15-53, 45-105, 45-150um oder gesiebt nach Bedarf.<br \/>\n<strong>Form<\/strong>: Sph\u00e4risch<br \/>\n<strong>Prozess<\/strong>: Plasma rotierende Elektrode (PREP)<br \/>\n<strong>Verpacken<\/strong>: 5kg, 10kg, 25kg oder nach Bedarf; Plastikflasche\/Dose.<br \/>\n<strong>Anmeldung<\/strong>Additive Fertigung, 3D-Druck, SLM\/EBM<\/p>\n<p>&nbsp;<\/p>\n<p>&nbsp;<\/p>\n<p>&nbsp;<\/p>","protected":false},"excerpt":{"rendered":"<p><strong>NiTi50 (<\/strong>auch genannt als <strong>Nitinol) <\/strong>und <strong>NiTiCu <\/strong>Legierungen sind typischerweise <strong>Formged\u00e4chtnislegierungen<\/strong> das die F\u00e4higkeit hat, sich bei einer bestimmten Temperatur zu verformen und dann wieder seine urspr\u00fcngliche Form anzunehmen. Au\u00dferdem weist es eine Superelastizit\u00e4t auf, die sofort in die verformte Form zur\u00fcckkehren kann, wenn die \u00e4u\u00dfere Last entfernt wird. Dies macht Nitinol zu einem faszinierenden Material f\u00fcr chirurgische Anwendungen. Es bietet die M\u00f6glichkeit, selbstsichernde, selbst-expandierende und selbst-komprimierende Implantate herzustellen. Bei NiTiCu-Legierungen wird das Kupfer in Formged\u00e4chtnislegierungen auf NiTi-Basis zur Verbesserung der thermomechanischen Eigenschaften hinzugef\u00fcgt.<\/p>","protected":false},"featured_media":1652,"comment_status":"open","ping_status":"closed","template":"","meta":[],"product_brand":[],"product_cat":[41,16,50,17,42],"product_tag":[73,82],"class_list":{"0":"post-1651","1":"product","2":"type-product","3":"status-publish","4":"has-post-thumbnail","6":"product_cat-3d-prining-metal-powder","7":"product_cat-additive-manufacturing-powder","8":"product_cat-nickel-alloy-powders","9":"product_cat-nickel-based-superalloy-powder","10":"product_cat-superalloy-powder","11":"product_tag-nickel-alloy-powder","12":"product_tag-nickel-titanium-alloy-powder","14":"first","15":"instock","16":"featured","17":"shipping-taxable","18":"product-type-simple"},"_links":{"self":[{"href":"https:\/\/am-printing.com\/de\/wp-json\/wp\/v2\/product\/1651","targetHints":{"allow":["GET"]}}],"collection":[{"href":"https:\/\/am-printing.com\/de\/wp-json\/wp\/v2\/product"}],"about":[{"href":"https:\/\/am-printing.com\/de\/wp-json\/wp\/v2\/types\/product"}],"replies":[{"embeddable":true,"href":"https:\/\/am-printing.com\/de\/wp-json\/wp\/v2\/comments?post=1651"}],"wp:featuredmedia":[{"embeddable":true,"href":"https:\/\/am-printing.com\/de\/wp-json\/wp\/v2\/media\/1652"}],"wp:attachment":[{"href":"https:\/\/am-printing.com\/de\/wp-json\/wp\/v2\/media?parent=1651"}],"wp:term":[{"taxonomy":"product_brand","embeddable":true,"href":"https:\/\/am-printing.com\/de\/wp-json\/wp\/v2\/product_brand?post=1651"},{"taxonomy":"product_cat","embeddable":true,"href":"https:\/\/am-printing.com\/de\/wp-json\/wp\/v2\/product_cat?post=1651"},{"taxonomy":"product_tag","embeddable":true,"href":"https:\/\/am-printing.com\/de\/wp-json\/wp\/v2\/product_tag?post=1651"}],"curies":[{"name":"wp","href":"https:\/\/api.w.org\/{rel}","templated":true}]}}