{"id":1663,"date":"2024-04-30T08:59:47","date_gmt":"2024-04-30T08:59:47","guid":{"rendered":"https:\/\/am-printing.com\/?post_type=product&#038;p=1663"},"modified":"2024-10-08T02:39:45","modified_gmt":"2024-10-08T02:39:45","slug":"fgh95-ni-base-alloy-powder-nickel-alloy-powder","status":"publish","type":"product","link":"https:\/\/am-printing.com\/de\/fgh95-ni-base-alloy-powder-nickel-alloy-powder\/","title":{"rendered":"FGH95 Ni-Basis-Legierungspulver | Nickellegierungspulver"},"content":{"rendered":"<p>&nbsp;<\/p>\n<p><strong>FGH95<\/strong>\u00e4hnlich wie <strong>Rene 95<\/strong>ist eine in China entwickelte Pulver-Superlegierung. Es handelt sich um eine \u03b3\u2032-Phase ausscheidungsgeh\u00e4rtete Legierung auf Nickelbasis. Ihr Mikrogef\u00fcge besteht haupts\u00e4chlich aus einer \u03b3-Matrix, einer \u03b3\u2032-Phase und Karbiden. Die Zusammensetzung und das Gef\u00fcge sind \u00e4hnlich wie bei der Legierung Rene95, die von der GE Company in den Vereinigten Staaten hergestellt wird. Es handelt sich um eine der st\u00e4rksten Legierungen, die einer Temperatur von 760 \u00b0C standhalten kann und f\u00fcr die Herstellung von Hochtemperatur-Rotorteilen wie Turbinenscheiben, Verdichterscheiben und Turbinensicherungsringen f\u00fcr neue Triebwerke verwendet werden kann.<\/p>\n<p>&nbsp;<\/p>\n<table style=\"text-align: center;\">\n<tbody>\n<tr>\n<td colspan=\"9\" bgcolor=\"lightblue\">CHEMISCHE ZUSAMMENSETZUNG (wt%)<\/td>\n<\/tr>\n<tr>\n<td>Artikel<\/td>\n<td>Ni<\/td>\n<td>Cr<\/td>\n<td>Mo<\/td>\n<td>Nb<\/td>\n<td>W<\/td>\n<td>Co<\/td>\n<td>AI<\/td>\n<td>Ti<\/td>\n<\/tr>\n<tr>\n<td>FGH95<\/td>\n<td>Bal<\/td>\n<td>13.0<\/td>\n<td>3.4<\/td>\n<td>3.5<\/td>\n<td>3.4<\/td>\n<td>8.0<\/td>\n<td>3.48<\/td>\n<td>2.55<\/td>\n<\/tr>\n<\/tbody>\n<\/table>\n<p>&nbsp;<\/p>\n<p><strong>Partikelgr\u00f6\u00dfenverteilung<\/strong> (PSD): 15-53um, 45-105um oder gesiebt nach Bedarf.<br \/>\n<strong>Form<\/strong>: Sph\u00e4risch<br \/>\n<strong>Prozess<\/strong>: Gaszerst\u00e4ubte oder mit rotierenden Plasmaelektroden bearbeitete (PREP)<br \/>\n<strong>Verpacken<\/strong>: 5kg, 10kg, 25kg oder nach Bedarf; Plastikflasche\/Dose.<br \/>\n<strong>Anmeldung<\/strong>: Additive Fertigung<\/p>\n<p>&nbsp;<\/p>\n<p>&nbsp;<\/p>\n<p>&nbsp;<\/p>","protected":false},"excerpt":{"rendered":"<p><strong>FGH95<\/strong>\u00e4hnlich wie <strong>Rene 95<\/strong>ist eine in China entwickelte Pulver-Superlegierung. Es handelt sich um eine \u03b3\u2032-Phase ausscheidungsgeh\u00e4rtete Legierung auf Nickelbasis. Ihr Mikrogef\u00fcge besteht haupts\u00e4chlich aus einer \u03b3-Matrix, einer \u03b3\u2032-Phase und Karbiden. Die Zusammensetzung und das Gef\u00fcge sind \u00e4hnlich wie bei der Legierung Rene95, die von der GE Company in den Vereinigten Staaten hergestellt wird. Es handelt sich um eine der st\u00e4rksten Legierungen, die einer Temperatur von 760 \u00b0C standhalten kann und f\u00fcr die Herstellung von Hochtemperatur-Rotorteilen wie Turbinenscheiben, Verdichterscheiben und Turbinensicherungsringen f\u00fcr neue Triebwerke verwendet werden kann.<\/p>","protected":false},"featured_media":1664,"comment_status":"open","ping_status":"closed","template":"","meta":[],"product_brand":[],"product_cat":[41,16,50,17,42],"product_tag":[86,73],"class_list":{"0":"post-1663","1":"product","2":"type-product","3":"status-publish","4":"has-post-thumbnail","6":"product_cat-3d-prining-metal-powder","7":"product_cat-additive-manufacturing-powder","8":"product_cat-nickel-alloy-powders","9":"product_cat-nickel-based-superalloy-powder","10":"product_cat-superalloy-powder","11":"product_tag-fgh95-ni-base-alloy-powder","12":"product_tag-nickel-alloy-powder","14":"first","15":"instock","16":"featured","17":"shipping-taxable","18":"product-type-simple"},"_links":{"self":[{"href":"https:\/\/am-printing.com\/de\/wp-json\/wp\/v2\/product\/1663","targetHints":{"allow":["GET"]}}],"collection":[{"href":"https:\/\/am-printing.com\/de\/wp-json\/wp\/v2\/product"}],"about":[{"href":"https:\/\/am-printing.com\/de\/wp-json\/wp\/v2\/types\/product"}],"replies":[{"embeddable":true,"href":"https:\/\/am-printing.com\/de\/wp-json\/wp\/v2\/comments?post=1663"}],"wp:featuredmedia":[{"embeddable":true,"href":"https:\/\/am-printing.com\/de\/wp-json\/wp\/v2\/media\/1664"}],"wp:attachment":[{"href":"https:\/\/am-printing.com\/de\/wp-json\/wp\/v2\/media?parent=1663"}],"wp:term":[{"taxonomy":"product_brand","embeddable":true,"href":"https:\/\/am-printing.com\/de\/wp-json\/wp\/v2\/product_brand?post=1663"},{"taxonomy":"product_cat","embeddable":true,"href":"https:\/\/am-printing.com\/de\/wp-json\/wp\/v2\/product_cat?post=1663"},{"taxonomy":"product_tag","embeddable":true,"href":"https:\/\/am-printing.com\/de\/wp-json\/wp\/v2\/product_tag?post=1663"}],"curies":[{"name":"wp","href":"https:\/\/api.w.org\/{rel}","templated":true}]}}