{"id":17,"date":"2022-07-25T05:57:23","date_gmt":"2022-07-25T05:57:23","guid":{"rendered":"https:\/\/am-powder.com\/?post_type=product&#038;p=17"},"modified":"2024-10-31T08:16:38","modified_gmt":"2024-10-31T08:16:38","slug":"inconel-718-powder","status":"publish","type":"product","link":"https:\/\/am-printing.com\/de\/inconel-718-powder\/","title":{"rendered":"Bestes Inconel 718-Pulver f\u00fcr den 3D-Druck"},"content":{"rendered":"<p>Inconel 718-Pulver (IN718) ist ein bekanntes <a href=\"https:\/\/am-printing.com\/de\/nickel-based-superalloy-powders\/\">Superlegierungspulver auf Nickelbasis<\/a> das in vielen hochwertigen technischen Anwendungen wie D\u00fcsentriebwerken in der Luft- und Raumfahrt, Dampferzeugern in Kernkraftwerken sowie im Verteidigungs- und Marinesektor eingesetzt wird. Es verf\u00fcgt \u00fcber hervorragende mechanische Eigenschaften, Erm\u00fcdungsfestigkeit und Korrosionsbest\u00e4ndigkeit.<\/p>\n<p>Inconel 718-Pulver ist eine hochfeste, korrosionsbest\u00e4ndige Superlegierung auf Nickelbasis, die in verschiedenen Branchen vielf\u00e4ltige Anwendungen findet. Seine einzigartige Kombination von Eigenschaften, einschlie\u00dflich ausgezeichneter mechanischer Festigkeit, hoher Temperaturbest\u00e4ndigkeit und hervorragender Korrosionsbest\u00e4ndigkeit, macht es zu einer bevorzugten Wahl f\u00fcr kritische Anwendungen in der Luft- und Raumfahrt, der \u00d6l- und Gasindustrie, der Energieerzeugung und anderen Bereichen. In diesem Artikel befassen wir uns mit den Eigenschaften, dem Herstellungsverfahren und den verschiedenen Anwendungen von Inconel 718-Pulver.<\/p>\n<p>Inconel 718-Pulver weist mehrere Schl\u00fcsseleigenschaften auf, die es zu einem sehr gefragten Werkstoff machen:<\/p>\n<ol>\n<li><strong>Au\u00dfergew\u00f6hnliche St\u00e4rke<\/strong>: Inconel 718-Pulver bietet eine hohe Zug-, Streck- und Erm\u00fcdungsfestigkeit und eignet sich daher f\u00fcr Anwendungen, die eine robuste mechanische Leistung erfordern.<\/li>\n<li><strong>Hitze- und Oxidationsbest\u00e4ndigkeit<\/strong>: Die Legierung beh\u00e4lt ihre Festigkeit und Integrit\u00e4t auch bei hohen Temperaturen bei und eignet sich daher ideal f\u00fcr den Einsatz in hei\u00dfen Bereichen von Gasturbinen, D\u00fcsentriebwerken und anderen Hochtemperaturumgebungen.<\/li>\n<li><strong>Korrosionsbest\u00e4ndigkeit<\/strong>: Inconel 718-Pulver weist eine ausgezeichnete Korrosionsbest\u00e4ndigkeit auf, einschlie\u00dflich Lochfra\u00df, Spaltkorrosion und Spannungsrisskorrosion, und ist daher f\u00fcr Anwendungen in aggressiven chemischen Umgebungen geeignet.<\/li>\n<li><strong>Erm\u00fcdung und Bruchsicherheit<\/strong>: Die au\u00dfergew\u00f6hnlichen Erm\u00fcdungs- und Bruchz\u00e4higkeitseigenschaften der Legierung erm\u00f6glichen es, zyklischen Belastungen zu widerstehen und katastrophale Ausf\u00e4lle zu verhindern.<\/li>\n<\/ol>\n<p><img fetchpriority=\"high\" decoding=\"async\" class=\"aligncenter size-full wp-image-766\" src=\"https:\/\/am-printing.com\/wp-content\/uploads\/2022\/07\/Inconel-718-Powder.jpg\" alt=\"Inconel 718-Pulver\" width=\"960\" height=\"960\" srcset=\"https:\/\/am-printing.com\/wp-content\/uploads\/2022\/07\/Inconel-718-Powder.jpg 960w, https:\/\/am-printing.com\/wp-content\/uploads\/2022\/07\/Inconel-718-Powder-300x300.jpg 300w, https:\/\/am-printing.com\/wp-content\/uploads\/2022\/07\/Inconel-718-Powder-100x100.jpg 100w, https:\/\/am-printing.com\/wp-content\/uploads\/2022\/07\/Inconel-718-Powder-600x600.jpg 600w, https:\/\/am-printing.com\/wp-content\/uploads\/2022\/07\/Inconel-718-Powder-150x150.jpg 150w, https:\/\/am-printing.com\/wp-content\/uploads\/2022\/07\/Inconel-718-Powder-768x768.jpg 768w\" sizes=\"(max-width: 960px) 100vw, 960px\" \/><\/p>\n<h3><strong>Inconel 718-Pulver Spezifikation:<\/strong><\/h3>\n<div style=\"overflow-x: auto;\">\n<table>\n<tbody>\n<tr class=\"firstRow\">\n<td style=\"text-align: center;\" colspan=\"7\" rowspan=\"1\"><strong>Normale Zusammensetzung<\/strong> (<strong>wt%<\/strong>\uff09<\/td>\n<\/tr>\n<tr>\n<td rowspan=\"4\">In718<\/td>\n<td style=\"text-align: center;\"><strong>Cr<\/strong><\/td>\n<td style=\"text-align: center;\"><strong>Mo<\/strong><\/td>\n<td style=\"text-align: center;\"><strong>Nb<\/strong><\/td>\n<td style=\"text-align: center;\"><strong>Co<\/strong><\/td>\n<td style=\"text-align: center;\"><strong>Fe<\/strong><\/td>\n<td style=\"text-align: center;\"><strong>Al<\/strong><\/td>\n<\/tr>\n<tr>\n<td style=\"text-align: center;\">17.0-21.0<\/td>\n<td style=\"text-align: center;\">2.8-3.3<\/td>\n<td style=\"text-align: center;\">4.75-5.5<\/td>\n<td style=\"text-align: center;\">\u22641<\/td>\n<td style=\"text-align: center;\">Bal.<\/td>\n<td style=\"text-align: center;\">0.2-0.8<\/td>\n<\/tr>\n<tr>\n<td style=\"text-align: center;\"><strong>Ti<\/strong><\/td>\n<td style=\"text-align: center;\"><strong>Si<\/strong><\/td>\n<td style=\"text-align: center;\"><strong>Ni<\/strong><\/td>\n<td style=\"text-align: center;\"><strong>O<\/strong><\/td>\n<td style=\"text-align: center;\"><strong>N<\/strong><\/td>\n<td style=\"text-align: center;\"><\/td>\n<\/tr>\n<tr>\n<td style=\"text-align: center;\">0.65-1.15<\/td>\n<td style=\"text-align: center;\">\u22640.35<\/td>\n<td style=\"text-align: center;\">50-55<\/td>\n<td style=\"text-align: center;\">\u2264500ppm<\/td>\n<td style=\"text-align: center;\">\u2264100ppm<\/td>\n<td style=\"text-align: center;\"><\/td>\n<\/tr>\n<\/tbody>\n<\/table>\n<\/div>\n<p>Common Size:15-45um,15-53um,45-106um,45-150u,-200\/-300\/-400\/-500\/-600mesh etc,.<\/p>\n<h3><strong>Eigenschaften von Inconel 718-Pulver:<\/strong><\/h3>\n<p>Nickel-Legierung<strong>\u00a0<\/strong><strong>Inconel 718<\/strong>\u00a0ist ein hochfester, korrosionsbest\u00e4ndiger Nickel-Chrom-Werkstoff, der bei -423\u00b0 bis 1300\u00b0F eingesetzt wird. Die aush\u00e4rtbare Legierung l\u00e4sst sich leicht verarbeiten, auch zu komplexen Teilen. Seine Schwei\u00dfeigenschaften, insbesondere seine Best\u00e4ndigkeit gegen Rissbildung nach dem Schwei\u00dfen, sind hervorragend.<strong>\u00a0<\/strong><strong>Dichte von Inconel 718<\/strong>\u00a0betr\u00e4gt 8,71 g\/cm3 bei einer Raumtemperatur von 300 K.\u00a0<strong>In718 Schmelztemperatur<\/strong>\u00a0liegt bei 1430\u00b0C und zeichnet sich durch gute Hitzebest\u00e4ndigkeit und hohe Temperaturbest\u00e4ndigkeit aus.<\/p>\n<p><strong> Inconel 718-Pulver<\/strong> ist eine Superlegierung auf Nickelbasis, die sich sehr gut f\u00fcr Anwendungen eignet, die eine hohe Festigkeit im Temperaturbereich von niedrigen Temperaturen bis 1400\u00b0F erfordern. <strong>In718<\/strong> hat auch eine ausgezeichnete Zugfestigkeit und Kerbschlagz\u00e4higkeit. Inconel 718-Pulver hat eine gute Oxidations- und Korrosionsbest\u00e4ndigkeit bei Temperaturen innerhalb des nutzbaren Festigkeitsbereichs der Legierung in der Atmosph\u00e4re, die beim Betrieb von Strahltriebwerken und Gasturbinen auftritt.<\/p>\n<p>Inconel 718-Pulver ist eine ausscheidungsh\u00e4rtende Nickel-Chrom-Eisen-Legierung mit Niob und Molybd\u00e4n. Es hat eine hohe Festigkeit, gute Z\u00e4higkeit und Korrosionsbest\u00e4ndigkeit in Hoch- und Tieftemperaturumgebungen unter 650\u00b0C. Sie kann im Zustand der Mischkristallisation oder der Ausscheidungsh\u00e4rtung hergestellt werden.<\/p>\n<h3><strong>Mechanische Eigenschaften von Inconel 718-Pulver:<\/strong><\/h3>\n<p>Inconel718-Legierung hat hervorragende Eigenschaften und einfache Verarbeitung; es hat eine hohe Zugfestigkeit, Erm\u00fcdungsfestigkeit, Kriechfestigkeit und Bruchfestigkeit bei 700\u2103; hohe Oxidationsbest\u00e4ndigkeit bei 1000\u2103; stabile Chemie bei niedrigen Temperaturen Leistung; Gute Schwei\u00dfleistung.<\/p>\n<p><strong>Mechanische Eigenschaften:<\/strong><\/p>\n<ol>\n<li>Zugfestigkeit\/MPa: 1350\u00b120<\/li>\n<li>Streckgrenze\/MPa: 1065\u00b120<\/li>\n<li>Dehnung nach Bruch\/%: 30\u00b15<\/li>\n<li>Zugfestigkeit (650\u2103)\/MPa: 1015\u00b110<\/li>\n<li>Streckgrenze (650\u2103)\/MPa: 860\u00b110<\/li>\n<li>Dehnung nach Bruch (650\u2103)\/%: 15\u00b13<\/li>\n<\/ol>\n<p><strong>Produkt-Eigenschaften<\/strong><\/p>\n<ol>\n<li>\u00a0Aussehen:Graues kugelf\u00f6rmiges Pulver<\/li>\n<li>Gewindedichte\uff1a4,89g\/m<sup>3<\/sup><\/li>\n<li>Scheinbare Dichte: 4,18 g\/m<sup>3<\/sup><\/li>\n<li>Flie\u00dff\u00e4higkeit\uff1a18,1s\/50g<\/li>\n<li>Gr\u00f6\u00dfe: 15-53um<\/li>\n<li>PSD: D10:23.18um, D50:35.68um, D90: 54.62um<\/li>\n<\/ol>\n<p><img decoding=\"async\" class=\"alignnone wp-image-20\" src=\"https:\/\/am-printing.com\/wp-content\/uploads\/2022\/07\/677462b6-20ff-4af1-91a9-df47eebf7ee5-300x104.png\" alt=\"\" width=\"1200\" height=\"414\" srcset=\"https:\/\/am-printing.com\/wp-content\/uploads\/2022\/07\/677462b6-20ff-4af1-91a9-df47eebf7ee5-300x104.png 300w, https:\/\/am-printing.com\/wp-content\/uploads\/2022\/07\/677462b6-20ff-4af1-91a9-df47eebf7ee5-600x207.png 600w, https:\/\/am-printing.com\/wp-content\/uploads\/2022\/07\/677462b6-20ff-4af1-91a9-df47eebf7ee5.png 669w\" sizes=\"(max-width: 1200px) 100vw, 1200px\" \/><\/p>\n<p><strong>Anwendung:<\/strong><\/p>\n<ol>\n<li><strong>Luft- und Raumfahrt<\/strong>: Inconel 718-Pulver wird h\u00e4ufig in der Luft- und Raumfahrt eingesetzt, z. B. f\u00fcr Komponenten von Flugzeugtriebwerken, Turbinenschaufeln und Brennkammern, wo Hochtemperaturfestigkeit, Korrosionsbest\u00e4ndigkeit und Erm\u00fcdungsfestigkeit von entscheidender Bedeutung sind.<\/li>\n<li><strong>\u00d6l und Gas<\/strong>: Die Legierung wird in der \u00d6l- und Gasexploration und -f\u00f6rderung eingesetzt, insbesondere in Bohrlochwerkzeugen, Bohrlochkopfkomponenten und Ventilen, da sie gegen saure Umgebungen, hohe Dr\u00fccke und korrosive Fl\u00fcssigkeiten best\u00e4ndig ist.<\/li>\n<li><strong>Stromerzeugung<\/strong>: Inconel 718-Pulver spielt eine wichtige Rolle in Anwendungen der Energieerzeugung, einschlie\u00dflich Gasturbinenmotoren, Kernreaktoren und Dampfgeneratoren, wo es hohen Temperaturen, hohem Druck und korrosiven Bedingungen standh\u00e4lt.<\/li>\n<li><strong>Chemische Verarbeitung<\/strong>: Inconel 718-Pulver wird in chemischen Anlagen f\u00fcr Ausr\u00fcstungen wie Reaktoren, W\u00e4rmetauscher und Rohrleitungssysteme verwendet, da es gegen eine Vielzahl von Chemikalien, einschlie\u00dflich S\u00e4uren, Laugen und organischen Verbindungen, best\u00e4ndig ist.<\/li>\n<\/ol>\n<p>&nbsp;<\/p>\n<p>&nbsp;<\/p>\n<p><strong>Typische Pulvereigenschaften<\/strong><\/p>\n<p><img decoding=\"async\" class=\"alignnone size-full wp-image-2091\" src=\"https:\/\/am-printing.com\/wp-content\/uploads\/2022\/07\/IN718-POWDER-Nickel-alloy-powder.png\" alt=\"IN718 POWDER Pulver aus Nickellegierung\" width=\"894\" height=\"1551\" srcset=\"https:\/\/am-printing.com\/wp-content\/uploads\/2022\/07\/IN718-POWDER-Nickel-alloy-powder.png 894w, https:\/\/am-printing.com\/wp-content\/uploads\/2022\/07\/IN718-POWDER-Nickel-alloy-powder-173x300.png 173w, https:\/\/am-printing.com\/wp-content\/uploads\/2022\/07\/IN718-POWDER-Nickel-alloy-powder-590x1024.png 590w, https:\/\/am-printing.com\/wp-content\/uploads\/2022\/07\/IN718-POWDER-Nickel-alloy-powder-768x1332.png 768w, https:\/\/am-printing.com\/wp-content\/uploads\/2022\/07\/IN718-POWDER-Nickel-alloy-powder-885x1536.png 885w, https:\/\/am-printing.com\/wp-content\/uploads\/2022\/07\/IN718-POWDER-Nickel-alloy-powder-7x12.png 7w, https:\/\/am-printing.com\/wp-content\/uploads\/2022\/07\/IN718-POWDER-Nickel-alloy-powder-600x1041.png 600w\" sizes=\"(max-width: 894px) 100vw, 894px\" \/><\/p>\n<p>&nbsp;<\/p>","protected":false},"excerpt":{"rendered":"<p>Inconel 718-Pulver (IN718) ist ein bekanntes Superlegierungspulver auf Nickelbasis, das in gro\u00dfem Umfang f\u00fcr hochwertige technische Anwendungen wie D\u00fcsentriebwerke in der Luft- und Raumfahrt, Dampferzeuger in Kernkraftwerken sowie im Verteidigungs- und Marinesektor eingesetzt wird.<\/p>","protected":false},"featured_media":808,"comment_status":"open","ping_status":"closed","template":"","meta":[],"product_brand":[],"product_cat":[41,16,50,17,42],"product_tag":[],"class_list":{"0":"post-17","1":"product","2":"type-product","3":"status-publish","4":"has-post-thumbnail","6":"product_cat-3d-prining-metal-powder","7":"product_cat-additive-manufacturing-powder","8":"product_cat-nickel-alloy-powders","9":"product_cat-nickel-based-superalloy-powder","10":"product_cat-superalloy-powder","12":"first","13":"instock","14":"shipping-taxable","15":"product-type-simple"},"_links":{"self":[{"href":"https:\/\/am-printing.com\/de\/wp-json\/wp\/v2\/product\/17","targetHints":{"allow":["GET"]}}],"collection":[{"href":"https:\/\/am-printing.com\/de\/wp-json\/wp\/v2\/product"}],"about":[{"href":"https:\/\/am-printing.com\/de\/wp-json\/wp\/v2\/types\/product"}],"replies":[{"embeddable":true,"href":"https:\/\/am-printing.com\/de\/wp-json\/wp\/v2\/comments?post=17"}],"wp:featuredmedia":[{"embeddable":true,"href":"https:\/\/am-printing.com\/de\/wp-json\/wp\/v2\/media\/808"}],"wp:attachment":[{"href":"https:\/\/am-printing.com\/de\/wp-json\/wp\/v2\/media?parent=17"}],"wp:term":[{"taxonomy":"product_brand","embeddable":true,"href":"https:\/\/am-printing.com\/de\/wp-json\/wp\/v2\/product_brand?post=17"},{"taxonomy":"product_cat","embeddable":true,"href":"https:\/\/am-printing.com\/de\/wp-json\/wp\/v2\/product_cat?post=17"},{"taxonomy":"product_tag","embeddable":true,"href":"https:\/\/am-printing.com\/de\/wp-json\/wp\/v2\/product_tag?post=17"}],"curies":[{"name":"wp","href":"https:\/\/api.w.org\/{rel}","templated":true}]}}