{"id":1999,"date":"2024-10-14T08:29:26","date_gmt":"2024-10-14T08:29:26","guid":{"rendered":"https:\/\/am-printing.com\/?post_type=product&#038;p=1999"},"modified":"2024-10-14T09:01:03","modified_gmt":"2024-10-14T09:01:03","slug":"best-hastelloy-b-powder-high-temperature-alloy-powder-for-3d-printing-copy","status":"publish","type":"product","link":"https:\/\/am-printing.com\/de\/best-hastelloy-b-powder-high-temperature-alloy-powder-for-3d-printing-copy\/","title":{"rendered":"Bestes Hastelloy N-Pulver-Hochtemperaturlegierungspulver f\u00fcr den 3D-Druck"},"content":{"rendered":"<h2><strong>Was ist Hastelloy N-Pulver?<\/strong><\/h2>\n<p>Hastelloy N (UNS N10003) ist eine Nickelbasislegierung, die eine gute Oxidationsbest\u00e4ndigkeit gegen\u00fcber hei\u00dfen Fluoridsalzen im Temperaturbereich von 704 bis 871\u00b0C aufweist. Sie ist gut schwei\u00dfbar und kann leicht geschmiedet werden.<\/p>\n<p>Die Mikrostrukturierung von Hastelloy N hat gezeigt, dass die darin enthaltenen Elemente im Bereich von 593 bis 871\u00b0C (1100 bis 1600\u00b0F) in fester L\u00f6sung bleiben. Zugversuche haben keine Tendenz zur Verspr\u00f6dung \u00fcber einen l\u00e4ngeren Zeitraum bei 816\u00b0C (1500\u00b0F) und guter Schwei\u00dfbarkeit gezeigt.<\/p>\n<div class=\"elementor-element elementor-element-609ec8c4 elementor-widget elementor-widget-heading\" data-id=\"609ec8c4\" data-element_type=\"widget\" data-widget_type=\"heading.default\">\n<div class=\"elementor-widget-container\">\n<h2 id=\"Hastelloy_X_Powder_Chemical_Components\" class=\"elementor-heading-title elementor-size-default uael-toc-text\">Hastelloy N-Pulver Chemische Komponenten<\/h2>\n<\/div>\n<\/div>\n<div class=\"elementor-element elementor-element-7b4e2c60 elementor-widget elementor-widget-text-editor\" data-id=\"7b4e2c60\" data-element_type=\"widget\" data-widget_type=\"text-editor.default\">\n<div class=\"elementor-widget-container\">\n<div class=\"elementor-text-editor elementor-clearfix\">\n<table style=\"text-align: center;\">\n<tbody>\n<tr>\n<td colspan=\"9\" bgcolor=\"lightblue\">CHEMISCHE ZUSAMMENSETZUNG (wt%)<\/td>\n<\/tr>\n<tr>\n<td>Artikel<\/td>\n<td>Ni<\/td>\n<td>Cr<\/td>\n<td>Mo<\/td>\n<td>Fe<\/td>\n<td>W<\/td>\n<td>Co<\/td>\n<td>V<\/td>\n<td>C<\/td>\n<\/tr>\n<tr>\n<td>Hastelloy N<\/td>\n<td>Bal<\/td>\n<td>6.0-8.0<\/td>\n<td>15.0-18.0<\/td>\n<td>5,0 max<\/td>\n<td>\/<\/td>\n<td>\/<\/td>\n<td>\/<\/td>\n<td>0.04-0.08<\/td>\n<\/tr>\n<\/tbody>\n<\/table>\n<\/div>\n<\/div>\n<\/div>\n<h2><strong>Herstellungsverfahren<\/strong><\/h2>\n<h3><strong>Zerst\u00e4ubung<\/strong><\/h3>\n<p>Die Herstellung von Hastelloy N-Pulver ist keine Zauberei, sondern Wissenschaft. Eine Hauptmethode ist die Zerst\u00e4ubung. Gas- oder Fl\u00fcssigkeitsstrahlen unter hohem Druck sprengen einen geschmolzenen Strom der Legierung und bilden Tr\u00f6pfchen, die sich zu Pulver verfestigen. Ziemlich cool, oder?<\/p>\n<h3><strong>Mechanisches Legieren<\/strong><\/h3>\n<p>Die andere Methode ist das mechanische Legieren, bei dem wir die elementaren Pulver mischen, hohe Energie anwenden und voila - wir haben Hastelloy N-Pulver. Stellen Sie sich das vor wie das Backen eines Kuchens, nur dass wir statt Mehl und Zucker Nickel und Chrom verwenden!<\/p>\n<h2><strong>Anwendungen<\/strong><\/h2>\n<h3><strong>Luft- und Raumfahrt<\/strong><\/h3>\n<p>Hastelloy N-Pulver gl\u00e4nzt in der Luft- und Raumfahrtindustrie. Seine Best\u00e4ndigkeit gegen\u00fcber hohen Temperaturen und Belastungen macht es perfekt f\u00fcr Turbinentriebwerke, Raketend\u00fcsen und andere anspruchsvolle Anwendungen. Es hilft uns buchst\u00e4blich dabei, nach den Sternen zu greifen!<\/p>\n<h3><strong>Industrielle Heizung<\/strong><\/h3>\n<p>Haben Sie sich jemals gefragt, wie \u00d6fen hohen Temperaturen standhalten? Hastelloy N-Pulver ist ein Teil der Antwort. Es wird in Heizelementen und W\u00e4rmebehandlungsanlagen verwendet, die den extremen Bedingungen in industriellen Umgebungen standhalten k\u00f6nnen.<\/p>\n<h3><strong>Chemische Verarbeitung<\/strong><\/h3>\n<p>Diese Superlegierung spielt auch eine entscheidende Rolle in der chemischen Verarbeitungsindustrie, wo Korrosionsbest\u00e4ndigkeit von gr\u00f6\u00dfter Bedeutung ist. Sie ist in Reaktorbeh\u00e4ltern und W\u00e4rmetauschern zu finden - die starken Soldaten, die uns bei der Herstellung von Kunststoffen bis hin zu Arzneimitteln helfen!<\/p>\n<h3><strong>Medizinische Anwendungen<\/strong><\/h3>\n<p>Auch im medizinischen Bereich wird Hastelloy N-Pulver eingesetzt. Aufgrund seiner Biokompatibilit\u00e4t und Best\u00e4ndigkeit gegen\u00fcber K\u00f6rperfl\u00fcssigkeiten wird es in orthop\u00e4dischen Implantaten verwendet. Erstaunlich, wie dieses vielseitige Material uns vom Weltraum bis in den menschlichen K\u00f6rper begleiten kann, nicht wahr?<\/p>\n<h2><strong>Vorteile der Verwendung von Hastelloy N-Pulver<\/strong><\/h2>\n<p>Die Entscheidung f\u00fcr Hastelloy N-Pulver bringt eine F\u00fclle von Vorteilen mit sich. Dazu geh\u00f6ren die \u00fcberragende Leistung unter extremen Bedingungen, die au\u00dfergew\u00f6hnliche Oxidations- und Korrosionsbest\u00e4ndigkeit und die Vielseitigkeit bei verschiedenen Anwendungen. Mit anderen Worten: Es ist wie ein zuverl\u00e4ssiges Schweizer Taschenmesser in der Welt der Werkstoffe!<\/p>\n<h2><strong>Herausforderungen und deren Bew\u00e4ltigung<\/strong><\/h2>\n<p>Die Arbeit mit Hastelloy N-Pulver ist nicht ohne Herausforderungen. Die H\u00e4rte der Superlegierung kann die Verarbeitung erschweren, und sie kann teuer sein. Aber mit innovativen Fertigungstechniken und effizientem Einsatz k\u00f6nnen wir diese H\u00fcrden \u00fcberwinden. Denken Sie daran: Jeder Silberstreif hat eine Wolke!<\/p>\n<h2><strong>Zukunft von Hastelloy N-Pulver<\/strong><\/h2>\n<p>Die Zukunft f\u00fcr Hastelloy N-Pulver scheint rosig zu sein. Angesichts der zunehmenden Anwendungen in der Luft- und Raumfahrt, in der Medizin und im Energiesektor ist mit einer steigenden Nachfrage zu rechnen. Der Himmel (oder besser gesagt, der Weltraum) ist die Grenze!<\/p>\n<h1><strong>Schlussfolgerung<\/strong><\/h1>\n<p>Von der Luft- und Raumfahrt bis zur Medizin - Hastelloy N-Pulver ver\u00e4ndert unsere Welt. Seine einzigartigen Eigenschaften und sein breites Anwendungsspektrum machen es zu einem Werkstoff der Zukunft. Wenn Sie also das n\u00e4chste Mal einen D\u00fcsenjet \u00fcber Ihnen schweben sehen oder ein medizinisches Ger\u00e4t benutzen, denken Sie an die Superlegierung, die all das m\u00f6glich macht!<\/p>\n<hr \/>\n<p><strong>FAQs<\/strong><\/p>\n<ol>\n<li><strong>Was ist Hastelloy N-Pulver?<\/strong> Hastelloy N-Pulver ist eine Superlegierung auf Nickelbasis, die f\u00fcr ihre au\u00dfergew\u00f6hnliche Oxidations- und Korrosionsbest\u00e4ndigkeit bekannt ist.<\/li>\n<li><strong>Wie wird Hastelloy N-Pulver hergestellt?<\/strong> Es kann durch Verfahren wie Zerst\u00e4ubung und mechanisches Legieren hergestellt werden.<\/li>\n<li><strong>Wo wird Hastelloy N-Pulver verwendet?<\/strong> Es wird in einer Vielzahl von Anwendungen eingesetzt, u. a. in der Luft- und Raumfahrt, in der industriellen Beheizung, in der chemischen Verarbeitung und in medizinischen Ger\u00e4ten.<\/li>\n<li><strong>Was sind die Vorteile von Hastelloy N-Pulver?<\/strong> Zu den Vorteilen geh\u00f6ren die \u00fcberragende Leistung unter extremen Bedingungen, die au\u00dfergew\u00f6hnliche Oxidations- und Korrosionsbest\u00e4ndigkeit sowie die Vielseitigkeit bei verschiedenen Anwendungen.<\/li>\n<li><strong>Was sind die Herausforderungen bei der Verwendung von Hastelloy N-Pulver?<\/strong> Die H\u00e4rte der Superlegierung kann die Verarbeitung erschweren, und sie kann auch relativ teuer sein.<\/li>\n<\/ol>","protected":false},"excerpt":{"rendered":"<p>Hastelloy N-Pulver nimmt einen besonderen Platz ein. Es handelt sich um eine Superlegierung auf Nickelbasis, die eine au\u00dfergew\u00f6hnliche Mischung von Eigenschaften aufweist: Der hohe Nickelgehalt bietet eine au\u00dfergew\u00f6hnliche Oxidations- und Korrosionsbest\u00e4ndigkeit.<\/p>","protected":false},"featured_media":2000,"comment_status":"open","ping_status":"closed","template":"","meta":[],"product_brand":[],"product_cat":[42,41,16,50],"product_tag":[],"class_list":{"0":"post-1999","1":"product","2":"type-product","3":"status-publish","4":"has-post-thumbnail","6":"product_cat-superalloy-powder","7":"product_cat-3d-prining-metal-powder","8":"product_cat-additive-manufacturing-powder","9":"product_cat-nickel-alloy-powders","11":"first","12":"instock","13":"featured","14":"shipping-taxable","15":"product-type-simple"},"_links":{"self":[{"href":"https:\/\/am-printing.com\/de\/wp-json\/wp\/v2\/product\/1999","targetHints":{"allow":["GET"]}}],"collection":[{"href":"https:\/\/am-printing.com\/de\/wp-json\/wp\/v2\/product"}],"about":[{"href":"https:\/\/am-printing.com\/de\/wp-json\/wp\/v2\/types\/product"}],"replies":[{"embeddable":true,"href":"https:\/\/am-printing.com\/de\/wp-json\/wp\/v2\/comments?post=1999"}],"wp:featuredmedia":[{"embeddable":true,"href":"https:\/\/am-printing.com\/de\/wp-json\/wp\/v2\/media\/2000"}],"wp:attachment":[{"href":"https:\/\/am-printing.com\/de\/wp-json\/wp\/v2\/media?parent=1999"}],"wp:term":[{"taxonomy":"product_brand","embeddable":true,"href":"https:\/\/am-printing.com\/de\/wp-json\/wp\/v2\/product_brand?post=1999"},{"taxonomy":"product_cat","embeddable":true,"href":"https:\/\/am-printing.com\/de\/wp-json\/wp\/v2\/product_cat?post=1999"},{"taxonomy":"product_tag","embeddable":true,"href":"https:\/\/am-printing.com\/de\/wp-json\/wp\/v2\/product_tag?post=1999"}],"curies":[{"name":"wp","href":"https:\/\/api.w.org\/{rel}","templated":true}]}}