{"id":2024,"date":"2024-10-16T08:54:12","date_gmt":"2024-10-16T08:54:12","guid":{"rendered":"https:\/\/am-printing.com\/?post_type=product&#038;p=2024"},"modified":"2024-10-16T09:12:00","modified_gmt":"2024-10-16T09:12:00","slug":"haynes-25-haynes-powder","status":"publish","type":"product","link":"https:\/\/am-printing.com\/de\/haynes-25-haynes-powder\/","title":{"rendered":"Haynes 25 Haynes-Pulver"},"content":{"rendered":"<p><strong>Haynes 25-Legierung (UNS R30605) (L605) (2.4964) (2.4967)<\/strong> (CoCr20W15Ni) (Stellite 25) ist eine Kobalt-Nickel-Chrom-Wolfram-Legierung, die eine ausgezeichnete Hochtemperaturfestigkeit mit einer guten Best\u00e4ndigkeit gegen oxidierende Umgebungen bis zu 980 \u00b0C (1800 \u00b0F) bei l\u00e4ngerer Exposition und einer ausgezeichneten Best\u00e4ndigkeit gegen Sulfidierung verbindet.<\/p>\n<p><strong>Haynes 25 Legierung<\/strong> eignet sich f\u00fcr eine Reihe von Bauteilanwendungen in der Luft- und Raumfahrtindustrie, darunter Teile in etablierten milit\u00e4rischen und kommerziellen Gasturbinentriebwerken. In modernen Triebwerken wurde es weitgehend durch neuere Werkstoffe wie die Legierung Haynes 188 und in j\u00fcngster Zeit durch die Legierung Haynes 230 ersetzt, die \u00fcber bessere Eigenschaften verf\u00fcgen. Ein weiteres wichtiges Einsatzgebiet der Legierung Haynes 25 ist die Verwendung als Lagerwerkstoff, sowohl f\u00fcr Kugeln als auch f\u00fcr Laufringe.<\/p>\n<p><strong>Haynes 25 Legierung<\/strong> ist eine austenitische Legierung mit einer H\u00e4rte von typischerweise 250 BHN und nie h\u00f6her als 275 BHN nach Spezifikation. Reagiert nicht auf \u00fcbliche Alterungsbehandlungen, aber Reckalterung bei relativ niedrigen Temperaturen (700-1100\u00b0 F) kann die Kriech- und Bruchfestigkeit verbessern, wenn die Legierung bei Temperaturen unter 1300\u00b0 F im Einsatz ist.<\/p>\n<p><strong>Truer Haynes 25 Legierung<\/strong><strong> p<\/strong><strong>owder<\/strong> wurde 2017 f\u00fcr AM-Anwendungen wie Laserpulverbett- und DED-Additivfertigung entwickelt. Es kann mit unserem gaszerst\u00e4ubten Verfahren (Sph\u00e4rizit\u00e4t &gt;0,9) und PREP-Verfahren (bessere Sph\u00e4rizit\u00e4t und weniger Satelliten- und Hohlk\u00f6rperpulver) hergestellt werden. Seine chemische Zusammensetzung und einige typische Pulvereigenschaften finden Sie im untenstehenden Datenblatt.<\/p>\n<p><img fetchpriority=\"high\" decoding=\"async\" class=\"alignnone size-large wp-image-2032\" src=\"https:\/\/am-printing.com\/wp-content\/uploads\/2024\/10\/1-Haynes-25-alloy-powder-743x1024.png\" alt=\"Haynes 25 Legierungspulver\" width=\"743\" height=\"1024\" srcset=\"https:\/\/am-printing.com\/wp-content\/uploads\/2024\/10\/1-Haynes-25-alloy-powder-743x1024.png 743w, https:\/\/am-printing.com\/wp-content\/uploads\/2024\/10\/1-Haynes-25-alloy-powder-218x300.png 218w, https:\/\/am-printing.com\/wp-content\/uploads\/2024\/10\/1-Haynes-25-alloy-powder-768x1058.png 768w, https:\/\/am-printing.com\/wp-content\/uploads\/2024\/10\/1-Haynes-25-alloy-powder-9x12.png 9w, https:\/\/am-printing.com\/wp-content\/uploads\/2024\/10\/1-Haynes-25-alloy-powder-600x826.png 600w, https:\/\/am-printing.com\/wp-content\/uploads\/2024\/10\/1-Haynes-25-alloy-powder.png 1065w\" sizes=\"(max-width: 743px) 100vw, 743px\" \/><\/p>\n<p>&nbsp;<\/p>\n<p>&nbsp;<\/p>\n<div class=\"table-responsive\">\n<p>&nbsp;<\/p>\n<\/div>","protected":false},"excerpt":{"rendered":"<p><strong>Partikelgr\u00f6\u00dfenverteilung (PSD)<\/strong>: 0-25, 15-45, 15-53, 45-105, 45-150um oder nach Bedarf gesiebt.<br \/>\n<strong>Form<\/strong>: Sph\u00e4risch<br \/>\n<strong>Prozess<\/strong>: Gasverd\u00fcstes (GA) oder Plasma rotierendes Elektrodenpulver (PREP)<br \/>\n<strong>Verpacken<\/strong>: 5kg, 10kg, 25kg oder nach Bedarf; Plastikflasche\/Dose.<br \/>\n<strong>Anmeldung<\/strong>Additive Fertigung (3D-Druck, SLM\/EBM\/DLD) oder andere Verfahren.<\/p>","protected":false},"featured_media":2030,"comment_status":"open","ping_status":"closed","template":"","meta":[],"product_brand":[],"product_cat":[41,16,50,17,42],"product_tag":[95,66],"class_list":{"0":"post-2024","1":"product","2":"type-product","3":"status-publish","4":"has-post-thumbnail","6":"product_cat-3d-prining-metal-powder","7":"product_cat-additive-manufacturing-powder","8":"product_cat-nickel-alloy-powders","9":"product_cat-nickel-based-superalloy-powder","10":"product_cat-superalloy-powder","11":"product_tag-haynes-25-powder","12":"product_tag-haynes-powders","14":"first","15":"instock","16":"featured","17":"shipping-taxable","18":"product-type-simple"},"_links":{"self":[{"href":"https:\/\/am-printing.com\/de\/wp-json\/wp\/v2\/product\/2024","targetHints":{"allow":["GET"]}}],"collection":[{"href":"https:\/\/am-printing.com\/de\/wp-json\/wp\/v2\/product"}],"about":[{"href":"https:\/\/am-printing.com\/de\/wp-json\/wp\/v2\/types\/product"}],"replies":[{"embeddable":true,"href":"https:\/\/am-printing.com\/de\/wp-json\/wp\/v2\/comments?post=2024"}],"wp:featuredmedia":[{"embeddable":true,"href":"https:\/\/am-printing.com\/de\/wp-json\/wp\/v2\/media\/2030"}],"wp:attachment":[{"href":"https:\/\/am-printing.com\/de\/wp-json\/wp\/v2\/media?parent=2024"}],"wp:term":[{"taxonomy":"product_brand","embeddable":true,"href":"https:\/\/am-printing.com\/de\/wp-json\/wp\/v2\/product_brand?post=2024"},{"taxonomy":"product_cat","embeddable":true,"href":"https:\/\/am-printing.com\/de\/wp-json\/wp\/v2\/product_cat?post=2024"},{"taxonomy":"product_tag","embeddable":true,"href":"https:\/\/am-printing.com\/de\/wp-json\/wp\/v2\/product_tag?post=2024"}],"curies":[{"name":"wp","href":"https:\/\/api.w.org\/{rel}","templated":true}]}}