{"id":2059,"date":"2024-10-23T01:28:22","date_gmt":"2024-10-23T01:28:22","guid":{"rendered":"https:\/\/am-printing.com\/?post_type=product&#038;p=2059"},"modified":"2024-10-23T01:39:25","modified_gmt":"2024-10-23T01:39:25","slug":"rene-142-alloy-rene-powder","status":"publish","type":"product","link":"https:\/\/am-printing.com\/de\/rene-142-alloy-rene-powder\/","title":{"rendered":"Rene 142 Legierung-Rene Pulver"},"content":{"rendered":"<p><strong>Rene 142 Legierung <\/strong>ist eine auf Nickel basierende ausscheidungsh\u00e4rtende, gerichtete Erstarrung, s\u00e4ulenf\u00f6rmige Kristallguss-Superlegierung. Die Betriebstemperatur liegt unter 1050\u00b0C und wird h\u00e4ufig in der Luftfahrt eingesetzt.<\/p>\n<p>&nbsp;<\/p>\n<p><strong>Rene 142 Legierung<\/strong>mit Kobalt, Molybd\u00e4n, Wolfram, Chrom, Aluminium, Tantal, Rhenium und Hafnium, hat eine ausgezeichnete Best\u00e4ndigkeit gegen verschiedene S\u00e4uren und Laugen, Schwefels\u00e4ure und Phosphors\u00e4ure, Redox-S\u00e4uren und gemischte S\u00e4uren und Kohlenstoff-Reduktion und interkristalline Korrosion &amp; und Spannungskorrosion.<\/p>\n<p>&nbsp;<\/p>\n<p>Seine bemerkenswerte Oxidations- und Korrosionsbest\u00e4ndigkeit gew\u00e4hrleistet die Zuverl\u00e4ssigkeit in anspruchsvollen Anwendungen in der Luft- und Raumfahrt, bei Gasturbinen und in der Industrie. Seine F\u00e4higkeit, hohen Temperaturen standzuhalten und Kriechverformungen zu widerstehen, macht es zu einer idealen Wahl f\u00fcr Bauteile, die extremen thermischen und mechanischen Belastungen ausgesetzt sind. Die Schwei\u00dfbarkeit von Rene 142 erh\u00f6ht seine Vielseitigkeit noch weiter und erm\u00f6glicht es Ingenieuren, es problemlos in komplexe Konstruktionen einzubauen.<\/p>\n<p>&nbsp;<\/p>\n<p><strong>Rene 142 Pulver<\/strong>Die s\u00e4ulenf\u00f6rmig gek\u00f6rnte Superlegierung auf Ni-Basis wurde mit der Truer PREP Anlage f\u00fcr die additive Fertigung hergestellt. Sie hat sich bei der Verwendung in der Luftfahrt als gut f\u00fcr die Reparatur und Wiederherstellung von Rissen erwiesen und kann mit einer aktivierten Diffusionsl\u00f6tlegierung gemischt werden. Es kann auch mit einem Standardhartlot gemischt werden, um das Hartl\u00f6ten mit gro\u00dfem Spalt zu erleichtern.<\/p>\n<p><strong>Chemische Zusammensetzung von Truer Rene 142 Pulver:<\/strong><\/p>\n<table style=\"text-align: center;\">\n<tbody>\n<tr>\n<td colspan=\"13\" bgcolor=\"lightblue\">CHEMISCHE ZUSAMMENSETZUNG (wt%)<\/td>\n<\/tr>\n<tr>\n<td>Ni<\/td>\n<td>Co<\/td>\n<td>Cr<\/td>\n<td>Ta<\/td>\n<td>Al<\/td>\n<td>W<\/td>\n<td>Re<\/td>\n<td>Mo<\/td>\n<td>Hf<\/td>\n<td>C<\/td>\n<td>B<\/td>\n<td>Zr<\/td>\n<\/tr>\n<tr>\n<td>Bal<\/td>\n<td>11-13<\/td>\n<td>6-8<\/td>\n<td>5-7<\/td>\n<td>5-7<\/td>\n<td>4-6<\/td>\n<td>2-4<\/td>\n<td>1-2<\/td>\n<td>1-2<\/td>\n<td>0.1-0.14<\/td>\n<td>0.01-0.02<\/td>\n<td>0.01-0.03<\/td>\n<\/tr>\n<\/tbody>\n<\/table>\n<p>&nbsp;<\/p>\n<p><strong>Partikelgr\u00f6\u00dfenverteilung von 45-125 um:<\/strong><\/p>\n<p><img fetchpriority=\"high\" decoding=\"async\" class=\"alignnone size-full wp-image-2060\" src=\"https:\/\/am-printing.com\/wp-content\/uploads\/2024\/10\/particle-size.jpg\" alt=\"\" width=\"693\" height=\"290\" srcset=\"https:\/\/am-printing.com\/wp-content\/uploads\/2024\/10\/particle-size.jpg 693w, https:\/\/am-printing.com\/wp-content\/uploads\/2024\/10\/particle-size-300x126.jpg 300w, https:\/\/am-printing.com\/wp-content\/uploads\/2024\/10\/particle-size-18x8.jpg 18w, https:\/\/am-printing.com\/wp-content\/uploads\/2024\/10\/particle-size-600x251.jpg 600w\" sizes=\"(max-width: 693px) 100vw, 693px\" \/><\/p>","protected":false},"excerpt":{"rendered":"<p><strong>Partikelgr\u00f6\u00dfenverteilung<\/strong> (PSD): 0-25, 15-45, 15-53, 45-105, 45-150um oder gesiebt nach Bedarf.<br \/>\n<strong>Form<\/strong>: Sph\u00e4risch<br \/>\n<strong>Prozess<\/strong>: Gasverd\u00fcstes (GA) oder Plasma rotierendes Elektrodenpulver (PREP)<br \/>\n<strong>Verpacken<\/strong>: 5kg, 10kg, 25kg oder nach Bedarf; Plastikflasche\/Dose.<br \/>\n<strong>Anmeldung<\/strong>Additive Fertigung (3D-Druck, SLM\/EBM\/DLD) und andere Verfahren.<\/p>","protected":false},"featured_media":2061,"comment_status":"open","ping_status":"closed","template":"","meta":[],"product_brand":[],"product_cat":[41,16,50,17,42],"product_tag":[73,71,70,72],"class_list":{"0":"post-2059","1":"product","2":"type-product","3":"status-publish","4":"has-post-thumbnail","6":"product_cat-3d-prining-metal-powder","7":"product_cat-additive-manufacturing-powder","8":"product_cat-nickel-alloy-powders","9":"product_cat-nickel-based-superalloy-powder","10":"product_cat-superalloy-powder","11":"product_tag-nickel-alloy-powder","12":"product_tag-rene-125-powder","13":"product_tag-rene-77-powder","14":"product_tag-rene-powder","16":"first","17":"instock","18":"featured","19":"shipping-taxable","20":"product-type-simple"},"_links":{"self":[{"href":"https:\/\/am-printing.com\/de\/wp-json\/wp\/v2\/product\/2059","targetHints":{"allow":["GET"]}}],"collection":[{"href":"https:\/\/am-printing.com\/de\/wp-json\/wp\/v2\/product"}],"about":[{"href":"https:\/\/am-printing.com\/de\/wp-json\/wp\/v2\/types\/product"}],"replies":[{"embeddable":true,"href":"https:\/\/am-printing.com\/de\/wp-json\/wp\/v2\/comments?post=2059"}],"wp:featuredmedia":[{"embeddable":true,"href":"https:\/\/am-printing.com\/de\/wp-json\/wp\/v2\/media\/2061"}],"wp:attachment":[{"href":"https:\/\/am-printing.com\/de\/wp-json\/wp\/v2\/media?parent=2059"}],"wp:term":[{"taxonomy":"product_brand","embeddable":true,"href":"https:\/\/am-printing.com\/de\/wp-json\/wp\/v2\/product_brand?post=2059"},{"taxonomy":"product_cat","embeddable":true,"href":"https:\/\/am-printing.com\/de\/wp-json\/wp\/v2\/product_cat?post=2059"},{"taxonomy":"product_tag","embeddable":true,"href":"https:\/\/am-printing.com\/de\/wp-json\/wp\/v2\/product_tag?post=2059"}],"curies":[{"name":"wp","href":"https:\/\/api.w.org\/{rel}","templated":true}]}}