{"id":2074,"date":"2024-10-25T05:30:47","date_gmt":"2024-10-25T05:30:47","guid":{"rendered":"https:\/\/am-printing.com\/?post_type=product&#038;p=2074"},"modified":"2025-09-10T03:05:06","modified_gmt":"2025-09-10T03:05:06","slug":"2-25cr1mo-alloy-steel","status":"publish","type":"product","link":"https:\/\/am-printing.com\/de\/2-25cr1mo-alloy-steel\/","title":{"rendered":"2.25Cr1Mo legierter Stahl"},"content":{"rendered":"<p><strong>2.25Cr1Mo legierter Stahl<\/strong> (ASTM A387 Grade 22) (UNS K21590) wird mit dem Zusatz von Chrom und Molybd\u00e4n zu einem ferritischen Stahl mit guter Korrosionsbest\u00e4ndigkeit und Z\u00e4higkeit formuliert. Er weist eine gute strahleninduzierte Verspr\u00f6dung auf, die von den Truer-Ingenieuren durch Stanz- und Charpy-Pr\u00fcfverfahren untersucht wurde.<\/p>\n<p><strong>2.25Cr1Mo legierter Stahl <\/strong>wurde in gro\u00dfem Umfang als Platten f\u00fcr Kessel und Druckbeh\u00e4lter verwendet<strong>\u00a0<\/strong><\/p>\n<p><strong>2.25Cr1Mo legierter Stahl<\/strong> bei Langzeitbetrieb einige Karbide ausscheiden, die sich negativ auf die Bruchz\u00e4higkeit und die Hochtemperatur-Kriechbest\u00e4ndigkeit auswirken k\u00f6nnen. Viele Studien haben sich jedoch auf die Zeitstandanalyse und die Vorhersage der Nutzungsdauer konzentriert. Dabei zeigte sich, dass die Verarmung an gel\u00f6sten Stoffen einen erheblichen Einfluss auf die durch Karbidausscheidungen verursachte Degradation hat, was wahrscheinlich auf die Abnahme der Menge an Mischkristallen in der Matrix zur\u00fcckzuf\u00fchren ist. Aber die mit der AM-Methode hergestellten Teile mit <strong>2.25Cr1Mo gasverd\u00fcstes Pulver <\/strong>l\u00f6st dieses Problem durch die feinere Korngr\u00f6\u00dfe, die die Ausf\u00e4llung entlang der Korngrenzen unterdr\u00fcckt.<\/p>\n<p><strong>Chemische Zusammensetzung von Truer 2.25Cr1Mo legiertem Stahlpulver:<\/strong><\/p>\n<table style=\"text-align: center;\">\n<tbody>\n<tr>\n<td colspan=\"7\" bgcolor=\"lightblue\">CHEMISCHE ZUSAMMENSETZUNG (wt%)<\/td>\n<\/tr>\n<tr>\n<td>Artikel<\/td>\n<td>Fe<\/td>\n<td>Cr<\/td>\n<td>Mo<\/td>\n<td>Mn<\/td>\n<td>Si<\/td>\n<td>C<\/td>\n<\/tr>\n<tr>\n<td>2.25Cr1Mo<\/td>\n<td>Bal<\/td>\n<td>2.3-2.7<\/td>\n<td>0.9-1.2<\/td>\n<td>0.4-0.7<\/td>\n<td>0.4-0.7<\/td>\n<td>0.07-0.12<\/td>\n<\/tr>\n<\/tbody>\n<\/table>\n<p>&nbsp;<\/p>\n<p><strong>Partikelgr\u00f6\u00dfenverteilung (PSD) von Stahlpulver der Legierung Truer 2.25Cr1Mo:<\/strong><\/p>\n<p>Unser Partikelgr\u00f6\u00dfenbereich kann normalerweise 0-200um betragen, einschlie\u00dflich der \u00fcblichen Bereiche 15-53um, 20-65um, 53-106um und 53-150um. Andere Partikelgr\u00f6\u00dfenverteilung kann auch pro Kundenspezifikation zur Verf\u00fcgung gestellt werden.<\/p>\n<p>&nbsp;<\/p>\n<p>Nachfolgend finden Sie unser <strong>COA (Datenblatt)<\/strong> von 2.25Cr1Mo-Pulver mit einem PSD-Wert von 45-90 um, hergestellt im Vakuum-Gaszerst\u00e4ubungsverfahren mit der Produktionslosnummer 20240629-01, einschlie\u00dflich der chemischen Zusammensetzung und einiger typischer Pulvereigenschaften.<\/p>\n<p><img fetchpriority=\"high\" decoding=\"async\" class=\"alignnone size-large wp-image-2076\" src=\"https:\/\/am-printing.com\/wp-content\/uploads\/2024\/10\/2.25Cr1Mo-alloy-steel-COA-646x1024.png\" alt=\"2.25Cr1Mo legierter Stahl COA\" width=\"646\" height=\"1024\" srcset=\"https:\/\/am-printing.com\/wp-content\/uploads\/2024\/10\/2.25Cr1Mo-alloy-steel-COA-646x1024.png 646w, https:\/\/am-printing.com\/wp-content\/uploads\/2024\/10\/2.25Cr1Mo-alloy-steel-COA-189x300.png 189w, https:\/\/am-printing.com\/wp-content\/uploads\/2024\/10\/2.25Cr1Mo-alloy-steel-COA-8x12.png 8w, https:\/\/am-printing.com\/wp-content\/uploads\/2024\/10\/2.25Cr1Mo-alloy-steel-COA-600x950.png 600w, https:\/\/am-printing.com\/wp-content\/uploads\/2024\/10\/2.25Cr1Mo-alloy-steel-COA.png 731w\" sizes=\"(max-width: 646px) 100vw, 646px\" \/><\/p>","protected":false},"excerpt":{"rendered":"<p><strong>2.25Cr1Mo legierter Stahl<\/strong> (ASTM A387 Grade 22) (UNS K21590) wird mit dem Zusatz von Chrom und Molybd\u00e4n zu einem ferritischen Stahl mit guter Korrosionsbest\u00e4ndigkeit und Z\u00e4higkeit formuliert. Er weist eine gute strahleninduzierte Verspr\u00f6dung auf, die von den Truer-Ingenieuren durch Stanz- und Charpy-Pr\u00fcfverfahren untersucht wurde.<\/p>\n<p><strong>2.25Cr1Mo legierter Stahl <\/strong>wurde in gro\u00dfem Umfang als Platten f\u00fcr Kessel und Druckbeh\u00e4lter verwendet<\/p>","protected":false},"featured_media":2071,"comment_status":"open","ping_status":"closed","template":"","meta":[],"product_brand":[],"product_cat":[43],"product_tag":[],"class_list":{"0":"post-2074","1":"product","2":"type-product","3":"status-publish","4":"has-post-thumbnail","6":"product_cat-iron-based-alloy-powder","8":"first","9":"instock","10":"shipping-taxable","11":"product-type-simple"},"_links":{"self":[{"href":"https:\/\/am-printing.com\/de\/wp-json\/wp\/v2\/product\/2074","targetHints":{"allow":["GET"]}}],"collection":[{"href":"https:\/\/am-printing.com\/de\/wp-json\/wp\/v2\/product"}],"about":[{"href":"https:\/\/am-printing.com\/de\/wp-json\/wp\/v2\/types\/product"}],"replies":[{"embeddable":true,"href":"https:\/\/am-printing.com\/de\/wp-json\/wp\/v2\/comments?post=2074"}],"wp:featuredmedia":[{"embeddable":true,"href":"https:\/\/am-printing.com\/de\/wp-json\/wp\/v2\/media\/2071"}],"wp:attachment":[{"href":"https:\/\/am-printing.com\/de\/wp-json\/wp\/v2\/media?parent=2074"}],"wp:term":[{"taxonomy":"product_brand","embeddable":true,"href":"https:\/\/am-printing.com\/de\/wp-json\/wp\/v2\/product_brand?post=2074"},{"taxonomy":"product_cat","embeddable":true,"href":"https:\/\/am-printing.com\/de\/wp-json\/wp\/v2\/product_cat?post=2074"},{"taxonomy":"product_tag","embeddable":true,"href":"https:\/\/am-printing.com\/de\/wp-json\/wp\/v2\/product_tag?post=2074"}],"curies":[{"name":"wp","href":"https:\/\/api.w.org\/{rel}","templated":true}]}}