{"id":2106,"date":"2024-11-07T07:29:18","date_gmt":"2024-11-07T07:29:18","guid":{"rendered":"https:\/\/am-printing.com\/?post_type=product&#038;p=2106"},"modified":"2025-12-02T08:03:43","modified_gmt":"2025-12-02T08:03:43","slug":"carbide-powders","status":"publish","type":"product","link":"https:\/\/am-printing.com\/de\/carbide-powders\/","title":{"rendered":"Hartmetall-Pulver"},"content":{"rendered":"<p><strong>Karbidpulver <\/strong>hat aufgrund seiner hohen H\u00e4rte eine hohe Erosions-, Gleit- und Reibungsverschlei\u00dffestigkeit f\u00fcr Anwendungen unter 1000\u00b0F. Es ist eine gute Wahl f\u00fcr verschlei\u00dffeste thermische Spritzbeschichtung Anwendung.<\/p>\n<p>Es kann f\u00fcr Flugzeugklappenbahnen, Kompensatoren, Kompressorstatoren, Kompressor-Luftdichtungen, Laufr\u00e4der, Wellen, Abluftventilatoren, landwirtschaftliche Schneidwerke, Pumpengeh\u00e4use usw. verwendet werden.<\/p>\n<p><strong>Echte Hartmetallpulver<\/strong> umfassen reines WC, WC-Co, WC-Ni, WC-Co-Cr, WC-Co-CrNi, WC-Ni-Cr, WC-CrC-Ni, WC-WB-Co, WC-Ni60(NiCrBSi), WC-Ni50, WC-Ni-Ni60, WC-Co-Ni60, Cr3C2-10NiCr, Cr3C2-WC-NiCr, TiC, SiC, AlN, WC-TiC-TaC usw.<\/p>\n<p>&nbsp;<\/p>\n<p>Hartmetallpulver k\u00f6nnen durch Sintern und Zerkleinern oder durch Agglomerations-Sintern hergestellt werden, und zwar sowohl f\u00fcr nicht kugelf\u00f6rmige als auch f\u00fcr kugelf\u00f6rmige Pulver.<\/p>\n<p>&nbsp;<\/p>\n<p>Bei der Auswahl eines Karbidpulvers sind die Partikelgr\u00f6\u00dfe und -form sowie die Art des Karbids wichtig f\u00fcr die Bestimmung des richtigen Materials zur Bek\u00e4mpfung verschiedener Formen von Erosion, Abrieb und Verschlei\u00df. Die Menge der Metallmatrix in der Beschichtung (Nickel, Kobalt oder Legierung) h\u00e4ngt von der erforderlichen Z\u00e4higkeit und Abriebfestigkeit ab.<\/p>\n<p><strong>Nachfolgend finden Sie einen Katalog mit den g\u00e4ngigen Hartmetallpulvern von Truer.<\/strong><\/p>\n<table>\n<tbody>\n<tr>\n<td style=\"text-align: center;\" colspan=\"3\">Truer Hartmetall-Pulver<\/td>\n<\/tr>\n<tr>\n<td style=\"text-align: center;\" colspan=\"3\">Produktionsverfahren: Zerkleinerung, Agglomeration oder Gemisch<br \/>\nPartikelgr\u00f6\u00dfe: 5-25, 10-38, 15-45, 15-53, 45-106, 53-150um oder individuell<br \/>\nForm: kugelf\u00f6rmig f\u00fcr den Agglomerationsprozess; nicht kugelf\u00f6rmig f\u00fcr den Zerkleinerungsprozess<\/td>\n<\/tr>\n<tr>\n<td>Pulversorte<\/td>\n<td>Chemische Zusammensetzung (wt%)<\/td>\n<td>Prozess<\/td>\n<\/tr>\n<tr>\n<td>WC<\/td>\n<td>WC 99,0 Min., O&lt;0,1, Fe&lt;0,5<\/td>\n<td>Zerkleinerung oder Agglomeration<\/td>\n<\/tr>\n<tr>\n<td>WC-6Co<\/td>\n<td>WC Bal., Co 5,0-7,0, O&lt;0,1, Fe&lt;0,5<\/td>\n<td>Zerkleinerung oder Agglomeration<\/td>\n<\/tr>\n<tr>\n<td>WC-6Ni<\/td>\n<td>WC Bal., Ni 5,0-7,0, O&lt;0,1, Fe&lt;0,5<\/td>\n<td>Zerkleinerung oder Agglomeration<\/td>\n<\/tr>\n<tr>\n<td>WC-10Co<\/td>\n<td>WC Bal., Co 9,0-11,0, O&lt;0,1, Fe&lt;0,5<\/td>\n<td>Zerkleinerung oder Agglomeration<\/td>\n<\/tr>\n<tr>\n<td>WC-10Ni<\/td>\n<td>WC Bal., Ni 9,0-11,0, O&lt;0,1, Fe&lt;0,5<\/td>\n<td>Zerkleinerung oder Agglomeration<\/td>\n<\/tr>\n<tr>\n<td>WC-12Co<\/td>\n<td>WC Bal., Co 11,0-13,0, O&lt;0,1, Fe&lt;0,5<\/td>\n<td>Zerkleinerung oder Agglomeration<\/td>\n<\/tr>\n<tr>\n<td>WC-12Ni<\/td>\n<td>WC Bal., Ni 11,0-13,0, O&lt;0,1, Fe&lt;0,5<\/td>\n<td>Zerkleinerung oder Agglomeration<\/td>\n<\/tr>\n<tr>\n<td>WC-17Co<\/td>\n<td>WC Bal., Co 16,0-18,0, O&lt;0,1, Fe&lt;0,5<\/td>\n<td>Zerkleinerung oder Agglomeration<\/td>\n<\/tr>\n<tr>\n<td>WC-17Ni<\/td>\n<td>WC Bal., Ni 16,0-18,0, O&lt;0,1, Fe&lt;0,5<\/td>\n<td>Zerkleinerung oder Agglomeration<\/td>\n<\/tr>\n<tr>\n<td>WC-25Co<\/td>\n<td>WC Bal., Co 24,0-26,0, O&lt;0,1, Fe&lt;0,5<\/td>\n<td>Zerkleinerung oder Agglomeration<\/td>\n<\/tr>\n<tr>\n<td>WC-10Co-4Cr<\/td>\n<td>WC Bal., Co 9,0-11,0, Cr 3,5-4,5, O&lt;0,1, Fe&lt;0,5<\/td>\n<td>Zerkleinerung oder Agglomeration<\/td>\n<\/tr>\n<tr>\n<td>WC-9Co-5Cr1Ni<\/td>\n<td>WC Bal., Co 8,0-10,0, Cr 4,0-6,0, Ni 0,8-1,2, O&lt;0,1, Fe&lt;0,5<\/td>\n<td>Agglomeration<\/td>\n<\/tr>\n<tr>\n<td>WC-10Ni-5Cr<\/td>\n<td>WC Bal., Ni 9,0-11,0, Cr 4,0-6,0, O&lt;0,1, Fe&lt;0,5<\/td>\n<td>Agglomeration<\/td>\n<\/tr>\n<tr>\n<td>WC-20CrC-7Ni<\/td>\n<td>WC Bal., CrC 19,0-21,0, Ni 6,0-8,0, O&lt;0,1, Fe&lt;0,5<\/td>\n<td>Agglomeration<\/td>\n<\/tr>\n<tr>\n<td>WC-43CrC-12Ni<\/td>\n<td>WC Bal., CrC 42,0-44,0, Ni 11,0-13,0, O&lt;0,1, Fe&lt;0,5<\/td>\n<td>Agglomeration<\/td>\n<\/tr>\n<tr>\n<td>WC-20CrC-10NiMo<\/td>\n<td>WC Bal., CrC 19,0-21,0, Ni 9,0-11,0, Mo 9,0-11,0, O&lt;0,1, Fe&lt;0,5<\/td>\n<td>Agglomeration<\/td>\n<\/tr>\n<tr>\n<td>WC-30WB-10Co<\/td>\n<td>WC Bal., WB 29,0-31,0, Co 9,0-11,0, O&lt;0,1, Fe&lt;0,5<\/td>\n<td>Agglomeration<\/td>\n<\/tr>\n<tr>\n<td>WC-30WB-5CoCr<\/td>\n<td>WC Bal., WB 29,0-31,0, Co 4,0-6,0, Cr 4,0-6,0, O&lt;0,1, Fe&lt;0,5<\/td>\n<td>Agglomeration<\/td>\n<\/tr>\n<tr>\n<td>WC-50Ni60<\/td>\n<td>WC Bal., Ni60 49,0-51,0<\/td>\n<td>Blend<\/td>\n<\/tr>\n<tr>\n<td>WC-65Ni60<\/td>\n<td>WC Bal., Ni60 64,0-66,0<\/td>\n<td>Blend<\/td>\n<\/tr>\n<tr>\n<td>WC-75Ni60<\/td>\n<td>WC Bal., Ni60 74,0-76,0<\/td>\n<td>Blend<\/td>\n<\/tr>\n<tr>\n<td>WC-80Ni60<\/td>\n<td>WC Bal., Ni60 79,0-81,0<\/td>\n<td>Blend<\/td>\n<\/tr>\n<tr>\n<td>WC-85Ni60<\/td>\n<td>WC Bal., Ni60 84,0-86,0<\/td>\n<td>Blend<\/td>\n<\/tr>\n<tr>\n<td>WC-90Ni60<\/td>\n<td>WC Bal., Ni60 89,0-91,0<\/td>\n<td>Blend<\/td>\n<\/tr>\n<tr>\n<td>WC-95Ni60<\/td>\n<td>WC Bal., Ni60 94,0-96,0<\/td>\n<td>Blend<\/td>\n<\/tr>\n<tr>\n<td>WC-65Ni50<\/td>\n<td>WC Bal., Ni50 64,0-66,0<\/td>\n<td>Blend<\/td>\n<\/tr>\n<tr>\n<td>WC-85Ni50<\/td>\n<td>WC Bal., Ni50 84,0-86,0<\/td>\n<td>Blend<\/td>\n<\/tr>\n<tr>\n<td>WC-90Ni50<\/td>\n<td>WC Bal., Ni50 89,0-91,0<\/td>\n<td>Blend<\/td>\n<\/tr>\n<tr>\n<td>WC-Ni-65Ni60<\/td>\n<td>WC-Ni Bal., Ni60 64,0-66,0<\/td>\n<td>Blend<\/td>\n<\/tr>\n<tr>\n<td>WC-Ni-50Ni60<\/td>\n<td>WC-Ni Bal., Ni60 49,0-51,0<\/td>\n<td>Blend<\/td>\n<\/tr>\n<tr>\n<td>WC-Co-65Ni60<\/td>\n<td>WC-Ko-Bal., Ni60 64,0-66,0<\/td>\n<td>Blend<\/td>\n<\/tr>\n<tr>\n<td>WC-Co-50Ni60<\/td>\n<td>WC-Ko-Bal., Ni60 49,0-51,0<\/td>\n<td>Blend<\/td>\n<\/tr>\n<tr>\n<td>Cr<sub>3<\/sub>C<sub>2<\/sub>-10NiCr<\/td>\n<td>Cr Bal., C 9,0-11,0, Ni 6,0-8,0<\/td>\n<td>Agglomeration<\/td>\n<\/tr>\n<tr>\n<td>Cr<sub>3<\/sub>C<sub>2<\/sub>-20NiCr<\/td>\n<td>Cr-Bal., C 9,0-11,0, Ni 15,0-17,0<\/td>\n<td>Agglomeration<\/td>\n<\/tr>\n<tr>\n<td>Cr<sub>3<\/sub>C<sub>2<\/sub>-25NiCr<\/td>\n<td>Cr Bal., C 9,0-11,0, Ni 18,0-22,0<\/td>\n<td>Agglomeration<\/td>\n<\/tr>\n<tr>\n<td>Cr<sub>3<\/sub>C<sub>2<\/sub>-30NiCr<\/td>\n<td>Cr-Bal., C 9,0-11,0, Ni 23,0-26,0<\/td>\n<td>Agglomeration<\/td>\n<\/tr>\n<tr>\n<td>Cr<sub>3<\/sub>C<sub>2<\/sub>-WC-NiCr<\/td>\n<td>Kundenspezifisch<\/td>\n<td>Agglomeration<\/td>\n<\/tr>\n<tr>\n<td>Cr<sub>3<\/sub>C<sub>3<\/sub>-WC-NiCrCo<\/td>\n<td>Kundenspezifisch<\/td>\n<td>Agglomeration<\/td>\n<\/tr>\n<tr>\n<td>TiC<\/td>\n<td>TiC 99,0 Min., O&lt;0,1, Fe&lt;0,5<\/td>\n<td>Agglomeration<\/td>\n<\/tr>\n<tr>\n<td>TiC<\/td>\n<td>TiC 99,0 Min., O&lt;0,1, Fe&lt;0,5<\/td>\n<td>Zerkleinern<\/td>\n<\/tr>\n<tr>\n<td>SiC<\/td>\n<td>SiC 99,0 min, O&lt;0,1, Fe&lt;0,5<\/td>\n<td>Gebunden<\/td>\n<\/tr>\n<tr>\n<td>AlN<\/td>\n<td>AlN 95,0 min, Y2O3 3,0-5,0<\/td>\n<td>K\u00f6rnung<\/td>\n<\/tr>\n<tr>\n<td>TiH<sub>2<\/sub><\/td>\n<td>Ti Bal.,H 3.8-4.0, O 0.2-0.4<\/td>\n<td>HDH<\/td>\n<\/tr>\n<tr>\n<td>MoS<sub>2<\/sub><\/td>\n<td>MoS<sub>2<\/sub> 98,5 min.<\/td>\n<td>HT-Synthese<\/td>\n<\/tr>\n<tr>\n<td>MnS<\/td>\n<td>Mn 60,0-66,0,S 34,0-36,0<\/td>\n<td>HT-Synthese<\/td>\n<\/tr>\n<tr>\n<td>Y<sub>2<\/sub>O<sub>3<\/sub><\/td>\n<td>Y<sub>2<\/sub>O<sub>3<\/sub> 99,9 min.<\/td>\n<td>Agglomeration<\/td>\n<\/tr>\n<tr>\n<td>Al<sub>2<\/sub>O<sub>3<\/sub><\/td>\n<td>Al<sub>2<\/sub>O<sub>3<\/sub> 99,0 min.<\/td>\n<td>Agglomeration<\/td>\n<\/tr>\n<tr>\n<td>Cr<sub>2<\/sub>O<sub>3<\/sub><\/td>\n<td>Cr<sub>2<\/sub>O<sub>3<\/sub> 98,0 min.<\/td>\n<td>Zerkleinern<\/td>\n<\/tr>\n<tr>\n<td>TiO<sub>2<\/sub><\/td>\n<td>TiO<sub>2<\/sub> 98,0 min.<\/td>\n<td>Zerkleinerung oder Agglomeration<\/td>\n<\/tr>\n<tr>\n<td>WC-TiC-TaC<\/td>\n<td>W Bal., C 7,5-7,9, Ti 9,9-10,9, Ta 17,5-18,5, O&lt;0,3<\/td>\n<td>Zerkleinern<\/td>\n<\/tr>\n<\/tbody>\n<\/table>\n<p><strong>SEM-Foto von TiC durch Agglomeration:\u00a0 <\/strong><\/p>\n<p><img fetchpriority=\"high\" decoding=\"async\" class=\"alignnone size-full wp-image-2107\" src=\"https:\/\/am-printing.com\/wp-content\/uploads\/2024\/11\/SEM-Photo-of-TiC-by-Agglomeration.jpg\" alt=\"\" width=\"505\" height=\"372\" srcset=\"https:\/\/am-printing.com\/wp-content\/uploads\/2024\/11\/SEM-Photo-of-TiC-by-Agglomeration.jpg 505w, https:\/\/am-printing.com\/wp-content\/uploads\/2024\/11\/SEM-Photo-of-TiC-by-Agglomeration-300x221.jpg 300w, https:\/\/am-printing.com\/wp-content\/uploads\/2024\/11\/SEM-Photo-of-TiC-by-Agglomeration-16x12.jpg 16w\" sizes=\"(max-width: 505px) 100vw, 505px\" \/><\/p>\n<p><strong>SEM-Foto von WC-Co durch Agglomeration:<\/strong><\/p>\n<p><img decoding=\"async\" class=\"alignnone size-full wp-image-2108\" src=\"https:\/\/am-printing.com\/wp-content\/uploads\/2024\/11\/SEM-Photo-of-WC-Co-by-Agglomeration.jpg\" alt=\"\" width=\"828\" height=\"621\" srcset=\"https:\/\/am-printing.com\/wp-content\/uploads\/2024\/11\/SEM-Photo-of-WC-Co-by-Agglomeration.jpg 828w, https:\/\/am-printing.com\/wp-content\/uploads\/2024\/11\/SEM-Photo-of-WC-Co-by-Agglomeration-300x225.jpg 300w, https:\/\/am-printing.com\/wp-content\/uploads\/2024\/11\/SEM-Photo-of-WC-Co-by-Agglomeration-768x576.jpg 768w, https:\/\/am-printing.com\/wp-content\/uploads\/2024\/11\/SEM-Photo-of-WC-Co-by-Agglomeration-16x12.jpg 16w, https:\/\/am-printing.com\/wp-content\/uploads\/2024\/11\/SEM-Photo-of-WC-Co-by-Agglomeration-600x450.jpg 600w\" sizes=\"(max-width: 828px) 100vw, 828px\" \/><\/p>\n<p><strong>Unser Paket:<\/strong><\/p>\n<p><img decoding=\"async\" class=\"alignnone size-full wp-image-2109\" src=\"https:\/\/am-printing.com\/wp-content\/uploads\/2024\/11\/metal-powder-package.jpg\" alt=\"\" width=\"474\" height=\"631\" srcset=\"https:\/\/am-printing.com\/wp-content\/uploads\/2024\/11\/metal-powder-package.jpg 474w, https:\/\/am-printing.com\/wp-content\/uploads\/2024\/11\/metal-powder-package-225x300.jpg 225w, https:\/\/am-printing.com\/wp-content\/uploads\/2024\/11\/metal-powder-package-9x12.jpg 9w\" sizes=\"(max-width: 474px) 100vw, 474px\" \/><\/p>","protected":false},"excerpt":{"rendered":"<p><strong>Karbidpulver <\/strong>hat aufgrund seiner hohen H\u00e4rte eine hohe Erosions-, Gleit- und Reibungsverschlei\u00dffestigkeit f\u00fcr Anwendungen unter 1000\u00b0F. Es ist eine gute Wahl f\u00fcr verschlei\u00dffeste thermische Spritzbeschichtung Anwendung.<\/p>","protected":false},"featured_media":2107,"comment_status":"open","ping_status":"closed","template":"","meta":[],"product_brand":[],"product_cat":[99],"product_tag":[],"class_list":{"0":"post-2106","1":"product","2":"type-product","3":"status-publish","4":"has-post-thumbnail","6":"product_cat-carbide-powder","8":"first","9":"instock","10":"featured","11":"shipping-taxable","12":"product-type-simple"},"_links":{"self":[{"href":"https:\/\/am-printing.com\/de\/wp-json\/wp\/v2\/product\/2106","targetHints":{"allow":["GET"]}}],"collection":[{"href":"https:\/\/am-printing.com\/de\/wp-json\/wp\/v2\/product"}],"about":[{"href":"https:\/\/am-printing.com\/de\/wp-json\/wp\/v2\/types\/product"}],"replies":[{"embeddable":true,"href":"https:\/\/am-printing.com\/de\/wp-json\/wp\/v2\/comments?post=2106"}],"wp:featuredmedia":[{"embeddable":true,"href":"https:\/\/am-printing.com\/de\/wp-json\/wp\/v2\/media\/2107"}],"wp:attachment":[{"href":"https:\/\/am-printing.com\/de\/wp-json\/wp\/v2\/media?parent=2106"}],"wp:term":[{"taxonomy":"product_brand","embeddable":true,"href":"https:\/\/am-printing.com\/de\/wp-json\/wp\/v2\/product_brand?post=2106"},{"taxonomy":"product_cat","embeddable":true,"href":"https:\/\/am-printing.com\/de\/wp-json\/wp\/v2\/product_cat?post=2106"},{"taxonomy":"product_tag","embeddable":true,"href":"https:\/\/am-printing.com\/de\/wp-json\/wp\/v2\/product_tag?post=2106"}],"curies":[{"name":"wp","href":"https:\/\/api.w.org\/{rel}","templated":true}]}}