{"id":2133,"date":"2024-11-15T03:22:28","date_gmt":"2024-11-15T03:22:28","guid":{"rendered":"https:\/\/am-printing.com\/?post_type=product&#038;p=2133"},"modified":"2025-09-10T03:10:04","modified_gmt":"2025-09-10T03:10:04","slug":"52100-alloy-steel-powder","status":"publish","type":"product","link":"https:\/\/am-printing.com\/de\/52100-alloy-steel-powder\/","title":{"rendered":"52100 Legiertes Stahlpulver"},"content":{"rendered":"<p><strong>52100 (1.3505) (EN31) (SUJ2)<\/strong> <strong>(G4805) <\/strong>ist eine Art von kohlenstoffreichem Lagerqualit\u00e4tsstahl, der bei der Herstellung von W\u00e4lzlagern verwendet wird. Es hat einen hohen Kohlenstoffgehalt und 1,3-1,6 wt% Chrom, die mit \u00fcberlegener H\u00e4rte geh\u00e4rtet werden k\u00f6nnen, hohe Anwendungstemperatur bis zu 120 \u00b0 C f\u00fcr die besondere Verwendung als Pr\u00e4zisions-Kugel oder Rollenlager mit langer Lebensdauer.<\/p>\n<p>&nbsp;<\/p>\n<p>Dieses Metallpulver von Truer kann durch Gaszerst\u00e4ubung (GA) oder PREP hergestellt werden und weist eine kugelf\u00f6rmige Morphologie auf, die gute Flie\u00dfeigenschaften und eine hohe Packungsdichte gew\u00e4hrleistet. Dar\u00fcber hinaus hat das Pulver einen niedrigen Sauerstoffgehalt und geringe Verunreinigungen, was zu einem metallurgisch sauberen Produkt mit verbesserter mechanischer Leistung f\u00fchrt.<\/p>\n<p><strong>Die chemische Zusammensetzung von Truer 52100 legiertem Stahlpulver:<\/strong><\/p>\n<table style=\"vertical-align: middle; text-align: center;\" width=\"649\">\n<tbody>\n<tr style=\"background-color: lightblue;\">\n<td colspan=\"8\" width=\"649\">CHEMISCHE ZUSAMMENSETZUNG(wt%)<\/td>\n<\/tr>\n<tr>\n<td><strong>Artikel<\/strong><\/td>\n<td><strong>Fe<\/strong><\/td>\n<td><strong>C<\/strong><\/td>\n<td><strong>Cr<\/strong><\/td>\n<td><strong>Ni<\/strong><\/td>\n<td><strong>Mo<\/strong><\/td>\n<td><strong>Si<\/strong><\/td>\n<td><strong>Mn<\/strong><\/td>\n<\/tr>\n<tr>\n<td>52100<\/td>\n<td>Bal<\/td>\n<td>0.98-1.1<\/td>\n<td>1.3-1.6<\/td>\n<td>\/<\/td>\n<td>\/<\/td>\n<td>0.15-0.35<\/td>\n<td>0.25-0.45<\/td>\n<\/tr>\n<\/tbody>\n<\/table>\n<p><strong>Partikelgr\u00f6\u00dfenverteilung (PSD) von legiertem Stahlpulver 52100 <\/strong>ist in einem weiten Bereich erh\u00e4ltlich, der von 0-200um angepasst werden kann, einschlie\u00dflich der \u00fcblichen Bereiche 15-45um, 15-53um, 20-65um, 53-106um und 53-150um. Andere Partikelgr\u00f6\u00dfenverteilungen k\u00f6nnen ebenfalls nach Kundenspezifikation geliefert werden.<\/p>\n<p>Alle Truer Metallpulver werden mit einem Analysezertifikat geliefert, das Informationen \u00fcber die chemische Zusammensetzung und die Partikelgr\u00f6\u00dfenverteilung enth\u00e4lt. Informationen \u00fcber andere Pulvereigenschaften sind auf Anfrage erh\u00e4ltlich.<\/p>\n<p>Nachfolgend finden Sie unser <strong>COA (Datenblatt)<\/strong> von 52100-Pulver mit einem PSD-Wert von 0-45 um, hergestellt im Vakuum-Gaszerst\u00e4ubungsverfahren.<\/p>\n<p><img fetchpriority=\"high\" decoding=\"async\" class=\"alignnone size-full wp-image-2134\" src=\"https:\/\/am-printing.com\/wp-content\/uploads\/2024\/11\/52100-powder-COA.png\" alt=\"52100 Pulver COA\" width=\"712\" height=\"1142\" srcset=\"https:\/\/am-printing.com\/wp-content\/uploads\/2024\/11\/52100-powder-COA.png 712w, https:\/\/am-printing.com\/wp-content\/uploads\/2024\/11\/52100-powder-COA-187x300.png 187w, https:\/\/am-printing.com\/wp-content\/uploads\/2024\/11\/52100-powder-COA-638x1024.png 638w, https:\/\/am-printing.com\/wp-content\/uploads\/2024\/11\/52100-powder-COA-7x12.png 7w, https:\/\/am-printing.com\/wp-content\/uploads\/2024\/11\/52100-powder-COA-600x962.png 600w\" sizes=\"(max-width: 712px) 100vw, 712px\" \/><\/p>","protected":false},"excerpt":{"rendered":"<p><strong>52100 (1.3505) (EN31) (SUJ2)<\/strong> <strong>(G4805) <\/strong>ist eine Art von kohlenstoffreichem Lagerqualit\u00e4tsstahl, der bei der Herstellung von W\u00e4lzlagern verwendet wird. Es hat einen hohen Kohlenstoffgehalt und 1,3-1,6 wt% Chrom, die mit \u00fcberlegener H\u00e4rte geh\u00e4rtet werden k\u00f6nnen, hohe Anwendungstemperatur bis zu 120 \u00b0 C f\u00fcr die besondere Verwendung als Pr\u00e4zisions-Kugel oder Rollenlager mit langer Lebensdauer.<\/p>","protected":false},"featured_media":2135,"comment_status":"open","ping_status":"closed","template":"","meta":[],"product_brand":[],"product_cat":[43],"product_tag":[],"class_list":{"0":"post-2133","1":"product","2":"type-product","3":"status-publish","4":"has-post-thumbnail","6":"product_cat-iron-based-alloy-powder","8":"first","9":"instock","10":"shipping-taxable","11":"product-type-simple"},"_links":{"self":[{"href":"https:\/\/am-printing.com\/de\/wp-json\/wp\/v2\/product\/2133","targetHints":{"allow":["GET"]}}],"collection":[{"href":"https:\/\/am-printing.com\/de\/wp-json\/wp\/v2\/product"}],"about":[{"href":"https:\/\/am-printing.com\/de\/wp-json\/wp\/v2\/types\/product"}],"replies":[{"embeddable":true,"href":"https:\/\/am-printing.com\/de\/wp-json\/wp\/v2\/comments?post=2133"}],"wp:featuredmedia":[{"embeddable":true,"href":"https:\/\/am-printing.com\/de\/wp-json\/wp\/v2\/media\/2135"}],"wp:attachment":[{"href":"https:\/\/am-printing.com\/de\/wp-json\/wp\/v2\/media?parent=2133"}],"wp:term":[{"taxonomy":"product_brand","embeddable":true,"href":"https:\/\/am-printing.com\/de\/wp-json\/wp\/v2\/product_brand?post=2133"},{"taxonomy":"product_cat","embeddable":true,"href":"https:\/\/am-printing.com\/de\/wp-json\/wp\/v2\/product_cat?post=2133"},{"taxonomy":"product_tag","embeddable":true,"href":"https:\/\/am-printing.com\/de\/wp-json\/wp\/v2\/product_tag?post=2133"}],"curies":[{"name":"wp","href":"https:\/\/api.w.org\/{rel}","templated":true}]}}