{"id":2136,"date":"2024-11-15T06:16:04","date_gmt":"2024-11-15T06:16:04","guid":{"rendered":"https:\/\/am-printing.com\/?post_type=product&#038;p=2136"},"modified":"2025-09-10T03:30:17","modified_gmt":"2025-09-10T03:30:17","slug":"invar-36-alloy-powder","status":"publish","type":"product","link":"https:\/\/am-printing.com\/de\/invar-36-alloy-powder\/","title":{"rendered":"Invar 36 Legierungspulver"},"content":{"rendered":"<p><strong>Invar 36 (64FeNi) (4J36) (Fe-Ni36) (1.3912)<\/strong> ist eine Nickeleisenlegierung mit einem niedrigen Ausdehnungskoeffizienten (36% Nickel, 64% Eisen). Sie kann nahezu konstante Abmessungen \u00fcber den Bereich normaler atmosph\u00e4rischer Temperaturen beibehalten und hat einen niedrigen Ausdehnungskoeffizienten von kryogenen Temperaturen bis etwa 260\u00b0C.<\/p>\n<p><strong>Invar 36<\/strong> Legierung beh\u00e4lt auch bei kryogenen Temperaturen eine gute Festigkeit und Z\u00e4higkeit. Sie wurde f\u00fcr Anwendungen verwendet, bei denen Ma\u00df\u00e4nderungen aufgrund von Temperaturschwankungen minimiert werden m\u00fcssen, wie z. B. bei Flugzeugsteuerungen, optischen und Lasersystemen sowie Funk- und elektronischen Ger\u00e4ten usw.<\/p>\n<p><strong>Invar 36<\/strong> Legierung kann auch in den Bereichen der Anisotropie verwendet werden. Truer RD Team jemals gedruckt einige Proben von <strong>Invar 36<\/strong> Legierung durch ein Laser-Pulverbett-Schmelzverfahren (LPBF), um ihre Mikrostruktur und mechanischen Eigenschaften zu untersuchen. Die Ergebnisse zeigten, dass die Mikrostruktur und die mechanischen Eigenschaften der drei Orientierungen eine anisotrope Charakteristik aufweisen.<\/p>\n<p>&nbsp;<\/p>\n<p><strong>Invar 36 Legierungspulver <\/strong>von Truer kann durch Gaszerst\u00e4ubung (GA) oder PREP hergestellt werden und weist eine kugelf\u00f6rmige Morphologie auf, die gute Flie\u00dfeigenschaften und eine hohe Packungsdichte gew\u00e4hrleistet. Dar\u00fcber hinaus hat das Pulver einen niedrigen Sauerstoffgehalt und geringe Verunreinigungen, was zu einem metallurgisch sauberen Produkt mit verbesserter mechanischer Leistung f\u00fchrt.<\/p>\n<p>&nbsp;<\/p>\n<p><strong>Die typische chemische Zusammensetzung ist in der folgenden Tabelle dargestellt:<\/strong><\/p>\n<table style=\"vertical-align: middle; text-align: center;\" width=\"649\">\n<tbody>\n<tr style=\"background-color: lightblue;\">\n<td colspan=\"9\" width=\"649\">CHEMISCHE ZUSAMMENSETZUNG(wt%)<\/td>\n<\/tr>\n<tr>\n<td><strong>Artikel<\/strong><\/td>\n<td><strong>Fe<\/strong><\/td>\n<td><strong>Ni<\/strong><\/td>\n<td><strong>Si<\/strong><\/td>\n<td><strong>Mn<\/strong><\/td>\n<td><strong>S<\/strong><\/td>\n<td><strong>P<\/strong><\/td>\n<td><strong>C<\/strong><\/td>\n<\/tr>\n<tr>\n<td>Invar 36<\/td>\n<td>Bal<\/td>\n<td>35-37<\/td>\n<td>0,4max<\/td>\n<td>0,6max<\/td>\n<td>0,015max<\/td>\n<td>0,015max<\/td>\n<td>0,05max<\/td>\n<\/tr>\n<\/tbody>\n<\/table>\n<p><strong>Partikelgr\u00f6\u00dfenverteilung (PSD) von Invar 36 Legierungspulver <\/strong>ist in einem weiten Bereich erh\u00e4ltlich, der von 0-200um angepasst werden kann, einschlie\u00dflich der \u00fcblichen Bereiche 15-45um, 15-53um, 20-65um, 53-106um und 53-150um. Andere Partikelgr\u00f6\u00dfenverteilungen k\u00f6nnen ebenfalls nach Kundenspezifikation geliefert werden.<\/p>\n<p>&nbsp;<\/p>\n<p>Alle Truer Metallpulver werden mit einem Analysezertifikat geliefert, das Informationen \u00fcber die chemische Zusammensetzung und die Partikelgr\u00f6\u00dfenverteilung enth\u00e4lt. Informationen \u00fcber andere Pulvereigenschaften sind auf Anfrage erh\u00e4ltlich.<\/p>\n<p>&nbsp;<\/p>\n<p>Nachfolgend finden Sie unser <strong>COA (Datenblatt)<\/strong> von Invar 36-Pulver mit einem PSD-Wert von 0-20 um, hergestellt im Vakuum-Gaszerst\u00e4ubungsverfahren.<\/p>\n<p><img fetchpriority=\"high\" decoding=\"async\" class=\"alignnone size-full wp-image-2137\" src=\"https:\/\/am-printing.com\/wp-content\/uploads\/2024\/11\/Invar-36-powder-COA.png\" alt=\"Invar 36 Pulver COA\" width=\"727\" height=\"1144\" srcset=\"https:\/\/am-printing.com\/wp-content\/uploads\/2024\/11\/Invar-36-powder-COA.png 727w, https:\/\/am-printing.com\/wp-content\/uploads\/2024\/11\/Invar-36-powder-COA-191x300.png 191w, https:\/\/am-printing.com\/wp-content\/uploads\/2024\/11\/Invar-36-powder-COA-651x1024.png 651w, https:\/\/am-printing.com\/wp-content\/uploads\/2024\/11\/Invar-36-powder-COA-8x12.png 8w, https:\/\/am-printing.com\/wp-content\/uploads\/2024\/11\/Invar-36-powder-COA-600x944.png 600w\" sizes=\"(max-width: 727px) 100vw, 727px\" \/><\/p>","protected":false},"excerpt":{"rendered":"<p><strong>Invar 36 (64FeNi) (4J36) (Fe-Ni36) (1.3912)<\/strong> ist eine Nickeleisenlegierung mit einem niedrigen Ausdehnungskoeffizienten (36% Nickel, 64% Eisen). Sie kann nahezu konstante Abmessungen \u00fcber den Bereich normaler atmosph\u00e4rischer Temperaturen beibehalten und hat einen niedrigen Ausdehnungskoeffizienten von kryogenen Temperaturen bis etwa 260\u00b0C.<\/p>\n<p><strong>Invar 36<\/strong> Legierung beh\u00e4lt auch bei kryogenen Temperaturen eine gute Festigkeit und Z\u00e4higkeit. Sie wurde f\u00fcr Anwendungen verwendet, bei denen Ma\u00df\u00e4nderungen aufgrund von Temperaturschwankungen minimiert werden m\u00fcssen, wie z. B. bei Flugzeugsteuerungen, optischen und Lasersystemen sowie Funk- und elektronischen Ger\u00e4ten usw.<\/p>\n<p><strong>Invar 36<\/strong> Legierung kann auch in den Bereichen der Anisotropie verwendet werden. Truer RD Team jemals gedruckt einige Proben von <strong>Invar 36<\/strong> Legierung durch ein Laser-Pulverbett-Schmelzverfahren (LPBF), um ihre Mikrostruktur und mechanischen Eigenschaften zu untersuchen. Die Ergebnisse zeigten, dass die Mikrostruktur und die mechanischen Eigenschaften der drei Orientierungen eine anisotrope Charakteristik aufweisen.<\/p>","protected":false},"featured_media":2138,"comment_status":"open","ping_status":"closed","template":"","meta":[],"product_brand":[],"product_cat":[43],"product_tag":[],"class_list":{"0":"post-2136","1":"product","2":"type-product","3":"status-publish","4":"has-post-thumbnail","6":"product_cat-iron-based-alloy-powder","8":"first","9":"instock","10":"shipping-taxable","11":"product-type-simple"},"_links":{"self":[{"href":"https:\/\/am-printing.com\/de\/wp-json\/wp\/v2\/product\/2136","targetHints":{"allow":["GET"]}}],"collection":[{"href":"https:\/\/am-printing.com\/de\/wp-json\/wp\/v2\/product"}],"about":[{"href":"https:\/\/am-printing.com\/de\/wp-json\/wp\/v2\/types\/product"}],"replies":[{"embeddable":true,"href":"https:\/\/am-printing.com\/de\/wp-json\/wp\/v2\/comments?post=2136"}],"wp:featuredmedia":[{"embeddable":true,"href":"https:\/\/am-printing.com\/de\/wp-json\/wp\/v2\/media\/2138"}],"wp:attachment":[{"href":"https:\/\/am-printing.com\/de\/wp-json\/wp\/v2\/media?parent=2136"}],"wp:term":[{"taxonomy":"product_brand","embeddable":true,"href":"https:\/\/am-printing.com\/de\/wp-json\/wp\/v2\/product_brand?post=2136"},{"taxonomy":"product_cat","embeddable":true,"href":"https:\/\/am-printing.com\/de\/wp-json\/wp\/v2\/product_cat?post=2136"},{"taxonomy":"product_tag","embeddable":true,"href":"https:\/\/am-printing.com\/de\/wp-json\/wp\/v2\/product_tag?post=2136"}],"curies":[{"name":"wp","href":"https:\/\/api.w.org\/{rel}","templated":true}]}}