{"id":2224,"date":"2025-02-28T05:31:00","date_gmt":"2025-02-28T05:31:00","guid":{"rendered":"https:\/\/am-printing.com\/?post_type=product&#038;p=2224"},"modified":"2025-09-10T03:13:07","modified_gmt":"2025-09-10T03:13:07","slug":"aisi-4340-low-alloy-steel-powder","status":"publish","type":"product","link":"https:\/\/am-printing.com\/de\/aisi-4340-low-alloy-steel-powder\/","title":{"rendered":"AISI 4340 Niedriglegierter Stahl Pulver"},"content":{"rendered":"<p><strong>AISI <\/strong><strong>4340<\/strong> niedrig legiertes Stahlpulver kann in der additiven Fertigung (3D-Druck), der Metallherstellung (MIM) und der Pulvermetallurgie verwendet werden. Es ist ein w\u00e4rmebehandelbarer, niedrig legierter Stahl mit mittlerem Kohlenstoffgehalt, der mit Nickel, Chrom und Molybd\u00e4n legiert ist und eine h\u00f6here Festigkeit und Verschlei\u00dffestigkeit aufweist, vergleichbar mit dem nickelfreien 4140. Im Folgenden wird die chemische Zusammensetzung von 4340 und 4140 verglichen.<\/p>\n<p><strong>Chemische Zusammensetzung von Truer AISI 4340 niedrig legiertem Stahlpulver:<\/strong><\/p>\n<table style=\"text-align: center;\">\n<tbody>\n<tr>\n<td colspan=\"8\" bgcolor=\"lightblue\">CHEMISCHE ZUSAMMENSETZUNG (wt%)<\/td>\n<\/tr>\n<tr>\n<td>Artikel<\/td>\n<td>Fe<\/td>\n<td>C<\/td>\n<td>Cr<\/td>\n<td>Ni<\/td>\n<td>Mo<\/td>\n<td>Si<\/td>\n<td>Mn<\/td>\n<\/tr>\n<tr>\n<td>4140<\/td>\n<td>Bal<\/td>\n<td>0.38-0.43<\/td>\n<td>0.8-1.1<\/td>\n<td>\/<\/td>\n<td>0.15-0.25<\/td>\n<td>0.15-0.35<\/td>\n<td>0.75-1.0<\/td>\n<\/tr>\n<tr>\n<td>4340<\/td>\n<td>Bal<\/td>\n<td>0.38-0.43<\/td>\n<td>0.7-0.9<\/td>\n<td>1.65-2.0<\/td>\n<td>0.2-0.3<\/td>\n<td>0.15-0.35<\/td>\n<td>0.6-0.8<\/td>\n<\/tr>\n<\/tbody>\n<\/table>\n<p>Partikelgr\u00f6\u00dfenverteilung (<strong>PSD<\/strong>) kann je nach Bedarf 0-25, 15-45, 15-53, 45-105, 45-150um oder gesiebt sein.<\/p>\n<p>Die Produktion <strong>Prozess<\/strong> kann die Gaszerst\u00e4ubung oder das Plasma-Rotations-Elektroden-Verfahren (PREP) sein.<\/p>\n<p>&nbsp;<\/p>\n<p><strong>SEM-Foto von 4340-Pulver:<\/strong><\/p>\n<p><img fetchpriority=\"high\" decoding=\"async\" class=\"alignnone size-full wp-image-2233\" src=\"https:\/\/am-printing.com\/wp-content\/uploads\/2025\/02\/4340-POWDER-SEM-PHOTO.png\" alt=\"4340 PULVER SEM FOTO\" width=\"676\" height=\"303\" srcset=\"https:\/\/am-printing.com\/wp-content\/uploads\/2025\/02\/4340-POWDER-SEM-PHOTO.png 676w, https:\/\/am-printing.com\/wp-content\/uploads\/2025\/02\/4340-POWDER-SEM-PHOTO-300x134.png 300w, https:\/\/am-printing.com\/wp-content\/uploads\/2025\/02\/4340-POWDER-SEM-PHOTO-18x8.png 18w, https:\/\/am-printing.com\/wp-content\/uploads\/2025\/02\/4340-POWDER-SEM-PHOTO-600x269.png 600w\" sizes=\"(max-width: 676px) 100vw, 676px\" \/><\/p>\n<p>&nbsp;<\/p>","protected":false},"excerpt":{"rendered":"<p><strong>AISI <\/strong><strong>4340<\/strong> niedrig legiertes Stahlpulver kann in der additiven Fertigung (3D-Druck), der Metallherstellung (MIM) und der Pulvermetallurgie verwendet werden. Es ist ein w\u00e4rmebehandelbarer, niedrig legierter Stahl mit mittlerem Kohlenstoffgehalt, der mit Nickel, Chrom und Molybd\u00e4n legiert ist und eine h\u00f6here Festigkeit und Verschlei\u00dffestigkeit aufweist, vergleichbar mit dem nickelfreien 4140. Im Folgenden wird die chemische Zusammensetzung von 4340 und 4140 verglichen.<\/p>","protected":false},"featured_media":2225,"comment_status":"open","ping_status":"closed","template":"","meta":[],"product_brand":[],"product_cat":[43],"product_tag":[],"class_list":{"0":"post-2224","1":"product","2":"type-product","3":"status-publish","4":"has-post-thumbnail","6":"product_cat-iron-based-alloy-powder","8":"first","9":"instock","10":"shipping-taxable","11":"product-type-simple"},"_links":{"self":[{"href":"https:\/\/am-printing.com\/de\/wp-json\/wp\/v2\/product\/2224","targetHints":{"allow":["GET"]}}],"collection":[{"href":"https:\/\/am-printing.com\/de\/wp-json\/wp\/v2\/product"}],"about":[{"href":"https:\/\/am-printing.com\/de\/wp-json\/wp\/v2\/types\/product"}],"replies":[{"embeddable":true,"href":"https:\/\/am-printing.com\/de\/wp-json\/wp\/v2\/comments?post=2224"}],"wp:featuredmedia":[{"embeddable":true,"href":"https:\/\/am-printing.com\/de\/wp-json\/wp\/v2\/media\/2225"}],"wp:attachment":[{"href":"https:\/\/am-printing.com\/de\/wp-json\/wp\/v2\/media?parent=2224"}],"wp:term":[{"taxonomy":"product_brand","embeddable":true,"href":"https:\/\/am-printing.com\/de\/wp-json\/wp\/v2\/product_brand?post=2224"},{"taxonomy":"product_cat","embeddable":true,"href":"https:\/\/am-printing.com\/de\/wp-json\/wp\/v2\/product_cat?post=2224"},{"taxonomy":"product_tag","embeddable":true,"href":"https:\/\/am-printing.com\/de\/wp-json\/wp\/v2\/product_tag?post=2224"}],"curies":[{"name":"wp","href":"https:\/\/api.w.org\/{rel}","templated":true}]}}