{"id":2227,"date":"2025-02-28T05:44:22","date_gmt":"2025-02-28T05:44:22","guid":{"rendered":"https:\/\/am-printing.com\/?post_type=product&#038;p=2227"},"modified":"2025-09-10T03:31:29","modified_gmt":"2025-09-10T03:31:29","slug":"scm-415-low-alloy-steel-powder","status":"publish","type":"product","link":"https:\/\/am-printing.com\/de\/scm-415-low-alloy-steel-powder\/","title":{"rendered":"SCM 415 Niedrig legiertes Stahlpulver"},"content":{"rendered":"<p>SCM415 niedrig legiertes Stahlpulver basiert auf dem japanischen Industriestandard (JIS) SCM415, einem Chrom-Molybd\u00e4n (Cr-Mo) legierten Stahl, der f\u00fcr seine ausgezeichnete H\u00e4rtbarkeit und hohe Festigkeit und Best\u00e4ndigkeit bekannt ist und 0,13-0,18% Kohlenstoff, 0,9-1,2%Cr, 0,15-0,3% Mo, 0,6-0,85% Mn und 0,15-0,35% Si enth\u00e4lt.<\/p>\n<p>Unser SCM415-Pulver wird im PREP-Verfahren hergestellt und zeichnet sich durch einen besseren Sph\u00e4rizit\u00e4tsgrad, minimale Hohlkugeln und kein Satellitenpulver aus, was die beste Wahl f\u00fcr AM-Anwendungen (3D-Druck) ist.<\/p>\n<p>Die Partikelgr\u00f6\u00dfe kann nach den Spezifikationen der Kunden angepasst werden. Normalerweise umfassen unsere gemeinsamen Partikelgr\u00f6\u00dfen <strong>PSD 15-53um, 45-105um, 53-150um.<\/strong><strong>\u00a0<\/strong><\/p>\n<p>Nachfolgend finden Sie unser<strong> typische Spezifikationen und Testdaten <\/strong>f\u00fcr PREP SCM 415 Pulver mit PSD 15-53um.<\/p>\n<p><img fetchpriority=\"high\" decoding=\"async\" class=\"alignnone size-full wp-image-2229\" src=\"https:\/\/am-printing.com\/wp-content\/uploads\/2025\/02\/SCM-415-Low-Alloy-Steel-Powder-COA.png\" alt=\"SCM 415 Niedrig legiertes Stahlpulver COA\" width=\"640\" height=\"539\" srcset=\"https:\/\/am-printing.com\/wp-content\/uploads\/2025\/02\/SCM-415-Low-Alloy-Steel-Powder-COA.png 640w, https:\/\/am-printing.com\/wp-content\/uploads\/2025\/02\/SCM-415-Low-Alloy-Steel-Powder-COA-300x253.png 300w, https:\/\/am-printing.com\/wp-content\/uploads\/2025\/02\/SCM-415-Low-Alloy-Steel-Powder-COA-14x12.png 14w, https:\/\/am-printing.com\/wp-content\/uploads\/2025\/02\/SCM-415-Low-Alloy-Steel-Powder-COA-600x505.png 600w\" sizes=\"(max-width: 640px) 100vw, 640px\" \/><\/p>\n<p><strong>SEM-Foto von SCM 415 niedrig legiertem Stahlpulver:<\/strong><\/p>\n<p><img decoding=\"async\" class=\"alignnone size-full wp-image-2228\" src=\"https:\/\/am-printing.com\/wp-content\/uploads\/2025\/02\/SCM-415-Low-Alloy-Steel-Powder.png\" alt=\"SCM 415 Niedrig legiertes Stahlpulver\" width=\"553\" height=\"398\" srcset=\"https:\/\/am-printing.com\/wp-content\/uploads\/2025\/02\/SCM-415-Low-Alloy-Steel-Powder.png 553w, https:\/\/am-printing.com\/wp-content\/uploads\/2025\/02\/SCM-415-Low-Alloy-Steel-Powder-300x216.png 300w, https:\/\/am-printing.com\/wp-content\/uploads\/2025\/02\/SCM-415-Low-Alloy-Steel-Powder-18x12.png 18w\" sizes=\"(max-width: 553px) 100vw, 553px\" \/><\/p>","protected":false},"excerpt":{"rendered":"<p>SCM415 niedrig legiertes Stahlpulver basiert auf dem japanischen Industriestandard (JIS) SCM415, einem Chrom-Molybd\u00e4n (Cr-Mo) legierten Stahl, der f\u00fcr seine ausgezeichnete H\u00e4rtbarkeit und hohe Festigkeit und Best\u00e4ndigkeit bekannt ist und 0,13-0,18% Kohlenstoff, 0,9-1,2%Cr, 0,15-0,3% Mo, 0,6-0,85% Mn und 0,15-0,35% Si enth\u00e4lt.<\/p>","protected":false},"featured_media":2228,"comment_status":"open","ping_status":"closed","template":"","meta":[],"product_brand":[],"product_cat":[43],"product_tag":[],"class_list":{"0":"post-2227","1":"product","2":"type-product","3":"status-publish","4":"has-post-thumbnail","6":"product_cat-iron-based-alloy-powder","8":"first","9":"instock","10":"shipping-taxable","11":"product-type-simple"},"_links":{"self":[{"href":"https:\/\/am-printing.com\/de\/wp-json\/wp\/v2\/product\/2227","targetHints":{"allow":["GET"]}}],"collection":[{"href":"https:\/\/am-printing.com\/de\/wp-json\/wp\/v2\/product"}],"about":[{"href":"https:\/\/am-printing.com\/de\/wp-json\/wp\/v2\/types\/product"}],"replies":[{"embeddable":true,"href":"https:\/\/am-printing.com\/de\/wp-json\/wp\/v2\/comments?post=2227"}],"wp:featuredmedia":[{"embeddable":true,"href":"https:\/\/am-printing.com\/de\/wp-json\/wp\/v2\/media\/2228"}],"wp:attachment":[{"href":"https:\/\/am-printing.com\/de\/wp-json\/wp\/v2\/media?parent=2227"}],"wp:term":[{"taxonomy":"product_brand","embeddable":true,"href":"https:\/\/am-printing.com\/de\/wp-json\/wp\/v2\/product_brand?post=2227"},{"taxonomy":"product_cat","embeddable":true,"href":"https:\/\/am-printing.com\/de\/wp-json\/wp\/v2\/product_cat?post=2227"},{"taxonomy":"product_tag","embeddable":true,"href":"https:\/\/am-printing.com\/de\/wp-json\/wp\/v2\/product_tag?post=2227"}],"curies":[{"name":"wp","href":"https:\/\/api.w.org\/{rel}","templated":true}]}}