{"id":2230,"date":"2025-02-28T06:05:39","date_gmt":"2025-02-28T06:05:39","guid":{"rendered":"https:\/\/am-printing.com\/?post_type=product&#038;p=2230"},"modified":"2025-09-11T06:49:05","modified_gmt":"2025-09-11T06:49:05","slug":"pure-nickel-powder","status":"publish","type":"product","link":"https:\/\/am-printing.com\/de\/pure-nickel-powder\/","title":{"rendered":"0# Reines Nickelpulver"},"content":{"rendered":"<p><strong>Reines Nickelpulver<\/strong> kann aufgrund seiner einzigartigen Eigenschaften, wie hohe Korrosionsbest\u00e4ndigkeit, W\u00e4rmeleitf\u00e4higkeit und katalytische Aktivit\u00e4t, in verschiedenen industriellen Anwendungen eingesetzt werden, z. B. in der additiven Fertigung, in Beschichtungen, beim Schwei\u00dfen oder L\u00f6ten, in Katalysatoren und Batterien.<\/p>\n<p><strong>Truer N0000-G Serie von reinem Ni-Pulver<\/strong> wird durch Gasverd\u00fcsung hergestellt. Es hat eine hohe Reinheit (Typ 99.8% und 99.9%) mit minimalen Verunreinigungen. Die Partikelgr\u00f6\u00dfe kann nach den Spezifikationen der Kunden angepasst werden. Normalerweise umfassen unsere gemeinsamen Partikelgr\u00f6\u00dfen PSD 0-25um, 15-45um, 15-53um, 45-105um, 53-150um mit kugelf\u00f6rmiger Form, auch im Nanometerbereich.<\/p>\n<p><strong>Die typische chemische Zusammensetzung ist in der folgenden Tabelle dargestellt:<\/strong><\/p>\n<table style=\"text-align: center;\">\n<tbody>\n<tr>\n<td colspan=\"8\" bgcolor=\"lightblue\">CHEMISCHE ZUSAMMENSETZUNG (wt%)<\/td>\n<\/tr>\n<tr>\n<td>Elemente<\/td>\n<td>Ni<\/td>\n<td>Cr<\/td>\n<td>Si<\/td>\n<td>Mn<\/td>\n<td>S<\/td>\n<td>P<\/td>\n<td>O<\/td>\n<\/tr>\n<tr>\n<td>wt%<\/td>\n<td>Bal<\/td>\n<td>0,05max<\/td>\n<td>0,05max<\/td>\n<td>0,05max<\/td>\n<td>0,015max<\/td>\n<td>0,015max<\/td>\n<td>0,05max<\/td>\n<\/tr>\n<\/tbody>\n<\/table>\n<h4>Herstellungsverfahren<\/h4>\n<h4>Gaszerst\u00e4ubung<\/h4>\n<p><strong>Partikelgr\u00f6\u00dfenverteilung (PSD) von reinem Ni-Pulver durch Gaszerst\u00e4ubung <\/strong>ist in einem weiten Bereich erh\u00e4ltlich, der von 0-200um angepasst werden kann, einschlie\u00dflich der \u00fcblichen Bereiche 0-25um, 15-45um, 15-53um, 20-65um, 53-106um und 53-150um. Andere Partikelgr\u00f6\u00dfenverteilung kann auch pro Kundenspezifikation zur Verf\u00fcgung gestellt werden.<\/p>\n<p>&nbsp;<\/p>\n<p><strong>Carbonyl-Methode<\/strong><\/p>\n<p><strong>Carbonyl-Nickel-Pulver <\/strong>ist eine hochpirituelle Form von Nickelpulver, das durch das Carbonylverfahren hergestellt wird. Es ergibt kontrollierte Partikelgr\u00f6\u00dfe und einzigartige morphologische Eigenschaften durch Nickel-Erz-Reaktion mit Kohlenmonoxid bei erh\u00f6hter Temperatur zu Nickel-Carbonyl-Gas bilden, dann zersetzen zur\u00fcck in reines Nickel um 200-300\u2103.<\/p>\n<p>&nbsp;<\/p>\n<p><strong>SEM-Foto von gasverd\u00fcstem Ni-Pulver:<\/strong><\/p>\n<p><img fetchpriority=\"high\" decoding=\"async\" class=\"alignnone size-full wp-image-2231\" src=\"https:\/\/am-printing.com\/wp-content\/uploads\/2025\/02\/pure-nickel-powder.png\" alt=\"Reinnickelpulver\" width=\"515\" height=\"384\" srcset=\"https:\/\/am-printing.com\/wp-content\/uploads\/2025\/02\/pure-nickel-powder.png 515w, https:\/\/am-printing.com\/wp-content\/uploads\/2025\/02\/pure-nickel-powder-300x224.png 300w, https:\/\/am-printing.com\/wp-content\/uploads\/2025\/02\/pure-nickel-powder-16x12.png 16w\" sizes=\"(max-width: 515px) 100vw, 515px\" \/><\/p>","protected":false},"excerpt":{"rendered":"<p><strong>Reines Nickelpulver<\/strong> kann aufgrund seiner einzigartigen Eigenschaften, wie hohe Korrosionsbest\u00e4ndigkeit, W\u00e4rmeleitf\u00e4higkeit und katalytische Aktivit\u00e4t, in verschiedenen industriellen Anwendungen eingesetzt werden, z. B. in der additiven Fertigung, in Beschichtungen, beim Schwei\u00dfen oder L\u00f6ten, in Katalysatoren und Batterien.<\/p>\n<p><strong>Truer N0000-G Serie von reinem Ni-Pulver<\/strong> wird durch Gasverd\u00fcsung hergestellt. Es hat eine hohe Reinheit (Typ 99.8% und 99.9%) mit minimalen Verunreinigungen. Die Partikelgr\u00f6\u00dfe kann nach den Spezifikationen der Kunden angepasst werden. Normalerweise umfassen unsere gemeinsamen Partikelgr\u00f6\u00dfen PSD 0-25um, 15-45um, 15-53um, 45-105um, 53-150um mit kugelf\u00f6rmiger Form, auch im Nanometerbereich.<\/p>","protected":false},"featured_media":2231,"comment_status":"open","ping_status":"closed","template":"","meta":[],"product_brand":[],"product_cat":[41,50,42],"product_tag":[85,73],"class_list":{"0":"post-2230","1":"product","2":"type-product","3":"status-publish","4":"has-post-thumbnail","6":"product_cat-3d-prining-metal-powder","7":"product_cat-nickel-alloy-powders","8":"product_cat-superalloy-powder","9":"product_tag-cmsx-4-nickel-alloy-powder","10":"product_tag-nickel-alloy-powder","12":"first","13":"instock","14":"featured","15":"shipping-taxable","16":"product-type-simple"},"_links":{"self":[{"href":"https:\/\/am-printing.com\/de\/wp-json\/wp\/v2\/product\/2230","targetHints":{"allow":["GET"]}}],"collection":[{"href":"https:\/\/am-printing.com\/de\/wp-json\/wp\/v2\/product"}],"about":[{"href":"https:\/\/am-printing.com\/de\/wp-json\/wp\/v2\/types\/product"}],"replies":[{"embeddable":true,"href":"https:\/\/am-printing.com\/de\/wp-json\/wp\/v2\/comments?post=2230"}],"wp:featuredmedia":[{"embeddable":true,"href":"https:\/\/am-printing.com\/de\/wp-json\/wp\/v2\/media\/2231"}],"wp:attachment":[{"href":"https:\/\/am-printing.com\/de\/wp-json\/wp\/v2\/media?parent=2230"}],"wp:term":[{"taxonomy":"product_brand","embeddable":true,"href":"https:\/\/am-printing.com\/de\/wp-json\/wp\/v2\/product_brand?post=2230"},{"taxonomy":"product_cat","embeddable":true,"href":"https:\/\/am-printing.com\/de\/wp-json\/wp\/v2\/product_cat?post=2230"},{"taxonomy":"product_tag","embeddable":true,"href":"https:\/\/am-printing.com\/de\/wp-json\/wp\/v2\/product_tag?post=2230"}],"curies":[{"name":"wp","href":"https:\/\/api.w.org\/{rel}","templated":true}]}}