{"id":2235,"date":"2025-03-05T06:34:00","date_gmt":"2025-03-05T06:34:00","guid":{"rendered":"https:\/\/am-printing.com\/?post_type=product&#038;p=2235"},"modified":"2025-03-05T06:35:08","modified_gmt":"2025-03-05T06:35:08","slug":"cocrmo-powder-cobalt-alloy-powder","status":"publish","type":"product","link":"https:\/\/am-printing.com\/de\/cocrmo-powder-cobalt-alloy-powder\/","title":{"rendered":"CoCrMo-Pulver-Kobalt-Legierungspulver"},"content":{"rendered":"<p>CoCrMo-Legierungen (CoCrMo-Pulver) sind bekannt f\u00fcr ihre Biokompatibilit\u00e4t und hohe Verschlei\u00df- und Korrosionsbest\u00e4ndigkeit. Es ist ein ideales Material f\u00fcr medizinische Implantate wie H\u00fcft- und Knieprothesen, Zahnimplantate und andere orthop\u00e4dische Ger\u00e4te.<\/p>\n<p>CoCrMo-Pulver werden in der Regel in der additiven Fertigung (3D-Druck) zur Herstellung individueller medizinischer Implantate, wie z. B. Gelenkersatz und Zahnprothesen, verwendet.<\/p>\n<p>Pr\u00e4zisere CoCrMo-Pulver mit einer Partikelgr\u00f6\u00dfe von 15-45 um oder 15-53 um, die im Gasverd\u00fcsungsverfahren hergestellt werden, eignen sich besser f\u00fcr das selektive Laserschmelzen (SLM) zur Herstellung komplexer und hochpr\u00e4ziser medizinischer Teile. Es wird auch beim thermischen Spritzen verwendet.<\/p>\n<p>Truer kann auch verschiedene Partikelgr\u00f6\u00dfen anbieten, die auf die spezifischen Anwendungen der Kunden zugeschnitten sind.<\/p>\n<p><strong>Chemische Zusammensetzung:<\/strong><\/p>\n<p><img fetchpriority=\"high\" decoding=\"async\" class=\"alignnone size-full wp-image-2236\" src=\"https:\/\/am-printing.com\/wp-content\/uploads\/2025\/03\/Cobalt-alloy-powder-chemical-compositions.png\" alt=\"Chemische Zusammensetzungen von Kobaltlegierungspulver\" width=\"553\" height=\"236\" srcset=\"https:\/\/am-printing.com\/wp-content\/uploads\/2025\/03\/Cobalt-alloy-powder-chemical-compositions.png 553w, https:\/\/am-printing.com\/wp-content\/uploads\/2025\/03\/Cobalt-alloy-powder-chemical-compositions-300x128.png 300w, https:\/\/am-printing.com\/wp-content\/uploads\/2025\/03\/Cobalt-alloy-powder-chemical-compositions-18x8.png 18w\" sizes=\"(max-width: 553px) 100vw, 553px\" \/><\/p>\n<p><strong>Partikelgr\u00f6\u00dfe:<\/strong><\/p>\n<p>&lt;45\u03bcm, &lt;53\u03bcm, 15-45\u03bcm, 15-53\u03bcm, 45-150\u03bcm. (Die Partikelgr\u00f6\u00dfe kann auf Anfrage angepasst werden).<\/p>\n<p><strong>Mechanische Eigenschaften:<\/strong><\/p>\n<p>CoCrMo-Teile k\u00f6nnen nach der W\u00e4rmebehandlung eine Zugfestigkeit von &gt;1150MPa, eine Streckgrenze von &gt;660MPa, eine H\u00e4rte von &gt;300HV10 und eine Dehnung von &gt;21% in XY-Richtung erreichen.<\/p>\n<p><strong>SEM-Foto:<\/strong><\/p>\n<p><img decoding=\"async\" class=\"alignnone size-full wp-image-2237\" src=\"https:\/\/am-printing.com\/wp-content\/uploads\/2025\/03\/cobalt-alloy-powder.png\" alt=\"Kobaltlegierungspulver\" width=\"446\" height=\"356\" srcset=\"https:\/\/am-printing.com\/wp-content\/uploads\/2025\/03\/cobalt-alloy-powder.png 446w, https:\/\/am-printing.com\/wp-content\/uploads\/2025\/03\/cobalt-alloy-powder-300x239.png 300w, https:\/\/am-printing.com\/wp-content\/uploads\/2025\/03\/cobalt-alloy-powder-15x12.png 15w\" sizes=\"(max-width: 446px) 100vw, 446px\" \/><\/p>\n<p><strong>Verpackung<\/strong><\/p>\n<p>TRUER SPHERE AM-Pulver sind in Verpackungen von 1, 2, 5, 10 und 20 kg oder auf Wunsch in mit Inertgas oder Vakuum gef\u00fcllten Kunststoffflaschen erh\u00e4ltlich.<\/p>\n<p><img decoding=\"async\" class=\"alignnone size-full wp-image-2238\" src=\"https:\/\/am-printing.com\/wp-content\/uploads\/2025\/03\/metal-alloy-powder-china-supplier.png\" alt=\"metalllegierungspulver china lieferant\" width=\"410\" height=\"191\" srcset=\"https:\/\/am-printing.com\/wp-content\/uploads\/2025\/03\/metal-alloy-powder-china-supplier.png 410w, https:\/\/am-printing.com\/wp-content\/uploads\/2025\/03\/metal-alloy-powder-china-supplier-300x140.png 300w, https:\/\/am-printing.com\/wp-content\/uploads\/2025\/03\/metal-alloy-powder-china-supplier-18x8.png 18w\" sizes=\"(max-width: 410px) 100vw, 410px\" \/><\/p>","protected":false},"excerpt":{"rendered":"<p>CoCrMo-Legierungen sind f\u00fcr ihre Biokompatibilit\u00e4t und hohe Verschlei\u00df- und Korrosionsbest\u00e4ndigkeit bekannt. Es ist ein ideales Material f\u00fcr medizinische Implantate wie H\u00fcft- und Knieprothesen, Zahnimplantate und andere orthop\u00e4dische Ger\u00e4te.<\/p>\n<p>CoCrMo-Pulver werden in der Regel in der additiven Fertigung (3D-Druck) zur Herstellung individueller medizinischer Implantate, wie z. B. Gelenkersatz und Zahnprothesen, verwendet.<\/p>","protected":false},"featured_media":2237,"comment_status":"closed","ping_status":"closed","template":"","meta":[],"product_brand":[],"product_cat":[96],"product_tag":[],"class_list":{"0":"post-2235","1":"product","2":"type-product","3":"status-publish","4":"has-post-thumbnail","6":"product_cat-cobalt-based-alloy-powder","8":"first","9":"instock","10":"shipping-taxable","11":"product-type-simple"},"_links":{"self":[{"href":"https:\/\/am-printing.com\/de\/wp-json\/wp\/v2\/product\/2235","targetHints":{"allow":["GET"]}}],"collection":[{"href":"https:\/\/am-printing.com\/de\/wp-json\/wp\/v2\/product"}],"about":[{"href":"https:\/\/am-printing.com\/de\/wp-json\/wp\/v2\/types\/product"}],"replies":[{"embeddable":true,"href":"https:\/\/am-printing.com\/de\/wp-json\/wp\/v2\/comments?post=2235"}],"wp:featuredmedia":[{"embeddable":true,"href":"https:\/\/am-printing.com\/de\/wp-json\/wp\/v2\/media\/2237"}],"wp:attachment":[{"href":"https:\/\/am-printing.com\/de\/wp-json\/wp\/v2\/media?parent=2235"}],"wp:term":[{"taxonomy":"product_brand","embeddable":true,"href":"https:\/\/am-printing.com\/de\/wp-json\/wp\/v2\/product_brand?post=2235"},{"taxonomy":"product_cat","embeddable":true,"href":"https:\/\/am-printing.com\/de\/wp-json\/wp\/v2\/product_cat?post=2235"},{"taxonomy":"product_tag","embeddable":true,"href":"https:\/\/am-printing.com\/de\/wp-json\/wp\/v2\/product_tag?post=2235"}],"curies":[{"name":"wp","href":"https:\/\/api.w.org\/{rel}","templated":true}]}}