{"id":2241,"date":"2025-03-05T07:04:43","date_gmt":"2025-03-05T07:04:43","guid":{"rendered":"https:\/\/am-printing.com\/?post_type=product&#038;p=2241"},"modified":"2025-03-05T07:04:43","modified_gmt":"2025-03-05T07:04:43","slug":"cocrmow-powder-cobalt-alloy-powder","status":"publish","type":"product","link":"https:\/\/am-printing.com\/de\/cocrmow-powder-cobalt-alloy-powder\/","title":{"rendered":"CoCrMoW-Pulver-Kobalt-Legierungspulver"},"content":{"rendered":"<p>CoCrMoW-Pulver-Kobalt-Legierungspulver China Hersteller<\/p>\n<p><strong>Kobalt-Legierung - CoCrMoW<\/strong> enth\u00e4lt haupts\u00e4chlich Elemente wie Mo und W auf der Basis von Co und Cr. Es enth\u00e4lt eine kleine Menge an Si, Fe, etc., und hat Oxidationsbest\u00e4ndigkeit und Korrosionsbest\u00e4ndigkeit.<\/p>\n<p><strong>CoCrMoW-Pulver<\/strong> wird in der Biomedizin h\u00e4ufig f\u00fcr die Herstellung von orthop\u00e4dischen Implantaten wie Gelenkersatz und Knochenplatten verwendet. Es bietet eine hervorragende Biokompatibilit\u00e4t, Korrosionsbest\u00e4ndigkeit und mechanische Festigkeit und eignet sich daher f\u00fcr eine langfristige Implantation.<\/p>\n<p><strong>CoCrMoW-Legierungspulver<\/strong> ist speziell zugeschnitten f\u00fcr <strong>3D-Druck<\/strong> Prozesse. <strong>CoCrMoW<\/strong> verf\u00fcgt \u00fcber eine hervorragende Druckf\u00e4higkeit, die komplizierte Designs und komplexe Geometrien erm\u00f6glicht (und damit die pr\u00e4zise Herstellung von kundenspezifischen Komponenten).<\/p>\n<p>unser gemeinsames Produktionsverfahren f\u00fcr<strong> Sph\u00e4risches CoCrMoW-Pulver<\/strong> ist die Gaszerst\u00e4ubung (<strong>GA<\/strong>). Wir k\u00f6nnen bieten <strong>angepasst<\/strong> Pulver, um einzigartige Kundenbed\u00fcrfnisse zu erf\u00fcllen, und bieten niedrige Mindestbestellmengen, um unterschiedlichen Anforderungen gerecht zu werden.<\/p>\n<p>Unser <strong>Kugelf\u00f6rmiges Pulver<\/strong> zeichnet sich durch hohe Sph\u00e4rizit\u00e4t, gute Flie\u00dff\u00e4higkeit, hohe Reinheit, gro\u00dfe Sch\u00fcttdichte, volle Dichte im Inneren der Partikel und kein Hohlpulver aus.<\/p>\n<p><strong>Chemische Zusammensetzung:<\/strong><\/p>\n<p><img fetchpriority=\"high\" decoding=\"async\" class=\"alignnone size-full wp-image-2242\" src=\"https:\/\/am-printing.com\/wp-content\/uploads\/2025\/03\/CoCrMoW-powder-chemical-compositon.png\" alt=\"Chemische Zusammensetzung von CoCrMoW-Pulver\" width=\"762\" height=\"394\" srcset=\"https:\/\/am-printing.com\/wp-content\/uploads\/2025\/03\/CoCrMoW-powder-chemical-compositon.png 762w, https:\/\/am-printing.com\/wp-content\/uploads\/2025\/03\/CoCrMoW-powder-chemical-compositon-300x155.png 300w, https:\/\/am-printing.com\/wp-content\/uploads\/2025\/03\/CoCrMoW-powder-chemical-compositon-18x9.png 18w, https:\/\/am-printing.com\/wp-content\/uploads\/2025\/03\/CoCrMoW-powder-chemical-compositon-600x310.png 600w\" sizes=\"(max-width: 762px) 100vw, 762px\" \/><\/p>\n<p><strong>Partikelgr\u00f6\u00dfe:<\/strong><\/p>\n<p>&lt;45\u03bcm, &lt;53\u03bcm, 15-45\u03bcm, 15-53\u03bcm, 45-150\u03bcm. (Die Partikelgr\u00f6\u00dfe kann auf Anfrage angepasst werden).<\/p>\n<p><strong>Mechanische Eigenschaften:<\/strong><\/p>\n<p>CoCrMoW-Teile k\u00f6nnen nach der W\u00e4rmebehandlung eine Zugfestigkeit von &gt;1100MPa, eine Streckgrenze von &gt;950MPa, eine H\u00e4rte von &gt;300HV10 und eine Dehnung von &gt;6% in XY-Richtung erreichen.<\/p>\n<p><strong>SEM-Foto:<\/strong><\/p>\n<p><img decoding=\"async\" class=\"alignnone size-full wp-image-2243\" src=\"https:\/\/am-printing.com\/wp-content\/uploads\/2025\/03\/CoCrMoW-powder.png\" alt=\"CoCrMoW-Pulver\" width=\"625\" height=\"502\" srcset=\"https:\/\/am-printing.com\/wp-content\/uploads\/2025\/03\/CoCrMoW-powder.png 625w, https:\/\/am-printing.com\/wp-content\/uploads\/2025\/03\/CoCrMoW-powder-300x241.png 300w, https:\/\/am-printing.com\/wp-content\/uploads\/2025\/03\/CoCrMoW-powder-15x12.png 15w, https:\/\/am-printing.com\/wp-content\/uploads\/2025\/03\/CoCrMoW-powder-600x482.png 600w\" sizes=\"(max-width: 625px) 100vw, 625px\" \/><\/p>\n<p><strong>Verpackung<\/strong><\/p>\n<p>TRUER SPHERE AM-Pulver sind in Verpackungen von 1, 2, 5, 10 und 20 kg oder auf Wunsch in mit Inertgas oder Vakuum gef\u00fcllten Kunststoffflaschen erh\u00e4ltlich.<\/p>\n<p><img decoding=\"async\" class=\"alignnone size-full wp-image-2244\" src=\"https:\/\/am-printing.com\/wp-content\/uploads\/2025\/03\/CoCrMoW-powder-China-Supplier.png\" alt=\"CoCrMoW-Pulver China Lieferant\" width=\"664\" height=\"376\" srcset=\"https:\/\/am-printing.com\/wp-content\/uploads\/2025\/03\/CoCrMoW-powder-China-Supplier.png 664w, https:\/\/am-printing.com\/wp-content\/uploads\/2025\/03\/CoCrMoW-powder-China-Supplier-300x170.png 300w, https:\/\/am-printing.com\/wp-content\/uploads\/2025\/03\/CoCrMoW-powder-China-Supplier-18x10.png 18w, https:\/\/am-printing.com\/wp-content\/uploads\/2025\/03\/CoCrMoW-powder-China-Supplier-600x340.png 600w\" sizes=\"(max-width: 664px) 100vw, 664px\" \/><\/p>","protected":false},"excerpt":{"rendered":"<p><strong>Kobalt-Legierung - CoCrMoW<\/strong> enth\u00e4lt haupts\u00e4chlich Elemente wie Mo und W auf der Basis von Co und Cr. Es enth\u00e4lt eine kleine Menge an Si, Fe, etc., und hat Oxidationsbest\u00e4ndigkeit und Korrosionsbest\u00e4ndigkeit.<\/p>\n<p><strong>CoCrMoW-Legierungspulver<\/strong> wird in der Biomedizin h\u00e4ufig f\u00fcr die Herstellung von orthop\u00e4dischen Implantaten wie Gelenkersatz und Knochenplatten verwendet. Es bietet eine hervorragende Biokompatibilit\u00e4t, Korrosionsbest\u00e4ndigkeit und mechanische Festigkeit und eignet sich daher f\u00fcr eine langfristige Implantation.<\/p>\n<p><strong>CoCrMoW-Legierungspulver<\/strong> ist speziell zugeschnitten f\u00fcr <strong>3D-Druck<\/strong> Prozesse. <strong>CoCrMoW<\/strong> verf\u00fcgt \u00fcber eine hervorragende Druckf\u00e4higkeit, die komplizierte Designs und komplexe Geometrien erm\u00f6glicht (und damit die pr\u00e4zise Herstellung von kundenspezifischen Komponenten).<\/p>","protected":false},"featured_media":2243,"comment_status":"closed","ping_status":"closed","template":"","meta":[],"product_brand":[],"product_cat":[96],"product_tag":[],"class_list":{"0":"post-2241","1":"product","2":"type-product","3":"status-publish","4":"has-post-thumbnail","6":"product_cat-cobalt-based-alloy-powder","8":"first","9":"instock","10":"shipping-taxable","11":"product-type-simple"},"_links":{"self":[{"href":"https:\/\/am-printing.com\/de\/wp-json\/wp\/v2\/product\/2241","targetHints":{"allow":["GET"]}}],"collection":[{"href":"https:\/\/am-printing.com\/de\/wp-json\/wp\/v2\/product"}],"about":[{"href":"https:\/\/am-printing.com\/de\/wp-json\/wp\/v2\/types\/product"}],"replies":[{"embeddable":true,"href":"https:\/\/am-printing.com\/de\/wp-json\/wp\/v2\/comments?post=2241"}],"wp:featuredmedia":[{"embeddable":true,"href":"https:\/\/am-printing.com\/de\/wp-json\/wp\/v2\/media\/2243"}],"wp:attachment":[{"href":"https:\/\/am-printing.com\/de\/wp-json\/wp\/v2\/media?parent=2241"}],"wp:term":[{"taxonomy":"product_brand","embeddable":true,"href":"https:\/\/am-printing.com\/de\/wp-json\/wp\/v2\/product_brand?post=2241"},{"taxonomy":"product_cat","embeddable":true,"href":"https:\/\/am-printing.com\/de\/wp-json\/wp\/v2\/product_cat?post=2241"},{"taxonomy":"product_tag","embeddable":true,"href":"https:\/\/am-printing.com\/de\/wp-json\/wp\/v2\/product_tag?post=2241"}],"curies":[{"name":"wp","href":"https:\/\/api.w.org\/{rel}","templated":true}]}}