{"id":2245,"date":"2025-03-05T07:31:45","date_gmt":"2025-03-05T07:31:45","guid":{"rendered":"https:\/\/am-printing.com\/?post_type=product&#038;p=2245"},"modified":"2025-03-05T07:31:45","modified_gmt":"2025-03-05T07:31:45","slug":"cocrw-powder-cobalt-alloy-powder","status":"publish","type":"product","link":"https:\/\/am-printing.com\/de\/cocrw-powder-cobalt-alloy-powder\/","title":{"rendered":"CoCrW-Pulver-Kobalt-Legierungspulver"},"content":{"rendered":"<p><strong>CoCrW<\/strong>\u00a0 Pulver ist eines der <strong>Stellit-Legierungen<\/strong>die verschiedenen Arten von Verschlei\u00df, Korrosion und Oxidation bei hohen Temperaturen widerstehen k\u00f6nnen. Je nach Zusammensetzung der Legierungen k\u00f6nnen sie zu Schwei\u00dfdraht oder Pulver verarbeitet werden, die f\u00fcr folgende Zwecke verwendet werden k\u00f6nnen <strong>Auftragen von harten Oberfl\u00e4chen, thermisches Spritzen, Spritzschwei\u00dfen<\/strong>.<\/p>\n<p>Sie kann auch hergestellt werden durch <strong>3D-Druck<\/strong> um ma\u00dfgeschneiderte, leistungsstarke Teile speziell f\u00fcr <strong>medizinische Anwendung<\/strong>. Aufgrund seiner Vielseitigkeit eignet es sich f\u00fcr Anwendungen, die von D\u00fcsentriebwerken bis zu medizinischen Implantaten reichen.<\/p>\n<p>unser gemeinsames Produktionsverfahren f\u00fcr<strong> Sph\u00e4risches CoCrW-Pulver<\/strong> ist die Gaszerst\u00e4ubung (<strong>GA<\/strong>). Wir k\u00f6nnen bieten <strong>angepasst<\/strong> Pulver, um einzigartige Kundenbed\u00fcrfnisse zu erf\u00fcllen, und bieten niedrige Mindestbestellmengen, um unterschiedlichen Anforderungen gerecht zu werden.<\/p>\n<p>Unser <strong>Kugelf\u00f6rmiges Pulver<\/strong> zeichnet sich durch hohe Sph\u00e4rizit\u00e4t, gute Flie\u00dff\u00e4higkeit, hohe Reinheit, gro\u00dfe Sch\u00fcttdichte, volle Dichte im Inneren der Partikel und kein Hohlpulver aus.<\/p>\n<p><strong>Chemische Zusammensetzung:<\/strong><\/p>\n<p><img fetchpriority=\"high\" decoding=\"async\" class=\"alignnone size-full wp-image-2246\" src=\"https:\/\/am-printing.com\/wp-content\/uploads\/2025\/03\/CoCrW-Powder-Cobalt-Alloy-Powder.jpg\" alt=\"CoCrW-Pulver-Kobalt-Legierungspulver\" width=\"733\" height=\"427\" srcset=\"https:\/\/am-printing.com\/wp-content\/uploads\/2025\/03\/CoCrW-Powder-Cobalt-Alloy-Powder.jpg 733w, https:\/\/am-printing.com\/wp-content\/uploads\/2025\/03\/CoCrW-Powder-Cobalt-Alloy-Powder-300x175.jpg 300w, https:\/\/am-printing.com\/wp-content\/uploads\/2025\/03\/CoCrW-Powder-Cobalt-Alloy-Powder-18x10.jpg 18w, https:\/\/am-printing.com\/wp-content\/uploads\/2025\/03\/CoCrW-Powder-Cobalt-Alloy-Powder-600x350.jpg 600w\" sizes=\"(max-width: 733px) 100vw, 733px\" \/><\/p>\n<p><strong>Partikelgr\u00f6\u00dfe:<\/strong><\/p>\n<p>&lt;45\u03bcm, &lt;53\u03bcm, 15-45\u03bcm, 15-53\u03bcm, 45-150\u03bcm. (Die Partikelgr\u00f6\u00dfe kann auf Anfrage angepasst werden).<\/p>\n<p><strong>SEM-Foto:<\/strong><\/p>\n<p><img decoding=\"async\" class=\"alignnone size-full wp-image-2247\" src=\"https:\/\/am-printing.com\/wp-content\/uploads\/2025\/03\/CoCrW-powder.png\" alt=\"CoCrW-Pulver\" width=\"500\" height=\"440\" srcset=\"https:\/\/am-printing.com\/wp-content\/uploads\/2025\/03\/CoCrW-powder.png 500w, https:\/\/am-printing.com\/wp-content\/uploads\/2025\/03\/CoCrW-powder-300x264.png 300w, https:\/\/am-printing.com\/wp-content\/uploads\/2025\/03\/CoCrW-powder-14x12.png 14w\" sizes=\"(max-width: 500px) 100vw, 500px\" \/><\/p>\n<p><strong>Verpackung<\/strong><\/p>\n<p>TRUER SPHERE AM-Pulver sind in Verpackungen von 1, 2, 5, 10 und 20 kg oder auf Wunsch in mit Inertgas oder Vakuum gef\u00fcllten Kunststoffflaschen erh\u00e4ltlich.<\/p>","protected":false},"excerpt":{"rendered":"<p><strong>CoCrW<\/strong> ist eines der <strong>Stellit-Legierungen<\/strong>die verschiedenen Arten von Verschlei\u00df, Korrosion und Oxidation bei hohen Temperaturen widerstehen k\u00f6nnen. Je nach Zusammensetzung der Legierungen k\u00f6nnen sie zu Schwei\u00dfdraht oder Pulver verarbeitet werden, die f\u00fcr folgende Zwecke verwendet werden k\u00f6nnen <strong>Auftragen von harten Oberfl\u00e4chen, thermisches Spritzen, Spritzschwei\u00dfen<\/strong>.<\/p>","protected":false},"featured_media":2247,"comment_status":"closed","ping_status":"closed","template":"","meta":[],"product_brand":[],"product_cat":[96],"product_tag":[],"class_list":{"0":"post-2245","1":"product","2":"type-product","3":"status-publish","4":"has-post-thumbnail","6":"product_cat-cobalt-based-alloy-powder","8":"first","9":"instock","10":"shipping-taxable","11":"product-type-simple"},"_links":{"self":[{"href":"https:\/\/am-printing.com\/de\/wp-json\/wp\/v2\/product\/2245","targetHints":{"allow":["GET"]}}],"collection":[{"href":"https:\/\/am-printing.com\/de\/wp-json\/wp\/v2\/product"}],"about":[{"href":"https:\/\/am-printing.com\/de\/wp-json\/wp\/v2\/types\/product"}],"replies":[{"embeddable":true,"href":"https:\/\/am-printing.com\/de\/wp-json\/wp\/v2\/comments?post=2245"}],"wp:featuredmedia":[{"embeddable":true,"href":"https:\/\/am-printing.com\/de\/wp-json\/wp\/v2\/media\/2247"}],"wp:attachment":[{"href":"https:\/\/am-printing.com\/de\/wp-json\/wp\/v2\/media?parent=2245"}],"wp:term":[{"taxonomy":"product_brand","embeddable":true,"href":"https:\/\/am-printing.com\/de\/wp-json\/wp\/v2\/product_brand?post=2245"},{"taxonomy":"product_cat","embeddable":true,"href":"https:\/\/am-printing.com\/de\/wp-json\/wp\/v2\/product_cat?post=2245"},{"taxonomy":"product_tag","embeddable":true,"href":"https:\/\/am-printing.com\/de\/wp-json\/wp\/v2\/product_tag?post=2245"}],"curies":[{"name":"wp","href":"https:\/\/api.w.org\/{rel}","templated":true}]}}