{"id":2248,"date":"2025-03-05T08:05:45","date_gmt":"2025-03-05T08:05:45","guid":{"rendered":"https:\/\/am-printing.com\/?post_type=product&#038;p=2248"},"modified":"2025-03-05T08:05:45","modified_gmt":"2025-03-05T08:05:45","slug":"triballoy-series-spherical-cobalt-based-alloy-powder","status":"publish","type":"product","link":"https:\/\/am-printing.com\/de\/triballoy-series-spherical-cobalt-based-alloy-powder\/","title":{"rendered":"Triballoy Serie Sph\u00e4rische Legierungspulver auf Kobaltbasis"},"content":{"rendered":"<p>Bei der Tribaloy-Serie handelt es sich um eine Familie von Kobaltbasislegierungen, die f\u00fcr ihre hervorragende Verschlei\u00dffestigkeit und Korrosionsbest\u00e4ndigkeit, insbesondere bei hohen Temperaturen, bekannt sind. Diese Legierungen werden h\u00e4ufig in Anwendungen eingesetzt, bei denen Metall-auf-Metall-Verschlei\u00df, Fressen und Festfressen ein Problem darstellen.<\/p>\n<p>Stellit-Legierungen enthalten in der Regel betr\u00e4chtliche Mengen an Chrom und Molybd\u00e4n, die harte intermetallische Phasen (Laves) bilden, die in einer weicheren Matrix aus eutektischer oder fester L\u00f6sung dispergiert sind und zu ihren Verschlei\u00dffestigkeitseigenschaften beitragen. Das nachstehende Foto zeigt das typische Gef\u00fcge von Tribaloy T400 (wei\u00dfe Laves-Phase in der Matrix).<\/p>\n<p><img fetchpriority=\"high\" decoding=\"async\" class=\"alignnone size-full wp-image-2249\" src=\"https:\/\/am-printing.com\/wp-content\/uploads\/2025\/03\/Triballoy-series-spherical-cobalt-based-alloy-powder.png\" alt=\"Sph\u00e4risches Kobaltlegierungspulver der Triballoy-Serie\" width=\"271\" height=\"192\" srcset=\"https:\/\/am-printing.com\/wp-content\/uploads\/2025\/03\/Triballoy-series-spherical-cobalt-based-alloy-powder.png 271w, https:\/\/am-printing.com\/wp-content\/uploads\/2025\/03\/Triballoy-series-spherical-cobalt-based-alloy-powder-18x12.png 18w\" sizes=\"(max-width: 271px) 100vw, 271px\" \/><\/p>\n<p>Die nachstehende Tabelle zeigt die chemische Zusammensetzung der von uns verwendeten Tribaloy-Pulver.<\/p>\n<p>Truere sph\u00e4rische Tribaloy-Pulver k\u00f6nnen mit dem Gaszerst\u00e4ubungsverfahren und dem PREP-Verfahren hergestellt werden, die in der additiven Fertigung (3D-Druck), beim thermischen Spritzen und bei Auftragsschwei\u00dfverfahren je nach Korngr\u00f6\u00dfenverteilung eingesetzt werden.<\/p>\n<p>Wir k\u00f6nnen verschiedene Partikelgr\u00f6\u00dfen je nach Anwendung des Kunden anbieten, wie 0-45um, 0-53um, 15-45um, 15-53um, 45-105um, 53-150um oder kundenspezifisch.<\/p>\n<h4>Chemische Zusammensetzung:<\/h4>\n<p><img decoding=\"async\" class=\"alignnone size-full wp-image-2250\" src=\"https:\/\/am-printing.com\/wp-content\/uploads\/2025\/03\/Triballoy-powder.png\" alt=\"Triballoy-Pulver\" width=\"617\" height=\"328\" srcset=\"https:\/\/am-printing.com\/wp-content\/uploads\/2025\/03\/Triballoy-powder.png 617w, https:\/\/am-printing.com\/wp-content\/uploads\/2025\/03\/Triballoy-powder-300x159.png 300w, https:\/\/am-printing.com\/wp-content\/uploads\/2025\/03\/Triballoy-powder-18x10.png 18w, https:\/\/am-printing.com\/wp-content\/uploads\/2025\/03\/Triballoy-powder-600x319.png 600w\" sizes=\"(max-width: 617px) 100vw, 617px\" \/><\/p>\n<p><strong>SEM-Foto:<\/strong><\/p>\n<p><img decoding=\"async\" class=\"alignnone size-full wp-image-2251\" src=\"https:\/\/am-printing.com\/wp-content\/uploads\/2025\/03\/triballoy-powders.png\" alt=\"Triballoy-Pulver\" width=\"545\" height=\"430\" srcset=\"https:\/\/am-printing.com\/wp-content\/uploads\/2025\/03\/triballoy-powders.png 545w, https:\/\/am-printing.com\/wp-content\/uploads\/2025\/03\/triballoy-powders-300x237.png 300w, https:\/\/am-printing.com\/wp-content\/uploads\/2025\/03\/triballoy-powders-15x12.png 15w\" sizes=\"(max-width: 545px) 100vw, 545px\" \/><\/p>","protected":false},"excerpt":{"rendered":"<p>Bei der Tribaloy-Serie handelt es sich um eine Familie von Kobaltbasislegierungen, die f\u00fcr ihre hervorragende Verschlei\u00dffestigkeit und Korrosionsbest\u00e4ndigkeit, insbesondere bei hohen Temperaturen, bekannt sind. Diese Legierungen werden h\u00e4ufig in Anwendungen eingesetzt, bei denen Metall-auf-Metall-Verschlei\u00df, Fressen und Festfressen ein Problem darstellen.<\/p>","protected":false},"featured_media":2251,"comment_status":"closed","ping_status":"closed","template":"","meta":[],"product_brand":[],"product_cat":[96],"product_tag":[],"class_list":{"0":"post-2248","1":"product","2":"type-product","3":"status-publish","4":"has-post-thumbnail","6":"product_cat-cobalt-based-alloy-powder","8":"first","9":"instock","10":"shipping-taxable","11":"product-type-simple"},"_links":{"self":[{"href":"https:\/\/am-printing.com\/de\/wp-json\/wp\/v2\/product\/2248","targetHints":{"allow":["GET"]}}],"collection":[{"href":"https:\/\/am-printing.com\/de\/wp-json\/wp\/v2\/product"}],"about":[{"href":"https:\/\/am-printing.com\/de\/wp-json\/wp\/v2\/types\/product"}],"replies":[{"embeddable":true,"href":"https:\/\/am-printing.com\/de\/wp-json\/wp\/v2\/comments?post=2248"}],"wp:featuredmedia":[{"embeddable":true,"href":"https:\/\/am-printing.com\/de\/wp-json\/wp\/v2\/media\/2251"}],"wp:attachment":[{"href":"https:\/\/am-printing.com\/de\/wp-json\/wp\/v2\/media?parent=2248"}],"wp:term":[{"taxonomy":"product_brand","embeddable":true,"href":"https:\/\/am-printing.com\/de\/wp-json\/wp\/v2\/product_brand?post=2248"},{"taxonomy":"product_cat","embeddable":true,"href":"https:\/\/am-printing.com\/de\/wp-json\/wp\/v2\/product_cat?post=2248"},{"taxonomy":"product_tag","embeddable":true,"href":"https:\/\/am-printing.com\/de\/wp-json\/wp\/v2\/product_tag?post=2248"}],"curies":[{"name":"wp","href":"https:\/\/api.w.org\/{rel}","templated":true}]}}