{"id":2252,"date":"2025-03-05T08:11:46","date_gmt":"2025-03-05T08:11:46","guid":{"rendered":"https:\/\/am-printing.com\/?post_type=product&#038;p=2252"},"modified":"2025-03-05T08:11:46","modified_gmt":"2025-03-05T08:11:46","slug":"stellite-series-spherical-cobalt-based-alloy-powder","status":"publish","type":"product","link":"https:\/\/am-printing.com\/de\/stellite-series-spherical-cobalt-based-alloy-powder\/","title":{"rendered":"Pulver aus sph\u00e4rischer Kobaltbasislegierung der Stellite-Serie"},"content":{"rendered":"<p>Stellite Serie kugelf\u00f6rmiges Pulver aus Kobaltlegierung China Hersteller<\/p>\n<p>Bei der Stellite-Serie handelt es sich um eine Familie von Kobaltbasislegierungen, die f\u00fcr ihre au\u00dfergew\u00f6hnliche H\u00e4rte, Verschlei\u00dffestigkeit und Korrosionsbest\u00e4ndigkeit bekannt sind.<\/p>\n<p>Stellit-Legierungen enthalten in der Regel betr\u00e4chtliche Mengen an Chrom, Wolfram und Kohlenstoff sowie, je nach Sorte, weitere Elemente wie Molybd\u00e4n oder Nickel. Die nachstehende Tabelle zeigt die chemische Zusammensetzung unserer g\u00e4ngigen Stellite-Pulver.<\/p>\n<p>Truer sph\u00e4rische Stellite-Legierungspulver k\u00f6nnen je nach ihrer Partikelgr\u00f6\u00dfenverteilung in der additiven Fertigung (3D-Druck), beim thermischen Spritzen und bei Auftragsschwei\u00dfverfahren verwendet werden.<\/p>\n<p>Wir k\u00f6nnen verschiedene Partikelgr\u00f6\u00dfen je nach Kundenanwendung anbieten, wie z.B. 0-45um, 0-53um, 15-45um, 15-53um, 45-105um, 53-150um oder kundenspezifisch. Es kann durch Gaszerst\u00e4ubung und PREP-Verfahren hergestellt werden.<\/p>\n<h4>Chemische Zusammensetzung:<\/h4>\n<p><img fetchpriority=\"high\" decoding=\"async\" class=\"alignnone size-full wp-image-2254\" src=\"https:\/\/am-printing.com\/wp-content\/uploads\/2025\/03\/stellite-powder.png\" alt=\"Stellitpulver\" width=\"638\" height=\"547\" srcset=\"https:\/\/am-printing.com\/wp-content\/uploads\/2025\/03\/stellite-powder.png 638w, https:\/\/am-printing.com\/wp-content\/uploads\/2025\/03\/stellite-powder-300x257.png 300w, https:\/\/am-printing.com\/wp-content\/uploads\/2025\/03\/stellite-powder-14x12.png 14w, https:\/\/am-printing.com\/wp-content\/uploads\/2025\/03\/stellite-powder-600x514.png 600w\" sizes=\"(max-width: 638px) 100vw, 638px\" \/><\/p>\n<p><strong>SEM-Foto:<\/strong><\/p>\n<p><img decoding=\"async\" class=\"alignnone size-full wp-image-2253\" src=\"https:\/\/am-printing.com\/wp-content\/uploads\/2025\/03\/stellite-alloy-powder.png\" alt=\"Stellit-Legierungspulver\" width=\"552\" height=\"318\" srcset=\"https:\/\/am-printing.com\/wp-content\/uploads\/2025\/03\/stellite-alloy-powder.png 552w, https:\/\/am-printing.com\/wp-content\/uploads\/2025\/03\/stellite-alloy-powder-300x173.png 300w, https:\/\/am-printing.com\/wp-content\/uploads\/2025\/03\/stellite-alloy-powder-18x10.png 18w\" sizes=\"(max-width: 552px) 100vw, 552px\" \/><\/p>","protected":false},"excerpt":{"rendered":"<p>Bei der Stellite-Serie handelt es sich um eine Familie von Kobaltbasislegierungen, die f\u00fcr ihre au\u00dfergew\u00f6hnliche H\u00e4rte, Verschlei\u00dffestigkeit und Korrosionsbest\u00e4ndigkeit bekannt sind.<\/p>\n<p>Stellit-Legierungen enthalten in der Regel betr\u00e4chtliche Mengen an Chrom, Wolfram und Kohlenstoff sowie, je nach Sorte, weitere Elemente wie Molybd\u00e4n oder Nickel. Die nachstehende Tabelle zeigt die chemische Zusammensetzung unserer g\u00e4ngigen Stellite-Pulver.<\/p>\n<p>Stellite Serie kugelf\u00f6rmiges Pulver aus Kobaltlegierung China Hersteller<\/p>","protected":false},"featured_media":2253,"comment_status":"closed","ping_status":"closed","template":"","meta":[],"product_brand":[],"product_cat":[96],"product_tag":[],"class_list":{"0":"post-2252","1":"product","2":"type-product","3":"status-publish","4":"has-post-thumbnail","6":"product_cat-cobalt-based-alloy-powder","8":"first","9":"instock","10":"shipping-taxable","11":"product-type-simple"},"_links":{"self":[{"href":"https:\/\/am-printing.com\/de\/wp-json\/wp\/v2\/product\/2252","targetHints":{"allow":["GET"]}}],"collection":[{"href":"https:\/\/am-printing.com\/de\/wp-json\/wp\/v2\/product"}],"about":[{"href":"https:\/\/am-printing.com\/de\/wp-json\/wp\/v2\/types\/product"}],"replies":[{"embeddable":true,"href":"https:\/\/am-printing.com\/de\/wp-json\/wp\/v2\/comments?post=2252"}],"wp:featuredmedia":[{"embeddable":true,"href":"https:\/\/am-printing.com\/de\/wp-json\/wp\/v2\/media\/2253"}],"wp:attachment":[{"href":"https:\/\/am-printing.com\/de\/wp-json\/wp\/v2\/media?parent=2252"}],"wp:term":[{"taxonomy":"product_brand","embeddable":true,"href":"https:\/\/am-printing.com\/de\/wp-json\/wp\/v2\/product_brand?post=2252"},{"taxonomy":"product_cat","embeddable":true,"href":"https:\/\/am-printing.com\/de\/wp-json\/wp\/v2\/product_cat?post=2252"},{"taxonomy":"product_tag","embeddable":true,"href":"https:\/\/am-printing.com\/de\/wp-json\/wp\/v2\/product_tag?post=2252"}],"curies":[{"name":"wp","href":"https:\/\/api.w.org\/{rel}","templated":true}]}}