{"id":2256,"date":"2025-03-12T02:02:23","date_gmt":"2025-03-12T02:02:23","guid":{"rendered":"https:\/\/am-printing.com\/?post_type=product&#038;p=2256"},"modified":"2025-09-11T06:38:50","modified_gmt":"2025-09-11T06:38:50","slug":"0-pure-iron-powder","status":"publish","type":"product","link":"https:\/\/am-printing.com\/de\/0-pure-iron-powder\/","title":{"rendered":"0 Reines Eisenpulver"},"content":{"rendered":"<p><strong>0 Reines Eisenpulver<\/strong> ist vielseitig und kann in einer Vielzahl von Anwendungen eingesetzt werden, z. B. im PM-Bereich (pulvermetallurgisches Presspulver), der durch Wasserzerst\u00e4ubung hergestellt wird, in der additiven Fertigung durch PREP (Plasma-Rotations-Elektroden-Verfahren) und im magnetischen Bereich durch das Carbonyl-Verfahren.<\/p>\n<p><strong>Truer F0000-P Serie von reinem Fe-Pulver<\/strong> mit dem <strong>Reinheit &gt;99,99%<\/strong> wird im PREP-Verfahren hergestellt. Es hat eine hohe Reinheit (99,9%) mit minimalen Verunreinigungen. Die Partikelgr\u00f6\u00dfe kann nach den Spezifikationen der Kunden angepasst werden. Normalerweise umfassen unsere \u00fcblichen Partikelgr\u00f6\u00dfen <strong>PSD 15-53um, 45-105um, 53-150um<\/strong> mit <strong>kugelf\u00f6rmig<\/strong> Form.<\/p>\n<p><strong>Truer F0000-C Serie von reinem Fe-Pulver<\/strong> mit dem <strong>Reinheit &gt;99,5%<\/strong> wird im Carbonyl-Verfahren hergestellt und kann beschichtet oder unbeschichtet sein. Die Partikelgr\u00f6\u00dfe kann nach den Spezifikationen der Kunden angepasst werden. Normalerweise umfassen unsere gemeinsamen Partikelgr\u00f6\u00dfen D50 von 1um bis 10um mit sph\u00e4rischer Form.<\/p>\n<p><strong>Truer F0000-W Serie von reinem Fe-Pulver<\/strong> wird durch Wasserzerst\u00e4ubung hergestellt. Die Partikelgr\u00f6\u00dfe kann je nach Kundenwunsch gesiebt werden (normalerweise in verschiedenen Bereichen von 0-200um). Wasserverd\u00fcstes Fe-Pulver kann mit etwas Kohlenstoff, Chrom, Molybd\u00e4n, Kupfer und auch einigen Schmiermitteln zu RTP-Pulver (pressfertig) verarbeitet werden. Es handelt sich dabei um unterschiedliche Qualit\u00e4ten, wie SMF5030, F0005, LAP100.29 usw.<\/p>\n<p><strong>SEM-Foto von reinem Eisenpulver:<\/strong><\/p>\n<p><img fetchpriority=\"high\" decoding=\"async\" class=\"alignnone size-full wp-image-2257\" src=\"https:\/\/am-printing.com\/wp-content\/uploads\/2025\/03\/Iron-powder.png\" alt=\"Eisenpulver\" width=\"1004\" height=\"310\" srcset=\"https:\/\/am-printing.com\/wp-content\/uploads\/2025\/03\/Iron-powder.png 1004w, https:\/\/am-printing.com\/wp-content\/uploads\/2025\/03\/Iron-powder-300x93.png 300w, https:\/\/am-printing.com\/wp-content\/uploads\/2025\/03\/Iron-powder-768x237.png 768w, https:\/\/am-printing.com\/wp-content\/uploads\/2025\/03\/Iron-powder-18x6.png 18w, https:\/\/am-printing.com\/wp-content\/uploads\/2025\/03\/Iron-powder-600x185.png 600w\" sizes=\"(max-width: 1004px) 100vw, 1004px\" \/><\/p>","protected":false},"excerpt":{"rendered":"<p><strong>Reines Eisenpulver<\/strong> ist vielseitig und kann in einer Vielzahl von Anwendungen eingesetzt werden, z. B. im PM-Bereich (pulvermetallurgisches Presspulver), der durch Wasserzerst\u00e4ubung hergestellt wird, in der additiven Fertigung durch PREP (Plasma-Rotations-Elektroden-Verfahren) und im magnetischen Bereich durch das Carbonyl-Verfahren.<\/p>","protected":false},"featured_media":2258,"comment_status":"closed","ping_status":"closed","template":"","meta":[],"product_brand":[],"product_cat":[43],"product_tag":[],"class_list":{"0":"post-2256","1":"product","2":"type-product","3":"status-publish","4":"has-post-thumbnail","6":"product_cat-iron-based-alloy-powder","8":"first","9":"instock","10":"shipping-taxable","11":"product-type-simple"},"_links":{"self":[{"href":"https:\/\/am-printing.com\/de\/wp-json\/wp\/v2\/product\/2256","targetHints":{"allow":["GET"]}}],"collection":[{"href":"https:\/\/am-printing.com\/de\/wp-json\/wp\/v2\/product"}],"about":[{"href":"https:\/\/am-printing.com\/de\/wp-json\/wp\/v2\/types\/product"}],"replies":[{"embeddable":true,"href":"https:\/\/am-printing.com\/de\/wp-json\/wp\/v2\/comments?post=2256"}],"wp:featuredmedia":[{"embeddable":true,"href":"https:\/\/am-printing.com\/de\/wp-json\/wp\/v2\/media\/2258"}],"wp:attachment":[{"href":"https:\/\/am-printing.com\/de\/wp-json\/wp\/v2\/media?parent=2256"}],"wp:term":[{"taxonomy":"product_brand","embeddable":true,"href":"https:\/\/am-printing.com\/de\/wp-json\/wp\/v2\/product_brand?post=2256"},{"taxonomy":"product_cat","embeddable":true,"href":"https:\/\/am-printing.com\/de\/wp-json\/wp\/v2\/product_cat?post=2256"},{"taxonomy":"product_tag","embeddable":true,"href":"https:\/\/am-printing.com\/de\/wp-json\/wp\/v2\/product_tag?post=2256"}],"curies":[{"name":"wp","href":"https:\/\/api.w.org\/{rel}","templated":true}]}}