{"id":2279,"date":"2025-07-09T03:32:06","date_gmt":"2025-07-09T03:32:06","guid":{"rendered":"https:\/\/am-printing.com\/?post_type=product&#038;p=2279"},"modified":"2025-07-09T05:10:15","modified_gmt":"2025-07-09T05:10:15","slug":"new-product","status":"publish","type":"product","link":"https:\/\/am-printing.com\/de\/new-product\/","title":{"rendered":"Hastelloy C276 - N0276"},"content":{"rendered":"<p><strong>Nickellegierungspulver Hastelloy C276-Pulver (UNS N10276)\u00a0<\/strong>ist ein Nickel-Molybd\u00e4n-Chrom-Superlegierungspulver, das f\u00fcr seine au\u00dfergew\u00f6hnliche Korrosionsbest\u00e4ndigkeit bekannt ist.<\/p>\n<p>F\u00fcr die Anwendung der additiven Fertigung ist unser \u00fcbliches Produktionsverfahren f\u00fcr\u00a0<strong>C276<\/strong>\u00a0umfasst das Gaszerst\u00e4ubungsverfahren (GA) und das Plasma-Rotations-Elektroden-Verfahren (PREP) mit hoher Sph\u00e4rizit\u00e4t, hoher Reinheit, hoher Packungsdichte, geringer Porosit\u00e4t und ausgezeichneten Flie\u00dfeigenschaften, die besser f\u00fcr SLM- und DED-Anwendungen geeignet sind.<\/p>\n<h4 class=\"elementor-heading-title elementor-size-default\">Chemische Zusammensetzung<\/h4>\n<table class=\"cc-table\">\n<thead>\n<tr>\n<th>Element<\/th>\n<th>Spezifikation (wt%)<\/th>\n<\/tr>\n<\/thead>\n<tbody>\n<tr>\n<td>Ni<\/td>\n<td>Bal.<\/td>\n<\/tr>\n<tr>\n<td>Mo<\/td>\n<td>15.0-17.0<\/td>\n<\/tr>\n<tr>\n<td>Cr<\/td>\n<td>15.0-17.0<\/td>\n<\/tr>\n<tr>\n<td>Fe<\/td>\n<td>3.0-7.0<\/td>\n<\/tr>\n<tr>\n<td>W<\/td>\n<td>3.0-4.5<\/td>\n<\/tr>\n<tr>\n<td>V<\/td>\n<td>0,1-0,5 max.<\/td>\n<\/tr>\n<tr>\n<td>C<\/td>\n<td>0,1 max.<\/td>\n<\/tr>\n<\/tbody>\n<\/table>\n<h4><\/h4>\n<h4><\/h4>\n<h4 class=\"elementor-heading-title elementor-size-default\">Pulverform<\/h4>\n<table class=\"bb-table\">\n<tbody>\n<tr>\n<td>Prozess<\/td>\n<td>Sph\u00e4rizit\u00e4t (%)<\/td>\n<\/tr>\n<tr>\n<td>GA<\/td>\n<td>&gt;90<\/td>\n<\/tr>\n<tr>\n<td>PREP<\/td>\n<td>&gt;95<\/td>\n<\/tr>\n<\/tbody>\n<\/table>\n<h4><\/h4>\n<h4><\/h4>\n<h4 class=\"elementor-heading-title elementor-size-default\">Eigenschaften des Pulvers<\/h4>\n<table border=\"1\">\n<thead>\n<tr>\n<th>Prozess<\/th>\n<th>Gr\u00f6\u00dfe Schnitte<br \/>\n(um)<\/th>\n<th>D10<br \/>\n(um)<\/th>\n<th>D50<br \/>\n(um)<\/th>\n<th>D90<br \/>\n(um)<\/th>\n<th>Flie\u00dff\u00e4higkeit<br \/>\n(s\/50g)<\/th>\n<th>Scheinbare Dichte<br \/>\n(g\/cm\u00b3)<\/th>\n<\/tr>\n<\/thead>\n<tbody>\n<tr>\n<td>DED\/LC\/TSW<\/td>\n<td>53-150<\/td>\n<td>48-58<\/td>\n<td>95-110<\/td>\n<td>145-160<\/td>\n<td>20,0 max.<\/td>\n<td>4.4 min.<\/td>\n<\/tr>\n<tr>\n<td>DED\/EPBF\/EBM\/LC<\/td>\n<td>45-105<\/td>\n<td>54-60<\/td>\n<td>70-78<\/td>\n<td>95-115<\/td>\n<td>20,0 max.<\/td>\n<td>4.4 min.<\/td>\n<\/tr>\n<tr>\n<td>SLM<\/td>\n<td>20-63<\/td>\n<td>15-26<\/td>\n<td>37-43<\/td>\n<td>60-70<\/td>\n<td>20,0 max.<\/td>\n<td>4.4 min.<\/td>\n<\/tr>\n<tr>\n<td>LPBF\/SLM<\/td>\n<td>15-53<\/td>\n<td>15-23<\/td>\n<td>32-38<\/td>\n<td>52-58<\/td>\n<td>20,0 max.<\/td>\n<td>4.4 min.<\/td>\n<\/tr>\n<tr>\n<td>LPBF\/SLM\/PTA<\/td>\n<td>15-45<\/td>\n<td>15-20<\/td>\n<td>26-32<\/td>\n<td>42-51<\/td>\n<td>20,0 max.<\/td>\n<td>4.4 min.<\/td>\n<\/tr>\n<\/tbody>\n<\/table>\n<div data-id=\"8b1a153\" data-element_type=\"widget\" data-widget_type=\"text-editor.default\"><\/div>\n<div class=\"elementor-element elementor-element-8b1a153 elementor-widget elementor-widget-text-editor\" data-id=\"8b1a153\" data-element_type=\"widget\" data-widget_type=\"text-editor.default\">\n<div class=\"elementor-widget-container\">\n<p>&nbsp;<\/p>\n<p><strong>Kundenspezifische Partikelgr\u00f6\u00dfenverteilung auf Anfrage erh\u00e4ltlich.<\/strong><\/p>\n<p><strong>Detaillierte Testdaten werden im Analysenzertifikat f\u00fcr jede Bestellung angegeben.<\/strong><\/p>\n<p>&nbsp;<\/p>\n<\/div>\n<\/div>\n<div class=\"elementor-element elementor-element-d05f1f1 elementor-widget elementor-widget-text-editor\" data-id=\"d05f1f1\" data-element_type=\"widget\" data-widget_type=\"text-editor.default\">\n<div class=\"elementor-widget-container\">\n<p><strong>Verpackung<\/strong><\/p>\n<p>TRUER SPHERE AM-Pulver sind in Verpackungen von 1, 2, 5, 10 und 20 kg oder auf Wunsch in mit Inertgas oder Vakuum gef\u00fcllten Kunststoffflaschen erh\u00e4ltlich.<\/p>\n<\/div>\n<p>&nbsp;<\/p>\n<div class=\"elementor-widget-container\">\n<p><img fetchpriority=\"high\" decoding=\"async\" class=\"alignnone size-full wp-image-2281\" src=\"https:\/\/am-printing.com\/wp-content\/uploads\/2025\/07\/Hastelloy-C276-powder-china-supplier.png\" alt=\"\" width=\"643\" height=\"822\" srcset=\"https:\/\/am-printing.com\/wp-content\/uploads\/2025\/07\/Hastelloy-C276-powder-china-supplier.png 643w, https:\/\/am-printing.com\/wp-content\/uploads\/2025\/07\/Hastelloy-C276-powder-china-supplier-235x300.png 235w, https:\/\/am-printing.com\/wp-content\/uploads\/2025\/07\/Hastelloy-C276-powder-china-supplier-9x12.png 9w, https:\/\/am-printing.com\/wp-content\/uploads\/2025\/07\/Hastelloy-C276-powder-china-supplier-600x767.png 600w\" sizes=\"(max-width: 643px) 100vw, 643px\" \/><\/p>\n<\/div>\n<\/div>","protected":false},"excerpt":{"rendered":"<p><strong>Nickellegierungspulver Hastelloy C276-Pulver (UNS N10276)\u00a0<\/strong>ist ein Nickel-Molybd\u00e4n-Chrom-Superlegierungspulver, das f\u00fcr seine au\u00dfergew\u00f6hnliche Korrosionsbest\u00e4ndigkeit bekannt ist.<\/p>\n<p>F\u00fcr die Anwendung der additiven Fertigung ist unser \u00fcbliches Produktionsverfahren f\u00fcr\u00a0<strong>C276<\/strong>\u00a0umfasst das Gaszerst\u00e4ubungsverfahren (GA) und das Plasma-Rotations-Elektroden-Verfahren (PREP) mit hoher Sph\u00e4rizit\u00e4t, hoher Reinheit, hoher Packungsdichte, geringer Porosit\u00e4t und ausgezeichneten Flie\u00dfeigenschaften, die besser f\u00fcr SLM- und DED-Anwendungen geeignet sind.<\/p>","protected":false},"featured_media":2282,"comment_status":"closed","ping_status":"closed","template":"","meta":[],"product_brand":[],"product_cat":[97],"product_tag":[],"class_list":{"0":"post-2279","1":"product","2":"type-product","3":"status-publish","4":"has-post-thumbnail","6":"product_cat-spraying-powder","8":"first","9":"instock","10":"shipping-taxable","11":"product-type-simple"},"_links":{"self":[{"href":"https:\/\/am-printing.com\/de\/wp-json\/wp\/v2\/product\/2279","targetHints":{"allow":["GET"]}}],"collection":[{"href":"https:\/\/am-printing.com\/de\/wp-json\/wp\/v2\/product"}],"about":[{"href":"https:\/\/am-printing.com\/de\/wp-json\/wp\/v2\/types\/product"}],"replies":[{"embeddable":true,"href":"https:\/\/am-printing.com\/de\/wp-json\/wp\/v2\/comments?post=2279"}],"wp:featuredmedia":[{"embeddable":true,"href":"https:\/\/am-printing.com\/de\/wp-json\/wp\/v2\/media\/2282"}],"wp:attachment":[{"href":"https:\/\/am-printing.com\/de\/wp-json\/wp\/v2\/media?parent=2279"}],"wp:term":[{"taxonomy":"product_brand","embeddable":true,"href":"https:\/\/am-printing.com\/de\/wp-json\/wp\/v2\/product_brand?post=2279"},{"taxonomy":"product_cat","embeddable":true,"href":"https:\/\/am-printing.com\/de\/wp-json\/wp\/v2\/product_cat?post=2279"},{"taxonomy":"product_tag","embeddable":true,"href":"https:\/\/am-printing.com\/de\/wp-json\/wp\/v2\/product_tag?post=2279"}],"curies":[{"name":"wp","href":"https:\/\/api.w.org\/{rel}","templated":true}]}}