{"id":2283,"date":"2025-07-09T05:24:56","date_gmt":"2025-07-09T05:24:56","guid":{"rendered":"https:\/\/am-printing.com\/?post_type=product&#038;p=2283"},"modified":"2025-07-09T05:24:56","modified_gmt":"2025-07-09T05:24:56","slug":"hastelloy-c22","status":"publish","type":"product","link":"https:\/\/am-printing.com\/de\/hastelloy-c22\/","title":{"rendered":"Hastelloy C22"},"content":{"rendered":"<p><strong>Nickellegierungspulver Hastelloy C22-Pulver\u00a0<\/strong>ist ein Nickel-Molybd\u00e4n-Chrom-Wolfram-Superlegierungspulver, das f\u00fcr seine au\u00dfergew\u00f6hnliche Korrosionsbest\u00e4ndigkeit bekannt ist.<\/p>\n<p><strong>Hastelloy C22\u00a0<\/strong>kann die Festigkeit und Oxidationsbest\u00e4ndigkeit bis zu 1200\u2103 aufrechterhalten, was bei thermischen Spritzschichten weit verbreitet ist. Es eignet sich auch f\u00fcr andere Anwendungen der additiven Fertigung wie das Laser-Pulverbett-Verfahren (LPBF) und die direkte Energieabscheidung (DED).<\/p>\n<p>unser gemeinsames Produktionsverfahren f\u00fcr\u00a0<strong>C22<\/strong>\u00a0umfasst das Gaszerst\u00e4ubungsverfahren (GA) und das Plasma-Rotations-Elektroden-Verfahren (PREP) mit hoher Kugelform, hoher Reinheit, hoher Packungsdichte, geringer Porosit\u00e4t und hervorragenden Flie\u00dfeigenschaften.<\/p>\n<p>Die Partikelgr\u00f6\u00dfe kann nach Kundenwunsch angepasst werden. Normalerweise betr\u00e4gt unsere PSD 15-45um oder 15-53um f\u00fcr LPBF und 45-106um f\u00fcr DED.<\/p>\n<p>&nbsp;<\/p>\n<h4 class=\"elementor-heading-title elementor-size-default\">Chemische Zusammensetzung<\/h4>\n<table class=\"cc-table\">\n<thead>\n<tr>\n<th>Element<\/th>\n<th>Spezifikation (wt%)<\/th>\n<\/tr>\n<\/thead>\n<tbody>\n<tr>\n<td>Ni<\/td>\n<td>Bal.<\/td>\n<\/tr>\n<tr>\n<td>Mo<\/td>\n<td>12.5-14.5<\/td>\n<\/tr>\n<tr>\n<td>Cr<\/td>\n<td>20.0-22.5<\/td>\n<\/tr>\n<tr>\n<td>Fe<\/td>\n<td>2.0-6.0<\/td>\n<\/tr>\n<tr>\n<td>W<\/td>\n<td>2.5-3.5<\/td>\n<\/tr>\n<tr>\n<td>Co<\/td>\n<td>2,5 max.<\/td>\n<\/tr>\n<tr>\n<td>C<\/td>\n<td>0,08 max.<\/td>\n<\/tr>\n<\/tbody>\n<\/table>\n<p>&nbsp;<\/p>\n<p>&nbsp;<\/p>\n<h4 class=\"elementor-heading-title elementor-size-default\">Pulverform<\/h4>\n<table class=\"bb-table\">\n<tbody>\n<tr>\n<td>Prozess<\/td>\n<td>Sph\u00e4rizit\u00e4t (%)<\/td>\n<\/tr>\n<tr>\n<td>GA<\/td>\n<td>&gt;90<\/td>\n<\/tr>\n<tr>\n<td>PREP<\/td>\n<td>&gt;95<\/td>\n<\/tr>\n<\/tbody>\n<\/table>\n<p>&nbsp;<\/p>\n<h4 class=\"elementor-heading-title elementor-size-default\">Eigenschaften des Pulvers<\/h4>\n<table border=\"1\">\n<thead>\n<tr>\n<th>Gr\u00f6\u00dfe Schnitte (um)<\/th>\n<th>D10 (um)<\/th>\n<th>D50 (um)<\/th>\n<th>D90 (um)<\/th>\n<th>Flie\u00dff\u00e4higkeit (s\/50g)<\/th>\n<th>Scheinbare Dichte (g\/cm\u00b3)<\/th>\n<\/tr>\n<\/thead>\n<tbody>\n<tr>\n<td>53-150<\/td>\n<td>48-58<\/td>\n<td>95-110<\/td>\n<td>145-160<\/td>\n<td>20,0 max.<\/td>\n<td>4.4 min.<\/td>\n<\/tr>\n<tr>\n<td>45-105<\/td>\n<td>54-60<\/td>\n<td>70-78<\/td>\n<td>95-115<\/td>\n<td>20,0 max.<\/td>\n<td>4.4 min.<\/td>\n<\/tr>\n<tr>\n<td>15-53<\/td>\n<td>15-23<\/td>\n<td>32-38<\/td>\n<td>52-58<\/td>\n<td>20,0 max.<\/td>\n<td>4.4 min.<\/td>\n<\/tr>\n<tr>\n<td>15-45<\/td>\n<td>15-20<\/td>\n<td>26-32<\/td>\n<td>42-51<\/td>\n<td>20,0 max.<\/td>\n<td>4.4 min.<\/td>\n<\/tr>\n<\/tbody>\n<\/table>\n<p>&nbsp;<\/p>\n<p>&nbsp;<\/p>\n<p><strong>Kundenspezifische Partikelgr\u00f6\u00dfenverteilung auf Anfrage erh\u00e4ltlich.<\/strong><\/p>\n<p><strong>Detaillierte Testdaten werden im Analysenzertifikat f\u00fcr jede Bestellung angegeben.<\/strong><\/p>\n<p>&nbsp;<\/p>\n<p><strong>Verpackung<\/strong><\/p>\n<p>TRUER SPHERE AM-Pulver sind in Verpackungen von 1, 2, 5, 10 und 20 kg oder auf Wunsch in mit Inertgas oder Vakuum gef\u00fcllten Kunststoffflaschen erh\u00e4ltlich.<\/p>\n<p>&nbsp;<\/p>\n<p><img fetchpriority=\"high\" decoding=\"async\" class=\"alignnone size-full wp-image-2284\" src=\"https:\/\/am-printing.com\/wp-content\/uploads\/2025\/07\/hastelloy-c22-china-supplier-factory.png\" alt=\"\" width=\"601\" height=\"732\" srcset=\"https:\/\/am-printing.com\/wp-content\/uploads\/2025\/07\/hastelloy-c22-china-supplier-factory.png 601w, https:\/\/am-printing.com\/wp-content\/uploads\/2025\/07\/hastelloy-c22-china-supplier-factory-246x300.png 246w, https:\/\/am-printing.com\/wp-content\/uploads\/2025\/07\/hastelloy-c22-china-supplier-factory-10x12.png 10w\" sizes=\"(max-width: 601px) 100vw, 601px\" \/><\/p>\n<p>&nbsp;<\/p>\n<p><img decoding=\"async\" class=\"alignnone size-full wp-image-2285\" src=\"https:\/\/am-printing.com\/wp-content\/uploads\/2025\/07\/hastelloy-c22-china-supplier.png\" alt=\"\" width=\"630\" height=\"843\" srcset=\"https:\/\/am-printing.com\/wp-content\/uploads\/2025\/07\/hastelloy-c22-china-supplier.png 630w, https:\/\/am-printing.com\/wp-content\/uploads\/2025\/07\/hastelloy-c22-china-supplier-224x300.png 224w, https:\/\/am-printing.com\/wp-content\/uploads\/2025\/07\/hastelloy-c22-china-supplier-9x12.png 9w, https:\/\/am-printing.com\/wp-content\/uploads\/2025\/07\/hastelloy-c22-china-supplier-600x803.png 600w\" sizes=\"(max-width: 630px) 100vw, 630px\" \/><\/p>\n<p>&nbsp;<\/p>","protected":false},"excerpt":{"rendered":"<p><strong>Nickellegierungspulver Hastelloy C22-Pulver\u00a0<\/strong>ist ein Nickel-Molybd\u00e4n-Chrom-Wolfram-Superlegierungspulver, das f\u00fcr seine au\u00dfergew\u00f6hnliche Korrosionsbest\u00e4ndigkeit bekannt ist.<\/p>\n<p><strong>Hastelloy C22\u00a0<\/strong>kann die Festigkeit und Oxidationsbest\u00e4ndigkeit bis zu 1200\u2103 aufrechterhalten, was bei thermischen Spritzschichten weit verbreitet ist. Es eignet sich auch f\u00fcr andere Anwendungen der additiven Fertigung wie das Laser-Pulverbett-Verfahren (LPBF) und die direkte Energieabscheidung (DED).<\/p>\n<p>unser gemeinsames Produktionsverfahren f\u00fcr\u00a0<strong>C22<\/strong>\u00a0umfasst das Gaszerst\u00e4ubungsverfahren (GA) und das Plasma-Rotations-Elektroden-Verfahren (PREP) mit hoher Kugelform, hoher Reinheit, hoher Packungsdichte, geringer Porosit\u00e4t und hervorragenden Flie\u00dfeigenschaften.<\/p>\n<p>Die Partikelgr\u00f6\u00dfe kann nach Kundenwunsch angepasst werden. Normalerweise betr\u00e4gt unsere PSD 15-45um oder 15-53um f\u00fcr LPBF und 45-106um f\u00fcr DED.<\/p>","protected":false},"featured_media":2286,"comment_status":"closed","ping_status":"closed","template":"","meta":[],"product_brand":[],"product_cat":[97],"product_tag":[],"class_list":{"0":"post-2283","1":"product","2":"type-product","3":"status-publish","4":"has-post-thumbnail","6":"product_cat-spraying-powder","8":"first","9":"instock","10":"shipping-taxable","11":"product-type-simple"},"_links":{"self":[{"href":"https:\/\/am-printing.com\/de\/wp-json\/wp\/v2\/product\/2283","targetHints":{"allow":["GET"]}}],"collection":[{"href":"https:\/\/am-printing.com\/de\/wp-json\/wp\/v2\/product"}],"about":[{"href":"https:\/\/am-printing.com\/de\/wp-json\/wp\/v2\/types\/product"}],"replies":[{"embeddable":true,"href":"https:\/\/am-printing.com\/de\/wp-json\/wp\/v2\/comments?post=2283"}],"wp:featuredmedia":[{"embeddable":true,"href":"https:\/\/am-printing.com\/de\/wp-json\/wp\/v2\/media\/2286"}],"wp:attachment":[{"href":"https:\/\/am-printing.com\/de\/wp-json\/wp\/v2\/media?parent=2283"}],"wp:term":[{"taxonomy":"product_brand","embeddable":true,"href":"https:\/\/am-printing.com\/de\/wp-json\/wp\/v2\/product_brand?post=2283"},{"taxonomy":"product_cat","embeddable":true,"href":"https:\/\/am-printing.com\/de\/wp-json\/wp\/v2\/product_cat?post=2283"},{"taxonomy":"product_tag","embeddable":true,"href":"https:\/\/am-printing.com\/de\/wp-json\/wp\/v2\/product_tag?post=2283"}],"curies":[{"name":"wp","href":"https:\/\/api.w.org\/{rel}","templated":true}]}}