{"id":2288,"date":"2025-07-09T06:05:28","date_gmt":"2025-07-09T06:05:28","guid":{"rendered":"https:\/\/am-printing.com\/?post_type=product&#038;p=2288"},"modified":"2025-07-09T06:17:59","modified_gmt":"2025-07-09T06:17:59","slug":"nichrome-powder-nicr-powder","status":"publish","type":"product","link":"https:\/\/am-printing.com\/de\/nichrome-powder-nicr-powder\/","title":{"rendered":"Nichrom-Pulver - NiCr-Pulver"},"content":{"rendered":"<p><strong>Nichrom<\/strong>\u00a0ist ein silbergraues metallisches Pulver und bekannt\u00a0<strong>NiCr-Pulver<\/strong>\u00a0mit 80% Nickel und 20% Chrom.\u00a0<strong>Ni<\/strong><strong>Cr-Pulver<\/strong>einschlie\u00dflich 80\/20, 70\/30, 60\/40, 50\/50, ist eine Aufpanzerungslegierung, die verwendet wird, um hohen Korrosions-, Verschlei\u00df- oder Hitzebelastungen standzuhalten. Bohrgest\u00e4nge, Wellen, Rohre, Kupplungen, Schneidleisten, Schnecken, Zylinder und verwandte Komponenten sind besonders anf\u00e4llig f\u00fcr die Auswirkungen von Verschlei\u00df und Korrosion und m\u00fcssen speziell behandelt werden, um die Lebensdauer zu verl\u00e4ngern.<\/p>\n<p>Unser gemeinsames Produktionsverfahren f\u00fcr\u00a0<strong>NiCr-Pulver<\/strong>\u00a0umfasst das Gaszerst\u00e4ubungsverfahren (GA) und das Plasma-Rotations-Elektroden-Verfahren (PREP) mit hoher Sph\u00e4rizit\u00e4t, hoher Reinheit, hoher Packungsdichte, geringer Porosit\u00e4t und hervorragenden Flie\u00dfeigenschaften, die den Anforderungen des 3D-Drucks, der Auftragschwei\u00dfung und der Beschichtung entsprechen.<\/p>\n<p>Die Partikelgr\u00f6\u00dfe kann nach den Bed\u00fcrfnissen des Kunden angepasst werden, unsere \u00fcblichen PSD 15-45um, 15-53um und 45-150um.<\/p>\n<p>&nbsp;<\/p>\n<h4 class=\"elementor-heading-title elementor-size-default\">Chemische Zusammensetzung<\/h4>\n<table border=\"1\">\n<thead>\n<tr>\n<th rowspan=\"2\">Element<\/th>\n<th colspan=\"4\">Spezifikation (wt%)<\/th>\n<\/tr>\n<tr>\n<th>NiCr 80\/20<\/th>\n<th>NiCr 70\/30<\/th>\n<th>NiCr 60\/40<\/th>\n<th>NiCr 50\/50<\/th>\n<\/tr>\n<\/thead>\n<tbody>\n<tr>\n<td>Ni<\/td>\n<td>Bal.<\/td>\n<td>Bal.<\/td>\n<td>Bal.<\/td>\n<td>Bal.<\/td>\n<\/tr>\n<tr>\n<td>Cr<\/td>\n<td>19-21<\/td>\n<td>29-31<\/td>\n<td>39-41<\/td>\n<td>49-51<\/td>\n<\/tr>\n<tr>\n<td>Mn<\/td>\n<td>0,6 max.<\/td>\n<td>0,6 max.<\/td>\n<td>0,6 max.<\/td>\n<td>0,6 max.<\/td>\n<\/tr>\n<tr>\n<td>S<\/td>\n<td>0,015 max.<\/td>\n<td>0,015 max.<\/td>\n<td>0,015 max.<\/td>\n<td>0,015 max.<\/td>\n<\/tr>\n<tr>\n<td>P<\/td>\n<td>0,015 max.<\/td>\n<td>0,015 max.<\/td>\n<td>0,015 max.<\/td>\n<td>0,015 max.<\/td>\n<\/tr>\n<\/tbody>\n<\/table>\n<p>&nbsp;<\/p>\n<h4 class=\"elementor-heading-title elementor-size-default\">Eigenschaften des Pulvers<\/h4>\n<table border=\"1\">\n<thead>\n<tr>\n<th>Gr\u00f6\u00dfe Schnitte<br \/>\n(um)<\/th>\n<th>D10<br \/>\n(um)<\/th>\n<th>D50<br \/>\n(um)<\/th>\n<th>D90<br \/>\n(um)<\/th>\n<th>Flie\u00dff\u00e4higkeit<br \/>\n(s\/50g)<\/th>\n<th>Scheinbare Dichte<br \/>\n(g\/cm\u00b3)<\/th>\n<\/tr>\n<\/thead>\n<tbody>\n<tr>\n<td>53-150<\/td>\n<td>48-58<\/td>\n<td>95-110<\/td>\n<td>145-160<\/td>\n<td>20,0 max.<\/td>\n<td>4.0 min.<\/td>\n<\/tr>\n<tr>\n<td>15-53<\/td>\n<td>15-23<\/td>\n<td>32-38<\/td>\n<td>52-58<\/td>\n<td>20,0 max.<\/td>\n<td>4.0 min.<\/td>\n<\/tr>\n<tr>\n<td>15-45<\/td>\n<td>15-20<\/td>\n<td>26-32<\/td>\n<td>42-51<\/td>\n<td>20,0 max.<\/td>\n<td>4.0 min.<\/td>\n<\/tr>\n<\/tbody>\n<\/table>\n<p>&nbsp;<\/p>\n<p>&nbsp;<\/p>\n<p><strong>Kundenspezifische Partikelgr\u00f6\u00dfenverteilung auf Anfrage erh\u00e4ltlich.<\/strong><\/p>\n<p><strong>Detaillierte Testdaten werden im Analysenzertifikat f\u00fcr jede Bestellung angegeben.<\/strong><\/p>\n<p>&nbsp;<\/p>\n<p><strong>Verpackung<\/strong><\/p>\n<p>TRUER SPHERE AM-Pulver sind in Verpackungen von 1, 2, 5, 10 und 20 kg oder auf Wunsch in mit Inertgas oder Vakuum gef\u00fcllten Kunststoffflaschen erh\u00e4ltlich.<\/p>\n<p><img fetchpriority=\"high\" decoding=\"async\" class=\"alignnone size-full wp-image-2289\" src=\"https:\/\/am-printing.com\/wp-content\/uploads\/2025\/07\/Ni80Cr20.png\" alt=\"Ni80Cr20\" width=\"633\" height=\"716\" srcset=\"https:\/\/am-printing.com\/wp-content\/uploads\/2025\/07\/Ni80Cr20.png 633w, https:\/\/am-printing.com\/wp-content\/uploads\/2025\/07\/Ni80Cr20-265x300.png 265w, https:\/\/am-printing.com\/wp-content\/uploads\/2025\/07\/Ni80Cr20-11x12.png 11w, https:\/\/am-printing.com\/wp-content\/uploads\/2025\/07\/Ni80Cr20-600x679.png 600w\" sizes=\"(max-width: 633px) 100vw, 633px\" \/><\/p>\n<p><img decoding=\"async\" class=\"alignnone size-full wp-image-2290\" src=\"https:\/\/am-printing.com\/wp-content\/uploads\/2025\/07\/NiCr-powder-COA.png\" alt=\"\" width=\"682\" height=\"836\" srcset=\"https:\/\/am-printing.com\/wp-content\/uploads\/2025\/07\/NiCr-powder-COA.png 682w, https:\/\/am-printing.com\/wp-content\/uploads\/2025\/07\/NiCr-powder-COA-245x300.png 245w, https:\/\/am-printing.com\/wp-content\/uploads\/2025\/07\/NiCr-powder-COA-10x12.png 10w, https:\/\/am-printing.com\/wp-content\/uploads\/2025\/07\/NiCr-powder-COA-600x735.png 600w\" sizes=\"(max-width: 682px) 100vw, 682px\" \/><\/p>\n<p>&nbsp;<\/p>","protected":false},"excerpt":{"rendered":"<p>Nichrome ist ein silbergraues Metallpulver und das bekannte NiCr-Pulver mit 80% Nickel und 20% Chrom. NiCr-Pulver, einschlie\u00dflich 80\/20, 70\/30, 60\/40, 50\/50, ist eine Aufpanzerungslegierung, die verwendet wird, um hohen Korrosions-, Verschlei\u00df- oder Hitzebelastungen standzuhalten. Bohrgest\u00e4nge, Wellen, Rohre, Kupplungen, Schneidleisten, Schnecken, Zylinder und \u00e4hnliche Komponenten sind besonders anf\u00e4llig f\u00fcr die Auswirkungen von Verschlei\u00df und Korrosion und m\u00fcssen speziell behandelt werden, um ihre Lebensdauer zu verl\u00e4ngern.<\/p>","protected":false},"featured_media":2291,"comment_status":"closed","ping_status":"closed","template":"","meta":[],"product_brand":[],"product_cat":[97],"product_tag":[],"class_list":{"0":"post-2288","1":"product","2":"type-product","3":"status-publish","4":"has-post-thumbnail","6":"product_cat-spraying-powder","8":"first","9":"instock","10":"shipping-taxable","11":"product-type-simple"},"_links":{"self":[{"href":"https:\/\/am-printing.com\/de\/wp-json\/wp\/v2\/product\/2288","targetHints":{"allow":["GET"]}}],"collection":[{"href":"https:\/\/am-printing.com\/de\/wp-json\/wp\/v2\/product"}],"about":[{"href":"https:\/\/am-printing.com\/de\/wp-json\/wp\/v2\/types\/product"}],"replies":[{"embeddable":true,"href":"https:\/\/am-printing.com\/de\/wp-json\/wp\/v2\/comments?post=2288"}],"wp:featuredmedia":[{"embeddable":true,"href":"https:\/\/am-printing.com\/de\/wp-json\/wp\/v2\/media\/2291"}],"wp:attachment":[{"href":"https:\/\/am-printing.com\/de\/wp-json\/wp\/v2\/media?parent=2288"}],"wp:term":[{"taxonomy":"product_brand","embeddable":true,"href":"https:\/\/am-printing.com\/de\/wp-json\/wp\/v2\/product_brand?post=2288"},{"taxonomy":"product_cat","embeddable":true,"href":"https:\/\/am-printing.com\/de\/wp-json\/wp\/v2\/product_cat?post=2288"},{"taxonomy":"product_tag","embeddable":true,"href":"https:\/\/am-printing.com\/de\/wp-json\/wp\/v2\/product_tag?post=2288"}],"curies":[{"name":"wp","href":"https:\/\/api.w.org\/{rel}","templated":true}]}}