{"id":2293,"date":"2025-07-09T06:23:18","date_gmt":"2025-07-09T06:23:18","guid":{"rendered":"https:\/\/am-printing.com\/?post_type=product&#038;p=2293"},"modified":"2025-07-09T06:23:18","modified_gmt":"2025-07-09T06:23:18","slug":"nicraly-powder","status":"publish","type":"product","link":"https:\/\/am-printing.com\/de\/nicraly-powder\/","title":{"rendered":"NiCrAlY-Pulver"},"content":{"rendered":"<p><strong>NiCrAlY<\/strong>\u00a0Pulver ist eine Art von Spr\u00fchpulver mit\u00a0<strong>Y-dotiert f\u00fcr Adh\u00e4sion<\/strong>. Es hat eine gute Hochtemperaturoxidation bis zu 1100 und Korrosionsbest\u00e4ndigkeit. Es kann bilden eine\u00a0<strong>sch\u00fctzende Tonerde (Al2O3)<\/strong>\u00a0Zunder bei erh\u00f6hten Temperaturen, wodurch es sich ideal f\u00fcr Gasturbinenkomponenten durch thermische Spritzschichten (HVOF, Plasmaspritzen) oder additive Fertigung (LPBF, DED) eignet.<\/p>\n<p>Seine chemische Zusammensetzung kann individuell angepasst werden, einschlie\u00dflich\u00a0<strong>NiCrAlY, FeCrAlY, NiCoCrAlY und CoNiCrAlY<\/strong>\u00a0(h\u00f6herer Schmelzpunkt bei Co-Basis).<\/p>\n<p>Unser \u00fcbliches Herstellungsverfahren umfasst das Gaszerst\u00e4ubungsverfahren (GA) und das Plasma-Rotations-Elektroden-Verfahren (PREP) mit hoher Sph\u00e4rizit\u00e4t, hoher Reinheit, hoher Packungsdichte, geringer Porosit\u00e4t und hervorragenden Flie\u00dfeigenschaften.<\/p>\n<p>Die Partikelgr\u00f6\u00dfe kann nach Kundenwunsch angepasst werden, normalerweise betr\u00e4gt unsere PSD 15-45um oder 15-53um f\u00fcr LPBF, 45-106um f\u00fcr DED und 5-45um f\u00fcr HVOF oder Plasmaspritzen.<\/p>\n<p>&nbsp;<\/p>\n<h4 class=\"elementor-heading-title elementor-size-default\">Chemische Zusammensetzung<\/h4>\n<table border=\"1\">\n<thead>\n<tr>\n<th rowspan=\"2\">Element<\/th>\n<th colspan=\"4\">Spezifikation (wt%)<\/th>\n<\/tr>\n<tr>\n<th>NiCrAlY<\/th>\n<th>NiCoCrAlY<\/th>\n<th>CoNiCrAlY<\/th>\n<th>FeCrAlY<\/th>\n<\/tr>\n<\/thead>\n<tbody>\n<tr>\n<td>Ni<\/td>\n<td>Bal.<\/td>\n<td>Bal.<\/td>\n<td>30.0-34.0<\/td>\n<td>-<\/td>\n<\/tr>\n<tr>\n<td>Y<\/td>\n<td>0.3-0.7<\/td>\n<td>0.3-0.7<\/td>\n<td>0.4-0.7<\/td>\n<td>0.3-0.7<\/td>\n<\/tr>\n<tr>\n<td>Cr<\/td>\n<td>28.5-30.5<\/td>\n<td>15.5-17.5<\/td>\n<td>20.0-23.0<\/td>\n<td>22.5-25.5<\/td>\n<\/tr>\n<tr>\n<td>Fe<\/td>\n<td>-<\/td>\n<td>-<\/td>\n<td>-<\/td>\n<td>Bal.<\/td>\n<\/tr>\n<tr>\n<td>Al<\/td>\n<td>9.5-10.5<\/td>\n<td>10.0-12.0<\/td>\n<td>7.0-10.0<\/td>\n<td>7.0-9.0<\/td>\n<\/tr>\n<tr>\n<td>Co<\/td>\n<td>-<\/td>\n<td>20.5-22.5<\/td>\n<td>Bal.<\/td>\n<td>-<\/td>\n<\/tr>\n<\/tbody>\n<\/table>\n<p>&nbsp;<\/p>\n<h4 class=\"elementor-heading-title elementor-size-default\">Eigenschaften des Pulvers<\/h4>\n<table border=\"1\">\n<thead>\n<tr>\n<th>Gr\u00f6\u00dfe Schnitte (um)<\/th>\n<th>D10 (um)<\/th>\n<th>D50 (um)<\/th>\n<th>D90 (um)<\/th>\n<th>Flie\u00dff\u00e4higkeit (s\/50g)<\/th>\n<th>Scheinbare Dichte (g\/cm\u00b3)<\/th>\n<\/tr>\n<\/thead>\n<tbody>\n<tr>\n<td>53-150<\/td>\n<td>48-58<\/td>\n<td>95-110<\/td>\n<td>145-160<\/td>\n<td>20,0 max.<\/td>\n<td>4.0 min.<\/td>\n<\/tr>\n<tr>\n<td>53-150<\/td>\n<td>48-58<\/td>\n<td>95-110<\/td>\n<td>145-160<\/td>\n<td>20,0 max.<\/td>\n<td>4.0 min.<\/td>\n<\/tr>\n<tr>\n<td>45-105<\/td>\n<td>54-60<\/td>\n<td>70-78<\/td>\n<td>95-115<\/td>\n<td>20,0 max.<\/td>\n<td>4.0 min.<\/td>\n<\/tr>\n<tr>\n<td>15-45<\/td>\n<td>15-20<\/td>\n<td>26-32<\/td>\n<td>42-51<\/td>\n<td>20,0 max.<\/td>\n<td>4.0 min.<\/td>\n<\/tr>\n<\/tbody>\n<\/table>\n<p>&nbsp;<\/p>\n<div class=\"elementor-element elementor-element-8b1a153 elementor-widget elementor-widget-text-editor\" data-id=\"8b1a153\" data-element_type=\"widget\" data-widget_type=\"text-editor.default\">\n<div class=\"elementor-widget-container\">\n<p><strong>Kundenspezifische Partikelgr\u00f6\u00dfenverteilung auf Anfrage erh\u00e4ltlich.<\/strong><\/p>\n<p><strong>Detaillierte Testdaten werden im Analysenzertifikat f\u00fcr jede Bestellung angegeben.<\/strong><\/p>\n<\/div>\n<\/div>\n<div class=\"elementor-element elementor-element-d05f1f1 elementor-widget elementor-widget-text-editor\" data-id=\"d05f1f1\" data-element_type=\"widget\" data-widget_type=\"text-editor.default\">\n<div class=\"elementor-widget-container\">\n<p><strong>Verpackung<\/strong><\/p>\n<p>TRUER SPHERE AM-Pulver sind in Verpackungen von 1, 2, 5, 10 und 20 kg oder auf Wunsch in mit Inertgas oder Vakuum gef\u00fcllten Kunststoffflaschen erh\u00e4ltlich.<\/p>\n<\/div>\n<p>&nbsp;<\/p>\n<p><img fetchpriority=\"high\" decoding=\"async\" class=\"alignnone size-full wp-image-2295\" src=\"https:\/\/am-printing.com\/wp-content\/uploads\/2025\/07\/NiCrAlY-powder-china-factory.png\" alt=\"NiCrAlY-Pulver Porzellanfabrik\" width=\"627\" height=\"778\" srcset=\"https:\/\/am-printing.com\/wp-content\/uploads\/2025\/07\/NiCrAlY-powder-china-factory.png 627w, https:\/\/am-printing.com\/wp-content\/uploads\/2025\/07\/NiCrAlY-powder-china-factory-242x300.png 242w, https:\/\/am-printing.com\/wp-content\/uploads\/2025\/07\/NiCrAlY-powder-china-factory-10x12.png 10w, https:\/\/am-printing.com\/wp-content\/uploads\/2025\/07\/NiCrAlY-powder-china-factory-600x744.png 600w\" sizes=\"(max-width: 627px) 100vw, 627px\" \/> <img decoding=\"async\" class=\"alignnone size-full wp-image-2296\" src=\"https:\/\/am-printing.com\/wp-content\/uploads\/2025\/07\/NiCrAlY-powder-china-manufacturer.png\" alt=\"\" width=\"636\" height=\"829\" srcset=\"https:\/\/am-printing.com\/wp-content\/uploads\/2025\/07\/NiCrAlY-powder-china-manufacturer.png 636w, https:\/\/am-printing.com\/wp-content\/uploads\/2025\/07\/NiCrAlY-powder-china-manufacturer-230x300.png 230w, https:\/\/am-printing.com\/wp-content\/uploads\/2025\/07\/NiCrAlY-powder-china-manufacturer-9x12.png 9w, https:\/\/am-printing.com\/wp-content\/uploads\/2025\/07\/NiCrAlY-powder-china-manufacturer-600x782.png 600w\" sizes=\"(max-width: 636px) 100vw, 636px\" \/> <img decoding=\"async\" class=\"alignnone size-full wp-image-2297\" src=\"https:\/\/am-printing.com\/wp-content\/uploads\/2025\/07\/NiCrAlY-powder-china-supplier.png\" alt=\"\" width=\"639\" height=\"726\" srcset=\"https:\/\/am-printing.com\/wp-content\/uploads\/2025\/07\/NiCrAlY-powder-china-supplier.png 639w, https:\/\/am-printing.com\/wp-content\/uploads\/2025\/07\/NiCrAlY-powder-china-supplier-264x300.png 264w, https:\/\/am-printing.com\/wp-content\/uploads\/2025\/07\/NiCrAlY-powder-china-supplier-11x12.png 11w, https:\/\/am-printing.com\/wp-content\/uploads\/2025\/07\/NiCrAlY-powder-china-supplier-600x682.png 600w\" sizes=\"(max-width: 639px) 100vw, 639px\" \/><\/div>","protected":false},"excerpt":{"rendered":"<p><strong>NiCrAlY<\/strong>\u00a0Pulver ist eine Art von Spr\u00fchpulver mit\u00a0<strong>Y-dotiert f\u00fcr Adh\u00e4sion<\/strong>. Es hat eine gute Hochtemperaturoxidation bis zu 1100 und Korrosionsbest\u00e4ndigkeit. Es kann bilden eine\u00a0<strong>sch\u00fctzende Tonerde (Al2O3)<\/strong>\u00a0Zunder bei erh\u00f6hten Temperaturen, wodurch es sich ideal f\u00fcr Gasturbinenkomponenten durch thermische Spritzschichten (HVOF, Plasmaspritzen) oder additive Fertigung (LPBF, DED) eignet.<\/p>\n<p>Seine chemische Zusammensetzung kann individuell angepasst werden, einschlie\u00dflich\u00a0<strong>NiCrAlY, FeCrAlY, NiCoCrAlY und CoNiCrAlY<\/strong>\u00a0(h\u00f6herer Schmelzpunkt bei Co-Basis).<\/p>","protected":false},"featured_media":2294,"comment_status":"closed","ping_status":"closed","template":"","meta":[],"product_brand":[],"product_cat":[97],"product_tag":[],"class_list":{"0":"post-2293","1":"product","2":"type-product","3":"status-publish","4":"has-post-thumbnail","6":"product_cat-spraying-powder","8":"first","9":"instock","10":"shipping-taxable","11":"product-type-simple"},"_links":{"self":[{"href":"https:\/\/am-printing.com\/de\/wp-json\/wp\/v2\/product\/2293","targetHints":{"allow":["GET"]}}],"collection":[{"href":"https:\/\/am-printing.com\/de\/wp-json\/wp\/v2\/product"}],"about":[{"href":"https:\/\/am-printing.com\/de\/wp-json\/wp\/v2\/types\/product"}],"replies":[{"embeddable":true,"href":"https:\/\/am-printing.com\/de\/wp-json\/wp\/v2\/comments?post=2293"}],"wp:featuredmedia":[{"embeddable":true,"href":"https:\/\/am-printing.com\/de\/wp-json\/wp\/v2\/media\/2294"}],"wp:attachment":[{"href":"https:\/\/am-printing.com\/de\/wp-json\/wp\/v2\/media?parent=2293"}],"wp:term":[{"taxonomy":"product_brand","embeddable":true,"href":"https:\/\/am-printing.com\/de\/wp-json\/wp\/v2\/product_brand?post=2293"},{"taxonomy":"product_cat","embeddable":true,"href":"https:\/\/am-printing.com\/de\/wp-json\/wp\/v2\/product_cat?post=2293"},{"taxonomy":"product_tag","embeddable":true,"href":"https:\/\/am-printing.com\/de\/wp-json\/wp\/v2\/product_tag?post=2293"}],"curies":[{"name":"wp","href":"https:\/\/api.w.org\/{rel}","templated":true}]}}