{"id":2299,"date":"2025-07-09T06:34:05","date_gmt":"2025-07-09T06:34:05","guid":{"rendered":"https:\/\/am-printing.com\/?post_type=product&#038;p=2299"},"modified":"2025-07-09T06:34:23","modified_gmt":"2025-07-09T06:34:23","slug":"tungsten-carbide-cobalt-powder-wc-co","status":"publish","type":"product","link":"https:\/\/am-printing.com\/de\/tungsten-carbide-cobalt-powder-wc-co\/","title":{"rendered":"Wolframkarbid-Kobalt-Pulver WC-Co"},"content":{"rendered":"<p><strong>Wolframkarbid-Kobalt (Typ WC-12Co)<\/strong>\u00a0ist ein feines, hochreines feuerfestes Legierungspulver, das aus Wolfram-, Kohlenstoff- und Kobaltatomen in Form von Mikropartikeln besteht.\u00a0<strong>WC-12Co<\/strong>\u00a0ist ein Hochleistungswerkstoff, der aus mikroskopisch kleinen Wolframkarbidpartikeln besteht, die in einer Kobaltmatrix verteilt sind.\u00a0<strong>WC<\/strong>\u00a0bietet allein eine beeindruckende H\u00e4rte und Verschlei\u00dffestigkeit, die etwas spr\u00f6de sein kann. Der Zusatz von\u00a0<strong>Kobalt\u00a0<\/strong>verbessert die Materialeigenschaften durch die Bindung der WC-Partikel bei hoher H\u00e4rte und Verschlei\u00dffestigkeit und minimaler Spr\u00f6digkeit.<\/p>\n<p><strong>Wolframkarbid-Kobalt-Pulver<\/strong>\u00a0wird h\u00e4ufig f\u00fcr die Herstellung von Schneid- und Zerspanungswerkzeugen, Bergbau- und Bohrwerkzeugen wie Wendeplatten, Bohrern, Schaftfr\u00e4sern und S\u00e4gebl\u00e4ttern verwendet. Seine hohe H\u00e4rte und Verschlei\u00dffestigkeit machen es ideal f\u00fcr diese Anwendungen, bei denen die Werkzeuge hohen Temperaturen, Abrieb und St\u00f6\u00dfen standhalten m\u00fcssen.\u00a0<strong>Wolframkarbid-Kobalt-Pulver\u00a0<\/strong>wird auch in der Luft- und Raumfahrt- sowie in der Verteidigungsindustrie verwendet, z. B. f\u00fcr Turbinenschaufeln, panzerbrechende Geschosse und Teile f\u00fcr Raketentriebwerke. verschiedenen Branchen.<\/p>\n<p><strong>WC-12Co-Pulver<\/strong>\u00a0im Spr\u00fchbereich werden meist durch HVOF- oder atmosph\u00e4risches Plasmaspritzen aufgebracht, um sehr dichte, gut haftende Schichten zu erzeugen. Diese Beschichtungen bieten eine hervorragende Abriebfestigkeit bis zu 500\u00b0C. Die Werkstoffe enthalten feink\u00f6rnige Karbide, die gegen abrasive K\u00f6rner, harte Oberfl\u00e4chen, Partikelerosion und Fretting-Verschlei\u00dfmechanismen resistent sind. Im Vergleich zu Beschichtungen aus\u00a0<strong>WC-17Co<\/strong>Der reduzierte Matrixgehalt f\u00fchrt zu Beschichtungen, die weniger duktil sind, eine h\u00f6here H\u00e4rte aufweisen und eine bessere Verschlei\u00dffestigkeit besitzen.<\/p>\n<p>Unser\u00a0<strong>WC-12Co-Pulver\u00a0<\/strong>werden durch Sinterung und Zerkleinerung oder durch Agglomerations-Sinterung hergestellt.\u00a0<strong>WC-12Co-Pulver<\/strong>\u00a0die durch die Sinter- und Zerkleinerungstechnologie hergestellt werden, haben eine kantige\/blockige Form, die f\u00fcr das HVOF- oder atmosph\u00e4rische Plasmaspritzen geeignet ist.<\/p>\n<p>F\u00fcr eine bessere Abscheidungseffizienz wird empfohlen, die\u00a0<strong>agglomeriertes und gesintertes Wolframkarbid-Kobalt-Pulver WC-12Co\u00a0<\/strong>mit sph\u00e4rischer Form. Wir bieten agglomeriertes und gesintertes WC-12Co in einer Vielzahl von Partikelgr\u00f6\u00dfenverteilungen an, die f\u00fcr verschiedene Spritzverfahren und Spritzpistolen optimiert sind.<\/p>\n<p>Wir k\u00f6nnen\u00a0<strong>Anpassen<\/strong>\u00a0verschiedene Partikelgr\u00f6\u00dfen f\u00fcr\u00a0<strong>WC-12Co<\/strong>\u00a0Pulver, einschlie\u00dflich\u00a0<strong>5-30, 1<\/strong><strong>5-45, 45-105um<\/strong>,\u00a0<strong>Bitte teilen Sie uns Ihr Anliegen mit.<\/strong><\/p>\n<p>&nbsp;<\/p>\n<h4 class=\"elementor-heading-title elementor-size-default\">Chemische Zusammensetzung<\/h4>\n<table border=\"1\">\n<thead>\n<tr>\n<th>Formel<\/th>\n<th>W<\/th>\n<th>Co<\/th>\n<th>Fe<\/th>\n<th>Gesamt C<\/th>\n<th>Andere<\/th>\n<\/tr>\n<\/thead>\n<tbody>\n<tr>\n<td>WC-12Co<\/td>\n<td>Bal.<\/td>\n<td>11.0-13.0<\/td>\n<td>1,5 max.<\/td>\n<td>5.0-6.0<\/td>\n<td>1,0 max.<\/td>\n<\/tr>\n<tr>\n<td>WC-17Co<\/td>\n<td>Bal.<\/td>\n<td>16.0-18.0<\/td>\n<td>1,5 max.<\/td>\n<td>5.0-6.0<\/td>\n<td>1,0 max.<\/td>\n<\/tr>\n<tr>\n<td>WC-25Co<\/td>\n<td>Bal.<\/td>\n<td>24.0-26.0<\/td>\n<td>1,5 max.<\/td>\n<td>5.0-6.0<\/td>\n<td>1,0 max.<\/td>\n<\/tr>\n<\/tbody>\n<\/table>\n<p>&nbsp;<\/p>\n<h4 class=\"elementor-heading-title elementor-size-default\">Eigenschaften des Pulvers<\/h4>\n<table border=\"1\">\n<thead>\n<tr>\n<th>Prozess<\/th>\n<th>Gr\u00f6\u00dfe Schnitte (um)<\/th>\n<th>D10 (um)<\/th>\n<th>D50 (um)<\/th>\n<th>D90 (um)<\/th>\n<th>Flie\u00dff\u00e4higkeit (s\/50g)<\/th>\n<th>Scheinbare Dichte (g\/cm\u00b3)<\/th>\n<\/tr>\n<\/thead>\n<tbody>\n<tr>\n<td>DED\/LC<\/td>\n<td>45-105<\/td>\n<td>54-60<\/td>\n<td>70-78<\/td>\n<td>95-115<\/td>\n<td>25,0 max.<\/td>\n<td>3.0-6.5<\/td>\n<\/tr>\n<tr>\n<td>HVOF<\/td>\n<td>15-45<\/td>\n<td>16-20<\/td>\n<td>27-32<\/td>\n<td>47-51<\/td>\n<td>25,0 max.<\/td>\n<td>3.0-6.5<\/td>\n<\/tr>\n<tr>\n<td>HVAF<\/td>\n<td>5-30<\/td>\n<td>3-8<\/td>\n<td>10-20<\/td>\n<td>20-35<\/td>\n<td>25,0 max.<\/td>\n<td>3.0-6.5<\/td>\n<\/tr>\n<\/tbody>\n<\/table>\n<p>&nbsp;<\/p>\n<div class=\"elementor-element elementor-element-8b1a153 elementor-widget elementor-widget-text-editor\" data-id=\"8b1a153\" data-element_type=\"widget\" data-widget_type=\"text-editor.default\">\n<div class=\"elementor-widget-container\">\n<p><strong>Kundenspezifische Partikelgr\u00f6\u00dfenverteilung auf Anfrage erh\u00e4ltlich.<\/strong><\/p>\n<p><strong>Detaillierte Testdaten werden im Analysenzertifikat f\u00fcr jede Bestellung angegeben.<\/strong><\/p>\n<\/div>\n<\/div>\n<div class=\"elementor-element elementor-element-d05f1f1 elementor-widget elementor-widget-text-editor\" data-id=\"d05f1f1\" data-element_type=\"widget\" data-widget_type=\"text-editor.default\">\n<div class=\"elementor-widget-container\">\n<p><strong>Verpackung<\/strong><\/p>\n<p>TRUER SPHERE AM-Pulver sind in Verpackungen von 1, 2, 5, 10 und 20 kg oder auf Wunsch in mit Inertgas oder Vakuum gef\u00fcllten Kunststoffflaschen erh\u00e4ltlich.<\/p>\n<p>&nbsp;<\/p>\n<\/div>\n<p><img fetchpriority=\"high\" decoding=\"async\" class=\"alignnone size-full wp-image-2301\" src=\"https:\/\/am-printing.com\/wp-content\/uploads\/2025\/07\/WC-12Co-1.png\" alt=\"\" width=\"650\" height=\"730\" srcset=\"https:\/\/am-printing.com\/wp-content\/uploads\/2025\/07\/WC-12Co-1.png 650w, https:\/\/am-printing.com\/wp-content\/uploads\/2025\/07\/WC-12Co-1-267x300.png 267w, https:\/\/am-printing.com\/wp-content\/uploads\/2025\/07\/WC-12Co-1-11x12.png 11w, https:\/\/am-printing.com\/wp-content\/uploads\/2025\/07\/WC-12Co-1-600x674.png 600w\" sizes=\"(max-width: 650px) 100vw, 650px\" \/> <img decoding=\"async\" class=\"alignnone size-full wp-image-2302\" src=\"https:\/\/am-printing.com\/wp-content\/uploads\/2025\/07\/WC-12Co-2.png\" alt=\"\" width=\"689\" height=\"762\" srcset=\"https:\/\/am-printing.com\/wp-content\/uploads\/2025\/07\/WC-12Co-2.png 689w, https:\/\/am-printing.com\/wp-content\/uploads\/2025\/07\/WC-12Co-2-271x300.png 271w, https:\/\/am-printing.com\/wp-content\/uploads\/2025\/07\/WC-12Co-2-11x12.png 11w, https:\/\/am-printing.com\/wp-content\/uploads\/2025\/07\/WC-12Co-2-600x664.png 600w\" sizes=\"(max-width: 689px) 100vw, 689px\" \/> <img decoding=\"async\" class=\"alignnone size-full wp-image-2303\" src=\"https:\/\/am-printing.com\/wp-content\/uploads\/2025\/07\/WC-12Co-3.png\" alt=\"\" width=\"655\" height=\"707\" srcset=\"https:\/\/am-printing.com\/wp-content\/uploads\/2025\/07\/WC-12Co-3.png 655w, https:\/\/am-printing.com\/wp-content\/uploads\/2025\/07\/WC-12Co-3-278x300.png 278w, https:\/\/am-printing.com\/wp-content\/uploads\/2025\/07\/WC-12Co-3-11x12.png 11w, https:\/\/am-printing.com\/wp-content\/uploads\/2025\/07\/WC-12Co-3-600x648.png 600w\" sizes=\"(max-width: 655px) 100vw, 655px\" \/><\/p>\n<\/div>","protected":false},"excerpt":{"rendered":"<p><strong>Wolframkarbid-Kobalt (Typ WC-12Co)<\/strong>\u00a0ist ein feines, hochreines feuerfestes Legierungspulver, das aus Wolfram-, Kohlenstoff- und Kobaltatomen in Form von Mikropartikeln besteht.\u00a0<strong>WC-12Co<\/strong>\u00a0ist ein Hochleistungswerkstoff, der aus mikroskopisch kleinen Wolframkarbidpartikeln besteht, die in einer Kobaltmatrix verteilt sind.\u00a0<strong>WC<\/strong>\u00a0bietet allein eine beeindruckende H\u00e4rte und Verschlei\u00dffestigkeit, die etwas spr\u00f6de sein kann. Der Zusatz von\u00a0<strong>Kobalt\u00a0<\/strong>verbessert die Materialeigenschaften durch die Bindung der WC-Partikel bei hoher H\u00e4rte und Verschlei\u00dffestigkeit und minimaler Spr\u00f6digkeit.<\/p>","protected":false},"featured_media":2300,"comment_status":"closed","ping_status":"closed","template":"","meta":[],"product_brand":[],"product_cat":[97],"product_tag":[],"class_list":{"0":"post-2299","1":"product","2":"type-product","3":"status-publish","4":"has-post-thumbnail","6":"product_cat-spraying-powder","8":"first","9":"instock","10":"shipping-taxable","11":"product-type-simple"},"_links":{"self":[{"href":"https:\/\/am-printing.com\/de\/wp-json\/wp\/v2\/product\/2299","targetHints":{"allow":["GET"]}}],"collection":[{"href":"https:\/\/am-printing.com\/de\/wp-json\/wp\/v2\/product"}],"about":[{"href":"https:\/\/am-printing.com\/de\/wp-json\/wp\/v2\/types\/product"}],"replies":[{"embeddable":true,"href":"https:\/\/am-printing.com\/de\/wp-json\/wp\/v2\/comments?post=2299"}],"wp:featuredmedia":[{"embeddable":true,"href":"https:\/\/am-printing.com\/de\/wp-json\/wp\/v2\/media\/2300"}],"wp:attachment":[{"href":"https:\/\/am-printing.com\/de\/wp-json\/wp\/v2\/media?parent=2299"}],"wp:term":[{"taxonomy":"product_brand","embeddable":true,"href":"https:\/\/am-printing.com\/de\/wp-json\/wp\/v2\/product_brand?post=2299"},{"taxonomy":"product_cat","embeddable":true,"href":"https:\/\/am-printing.com\/de\/wp-json\/wp\/v2\/product_cat?post=2299"},{"taxonomy":"product_tag","embeddable":true,"href":"https:\/\/am-printing.com\/de\/wp-json\/wp\/v2\/product_tag?post=2299"}],"curies":[{"name":"wp","href":"https:\/\/api.w.org\/{rel}","templated":true}]}}