{"id":23,"date":"2022-07-25T06:13:42","date_gmt":"2022-07-25T06:13:42","guid":{"rendered":"https:\/\/am-powder.com\/?post_type=product&#038;p=23"},"modified":"2025-09-10T03:08:26","modified_gmt":"2025-09-10T03:08:26","slug":"316l-stainless-steel-powder","status":"publish","type":"product","link":"https:\/\/am-printing.com\/de\/316l-stainless-steel-powder\/","title":{"rendered":"316L-Edelstahl-Pulver"},"content":{"rendered":"<p>316L Edelstahlpulver (ss316L) 316L ist eine Edelstahlsorte, die nach der metallographischen Struktur klassifiziert wird und zu den austenitischen Edelst\u00e4hlen geh\u00f6rt. Die amerikanische Standardsorte ist AISI316L; die japanische JIS-Industriestandardsorte ist SUS316L. 316L-Edelstahl hat eine ausgezeichnete Korrosionsbest\u00e4ndigkeit, insbesondere Lochfra\u00dfbest\u00e4ndigkeit, aufgrund des Zusatzes von 2~3% Mo-Element. Gleichzeitig verf\u00fcgt er \u00fcber eine gute Hochtemperaturfestigkeit und eine hervorragende Kaltverfestigung (schwache magnetische Eigenschaften nach der Verarbeitung). Stickstoff Zerst\u00e4ubung kugelf\u00f6rmige Edelstahlpulver hat die Eigenschaften der niedrigen Verunreinigungsgehalt, hohe Sph\u00e4rizit\u00e4t, gute Fluidit\u00e4t des Intervalls Pulver), keine chemische Segregation und stabile Leistung.<\/p>\n<p><strong>Produkt-Spezifikation<\/strong><\/p>\n<div style=\"overflow-x: auto;\">\n<table>\n<tbody>\n<tr class=\"firstRow\">\n<td><strong>Komponente<\/strong><\/td>\n<td style=\"text-align: center;\"><strong>Cr<\/strong><\/td>\n<td style=\"text-align: center;\"><strong>Ni<\/strong><\/td>\n<td style=\"text-align: center;\"><strong>Mo<\/strong><\/td>\n<td style=\"text-align: center;\"><strong>Si<\/strong><\/td>\n<td style=\"text-align: center;\"><strong>Mn<\/strong><\/td>\n<td style=\"text-align: center;\"><strong>C<\/strong><\/td>\n<\/tr>\n<tr>\n<td>Standard %<\/td>\n<td style=\"text-align: center;\">16-18<\/td>\n<td style=\"text-align: center;\">10-14<\/td>\n<td style=\"text-align: center;\">2-3<\/td>\n<td style=\"text-align: center;\">\u22641<\/td>\n<td style=\"text-align: center;\">\u22642<\/td>\n<td style=\"text-align: center;\">\u22640.03<\/td>\n<\/tr>\n<tr>\n<td>Test%<\/td>\n<td style=\"text-align: center;\">16.43<\/td>\n<td style=\"text-align: center;\">10.48<\/td>\n<td style=\"text-align: center;\">2.61<\/td>\n<td style=\"text-align: center;\">0.36<\/td>\n<td style=\"text-align: center;\">0.67<\/td>\n<td style=\"text-align: center;\">0.013<\/td>\n<\/tr>\n<tr>\n<td><strong>Komponente<\/strong><\/td>\n<td style=\"text-align: center;\"><strong>P<\/strong><\/td>\n<td style=\"text-align: center;\"><strong>S<\/strong><\/td>\n<td style=\"text-align: center;\"><strong>O<\/strong><\/td>\n<td style=\"text-align: center;\"><strong>Fe<\/strong><\/td>\n<td><\/td>\n<td><\/td>\n<\/tr>\n<tr>\n<td>Standard %<\/td>\n<td style=\"text-align: center;\">\/<\/td>\n<td style=\"text-align: center;\">\/<\/td>\n<td style=\"text-align: center;\">\/<\/td>\n<td style=\"text-align: center;\">Bal.<\/td>\n<td><\/td>\n<td><\/td>\n<\/tr>\n<tr>\n<td>Test%<\/td>\n<td style=\"text-align: center;\">0.006<\/td>\n<td style=\"text-align: center;\">0.004<\/td>\n<td style=\"text-align: center;\">0.068<\/td>\n<td style=\"text-align: center;\">Bal.<\/td>\n<td><\/td>\n<td><\/td>\n<\/tr>\n<\/tbody>\n<\/table>\n<\/div>\n<p>&nbsp;<\/p>\n<p><strong>Produkt-Eigenschaften<\/strong><\/p>\n<ol>\n<li>\u00c4u\u00dferes Erscheinungsbild: Graues kugelf\u00f6rmiges oder fast kugelf\u00f6rmiges Pulver<\/li>\n<li>Dichte des Gewindes: 4,55g\/m3<\/li>\n<li>Scheinbare Dichte: 4,14g\/m3<\/li>\n<li>Flie\u00dff\u00e4higkeit: 24,88s\/50g<\/li>\n<li>Gr\u00f6\u00dfe: 15-53um<\/li>\n<li>PSD\uff1aD10=21,16\u03bcm, D50=33,51\u03bcm, D90=52,78\u03bcm<\/li>\n<\/ol>\n<div style=\"overflow-x: auto;\">\n<table>\n<tbody>\n<tr>\n<td style=\"text-align: center;\" colspan=\"1\" rowspan=\"2\" data-sheets-value=\"{&quot;1&quot;:2,&quot;2&quot;:&quot;Size (um)&quot;}\">\n<div><strong>Gr\u00f6\u00dfe (um)<\/strong><\/div>\n<\/td>\n<td style=\"text-align: center;\" colspan=\"1\" rowspan=\"2\" data-sheets-value=\"{&quot;1&quot;:2,&quot;2&quot;:&quot;Tapping Density\\n(g\/cm\u00b3)&quot;}\">\n<div><strong>Entnahme Dichte(g\/cm\u00b3)<\/strong><\/div>\n<\/td>\n<td style=\"text-align: center;\" colspan=\"1\" rowspan=\"2\" data-sheets-value=\"{&quot;1&quot;:2,&quot;2&quot;:&quot;Flowability\\n(s\/50g)&quot;}\">\n<div><strong>Flie\u00dff\u00e4higkeit(s\/50g)<\/strong><\/div>\n<\/td>\n<td style=\"text-align: center;\" colspan=\"3\" rowspan=\"1\" data-sheets-value=\"{&quot;1&quot;:2,&quot;2&quot;:&quot;PSD(um)&quot;}\"><strong>PSD (um)<\/strong><\/td>\n<\/tr>\n<tr>\n<td data-sheets-value=\"{&quot;1&quot;:2,&quot;2&quot;:&quot;D10&quot;}\">D10<\/td>\n<td data-sheets-value=\"{&quot;1&quot;:2,&quot;2&quot;:&quot;D50&quot;}\">D50<\/td>\n<td data-sheets-value=\"{&quot;1&quot;:2,&quot;2&quot;:&quot;D90&quot;}\">D90<\/td>\n<\/tr>\n<tr>\n<td style=\"text-align: center;\" data-sheets-value=\"{&quot;1&quot;:2,&quot;2&quot;:&quot;15-45um&quot;}\">15-45um<\/td>\n<td style=\"text-align: center;\" data-sheets-value=\"{&quot;1&quot;:2,&quot;2&quot;:&quot;4.4-4.8&quot;}\">4.4-4.8<\/td>\n<td style=\"text-align: center;\" data-sheets-value=\"{&quot;1&quot;:2,&quot;2&quot;:&quot;\u226430&quot;}\">\u226430<\/td>\n<td style=\"text-align: center;\" data-sheets-value=\"{&quot;1&quot;:2,&quot;2&quot;:&quot;20-24&quot;}\">20-24<\/td>\n<td style=\"text-align: center;\" data-sheets-value=\"{&quot;1&quot;:2,&quot;2&quot;:&quot;30-35&quot;}\">30-35<\/td>\n<td style=\"text-align: center;\" data-sheets-value=\"{&quot;1&quot;:2,&quot;2&quot;:&quot;50-55&quot;}\">50-55<\/td>\n<\/tr>\n<tr>\n<td style=\"text-align: center;\" data-sheets-value=\"{&quot;1&quot;:2,&quot;2&quot;:&quot;15-53um&quot;}\">15-53um<\/td>\n<td style=\"text-align: center;\" data-sheets-value=\"{&quot;1&quot;:2,&quot;2&quot;:&quot;4.4-4.9&quot;}\">4.4-4.9<\/td>\n<td style=\"text-align: center;\" data-sheets-value=\"{&quot;1&quot;:2,&quot;2&quot;:&quot;\u226430&quot;}\">\u226430<\/td>\n<td style=\"text-align: center;\" data-sheets-value=\"{&quot;1&quot;:2,&quot;2&quot;:&quot;21-26&quot;}\">21-26<\/td>\n<td style=\"text-align: center;\" data-sheets-value=\"{&quot;1&quot;:2,&quot;2&quot;:&quot;33-39&quot;}\">33-39<\/td>\n<td style=\"text-align: center;\" data-sheets-value=\"{&quot;1&quot;:2,&quot;2&quot;:&quot;52-58&quot;}\">52-58<\/td>\n<\/tr>\n<tr>\n<td style=\"text-align: center;\" data-sheets-value=\"{&quot;1&quot;:2,&quot;2&quot;:&quot;45-120um&quot;}\">45-120um<\/td>\n<td style=\"text-align: center;\" data-sheets-value=\"{&quot;1&quot;:2,&quot;2&quot;:&quot;4.4-4.8&quot;}\">4.4-4.8<\/td>\n<td style=\"text-align: center;\" data-sheets-value=\"{&quot;1&quot;:2,&quot;2&quot;:&quot;\u226430&quot;}\">\u226430<\/td>\n<td style=\"text-align: center;\" data-sheets-value=\"{&quot;1&quot;:2,&quot;2&quot;:&quot;53-57&quot;}\">53-57<\/td>\n<td style=\"text-align: center;\" data-sheets-value=\"{&quot;1&quot;:2,&quot;2&quot;:&quot;89-93&quot;}\">89-93<\/td>\n<td style=\"text-align: center;\" data-sheets-value=\"{&quot;1&quot;:2,&quot;2&quot;:&quot;144-152&quot;}\">144-152<\/td>\n<\/tr>\n<\/tbody>\n<\/table>\n<\/div>\n<p>&nbsp;<\/p>\n<p><strong>Anmeldung<\/strong><\/p>\n<p>3D-Druck 316L-Edelstahlpulver wird h\u00e4ufig in der Schmuck-, Bau-, Automobil-, Luft- und Raumfahrt-, Dental- und Medizinindustrie verwendet.<\/p>\n<p><strong>Edelstahl-Pulver<\/strong><\/p>\n<div style=\"overflow-x: auto;\">\n<table>\n<tbody>\n<tr style=\"height: 15.00pt;\">\n<td class=\"et3\" style=\"height: 29.25pt; width: 36.00pt;\" rowspan=\"2\" width=\"48\" height=\"39\">Legierung<\/td>\n<td class=\"et4\" style=\"width: 419.25pt; text-align: center;\" colspan=\"10\" width=\"559\">Normale Zusammensetzung<\/td>\n<td class=\"et7\" style=\"width: 53.25pt;\" rowspan=\"2\" width=\"71\">Bemerkung<\/td>\n<\/tr>\n<tr style=\"height: 14.25pt;\">\n<td class=\"et5\" style=\"width: 47.25pt;\" width=\"63\">C<\/td>\n<td class=\"et5\" style=\"width: 47.25pt;\" width=\"63\">Si<\/td>\n<td class=\"et5\" style=\"width: 47.25pt;\" width=\"63\">Cr<\/td>\n<td class=\"et5\" style=\"width: 47.25pt;\" width=\"63\">Ni<\/td>\n<td class=\"et5\" style=\"width: 39.00pt;\" width=\"52\">Mn<\/td>\n<td class=\"et5\" style=\"width: 36.75pt;\" width=\"49\">Mo<\/td>\n<td class=\"et5\" style=\"width: 44.25pt;\" width=\"59\">Cu<\/td>\n<td class=\"et5\" style=\"width: 42.00pt;\" width=\"56\">W<\/td>\n<td class=\"et5\" style=\"width: 47.25pt;\" width=\"63\">V<\/td>\n<td class=\"et5\" style=\"width: 21.00pt;\" width=\"28\">Fe<\/td>\n<\/tr>\n<tr style=\"height: 13.50pt;\">\n<td class=\"et6\" style=\"height: 13.50pt; width: 36.00pt;\" width=\"48\" height=\"18\">316L<\/td>\n<td class=\"et5\" style=\"width: 47.25pt;\" width=\"63\">\u22640.03<\/td>\n<td class=\"et5\" style=\"width: 47.25pt;\" width=\"63\">\u22641.00<\/td>\n<td class=\"et5\" style=\"width: 47.25pt;\" width=\"63\">16.0~18.0<\/td>\n<td class=\"et5\" style=\"width: 47.25pt;\" width=\"63\">10.0~14.0<\/td>\n<td class=\"et5\" style=\"width: 39.00pt;\" width=\"52\">\u22642.00<\/td>\n<td class=\"et5\" style=\"width: 36.75pt;\" width=\"49\">2.0~3.0<\/td>\n<td class=\"et5\" style=\"width: 44.25pt;\" width=\"59\"><\/td>\n<td class=\"et5\" style=\"width: 42.00pt;\" width=\"56\">-<\/td>\n<td class=\"et5\" style=\"width: 47.25pt;\" width=\"63\">-<\/td>\n<td class=\"et5\" style=\"width: 21.00pt;\" width=\"28\">Bal.<\/td>\n<td class=\"et5\" style=\"width: 53.25pt;\" width=\"71\"><\/td>\n<\/tr>\n<tr style=\"height: 13.50pt;\">\n<td class=\"et6\" style=\"height: 13.50pt; width: 36.00pt;\" width=\"48\" height=\"18\">304L<\/td>\n<td class=\"et5\" style=\"width: 47.25pt;\" width=\"63\">\u22640.03<\/td>\n<td class=\"et5\" style=\"width: 47.25pt;\" width=\"63\">\u22641.00<\/td>\n<td class=\"et5\" style=\"width: 47.25pt;\" width=\"63\">18.0~20.0<\/td>\n<td class=\"et5\" style=\"width: 47.25pt;\" width=\"63\">8.0~12.0<\/td>\n<td class=\"et5\" style=\"width: 39.00pt;\" width=\"52\">\u22642.00<\/td>\n<td class=\"et5\" style=\"width: 36.75pt;\" width=\"49\">-<\/td>\n<td class=\"et5\" style=\"width: 44.25pt;\" width=\"59\">-<\/td>\n<td class=\"et5\" style=\"width: 42.00pt;\" width=\"56\">-<\/td>\n<td class=\"et5\" style=\"width: 47.25pt;\" width=\"63\">-<\/td>\n<td class=\"et5\" style=\"width: 21.00pt;\" width=\"28\">Bal.<\/td>\n<td class=\"et5\" style=\"width: 53.25pt;\" width=\"71\"><\/td>\n<\/tr>\n<tr style=\"height: 26.25pt;\">\n<td class=\"et6\" style=\"height: 26.25pt; width: 36.00pt;\" width=\"48\" height=\"35\">17-4PH<\/td>\n<td class=\"et5\" style=\"width: 47.25pt;\" width=\"63\">\u22640.07<\/td>\n<td class=\"et5\" style=\"width: 47.25pt;\" width=\"63\">\u22641.00<\/td>\n<td class=\"et5\" style=\"width: 47.25pt;\" width=\"63\">15.0-17.5<\/td>\n<td class=\"et5\" style=\"width: 47.25pt;\" width=\"63\">3.0~5.0<\/td>\n<td class=\"et5\" style=\"width: 39.00pt;\" width=\"52\">\u22641.00<\/td>\n<td class=\"et5\" style=\"width: 36.75pt;\" width=\"49\">-<\/td>\n<td class=\"et5\" style=\"width: 44.25pt;\" width=\"59\">3.00~5.00<\/td>\n<td class=\"et5\" style=\"width: 42.00pt;\" width=\"56\">-<\/td>\n<td class=\"et5\" style=\"width: 47.25pt;\" width=\"63\">-<\/td>\n<td class=\"et5\" style=\"width: 21.00pt;\" width=\"28\">Bal.<\/td>\n<td class=\"et5\" style=\"width: 53.25pt;\" width=\"71\">NB:0,15~0,45<\/td>\n<\/tr>\n<tr style=\"height: 13.50pt;\">\n<td class=\"et6\" style=\"height: 13.50pt; width: 36.00pt;\" width=\"48\" height=\"18\">HK30<\/td>\n<td class=\"et5\" style=\"width: 47.25pt;\" width=\"63\">0.25~0.35<\/td>\n<td class=\"et5\" style=\"width: 47.25pt;\" width=\"63\">\u22641.50<\/td>\n<td class=\"et5\" style=\"width: 47.25pt;\" width=\"63\">24.0~26.0<\/td>\n<td class=\"et5\" style=\"width: 47.25pt;\" width=\"63\">19.0~22.0<\/td>\n<td class=\"et5\" style=\"width: 39.00pt;\" width=\"52\">\u22642.00<\/td>\n<td class=\"et5\" style=\"width: 36.75pt;\" width=\"49\">\u22640.5<\/td>\n<td class=\"et5\" style=\"width: 44.25pt;\" width=\"59\">-<\/td>\n<td class=\"et5\" style=\"width: 42.00pt;\" width=\"56\">-<\/td>\n<td class=\"et5\" style=\"width: 47.25pt;\" width=\"63\">-<\/td>\n<td class=\"et5\" style=\"width: 21.00pt;\" width=\"28\">Bal.<\/td>\n<td class=\"et5\" style=\"width: 53.25pt;\" width=\"71\"><\/td>\n<\/tr>\n<tr style=\"height: 13.50pt;\">\n<td class=\"et6\" style=\"height: 13.50pt; width: 36.00pt;\" width=\"48\" height=\"18\">4340<\/td>\n<td class=\"et5\" style=\"width: 47.25pt;\" width=\"63\">0.38~0.43<\/td>\n<td class=\"et5\" style=\"width: 47.25pt;\" width=\"63\">0.15~0.35<\/td>\n<td class=\"et5\" style=\"width: 47.25pt;\" width=\"63\">0.7~0.9<\/td>\n<td class=\"et5\" style=\"width: 47.25pt;\" width=\"63\">1.65~2.00<\/td>\n<td class=\"et5\" style=\"width: 39.00pt;\" width=\"52\">0.6~0.8<\/td>\n<td class=\"et5\" style=\"width: 36.75pt;\" width=\"49\">0.2~0.3<\/td>\n<td class=\"et5\" style=\"width: 44.25pt;\" width=\"59\">-<\/td>\n<td class=\"et5\" style=\"width: 42.00pt;\" width=\"56\">-<\/td>\n<td class=\"et5\" style=\"width: 47.25pt;\" width=\"63\">-<\/td>\n<td class=\"et5\" style=\"width: 21.00pt;\" width=\"28\">Bal.<\/td>\n<td class=\"et5\" style=\"width: 53.25pt;\" width=\"71\"><\/td>\n<\/tr>\n<tr style=\"height: 13.50pt;\">\n<td class=\"et6\" style=\"height: 13.50pt; width: 36.00pt;\" width=\"48\" height=\"18\">430<\/td>\n<td class=\"et5\" style=\"width: 47.25pt;\" width=\"63\">\u22640.12<\/td>\n<td class=\"et5\" style=\"width: 47.25pt;\" width=\"63\">\u22640.75<\/td>\n<td class=\"et5\" style=\"width: 47.25pt;\" width=\"63\">16.0~18.0<\/td>\n<td class=\"et5\" style=\"width: 47.25pt;\" width=\"63\">-<\/td>\n<td class=\"et5\" style=\"width: 39.00pt;\" width=\"52\">\u22641.00<\/td>\n<td class=\"et5\" style=\"width: 36.75pt;\" width=\"49\">-<\/td>\n<td class=\"et5\" style=\"width: 44.25pt;\" width=\"59\">-<\/td>\n<td class=\"et5\" style=\"width: 42.00pt;\" width=\"56\">-<\/td>\n<td class=\"et5\" style=\"width: 47.25pt;\" width=\"63\">-<\/td>\n<td class=\"et5\" style=\"width: 21.00pt;\" width=\"28\">Bal.<\/td>\n<td class=\"et5\" style=\"width: 53.25pt;\" width=\"71\"><\/td>\n<\/tr>\n<tr style=\"height: 13.50pt;\">\n<td class=\"et6\" style=\"height: 13.50pt; width: 36.00pt;\" width=\"48\" height=\"18\">440C<\/td>\n<td class=\"et5\" style=\"width: 47.25pt;\" width=\"63\">0.95~1.25<\/td>\n<td class=\"et5\" style=\"width: 47.25pt;\" width=\"63\">\u22641.00<\/td>\n<td class=\"et5\" style=\"width: 47.25pt;\" width=\"63\">16.0~18.0<\/td>\n<td class=\"et5\" style=\"width: 47.25pt;\" width=\"63\">-<\/td>\n<td class=\"et5\" style=\"width: 39.00pt;\" width=\"52\">\u22641.00<\/td>\n<td class=\"et5\" style=\"width: 36.75pt;\" width=\"49\">-<\/td>\n<td class=\"et5\" style=\"width: 44.25pt;\" width=\"59\">-<\/td>\n<td class=\"et5\" style=\"width: 42.00pt;\" width=\"56\">-<\/td>\n<td class=\"et5\" style=\"width: 47.25pt;\" width=\"63\">-<\/td>\n<td class=\"et5\" style=\"width: 21.00pt;\" width=\"28\">Bal.<\/td>\n<td class=\"et5\" style=\"width: 53.25pt;\" width=\"71\"><\/td>\n<\/tr>\n<tr style=\"height: 13.50pt;\">\n<td class=\"et6\" style=\"height: 13.50pt; width: 36.00pt;\" width=\"48\" height=\"18\">440CN<\/td>\n<td class=\"et5\" style=\"width: 47.25pt;\" width=\"63\">0.95~1.25<\/td>\n<td class=\"et5\" style=\"width: 47.25pt;\" width=\"63\">\u22641.00<\/td>\n<td class=\"et5\" style=\"width: 47.25pt;\" width=\"63\">16.0~18.0<\/td>\n<td class=\"et5\" style=\"width: 47.25pt;\" width=\"63\">-<\/td>\n<td class=\"et5\" style=\"width: 39.00pt;\" width=\"52\">\u22641.00<\/td>\n<td class=\"et5\" style=\"width: 36.75pt;\" width=\"49\">-<\/td>\n<td class=\"et5\" style=\"width: 44.25pt;\" width=\"59\">\u22640.5<\/td>\n<td class=\"et5\" style=\"width: 42.00pt;\" width=\"56\">-<\/td>\n<td class=\"et5\" style=\"width: 47.25pt;\" width=\"63\">-<\/td>\n<td class=\"et5\" style=\"width: 21.00pt;\" width=\"28\">Bal.<\/td>\n<td class=\"et5\" style=\"width: 53.25pt;\" width=\"71\"><\/td>\n<\/tr>\n<tr style=\"height: 13.50pt;\">\n<td class=\"et6\" style=\"height: 13.50pt; width: 36.00pt;\" width=\"48\" height=\"18\">420J1<\/td>\n<td class=\"et5\" style=\"width: 47.25pt;\" width=\"63\">0.16~0.25<\/td>\n<td class=\"et5\" style=\"width: 47.25pt;\" width=\"63\">\u22641.00<\/td>\n<td class=\"et5\" style=\"width: 47.25pt;\" width=\"63\">12.0-14.0<\/td>\n<td class=\"et5\" style=\"width: 47.25pt;\" width=\"63\">\u22640.6<\/td>\n<td class=\"et5\" style=\"width: 39.00pt;\" width=\"52\">\u22641.00<\/td>\n<td class=\"et5\" style=\"width: 36.75pt;\" width=\"49\">-<\/td>\n<td class=\"et5\" style=\"width: 44.25pt;\" width=\"59\">-<\/td>\n<td class=\"et5\" style=\"width: 42.00pt;\" width=\"56\">-<\/td>\n<td class=\"et5\" style=\"width: 47.25pt;\" width=\"63\">-<\/td>\n<td class=\"et5\" style=\"width: 21.00pt;\" width=\"28\">Bal.<\/td>\n<td class=\"et5\" style=\"width: 53.25pt;\" width=\"71\"><\/td>\n<\/tr>\n<tr style=\"height: 13.50pt;\">\n<td class=\"et6\" style=\"height: 13.50pt; width: 36.00pt;\" width=\"48\" height=\"18\">420J2<\/td>\n<td class=\"et5\" style=\"width: 47.25pt;\" width=\"63\">0.30~0.40<\/td>\n<td class=\"et5\" style=\"width: 47.25pt;\" width=\"63\">\u22641.00<\/td>\n<td class=\"et5\" style=\"width: 47.25pt;\" width=\"63\">12.0-14.0<\/td>\n<td class=\"et5\" style=\"width: 47.25pt;\" width=\"63\">\u22640.6<\/td>\n<td class=\"et5\" style=\"width: 39.00pt;\" width=\"52\">\u22641.00<\/td>\n<td class=\"et5\" style=\"width: 36.75pt;\" width=\"49\">-<\/td>\n<td class=\"et5\" style=\"width: 44.25pt;\" width=\"59\">-<\/td>\n<td class=\"et5\" style=\"width: 42.00pt;\" width=\"56\">-<\/td>\n<td class=\"et5\" style=\"width: 47.25pt;\" width=\"63\">-<\/td>\n<td class=\"et5\" style=\"width: 21.00pt;\" width=\"28\">Bal.<\/td>\n<td class=\"et5\" style=\"width: 53.25pt;\" width=\"71\"><\/td>\n<\/tr>\n<tr style=\"height: 13.50pt;\">\n<td class=\"et6\" style=\"height: 13.50pt; width: 36.00pt;\" width=\"48\" height=\"18\">S136<\/td>\n<td class=\"et5\" style=\"width: 47.25pt;\" width=\"63\">0.20~0.45<\/td>\n<td class=\"et5\" style=\"width: 47.25pt;\" width=\"63\">0.8~1.0<\/td>\n<td class=\"et5\" style=\"width: 47.25pt;\" width=\"63\">12.0-14.0<\/td>\n<td class=\"et5\" style=\"width: 47.25pt;\" width=\"63\">-<\/td>\n<td class=\"et5\" style=\"width: 39.00pt;\" width=\"52\">\u22641.00<\/td>\n<td class=\"et5\" style=\"width: 36.75pt;\" width=\"49\">-<\/td>\n<td class=\"et5\" style=\"width: 44.25pt;\" width=\"59\">-<\/td>\n<td class=\"et5\" style=\"width: 42.00pt;\" width=\"56\">-<\/td>\n<td class=\"et5\" style=\"width: 47.25pt;\" width=\"63\">0.15~0.40<\/td>\n<td class=\"et5\" style=\"width: 21.00pt;\" width=\"28\">Bal.<\/td>\n<td class=\"et5\" style=\"width: 53.25pt;\" width=\"71\"><\/td>\n<\/tr>\n<tr style=\"height: 13.50pt;\">\n<td class=\"et6\" style=\"height: 13.50pt; width: 36.00pt;\" width=\"48\" height=\"18\">D2<\/td>\n<td class=\"et5\" style=\"width: 47.25pt;\" width=\"63\">1.40~1.60<\/td>\n<td class=\"et5\" style=\"width: 47.25pt;\" width=\"63\">\u22640.4<\/td>\n<td class=\"et5\" style=\"width: 47.25pt;\" width=\"63\">11.0~13.0<\/td>\n<td class=\"et5\" style=\"width: 47.25pt;\" width=\"63\">-<\/td>\n<td class=\"et5\" style=\"width: 39.00pt;\" width=\"52\">\u22640.6<\/td>\n<td class=\"et5\" style=\"width: 36.75pt;\" width=\"49\">0.8~1.2<\/td>\n<td class=\"et5\" style=\"width: 44.25pt;\" width=\"59\">-<\/td>\n<td class=\"et5\" style=\"width: 42.00pt;\" width=\"56\">-<\/td>\n<td class=\"et5\" style=\"width: 47.25pt;\" width=\"63\">0.2~0.5<\/td>\n<td class=\"et5\" style=\"width: 21.00pt;\" width=\"28\">Bal.<\/td>\n<td class=\"et5\" style=\"width: 53.25pt;\" width=\"71\"><\/td>\n<\/tr>\n<tr style=\"height: 13.50pt;\">\n<td class=\"et6\" style=\"height: 13.50pt; width: 36.00pt;\" width=\"48\" height=\"18\">H11<\/td>\n<td class=\"et5\" style=\"width: 47.25pt;\" width=\"63\">0.32~0.45<\/td>\n<td class=\"et5\" style=\"width: 47.25pt;\" width=\"63\">0.6-1<\/td>\n<td class=\"et5\" style=\"width: 47.25pt;\" width=\"63\">4.7~5.2<\/td>\n<td class=\"et5\" style=\"width: 47.25pt;\" width=\"63\">-<\/td>\n<td class=\"et5\" style=\"width: 39.00pt;\" width=\"52\">0.2~0.5<\/td>\n<td class=\"et5\" style=\"width: 36.75pt;\" width=\"49\">0.8~1.2<\/td>\n<td class=\"et5\" style=\"width: 44.25pt;\" width=\"59\">-<\/td>\n<td class=\"et5\" style=\"width: 42.00pt;\" width=\"56\">-<\/td>\n<td class=\"et5\" style=\"width: 47.25pt;\" width=\"63\">0.2~0.6<\/td>\n<td class=\"et5\" style=\"width: 21.00pt;\" width=\"28\">Bal.<\/td>\n<td class=\"et5\" style=\"width: 53.25pt;\" width=\"71\"><\/td>\n<\/tr>\n<tr style=\"height: 13.50pt;\">\n<td class=\"et6\" style=\"height: 13.50pt; width: 36.00pt;\" width=\"48\" height=\"18\">H13<\/td>\n<td class=\"et5\" style=\"width: 47.25pt;\" width=\"63\">0.32~0.45<\/td>\n<td class=\"et5\" style=\"width: 47.25pt;\" width=\"63\">0.8~1.2<\/td>\n<td class=\"et5\" style=\"width: 47.25pt;\" width=\"63\">4.75~5.5<\/td>\n<td class=\"et5\" style=\"width: 47.25pt;\" width=\"63\">-<\/td>\n<td class=\"et5\" style=\"width: 39.00pt;\" width=\"52\">0.2~0.5<\/td>\n<td class=\"et5\" style=\"width: 36.75pt;\" width=\"49\">1.1~1.5<\/td>\n<td class=\"et5\" style=\"width: 44.25pt;\" width=\"59\">-<\/td>\n<td class=\"et5\" style=\"width: 42.00pt;\" width=\"56\">-<\/td>\n<td class=\"et5\" style=\"width: 47.25pt;\" width=\"63\">0.8~1.2<\/td>\n<td class=\"et5\" style=\"width: 21.00pt;\" width=\"28\">Bal.<\/td>\n<td class=\"et5\" style=\"width: 53.25pt;\" width=\"71\"><\/td>\n<\/tr>\n<tr style=\"height: 13.50pt;\">\n<td class=\"et6\" style=\"height: 13.50pt; width: 36.00pt;\" width=\"48\" height=\"18\">M2<\/td>\n<td class=\"et5\" style=\"width: 47.25pt;\" width=\"63\">0.78~0.88<\/td>\n<td class=\"et5\" style=\"width: 47.25pt;\" width=\"63\">0.2~0.45<\/td>\n<td class=\"et5\" style=\"width: 47.25pt;\" width=\"63\">3.75~4.5<\/td>\n<td class=\"et5\" style=\"width: 47.25pt;\" width=\"63\">-<\/td>\n<td class=\"et5\" style=\"width: 39.00pt;\" width=\"52\">0.15~0.4<\/td>\n<td class=\"et5\" style=\"width: 36.75pt;\" width=\"49\">4.5~5.5<\/td>\n<td class=\"et5\" style=\"width: 44.25pt;\" width=\"59\">-<\/td>\n<td class=\"et5\" style=\"width: 42.00pt;\" width=\"56\">5.5~6.75<\/td>\n<td class=\"et5\" style=\"width: 47.25pt;\" width=\"63\">1.75~2.2<\/td>\n<td class=\"et5\" style=\"width: 21.00pt;\" width=\"28\">Bal.<\/td>\n<td class=\"et5\" style=\"width: 53.25pt;\" width=\"71\"><\/td>\n<\/tr>\n<tr style=\"height: 13.50pt;\">\n<td class=\"et6\" style=\"height: 13.50pt; width: 36.00pt;\" width=\"48\" height=\"18\">M4<\/td>\n<td class=\"et5\" style=\"width: 47.25pt;\" width=\"63\">1.25~1.40<\/td>\n<td class=\"et5\" style=\"width: 47.25pt;\" width=\"63\">0.2~0.45<\/td>\n<td class=\"et5\" style=\"width: 47.25pt;\" width=\"63\">3.75~4.5<\/td>\n<td class=\"et5\" style=\"width: 47.25pt;\" width=\"63\">-<\/td>\n<td class=\"et5\" style=\"width: 39.00pt;\" width=\"52\">0.15~0.4<\/td>\n<td class=\"et5\" style=\"width: 36.75pt;\" width=\"49\">4.5~5.5<\/td>\n<td class=\"et5\" style=\"width: 44.25pt;\" width=\"59\">-<\/td>\n<td class=\"et5\" style=\"width: 42.00pt;\" width=\"56\">5.25~6.5<\/td>\n<td class=\"et5\" style=\"width: 47.25pt;\" width=\"63\">3.75~4.5<\/td>\n<td class=\"et5\" style=\"width: 21.00pt;\" width=\"28\">Bal.<\/td>\n<td class=\"et5\" style=\"width: 53.25pt;\" width=\"71\"><\/td>\n<\/tr>\n<tr style=\"height: 26.25pt;\">\n<td class=\"et6\" style=\"height: 26.25pt; width: 36.00pt;\" width=\"48\" height=\"35\">T15<\/td>\n<td class=\"et5\" style=\"width: 47.25pt;\" width=\"63\">1.4~1.6<\/td>\n<td class=\"et5\" style=\"width: 47.25pt;\" width=\"63\">0.15~0.4<\/td>\n<td class=\"et5\" style=\"width: 47.25pt;\" width=\"63\">3.75~5<\/td>\n<td class=\"et5\" style=\"width: 47.25pt;\" width=\"63\">-<\/td>\n<td class=\"et5\" style=\"width: 39.00pt;\" width=\"52\">0.15~0.4<\/td>\n<td class=\"et5\" style=\"width: 36.75pt;\" width=\"49\">-<\/td>\n<td class=\"et5\" style=\"width: 44.25pt;\" width=\"59\">-<\/td>\n<td class=\"et5\" style=\"width: 42.00pt;\" width=\"56\">11.75~13<\/td>\n<td class=\"et5\" style=\"width: 47.25pt;\" width=\"63\">4.5-5.25<\/td>\n<td class=\"et5\" style=\"width: 21.00pt;\" width=\"28\">Bal.<\/td>\n<td class=\"et5\" style=\"width: 53.25pt;\" width=\"71\">Co: 4.75~5.25<\/td>\n<\/tr>\n<\/tbody>\n<\/table>\n<\/div>\n<p>&nbsp;<\/p>\n<p><strong>Prozess der Pulverisierung:<\/strong><\/p>\n<ol>\n<li>Wir m\u00fcssen die Legierung entsprechend dem Verh\u00e4ltnis anpassen.<\/li>\n<li>Schmelzen: Die vorbereitete Metalllegierung wird zum Schmelzen und Schmelzen einer hohen Temperatur ausgesetzt, so dass das Metallpulver zu einem flie\u00dfenden, verfl\u00fcssigten K\u00f6rper wird.<\/li>\n<li>Nach der Hochtemperaturbehandlung wird die Legierung desoxidiert, schlackenbildend, schlackenentfernend und schlackenentfernend behandelt und schlie\u00dflich dem Legierungsprodukt zugesetzt.<\/li>\n<li>Nach dem Abk\u00fchlen und Mahlen wird das Produkt gefiltert und gek\u00fchlt, und dann wird das legierte Blockmetall pulverisiert. Die pulverisierten Pulverpartikel werden durch die Windkraft in den Zyklonabscheider oder die rotierende Trommel geleitet, und die Bel\u00fcftung erreicht ein bestimmtes Niveau. Das Produkt wird gesammelt und schlie\u00dflich gesiebt und zu einem Produkt verpackt. Durch das Herausfiltern von Reststoffen oder Substanzen mit zu gro\u00dfen Partikeln werden qualifizierte Produkte f\u00fcr die Verarbeitung verpackt.<\/li>\n<\/ol>\n<p><img fetchpriority=\"high\" decoding=\"async\" class=\"alignnone wp-image-24\" src=\"https:\/\/am-printing.com\/wp-content\/uploads\/2022\/07\/20220228115711b66ca-300x275.webp\" alt=\"\" width=\"1200\" height=\"1098\" srcset=\"https:\/\/am-printing.com\/wp-content\/uploads\/2022\/07\/20220228115711b66ca-300x275.webp 300w, https:\/\/am-printing.com\/wp-content\/uploads\/2022\/07\/20220228115711b66ca-600x549.webp 600w, https:\/\/am-printing.com\/wp-content\/uploads\/2022\/07\/20220228115711b66ca.webp 754w\" sizes=\"(max-width: 1200px) 100vw, 1200px\" \/><\/p>","protected":false},"excerpt":{"rendered":"<p>316L Edelstahlpulver (ss316L) 316L ist eine Edelstahlsorte, die nach der metallografischen Struktur klassifiziert wird und zu den austenitischen Edelst\u00e4hlen geh\u00f6rt.<\/p>","protected":false},"featured_media":18,"comment_status":"open","ping_status":"closed","template":"","meta":[],"product_brand":[],"product_cat":[43],"product_tag":[],"class_list":{"0":"post-23","1":"product","2":"type-product","3":"status-publish","4":"has-post-thumbnail","6":"product_cat-iron-based-alloy-powder","8":"first","9":"instock","10":"shipping-taxable","11":"product-type-simple"},"_links":{"self":[{"href":"https:\/\/am-printing.com\/de\/wp-json\/wp\/v2\/product\/23","targetHints":{"allow":["GET"]}}],"collection":[{"href":"https:\/\/am-printing.com\/de\/wp-json\/wp\/v2\/product"}],"about":[{"href":"https:\/\/am-printing.com\/de\/wp-json\/wp\/v2\/types\/product"}],"replies":[{"embeddable":true,"href":"https:\/\/am-printing.com\/de\/wp-json\/wp\/v2\/comments?post=23"}],"wp:featuredmedia":[{"embeddable":true,"href":"https:\/\/am-printing.com\/de\/wp-json\/wp\/v2\/media\/18"}],"wp:attachment":[{"href":"https:\/\/am-printing.com\/de\/wp-json\/wp\/v2\/media?parent=23"}],"wp:term":[{"taxonomy":"product_brand","embeddable":true,"href":"https:\/\/am-printing.com\/de\/wp-json\/wp\/v2\/product_brand?post=23"},{"taxonomy":"product_cat","embeddable":true,"href":"https:\/\/am-printing.com\/de\/wp-json\/wp\/v2\/product_cat?post=23"},{"taxonomy":"product_tag","embeddable":true,"href":"https:\/\/am-printing.com\/de\/wp-json\/wp\/v2\/product_tag?post=23"}],"curies":[{"name":"wp","href":"https:\/\/api.w.org\/{rel}","templated":true}]}}