{"id":2305,"date":"2025-07-09T06:55:16","date_gmt":"2025-07-09T06:55:16","guid":{"rendered":"https:\/\/am-printing.com\/?post_type=product&#038;p=2305"},"modified":"2025-07-09T06:55:16","modified_gmt":"2025-07-09T06:55:16","slug":"tungsten-carbide-nickel-powder-wc-ni","status":"publish","type":"product","link":"https:\/\/am-printing.com\/de\/tungsten-carbide-nickel-powder-wc-ni\/","title":{"rendered":"Wolframkarbid-Nickel-Pulver WC-Ni"},"content":{"rendered":"<div class=\"elementor-element elementor-element-212055b e-flex e-con-boxed e-con e-parent e-lazyloaded\" data-id=\"212055b\" data-element_type=\"container\">\n<div class=\"e-con-inner\">\n<div class=\"elementor-element elementor-element-cf94279 elementor-widget elementor-widget-text-editor\" data-id=\"cf94279\" data-element_type=\"widget\" data-widget_type=\"text-editor.default\">\n<div class=\"elementor-widget-container\">\n<p><strong>Wolframkarbid-Nickel (typischer Typ WC-10Ni)<\/strong>\u00a0ist ein Hartmetall-Verbundpulver, das aus Wolframkarbid (WC)-Partikeln besteht, die mit einer Nickel (Ni)-Matrix verbunden sind. Es bietet eine ausgewogene Mischung aus hoher H\u00e4rte (1200-1800 HV) aufgrund der Wolframkarbidphase und Z\u00e4higkeit aufgrund der Nickelmatrix.<\/p>\n<p><strong>WC-Ni<\/strong>\u00a0Es ist eine Alternative zu den herk\u00f6mmlichen WC-Co (kobaltgebundenen) Karbiden in bestimmten Anwendungen, insbesondere dort, wo Korrosionsbest\u00e4ndigkeit oder Biokompatibilit\u00e4t von entscheidender Bedeutung sind, da es im Vergleich zu WC-Co eine ausgezeichnete Korrosionsbest\u00e4ndigkeit in sauren oder alkalischen Umgebungen aufweist.<\/p>\n<p><strong>WC-Ni<\/strong>\u00a0ist aufgrund seiner nichtmagnetischen Eigenschaft (im Gegensatz zu WC-Co) f\u00fcr elektronische Anwendungen n\u00fctzlich.<\/p>\n<p><strong>Wolframkarbid-Nickel-Pulver<\/strong>\u00a0wird h\u00e4ufig in Schneidwerkzeugen und -eins\u00e4tzen, verschlei\u00dffesten Beschichtungen und im 3D-Druck (Binder Jetting oder laserbasierte Verfahren) verwendet.<\/p>\n<p>Unser\u00a0<strong>WC-Ni-Pulver\u00a0<\/strong>werden durch Sintern und Zerkleinern mit unregelm\u00e4\u00dfiger Form oder durch Agglomerationssintern mit kugelf\u00f6rmigen oder nahezu kugelf\u00f6rmigen Partikeln mit guter Flie\u00dff\u00e4higkeit hergestellt.<\/p>\n<p>Spr\u00fchen einer dichten Beschichtung durch\u00a0<strong>WC-Ni\u00a0<\/strong>kann eine maximale Betriebstemperatur von bis zu 500\u2103 erreichen, was eine bessere Wahl f\u00fcr \u00d6lfeldausr\u00fcstungen (harte Korrosionsanforderungen), die petrochemische Industrie, Kugelh\u00e4hne, Offshore-Ausr\u00fcstung, Teile usw. ist.<\/p>\n<p>Wir k\u00f6nnen\u00a0<strong>Anpassen<\/strong>\u00a0verschiedene Partikelgr\u00f6\u00dfen f\u00fcr\u00a0<strong>WC-Ni<\/strong>\u00a0Pulver, einschlie\u00dflich\u00a0<strong>5-30, 1<\/strong><strong>5-45, 45-105um<\/strong>,\u00a0<strong>Bitte teilen Sie uns Ihr Anliegen mit.<\/strong><\/p>\n<p>Referenz aus dem TRUER-Bericht Nr. P202007180540 : Die Beschichtungsh\u00e4rte wurde mit 930-1180 HV0.3 getestet, die Haftfestigkeit mit &gt;65MPa f\u00fcr PSD 15-45um bei einer Pulverf\u00f6rderrate von 70-110g\/min und einem Spr\u00fchabstand von 300-400mm.<\/p>\n<\/div>\n<\/div>\n<\/div>\n<\/div>\n<div class=\"elementor-element elementor-element-27acab6 e-flex e-con-boxed e-con e-parent e-lazyloaded\" data-id=\"27acab6\" data-element_type=\"container\">\n<div class=\"e-con-inner\">\n<div class=\"elementor-element elementor-element-7bc2555 elementor-widget elementor-widget-heading\" data-id=\"7bc2555\" data-element_type=\"widget\" data-widget_type=\"heading.default\">\n<div class=\"elementor-widget-container\">\n<h4 class=\"elementor-heading-title elementor-size-default\">Chemische Zusammensetzung<\/h4>\n<\/div>\n<\/div>\n<div class=\"elementor-element elementor-element-fc0ad20 elementor-widget elementor-widget-text-editor\" data-id=\"fc0ad20\" data-element_type=\"widget\" data-widget_type=\"text-editor.default\">\n<div class=\"elementor-widget-container\">\n<table border=\"1\">\n<thead>\n<tr>\n<th>Formel<\/th>\n<th>W<\/th>\n<th>Ni<\/th>\n<th>Fe<\/th>\n<th>Gesamt C<\/th>\n<th>Andere<\/th>\n<\/tr>\n<\/thead>\n<tbody>\n<tr>\n<td>WC-10Ni<\/td>\n<td>Bal.<\/td>\n<td>9.0-11.0<\/td>\n<td>0,3 max.<\/td>\n<td>5.1-5.8<\/td>\n<td>1,0 max.<\/td>\n<\/tr>\n<tr>\n<td>WC-12Ni<\/td>\n<td>Bal.<\/td>\n<td>11.0-13.0<\/td>\n<td>0,3 max.<\/td>\n<td>5.1-5.8<\/td>\n<td>1,0 max.<\/td>\n<\/tr>\n<tr>\n<td>WC-17Ni<\/td>\n<td>Bal.<\/td>\n<td>16.0-18.0<\/td>\n<td>0,3 max.<\/td>\n<td>5.1-5.8<\/td>\n<td>1,0 max.<\/td>\n<\/tr>\n<\/tbody>\n<\/table>\n<p>&nbsp;<\/p>\n<\/div>\n<\/div>\n<\/div>\n<\/div>\n<div class=\"elementor-element elementor-element-f615d49 e-flex e-con-boxed e-con e-parent e-lazyloaded\" data-id=\"f615d49\" data-element_type=\"container\">\n<div class=\"e-con-inner\">\n<div class=\"elementor-element elementor-element-2838d6a elementor-widget elementor-widget-text-editor\" data-id=\"2838d6a\" data-element_type=\"widget\" data-widget_type=\"text-editor.default\">\n<div class=\"elementor-widget-container\">\n<table border=\"1\">\n<thead>\n<tr>\n<th>Prozess<\/th>\n<th>Gr\u00f6\u00dfe Schnitte (um)<\/th>\n<th>D10 (um)<\/th>\n<th>D50 (um)<\/th>\n<th>D90 (um)<\/th>\n<th>Flie\u00dff\u00e4higkeit (s\/50g)<\/th>\n<th>Scheinbare Dichte (g\/cm\u00b3)<\/th>\n<\/tr>\n<\/thead>\n<tbody>\n<tr>\n<td>DED\/LC<\/td>\n<td>45-105<\/td>\n<td>54-60<\/td>\n<td>70-78<\/td>\n<td>95-115<\/td>\n<td>18,0 max.<\/td>\n<td>4.0-6.0<\/td>\n<\/tr>\n<tr>\n<td>HVOF<\/td>\n<td>15-45<\/td>\n<td>16-20<\/td>\n<td>27-32<\/td>\n<td>47-51<\/td>\n<td>18,0 max.<\/td>\n<td>4.0-6.0<\/td>\n<\/tr>\n<tr>\n<td>HVAF<\/td>\n<td>5-30<\/td>\n<td>3-8<\/td>\n<td>10-20<\/td>\n<td>20-35<\/td>\n<td>30,0 max.<\/td>\n<td>4.0-6.0<\/td>\n<\/tr>\n<\/tbody>\n<\/table>\n<p>&nbsp;<\/p>\n<p>&nbsp;<\/p>\n<\/div>\n<\/div>\n<div class=\"elementor-element elementor-element-8b1a153 elementor-widget elementor-widget-text-editor\" data-id=\"8b1a153\" data-element_type=\"widget\" data-widget_type=\"text-editor.default\">\n<div class=\"elementor-widget-container\">\n<p><strong>Kundenspezifische Partikelgr\u00f6\u00dfenverteilung auf Anfrage erh\u00e4ltlich.<\/strong><\/p>\n<p><strong>Detaillierte Testdaten werden im Analysenzertifikat f\u00fcr jede Bestellung angegeben.<\/strong><\/p>\n<\/div>\n<\/div>\n<div class=\"elementor-element elementor-element-d05f1f1 elementor-widget elementor-widget-text-editor\" data-id=\"d05f1f1\" data-element_type=\"widget\" data-widget_type=\"text-editor.default\">\n<div class=\"elementor-widget-container\">\n<p><strong>Verpackung<\/strong><\/p>\n<p>TRUER SPHERE AM-Pulver sind in Verpackungen von 1, 2, 5, 10 und 20 kg oder auf Wunsch in mit Inertgas oder Vakuum gef\u00fcllten Kunststoffflaschen erh\u00e4ltlich.<\/p>\n<\/div>\n<\/div>\n<\/div>\n<\/div>","protected":false},"excerpt":{"rendered":"<p><strong>Wolframkarbid-Nickel (typischer Typ WC-10Ni)<\/strong>\u00a0ist ein Hartmetall-Verbundpulver, das aus Wolframkarbid (WC)-Partikeln besteht, die mit einer Nickel (Ni)-Matrix verbunden sind. Es bietet eine ausgewogene Mischung aus hoher H\u00e4rte (1200-1800 HV) aufgrund der Wolframkarbidphase und Z\u00e4higkeit aufgrund der Nickelmatrix.<\/p>","protected":false},"featured_media":2306,"comment_status":"closed","ping_status":"closed","template":"","meta":[],"product_brand":[],"product_cat":[97],"product_tag":[],"class_list":{"0":"post-2305","1":"product","2":"type-product","3":"status-publish","4":"has-post-thumbnail","6":"product_cat-spraying-powder","8":"first","9":"instock","10":"shipping-taxable","11":"product-type-simple"},"_links":{"self":[{"href":"https:\/\/am-printing.com\/de\/wp-json\/wp\/v2\/product\/2305","targetHints":{"allow":["GET"]}}],"collection":[{"href":"https:\/\/am-printing.com\/de\/wp-json\/wp\/v2\/product"}],"about":[{"href":"https:\/\/am-printing.com\/de\/wp-json\/wp\/v2\/types\/product"}],"replies":[{"embeddable":true,"href":"https:\/\/am-printing.com\/de\/wp-json\/wp\/v2\/comments?post=2305"}],"wp:featuredmedia":[{"embeddable":true,"href":"https:\/\/am-printing.com\/de\/wp-json\/wp\/v2\/media\/2306"}],"wp:attachment":[{"href":"https:\/\/am-printing.com\/de\/wp-json\/wp\/v2\/media?parent=2305"}],"wp:term":[{"taxonomy":"product_brand","embeddable":true,"href":"https:\/\/am-printing.com\/de\/wp-json\/wp\/v2\/product_brand?post=2305"},{"taxonomy":"product_cat","embeddable":true,"href":"https:\/\/am-printing.com\/de\/wp-json\/wp\/v2\/product_cat?post=2305"},{"taxonomy":"product_tag","embeddable":true,"href":"https:\/\/am-printing.com\/de\/wp-json\/wp\/v2\/product_tag?post=2305"}],"curies":[{"name":"wp","href":"https:\/\/api.w.org\/{rel}","templated":true}]}}