{"id":2312,"date":"2025-07-14T05:28:05","date_gmt":"2025-07-14T05:28:05","guid":{"rendered":"https:\/\/am-printing.com\/?post_type=product&#038;p=2312"},"modified":"2025-07-14T05:28:05","modified_gmt":"2025-07-14T05:28:05","slug":"tungsten-carbide-powder-wc","status":"publish","type":"product","link":"https:\/\/am-printing.com\/de\/tungsten-carbide-powder-wc\/","title":{"rendered":"Wolframkarbid-Pulver WC"},"content":{"rendered":"<p><strong>Wolframkarbidpulver\u00a0<\/strong>ist ein keramisch-metallisches Pulver (Cermet), das aus WC-K\u00f6rnern besteht und in Hartmetallen, verschlei\u00dffesten Beschichtungen, Schneidwerkzeugen und der additiven Fertigung weit verbreitet ist.<\/p>\n<p><strong>WC<\/strong>\u00a0ist eines der h\u00e4rtesten Materialien und wird h\u00e4ufig mit metallischen Bindemitteln wie Co, Ni kombiniert, um Hartmetall zu bilden.<\/p>\n<p>Reines\u00a0<strong>WC<\/strong>\u00a0hat eine extreme H\u00e4rte (HV 2200-2400), fast auf Diamantniveau, und einen hohen Schmelzpunkt (2870\u2103). Aber es ist spr\u00f6de und schwer zu sintern allein ist ohne ein Bindemittel als Fl\u00fcssigphasen-Sintern.<\/p>\n<p><strong>WC-Pulver<\/strong>\u00a0kann durch direkte Aufkohlung von Wolfram hergestellt werden, und Agglomerations-Sintern mit sph\u00e4rischer Form f\u00fcr additive Fertigungsanwendungen, Binder-Jetting oder SLM, DED.<strong>\u00a0<\/strong><\/p>\n<p><strong>Kundenspezifische Partikelgr\u00f6\u00dfenverteilung (15-45um, 45-105um, 45-150um) auf Anfrage erh\u00e4ltlich.<\/strong><\/p>\n<p>&nbsp;<\/p>\n<p>Verpackung<\/p>\n<div class=\"elementor-element elementor-element-84c0780 elementor-widget elementor-widget-text-editor\" data-id=\"84c0780\" data-element_type=\"widget\" data-widget_type=\"text-editor.default\">\n<div class=\"elementor-widget-container\">\n<p>TRUER SPHERE AM-Pulver sind in Verpackungen von 1, 2, 5, 10 und 20 kg oder auf Wunsch in mit Inertgas oder Vakuum gef\u00fcllten Kunststoffflaschen erh\u00e4ltlich.<\/p>\n<\/div>\n<p><img fetchpriority=\"high\" decoding=\"async\" class=\"alignnone size-full wp-image-2313\" src=\"https:\/\/am-printing.com\/wp-content\/uploads\/2025\/07\/WC-Powder-TiC.png\" alt=\"WC-Pulver\" width=\"648\" height=\"662\" srcset=\"https:\/\/am-printing.com\/wp-content\/uploads\/2025\/07\/WC-Powder-TiC.png 648w, https:\/\/am-printing.com\/wp-content\/uploads\/2025\/07\/WC-Powder-TiC-294x300.png 294w, https:\/\/am-printing.com\/wp-content\/uploads\/2025\/07\/WC-Powder-TiC-12x12.png 12w, https:\/\/am-printing.com\/wp-content\/uploads\/2025\/07\/WC-Powder-TiC-600x613.png 600w\" sizes=\"(max-width: 648px) 100vw, 648px\" \/> <img decoding=\"async\" class=\"alignnone size-full wp-image-2314\" src=\"https:\/\/am-printing.com\/wp-content\/uploads\/2025\/07\/WC-powder.png\" alt=\"\" width=\"651\" height=\"684\" srcset=\"https:\/\/am-printing.com\/wp-content\/uploads\/2025\/07\/WC-powder.png 651w, https:\/\/am-printing.com\/wp-content\/uploads\/2025\/07\/WC-powder-286x300.png 286w, https:\/\/am-printing.com\/wp-content\/uploads\/2025\/07\/WC-powder-11x12.png 11w, https:\/\/am-printing.com\/wp-content\/uploads\/2025\/07\/WC-powder-600x630.png 600w\" sizes=\"(max-width: 651px) 100vw, 651px\" \/><\/p>\n<\/div>","protected":false},"excerpt":{"rendered":"<p><strong>Wolframkarbidpulver\u00a0<\/strong>ist ein keramisch-metallisches Pulver (Cermet), das aus WC-K\u00f6rnern besteht und in Hartmetallen, verschlei\u00dffesten Beschichtungen, Schneidwerkzeugen und der additiven Fertigung weit verbreitet ist.<\/p>\n<p><strong>WC<\/strong>\u00a0ist eines der h\u00e4rtesten Materialien und wird h\u00e4ufig mit metallischen Bindemitteln wie Co, Ni kombiniert, um Hartmetall zu bilden.<\/p>","protected":false},"featured_media":2315,"comment_status":"closed","ping_status":"closed","template":"","meta":[],"product_brand":[],"product_cat":[97],"product_tag":[],"class_list":{"0":"post-2312","1":"product","2":"type-product","3":"status-publish","4":"has-post-thumbnail","6":"product_cat-spraying-powder","8":"first","9":"instock","10":"shipping-taxable","11":"product-type-simple"},"_links":{"self":[{"href":"https:\/\/am-printing.com\/de\/wp-json\/wp\/v2\/product\/2312","targetHints":{"allow":["GET"]}}],"collection":[{"href":"https:\/\/am-printing.com\/de\/wp-json\/wp\/v2\/product"}],"about":[{"href":"https:\/\/am-printing.com\/de\/wp-json\/wp\/v2\/types\/product"}],"replies":[{"embeddable":true,"href":"https:\/\/am-printing.com\/de\/wp-json\/wp\/v2\/comments?post=2312"}],"wp:featuredmedia":[{"embeddable":true,"href":"https:\/\/am-printing.com\/de\/wp-json\/wp\/v2\/media\/2315"}],"wp:attachment":[{"href":"https:\/\/am-printing.com\/de\/wp-json\/wp\/v2\/media?parent=2312"}],"wp:term":[{"taxonomy":"product_brand","embeddable":true,"href":"https:\/\/am-printing.com\/de\/wp-json\/wp\/v2\/product_brand?post=2312"},{"taxonomy":"product_cat","embeddable":true,"href":"https:\/\/am-printing.com\/de\/wp-json\/wp\/v2\/product_cat?post=2312"},{"taxonomy":"product_tag","embeddable":true,"href":"https:\/\/am-printing.com\/de\/wp-json\/wp\/v2\/product_tag?post=2312"}],"curies":[{"name":"wp","href":"https:\/\/api.w.org\/{rel}","templated":true}]}}