{"id":2316,"date":"2025-07-14T05:37:43","date_gmt":"2025-07-14T05:37:43","guid":{"rendered":"https:\/\/am-printing.com\/?post_type=product&#038;p=2316"},"modified":"2025-07-14T05:38:13","modified_gmt":"2025-07-14T05:38:13","slug":"titanium-carbide-powder-tic","status":"publish","type":"product","link":"https:\/\/am-printing.com\/de\/titanium-carbide-powder-tic\/","title":{"rendered":"Titankarbid-Pulver TiC"},"content":{"rendered":"<div class=\"elementor-element elementor-element-212055b e-flex e-con-boxed e-con e-parent e-lazyloaded\" data-id=\"212055b\" data-element_type=\"container\">\n<div class=\"e-con-inner\">\n<div class=\"elementor-element elementor-element-cf94279 elementor-widget elementor-widget-text-editor\" data-id=\"cf94279\" data-element_type=\"widget\" data-widget_type=\"text-editor.default\">\n<div class=\"elementor-widget-container\">\n<p><strong>Titan-Karbid-Pulver\u00a0<\/strong>ist ein keramisch-metallisches (Cermet-)Pulver aus TiC, das f\u00fcr seine extreme H\u00e4rte (3000 HV), seinen hohen Schmelzpunkt (3160 \u00b0C), seine hervorragende Verschlei\u00dffestigkeit und seine bessere elektrische Leitf\u00e4higkeit als die meisten Keramiken bekannt ist und h\u00e4ufig f\u00fcr Schneidwerkzeuge, Beschichtungen und Verbundwerkstoffe verwendet wird.<\/p>\n<p><strong>TRUER TiC-Pulver<\/strong>\u00a0wird im Sinterverfahren mit unregelm\u00e4\u00dfiger Form und durch Spr\u00fchgranulation mit sph\u00e4rischer Form f\u00fcr additive Fertigungsanwendungen, Binder-Jetting oder SLM, DED hergestellt.<strong>\u00a0<\/strong><\/p>\n<p><strong>Kundenspezifische Partikelgr\u00f6\u00dfenverteilung (15-45um, 45-105um, 45-150um) auf Anfrage erh\u00e4ltlich.<\/strong><\/p>\n<p><strong>\u00a0<\/strong><\/p>\n<\/div>\n<\/div>\n<\/div>\n<\/div>\n<div class=\"elementor-element elementor-element-1fcc84a e-flex e-con-boxed e-con e-parent e-lazyloaded\" data-id=\"1fcc84a\" data-element_type=\"container\">\n<div class=\"e-con-inner\">\n<div class=\"elementor-element elementor-element-e0bc722 elementor-widget elementor-widget-heading\" data-id=\"e0bc722\" data-element_type=\"widget\" data-widget_type=\"heading.default\">\n<div class=\"elementor-widget-container\">\n<h3 class=\"elementor-heading-title elementor-size-default\">Verpackung<\/h3>\n<\/div>\n<\/div>\n<div class=\"elementor-element elementor-element-84c0780 elementor-widget elementor-widget-text-editor\" data-id=\"84c0780\" data-element_type=\"widget\" data-widget_type=\"text-editor.default\">\n<div class=\"elementor-widget-container\">\n<p>TRUER SPHERE AM-Pulver sind in Verpackungen von 1, 2, 5, 10 und 20 kg oder auf Wunsch in mit Inertgas oder Vakuum gef\u00fcllten Kunststoffflaschen erh\u00e4ltlich.<\/p>\n<p><img fetchpriority=\"high\" decoding=\"async\" class=\"alignnone size-full wp-image-2317\" src=\"https:\/\/am-printing.com\/wp-content\/uploads\/2025\/07\/TiC-powder-china-manufacturer.png\" alt=\"TiC-Pulver Porzellanhersteller\" width=\"634\" height=\"680\" srcset=\"https:\/\/am-printing.com\/wp-content\/uploads\/2025\/07\/TiC-powder-china-manufacturer.png 634w, https:\/\/am-printing.com\/wp-content\/uploads\/2025\/07\/TiC-powder-china-manufacturer-280x300.png 280w, https:\/\/am-printing.com\/wp-content\/uploads\/2025\/07\/TiC-powder-china-manufacturer-11x12.png 11w, https:\/\/am-printing.com\/wp-content\/uploads\/2025\/07\/TiC-powder-china-manufacturer-600x644.png 600w\" sizes=\"(max-width: 634px) 100vw, 634px\" \/><\/p>\n<p>&nbsp;<\/p>\n<p>&nbsp;<\/p>\n<p><img decoding=\"async\" class=\"alignnone size-full wp-image-2318\" src=\"https:\/\/am-printing.com\/wp-content\/uploads\/2025\/07\/TiC-powder-china-supplier.png\" alt=\"\" width=\"651\" height=\"676\" srcset=\"https:\/\/am-printing.com\/wp-content\/uploads\/2025\/07\/TiC-powder-china-supplier.png 651w, https:\/\/am-printing.com\/wp-content\/uploads\/2025\/07\/TiC-powder-china-supplier-289x300.png 289w, https:\/\/am-printing.com\/wp-content\/uploads\/2025\/07\/TiC-powder-china-supplier-12x12.png 12w, https:\/\/am-printing.com\/wp-content\/uploads\/2025\/07\/TiC-powder-china-supplier-600x623.png 600w\" sizes=\"(max-width: 651px) 100vw, 651px\" \/><\/p>\n<\/div>\n<\/div>\n<\/div>\n<\/div>","protected":false},"excerpt":{"rendered":"<p><strong>Titan-Karbid-Pulver\u00a0<\/strong>ist ein keramisch-metallisches (Cermet-)Pulver aus TiC, das f\u00fcr seine extreme H\u00e4rte (3000 HV), seinen hohen Schmelzpunkt (3160 \u00b0C), seine hervorragende Verschlei\u00dffestigkeit und seine bessere elektrische Leitf\u00e4higkeit als die meisten Keramiken bekannt ist und h\u00e4ufig f\u00fcr Schneidwerkzeuge, Beschichtungen und Verbundwerkstoffe verwendet wird.<\/p>","protected":false},"featured_media":2319,"comment_status":"closed","ping_status":"closed","template":"","meta":[],"product_brand":[],"product_cat":[97],"product_tag":[],"class_list":{"0":"post-2316","1":"product","2":"type-product","3":"status-publish","4":"has-post-thumbnail","6":"product_cat-spraying-powder","8":"first","9":"instock","10":"shipping-taxable","11":"product-type-simple"},"_links":{"self":[{"href":"https:\/\/am-printing.com\/de\/wp-json\/wp\/v2\/product\/2316","targetHints":{"allow":["GET"]}}],"collection":[{"href":"https:\/\/am-printing.com\/de\/wp-json\/wp\/v2\/product"}],"about":[{"href":"https:\/\/am-printing.com\/de\/wp-json\/wp\/v2\/types\/product"}],"replies":[{"embeddable":true,"href":"https:\/\/am-printing.com\/de\/wp-json\/wp\/v2\/comments?post=2316"}],"wp:featuredmedia":[{"embeddable":true,"href":"https:\/\/am-printing.com\/de\/wp-json\/wp\/v2\/media\/2319"}],"wp:attachment":[{"href":"https:\/\/am-printing.com\/de\/wp-json\/wp\/v2\/media?parent=2316"}],"wp:term":[{"taxonomy":"product_brand","embeddable":true,"href":"https:\/\/am-printing.com\/de\/wp-json\/wp\/v2\/product_brand?post=2316"},{"taxonomy":"product_cat","embeddable":true,"href":"https:\/\/am-printing.com\/de\/wp-json\/wp\/v2\/product_cat?post=2316"},{"taxonomy":"product_tag","embeddable":true,"href":"https:\/\/am-printing.com\/de\/wp-json\/wp\/v2\/product_tag?post=2316"}],"curies":[{"name":"wp","href":"https:\/\/api.w.org\/{rel}","templated":true}]}}