{"id":2320,"date":"2025-07-14T05:41:44","date_gmt":"2025-07-14T05:41:44","guid":{"rendered":"https:\/\/am-printing.com\/?post_type=product&#038;p=2320"},"modified":"2025-07-14T05:41:44","modified_gmt":"2025-07-14T05:41:44","slug":"titanium-nitride-powder-tin","status":"publish","type":"product","link":"https:\/\/am-printing.com\/de\/titanium-nitride-powder-tin\/","title":{"rendered":"Titannitrid-Pulver TiN"},"content":{"rendered":"<div class=\"elementor-element elementor-element-212055b e-flex e-con-boxed e-con e-parent e-lazyloaded\" data-id=\"212055b\" data-element_type=\"container\">\n<div class=\"e-con-inner\">\n<div class=\"elementor-element elementor-element-cf94279 elementor-widget elementor-widget-text-editor\" data-id=\"cf94279\" data-element_type=\"widget\" data-widget_type=\"text-editor.default\">\n<div class=\"elementor-widget-container\">\n<p><strong>Titannitrid-Pulver\u00a0<\/strong>ist ein keramisch-metallisches (Cermet-)Pulver, das aus TiN besteht und f\u00fcr seine extreme H\u00e4rte (2000-2500HV), seinen hohen Schmelzpunkt (2930\u2103) und seine hervorragende Verschlei\u00dffestigkeit und elektrische Leitf\u00e4higkeit bekannt ist, die der von Metallen \u00e4hnelt und besser ist als die der meisten Keramiken. Es wird h\u00e4ufig f\u00fcr Schneidwerkzeuge, Beschichtungen und Verbundwerkstoffe verwendet.<\/p>\n<p><strong>TiN-Pulver<\/strong>\u00a0wird durch direkte Nitridierung oder kohlenstoffthermische Reduktion mit einem Reinheitsgrad von 99,8 oder 99,9% hergestellt.<\/p>\n<p><strong>Die Partikelgr\u00f6\u00dfe kann auf Anfrage geliefert werden.<\/strong><\/p>\n<\/div>\n<\/div>\n<\/div>\n<\/div>\n<div class=\"elementor-element elementor-element-1fcc84a e-flex e-con-boxed e-con e-parent e-lazyloaded\" data-id=\"1fcc84a\" data-element_type=\"container\">\n<div class=\"e-con-inner\">\n<div class=\"elementor-element elementor-element-e0bc722 elementor-widget elementor-widget-heading\" data-id=\"e0bc722\" data-element_type=\"widget\" data-widget_type=\"heading.default\">\n<div class=\"elementor-widget-container\">\n<h3 class=\"elementor-heading-title elementor-size-default\">Verpackung<\/h3>\n<\/div>\n<\/div>\n<div class=\"elementor-element elementor-element-84c0780 elementor-widget elementor-widget-text-editor\" data-id=\"84c0780\" data-element_type=\"widget\" data-widget_type=\"text-editor.default\">\n<div class=\"elementor-widget-container\">\n<p>TRUER SPHERE AM-Pulver sind in Verpackungen von 1, 2, 5, 10 und 20 kg oder auf Wunsch in mit Inertgas oder Vakuum gef\u00fcllten Kunststoffflaschen erh\u00e4ltlich.<\/p>\n<\/div>\n<p><img fetchpriority=\"high\" decoding=\"async\" class=\"alignnone size-full wp-image-2322\" src=\"https:\/\/am-printing.com\/wp-content\/uploads\/2025\/07\/TiN-powder-china-supplier.png\" alt=\"TiN-Pulver Porzellanlieferant\" width=\"694\" height=\"803\" srcset=\"https:\/\/am-printing.com\/wp-content\/uploads\/2025\/07\/TiN-powder-china-supplier.png 694w, https:\/\/am-printing.com\/wp-content\/uploads\/2025\/07\/TiN-powder-china-supplier-259x300.png 259w, https:\/\/am-printing.com\/wp-content\/uploads\/2025\/07\/TiN-powder-china-supplier-10x12.png 10w, https:\/\/am-printing.com\/wp-content\/uploads\/2025\/07\/TiN-powder-china-supplier-600x694.png 600w\" sizes=\"(max-width: 694px) 100vw, 694px\" \/><\/p>\n<\/div>\n<\/div>\n<\/div>","protected":false},"excerpt":{"rendered":"<p><strong>Titannitrid-Pulver\u00a0<\/strong>ist ein keramisch-metallisches (Cermet-)Pulver, das aus TiN besteht und f\u00fcr seine extreme H\u00e4rte (2000-2500HV), seinen hohen Schmelzpunkt (2930\u2103) und seine hervorragende Verschlei\u00dffestigkeit und elektrische Leitf\u00e4higkeit bekannt ist, die der von Metallen \u00e4hnelt und besser ist als die der meisten Keramiken. Es wird h\u00e4ufig f\u00fcr Schneidwerkzeuge, Beschichtungen und Verbundwerkstoffe verwendet.<\/p>","protected":false},"featured_media":2321,"comment_status":"closed","ping_status":"closed","template":"","meta":[],"product_brand":[],"product_cat":[97],"product_tag":[],"class_list":{"0":"post-2320","1":"product","2":"type-product","3":"status-publish","4":"has-post-thumbnail","6":"product_cat-spraying-powder","8":"first","9":"instock","10":"shipping-taxable","11":"product-type-simple"},"_links":{"self":[{"href":"https:\/\/am-printing.com\/de\/wp-json\/wp\/v2\/product\/2320","targetHints":{"allow":["GET"]}}],"collection":[{"href":"https:\/\/am-printing.com\/de\/wp-json\/wp\/v2\/product"}],"about":[{"href":"https:\/\/am-printing.com\/de\/wp-json\/wp\/v2\/types\/product"}],"replies":[{"embeddable":true,"href":"https:\/\/am-printing.com\/de\/wp-json\/wp\/v2\/comments?post=2320"}],"wp:featuredmedia":[{"embeddable":true,"href":"https:\/\/am-printing.com\/de\/wp-json\/wp\/v2\/media\/2321"}],"wp:attachment":[{"href":"https:\/\/am-printing.com\/de\/wp-json\/wp\/v2\/media?parent=2320"}],"wp:term":[{"taxonomy":"product_brand","embeddable":true,"href":"https:\/\/am-printing.com\/de\/wp-json\/wp\/v2\/product_brand?post=2320"},{"taxonomy":"product_cat","embeddable":true,"href":"https:\/\/am-printing.com\/de\/wp-json\/wp\/v2\/product_cat?post=2320"},{"taxonomy":"product_tag","embeddable":true,"href":"https:\/\/am-printing.com\/de\/wp-json\/wp\/v2\/product_tag?post=2320"}],"curies":[{"name":"wp","href":"https:\/\/api.w.org\/{rel}","templated":true}]}}