{"id":2323,"date":"2025-07-16T06:13:28","date_gmt":"2025-07-16T06:13:28","guid":{"rendered":"https:\/\/am-printing.com\/?post_type=product&#038;p=2323"},"modified":"2025-07-16T06:18:50","modified_gmt":"2025-07-16T06:18:50","slug":"cm247lc-powder-nickel-alloy-powder","status":"publish","type":"product","link":"https:\/\/am-printing.com\/de\/cm247lc-powder-nickel-alloy-powder\/","title":{"rendered":"CM247LC Pulver | Nickellegierungspulver"},"content":{"rendered":"<p>CM247LC ist eine Art kohlenstoffarmes Legierungspulver auf Nickelbasis mit Nickel als Hauptelement und einigen anderen Elementen wie Kobalt, Chrom, Wolfram, Tantal, Aluminium und Hafnium, die dazu beitragen, dass es sich um eine ausscheidungsh\u00e4rtende, gerichtete, s\u00e4ulenf\u00f6rmige Superlegierung handelt, deren Betriebstemperatur bis zu 1050 \u00b0C erreichen kann. Es hat eine gute Kriech- und Erm\u00fcdungsbest\u00e4ndigkeit, hohe Festigkeit und Oxidations- und Korrosionsbest\u00e4ndigkeit, die in der Luft- und Raumfahrtindustrie sowie in der \u00d6l- und Gasindustrie speziell in Anwendungen mit hohen Temperaturen und korrosiven Umgebungen verwendet wird.<\/p>\n<p>Unser kugelf\u00f6rmiges CM247LC-Pulver wird im PREP-Verfahren (Plasma-Rotationselektroden-Verfahren) hergestellt, um eine h\u00f6here Sph\u00e4rizit\u00e4t und weniger Defekte zu erreichen.<\/p>\n<p><strong>Chemische Zusammensetzung (wt%):<\/strong><\/p>\n<p><img fetchpriority=\"high\" decoding=\"async\" class=\"alignnone size-full wp-image-2326\" src=\"https:\/\/am-printing.com\/wp-content\/uploads\/2025\/07\/CM247LC-POWDER-CHINA-MANUFACTURER.png\" alt=\"CM247LC PULVER CHINA HERSTELLER\" width=\"878\" height=\"213\" srcset=\"https:\/\/am-printing.com\/wp-content\/uploads\/2025\/07\/CM247LC-POWDER-CHINA-MANUFACTURER.png 878w, https:\/\/am-printing.com\/wp-content\/uploads\/2025\/07\/CM247LC-POWDER-CHINA-MANUFACTURER-300x73.png 300w, https:\/\/am-printing.com\/wp-content\/uploads\/2025\/07\/CM247LC-POWDER-CHINA-MANUFACTURER-768x186.png 768w, https:\/\/am-printing.com\/wp-content\/uploads\/2025\/07\/CM247LC-POWDER-CHINA-MANUFACTURER-18x4.png 18w, https:\/\/am-printing.com\/wp-content\/uploads\/2025\/07\/CM247LC-POWDER-CHINA-MANUFACTURER-600x146.png 600w\" sizes=\"(max-width: 878px) 100vw, 878px\" \/><\/p>\n<p>&nbsp;<\/p>\n<p><strong>Morphologie:<\/strong><\/p>\n<p><img decoding=\"async\" class=\"alignnone size-full wp-image-2324\" src=\"https:\/\/am-printing.com\/wp-content\/uploads\/2025\/07\/CM247LC-Powder.png\" alt=\"CM247LC Pulver\" width=\"483\" height=\"366\" srcset=\"https:\/\/am-printing.com\/wp-content\/uploads\/2025\/07\/CM247LC-Powder.png 483w, https:\/\/am-printing.com\/wp-content\/uploads\/2025\/07\/CM247LC-Powder-300x227.png 300w, https:\/\/am-printing.com\/wp-content\/uploads\/2025\/07\/CM247LC-Powder-16x12.png 16w\" sizes=\"(max-width: 483px) 100vw, 483px\" \/><\/p>\n<p>&nbsp;<\/p>\n<p><strong>Partikelgr\u00f6\u00dfenverteilung<\/strong>\u00a0(PSD): 15-53, 45-105, 45-150um oder gesiebt nach Bedarf.<br \/>\n<strong>Form<\/strong>: Sph\u00e4risch<\/p>\n<p><strong>Prozess<\/strong>: PREP<br \/>\n<strong>Verpacken<\/strong>: 5kg, 10kg, 25kg oder nach Bedarf; Plastikflasche\/Dose.<br \/>\n<strong>Anmeldung<\/strong>Additive Fertigung, 3D-Druck, Spr\u00fchen, DED<\/p>","protected":false},"excerpt":{"rendered":"<p>CM247LC ist eine Art kohlenstoffarmes Legierungspulver auf Nickelbasis mit Nickel als Hauptelement und einigen anderen Elementen wie Kobalt, Chrom, Wolfram, Tantal, Aluminium und Hafnium, die dazu beitragen, dass es sich um eine ausscheidungsh\u00e4rtende, gerichtete, s\u00e4ulenf\u00f6rmige Superlegierung handelt, deren Betriebstemperatur bis zu 1050 \u00b0C erreichen kann. Es hat eine gute Kriech- und Erm\u00fcdungsbest\u00e4ndigkeit, hohe Festigkeit und Oxidations- und Korrosionsbest\u00e4ndigkeit, die in der Luft- und Raumfahrtindustrie sowie in der \u00d6l- und Gasindustrie speziell in Anwendungen mit hohen Temperaturen und korrosiven Umgebungen verwendet wird.<\/p>","protected":false},"featured_media":2324,"comment_status":"closed","ping_status":"closed","template":"","meta":[],"product_brand":[],"product_cat":[50],"product_tag":[],"class_list":{"0":"post-2323","1":"product","2":"type-product","3":"status-publish","4":"has-post-thumbnail","6":"product_cat-nickel-alloy-powders","8":"first","9":"instock","10":"shipping-taxable","11":"product-type-simple"},"_links":{"self":[{"href":"https:\/\/am-printing.com\/de\/wp-json\/wp\/v2\/product\/2323","targetHints":{"allow":["GET"]}}],"collection":[{"href":"https:\/\/am-printing.com\/de\/wp-json\/wp\/v2\/product"}],"about":[{"href":"https:\/\/am-printing.com\/de\/wp-json\/wp\/v2\/types\/product"}],"replies":[{"embeddable":true,"href":"https:\/\/am-printing.com\/de\/wp-json\/wp\/v2\/comments?post=2323"}],"wp:featuredmedia":[{"embeddable":true,"href":"https:\/\/am-printing.com\/de\/wp-json\/wp\/v2\/media\/2324"}],"wp:attachment":[{"href":"https:\/\/am-printing.com\/de\/wp-json\/wp\/v2\/media?parent=2323"}],"wp:term":[{"taxonomy":"product_brand","embeddable":true,"href":"https:\/\/am-printing.com\/de\/wp-json\/wp\/v2\/product_brand?post=2323"},{"taxonomy":"product_cat","embeddable":true,"href":"https:\/\/am-printing.com\/de\/wp-json\/wp\/v2\/product_cat?post=2323"},{"taxonomy":"product_tag","embeddable":true,"href":"https:\/\/am-printing.com\/de\/wp-json\/wp\/v2\/product_tag?post=2323"}],"curies":[{"name":"wp","href":"https:\/\/api.w.org\/{rel}","templated":true}]}}