{"id":27,"date":"2022-07-25T06:29:12","date_gmt":"2022-07-25T06:29:12","guid":{"rendered":"https:\/\/am-powder.com\/?post_type=product&#038;p=27"},"modified":"2022-07-27T03:11:00","modified_gmt":"2022-07-27T03:11:00","slug":"spherical-titanium-alloy-powder","status":"publish","type":"product","link":"https:\/\/am-printing.com\/de\/spherical-titanium-alloy-powder\/","title":{"rendered":"Sph\u00e4risches Titanlegierungspulver"},"content":{"rendered":"<p>Biomedizinische Titanlegierungen zeichnen sich durch ihr geringes spezifisches Gewicht, ihre hohe spezifische Festigkeit, ihren niedrigen Modul, ihre Korrosionsbest\u00e4ndigkeit, ihre leichte Bearbeitbarkeit und ihre ausgezeichnete Biokompatibilit\u00e4t aus und haben sich zu einem neuartigen medizinischen Tr\u00e4germaterial f\u00fcr die Diagnose, die Behandlung oder den Ersatz von menschlichem Gewebe und Organen entwickelt. Diese neue medizinische Beta-Titanlegierung hat einen niedrigeren Modul, eine bessere Biokompatibilit\u00e4t und Korrosionsbest\u00e4ndigkeit.<\/p>\n<p><strong>Produkt\u00a0<\/strong><strong>Spezifikation<\/strong><\/p>\n<div style=\"overflow-x: auto;\">\n<table>\n<tbody>\n<tr>\n<td data-sheets-value=\"{&quot;1&quot;:2,&quot;2&quot;:&quot;Component&quot;}\"><strong>Komponente<\/strong><\/td>\n<td style=\"text-align: center;\" data-sheets-value=\"{&quot;1&quot;:2,&quot;2&quot;:&quot;Ti&quot;}\"><strong>Ti<\/strong><\/td>\n<td style=\"text-align: center;\" data-sheets-value=\"{&quot;1&quot;:2,&quot;2&quot;:&quot;Ta&quot;}\"><strong>Ta<\/strong><\/td>\n<td style=\"text-align: center;\" data-sheets-value=\"{&quot;1&quot;:2,&quot;2&quot;:&quot;Nb&quot;}\"><strong>Nb<\/strong><\/td>\n<td style=\"text-align: center;\" data-sheets-value=\"{&quot;1&quot;:2,&quot;2&quot;:&quot;Zr&quot;}\"><strong>Zr<\/strong><\/td>\n<td style=\"text-align: center;\" data-sheets-value=\"{&quot;1&quot;:2,&quot;2&quot;:&quot;N&quot;}\"><strong>N<\/strong><\/td>\n<td style=\"text-align: center;\" data-sheets-value=\"{&quot;1&quot;:2,&quot;2&quot;:&quot;C&quot;}\"><strong>C<\/strong><\/td>\n<\/tr>\n<tr>\n<td data-sheets-value=\"{&quot;1&quot;:2,&quot;2&quot;:&quot;Standard %&quot;}\">Standard %<\/td>\n<td style=\"text-align: center;\" data-sheets-value=\"{&quot;1&quot;:2,&quot;2&quot;:&quot;10.5-12.5&quot;}\">10.5-12.5<\/td>\n<td style=\"text-align: center;\" data-sheets-value=\"{&quot;1&quot;:2,&quot;2&quot;:&quot;42.5-44.5&quot;}\">42.5-44.5<\/td>\n<td style=\"text-align: center;\" data-sheets-value=\"{&quot;1&quot;:2,&quot;2&quot;:&quot;21.5-23.5&quot;}\">21.5-23.5<\/td>\n<td style=\"text-align: center;\" data-sheets-value=\"{&quot;1&quot;:2,&quot;2&quot;:&quot;21.5-23.5&quot;}\">21.5-23.5<\/td>\n<td style=\"text-align: center;\" data-sheets-value=\"{&quot;1&quot;:2,&quot;2&quot;:&quot;\u22640.001&quot;}\">\u22640.001<\/td>\n<td style=\"text-align: center;\" data-sheets-value=\"{&quot;1&quot;:2,&quot;2&quot;:&quot;\u22640.02&quot;}\">\u22640.02<\/td>\n<\/tr>\n<tr>\n<td data-sheets-value=\"{&quot;1&quot;:2,&quot;2&quot;:&quot;Test%&quot;}\">Test%<\/td>\n<td style=\"text-align: center;\" data-sheets-value=\"{&quot;1&quot;:3,&quot;3&quot;:11.62}\">11.62<\/td>\n<td style=\"text-align: center;\" data-sheets-value=\"{&quot;1&quot;:3,&quot;3&quot;:42.74}\">42.74<\/td>\n<td style=\"text-align: center;\" data-sheets-value=\"{&quot;1&quot;:3,&quot;3&quot;:22.74}\">22.74<\/td>\n<td style=\"text-align: center;\" data-sheets-value=\"{&quot;1&quot;:3,&quot;3&quot;:22.13}\">22.13<\/td>\n<td style=\"text-align: center;\" data-sheets-value=\"{&quot;1&quot;:3,&quot;3&quot;:0.01}\">0.01<\/td>\n<td style=\"text-align: center;\" data-sheets-value=\"{&quot;1&quot;:3,&quot;3&quot;:0.0009}\">0.0009<\/td>\n<\/tr>\n<tr>\n<td data-sheets-value=\"{&quot;1&quot;:2,&quot;2&quot;:&quot;Component&quot;}\"><strong>Komponente<\/strong><\/td>\n<td style=\"text-align: center;\" data-sheets-value=\"{&quot;1&quot;:2,&quot;2&quot;:&quot;O&quot;}\"><strong>O<\/strong><\/td>\n<td style=\"text-align: center;\" data-sheets-value=\"{&quot;1&quot;:2,&quot;2&quot;:&quot;H&quot;}\"><strong>H<\/strong><\/td>\n<td><\/td>\n<td><\/td>\n<td><\/td>\n<td><\/td>\n<\/tr>\n<tr>\n<td data-sheets-value=\"{&quot;1&quot;:2,&quot;2&quot;:&quot;Standard %&quot;}\">Standard %<\/td>\n<td style=\"text-align: center;\" data-sheets-value=\"{&quot;1&quot;:2,&quot;2&quot;:&quot;\u22640.1&quot;}\">\u22640.1<\/td>\n<td style=\"text-align: center;\" data-sheets-value=\"{&quot;1&quot;:2,&quot;2&quot;:&quot;\u22640.01&quot;}\">\u22640.01<\/td>\n<td><\/td>\n<td><\/td>\n<td><\/td>\n<td><\/td>\n<\/tr>\n<tr>\n<td data-sheets-value=\"{&quot;1&quot;:2,&quot;2&quot;:&quot;Test%&quot;}\">Test%<\/td>\n<td style=\"text-align: center;\" data-sheets-value=\"{&quot;1&quot;:3,&quot;3&quot;:0.009}\">0.009<\/td>\n<td style=\"text-align: center;\" data-sheets-value=\"{&quot;1&quot;:3,&quot;3&quot;:0.001}\">0.001<\/td>\n<td><\/td>\n<td><\/td>\n<td><\/td>\n<td><\/td>\n<\/tr>\n<\/tbody>\n<\/table>\n<\/div>\n<p>&nbsp;<\/p>\n<p><strong>Produkt-Eigenschaften<\/strong><\/p>\n<ol>\n<li>Erscheinungsbild\uff1aGraues kugelf\u00f6rmiges Pulver<\/li>\n<li>Gr\u00f6\u00dfe: 15-53um<\/li>\n<li>PSD\uff1aD10=18.3\u03bcm\uff0cD50=32.3\u03bcm\uff0cD90=52.4\u03bcm<\/li>\n<\/ol>\n<div style=\"overflow-x: auto;\">\n<table>\n<tbody>\n<tr class=\"firstRow\">\n<td style=\"text-align: center;\"><strong>Nein<\/strong><\/td>\n<td><strong>Name<\/strong><\/td>\n<td><strong>Chemische Zusammensetzung(wt%)<\/strong><\/td>\n<\/tr>\n<tr>\n<td style=\"text-align: center;\">1<\/td>\n<td>18Ni300<\/td>\n<td>Ni17-19\uff0cMo4.5-5.2\uff0cCo8.5-9.5\uff0cTi0.6-0.8\uff0cAl0.05-0.15\uff0cFe(Bal.)<\/td>\n<\/tr>\n<tr>\n<td style=\"text-align: center;\">2<\/td>\n<td>Hastelloy-Legierung<\/td>\n<td>Fe17-20\uff0cCr20.5-23\uff0cMo8-10\uff0cW0.2-1\uff0cCo0.5-2.5\uff0cC0.05-0.15\uff0cNi(Bal.)<\/td>\n<\/tr>\n<tr>\n<td style=\"text-align: center;\">3<\/td>\n<td>AlSi10Mg<\/td>\n<td>Si9-11\uff0cMg0,2-0,45\uff0cAl<a name=\"OLE_LINK2\"><\/a>(Bal.)<\/td>\n<\/tr>\n<tr>\n<td style=\"text-align: center;\">4<\/td>\n<td>CoCrW<\/td>\n<td>Cr26.5-29\uff0cW7-9\uff0cSi1.2-1.9\uff0cCo(Bal.)<\/td>\n<\/tr>\n<tr>\n<td style=\"text-align: center;\">5<\/td>\n<td>Co28Cr6Mo<\/td>\n<td>Cr27-29\uff0cMo5-7\uff0cCo(Bal.)<\/td>\n<\/tr>\n<tr>\n<td style=\"text-align: center;\">6<\/td>\n<td>\u00a0Sph\u00e4risches Ti-Pulver<\/td>\n<td>Ti\u226599.9<\/td>\n<\/tr>\n<tr>\n<td style=\"text-align: center;\">7<\/td>\n<td>TC4<\/td>\n<td>Al5.5-6.8\uff0cV3.5-4.5\uff0cTi(Bal.)<\/td>\n<\/tr>\n<tr>\n<td style=\"text-align: center;\">8<\/td>\n<td>TA15<\/td>\n<td>Al5.5-7.1\uff0cV0.8-2.5\uff0cMo0.8-2\uff0cZr1.5-2.5\uff0cAl(Bal.)<\/td>\n<\/tr>\n<tr>\n<td style=\"text-align: center;\">9<\/td>\n<td>316L<\/td>\n<td>Cr16.00-18.00\uff0c Ni10.00-14.00\uff0cMo2.00-3.00\uff0cFe(Bal.)<\/td>\n<\/tr>\n<tr>\n<td style=\"text-align: center;\">10<\/td>\n<td>S136<\/td>\n<td>Cr12.0-14.0\uff0cSi0.8-1.0\uff0cV0.15-0.4\uff0cC0.2-0.45\uff0cFe(Bal.)<\/td>\n<\/tr>\n<tr>\n<td style=\"text-align: center;\">11<\/td>\n<td>In625<\/td>\n<td>Cr20-23 , Mo8-10 , Nb 3,15-4,15 , Co\u22641, Fe\u22641 , Ni (bal.)<\/td>\n<\/tr>\n<tr>\n<td style=\"text-align: center;\">12<\/td>\n<td>In718<\/td>\n<td>Cr17-21 , Mo2.8-3.3 , Nb 4.75-5.5 , Co\u22641, Ni50-51 , Fe(Bal.)<\/td>\n<\/tr>\n<tr>\n<td style=\"text-align: center;\">13<\/td>\n<td>Sph\u00e4risches WC<\/td>\n<td>C3.7-4.2\uff0cW(Bal.)<\/td>\n<\/tr>\n<tr>\n<td style=\"text-align: center;\">14<\/td>\n<td>Sph\u00e4risches Cr-Pulver<\/td>\n<td>Cr\u226599,9<\/td>\n<\/tr>\n<tr>\n<td style=\"text-align: center;\">15<\/td>\n<td>Sph\u00e4risches Mo-Pulver<\/td>\n<td>Mo\u226599.9<\/td>\n<\/tr>\n<tr>\n<td style=\"text-align: center;\">16<\/td>\n<td>Sph\u00e4risches Ta-Pulver<\/td>\n<td>Ta\u226599.9<\/td>\n<\/tr>\n<tr>\n<td style=\"text-align: center;\">17<\/td>\n<td>Sph\u00e4risches W-Pulver<\/td>\n<td>W\u226599.9<\/td>\n<\/tr>\n<\/tbody>\n<\/table>\n<\/div>","protected":false},"excerpt":{"rendered":"<p>3D-Druck von Titanlegierungspulver TiTaNbZr f\u00fcr die Medizin.<\/p>","protected":false},"featured_media":18,"comment_status":"open","ping_status":"closed","template":"","meta":[],"product_brand":[],"product_cat":[16,20],"product_tag":[],"class_list":{"0":"post-27","1":"product","2":"type-product","3":"status-publish","4":"has-post-thumbnail","6":"product_cat-additive-manufacturing-powder","7":"product_cat-titanium-alloy-powder","9":"first","10":"instock","11":"shipping-taxable","12":"product-type-simple"},"_links":{"self":[{"href":"https:\/\/am-printing.com\/de\/wp-json\/wp\/v2\/product\/27","targetHints":{"allow":["GET"]}}],"collection":[{"href":"https:\/\/am-printing.com\/de\/wp-json\/wp\/v2\/product"}],"about":[{"href":"https:\/\/am-printing.com\/de\/wp-json\/wp\/v2\/types\/product"}],"replies":[{"embeddable":true,"href":"https:\/\/am-printing.com\/de\/wp-json\/wp\/v2\/comments?post=27"}],"wp:featuredmedia":[{"embeddable":true,"href":"https:\/\/am-printing.com\/de\/wp-json\/wp\/v2\/media\/18"}],"wp:attachment":[{"href":"https:\/\/am-printing.com\/de\/wp-json\/wp\/v2\/media?parent=27"}],"wp:term":[{"taxonomy":"product_brand","embeddable":true,"href":"https:\/\/am-printing.com\/de\/wp-json\/wp\/v2\/product_brand?post=27"},{"taxonomy":"product_cat","embeddable":true,"href":"https:\/\/am-printing.com\/de\/wp-json\/wp\/v2\/product_cat?post=27"},{"taxonomy":"product_tag","embeddable":true,"href":"https:\/\/am-printing.com\/de\/wp-json\/wp\/v2\/product_tag?post=27"}],"curies":[{"name":"wp","href":"https:\/\/api.w.org\/{rel}","templated":true}]}}