{"id":2749,"date":"2025-08-19T05:51:57","date_gmt":"2025-08-19T05:51:57","guid":{"rendered":"https:\/\/am-printing.com\/?post_type=product&#038;p=2749"},"modified":"2025-08-19T05:51:58","modified_gmt":"2025-08-19T05:51:58","slug":"pure-chromium-powder","status":"publish","type":"product","link":"https:\/\/am-printing.com\/de\/pure-chromium-powder\/","title":{"rendered":"Reines Chrompulver"},"content":{"rendered":"<p>Chrommetallpulver wird wegen seiner au\u00dfergew\u00f6hnlichen H\u00e4rte, Korrosionsbest\u00e4ndigkeit und seines hohen Schmelzpunkts h\u00e4ufig f\u00fcr licht- und hitzebest\u00e4ndige Beschichtungen, Schleifmittel, Farbstoffe f\u00fcr Glas und Keramik sowie f\u00fcr Katalysatoren verwendet.<\/p>\n<p>Reines Cr-Pulver ist in verschiedenen Partikelgr\u00f6\u00dfen und sowohl in kugelf\u00f6rmiger als auch in unregelm\u00e4\u00dfiger Form erh\u00e4ltlich. Es kann durch Plasmasph\u00e4roidisierung, PREP, Reduktion oder mechanische Mahlverfahren hergestellt werden.<\/p>\n<p>Sph\u00e4risches Chrompulver f\u00fcr den 3D-Druck wird normalerweise mit der Truer-Plasma-Sph\u00e4roidisierungs- oder PREP-Maschine hergestellt. Die Partikelgr\u00f6\u00dfe kann nach den Spezifikationen der Kunden angepasst werden. Normalerweise umfassen unsere gemeinsamen Partikelgr\u00f6\u00dfen PSD 15-53um, 45-105um, 53-150um.<\/p>\n<p><strong>Chemische Zusammensetzung von kugelf\u00f6rmigem Cr-Pulver:<\/strong><\/p>\n<p><img fetchpriority=\"high\" decoding=\"async\" class=\"alignnone size-full wp-image-2750\" src=\"https:\/\/am-printing.com\/wp-content\/uploads\/2025\/08\/Cr-powder-specification.png\" alt=\"Cr-Pulver-Spezifikation\" width=\"760\" height=\"82\" srcset=\"https:\/\/am-printing.com\/wp-content\/uploads\/2025\/08\/Cr-powder-specification.png 760w, https:\/\/am-printing.com\/wp-content\/uploads\/2025\/08\/Cr-powder-specification-300x32.png 300w, https:\/\/am-printing.com\/wp-content\/uploads\/2025\/08\/Cr-powder-specification-18x2.png 18w, https:\/\/am-printing.com\/wp-content\/uploads\/2025\/08\/Cr-powder-specification-600x65.png 600w\" sizes=\"(max-width: 760px) 100vw, 760px\" \/><\/p>\n<h2>Herstellungsverfahren:<\/h2>\n<p>Sph\u00e4risches Cr-Pulver kann durch Plasmasph\u00e4roidisierung und PREP-Verfahren hergestellt werden.<\/p>\n<p>Die Plasmasph\u00e4roidisierung ist eine fortschrittliche Pulververarbeitungstechnik zur Herstellung von kugelf\u00f6rmigen Metall- oder Keramikpulvern mit hoher Reinheit und dichtem Gef\u00fcge, bei der unregelm\u00e4\u00dfig geformte Pulver mit Hilfe eines Plasmabrenners zu kugelf\u00f6rmigen Tr\u00f6pfchen geschmolzen werden.<\/p>\n<p>Die PREP-Methode (Plasma-Rotations-Elektroden-Verfahren) ist ein Verfahren zur Herstellung von Pulvern mit hervorragender Reinheit und ohne Hohl- und Satellitenpulver. Dabei werden St\u00e4be des gew\u00fcnschten Metall- oder Legierungspulvers als rotierende Elektrode verwendet, die in der Regel zylindrisch sind und sich mit hoher Geschwindigkeit drehen. Ein Hochtemperatur-Plasmalichtbogen wird erzeugt und auf die Spitze der Elektrode gerichtet, dann schmilzt der Plasmalichtbogen die Oberfl\u00e4che der Elektrode und zerf\u00e4llt in feine Tr\u00f6pfchen.<\/p>\n<p><img decoding=\"async\" class=\"alignnone size-full wp-image-2747\" src=\"https:\/\/am-printing.com\/wp-content\/uploads\/2022\/07\/Mo-powder.png\" alt=\"\" width=\"676\" height=\"486\" srcset=\"https:\/\/am-printing.com\/wp-content\/uploads\/2022\/07\/Mo-powder.png 676w, https:\/\/am-printing.com\/wp-content\/uploads\/2022\/07\/Mo-powder-300x216.png 300w, https:\/\/am-printing.com\/wp-content\/uploads\/2022\/07\/Mo-powder-18x12.png 18w, https:\/\/am-printing.com\/wp-content\/uploads\/2022\/07\/Mo-powder-600x431.png 600w\" sizes=\"(max-width: 676px) 100vw, 676px\" \/><\/p>\n<p><strong>REM-Aufnahme von Cr-Pulver durch Plasmasph\u00e4roidisierung:<\/strong><\/p>\n<p><img decoding=\"async\" class=\"alignnone size-full wp-image-2752\" src=\"https:\/\/am-printing.com\/wp-content\/uploads\/2025\/08\/Cr-powder.png\" alt=\"Cr-Pulver\" width=\"420\" height=\"391\" srcset=\"https:\/\/am-printing.com\/wp-content\/uploads\/2025\/08\/Cr-powder.png 420w, https:\/\/am-printing.com\/wp-content\/uploads\/2025\/08\/Cr-powder-300x279.png 300w, https:\/\/am-printing.com\/wp-content\/uploads\/2025\/08\/Cr-powder-13x12.png 13w\" sizes=\"(max-width: 420px) 100vw, 420px\" \/><\/p>","protected":false},"excerpt":{"rendered":"<p>Chrommetallpulver wird wegen seiner au\u00dfergew\u00f6hnlichen H\u00e4rte, Korrosionsbest\u00e4ndigkeit und seines hohen Schmelzpunkts h\u00e4ufig f\u00fcr licht- und hitzebest\u00e4ndige Beschichtungen, Schleifmittel, Farbstoffe f\u00fcr Glas und Keramik sowie f\u00fcr Katalysatoren verwendet.<\/p>\n<p>Reines Cr-Pulver ist in verschiedenen Partikelgr\u00f6\u00dfen und sowohl in kugelf\u00f6rmiger als auch in unregelm\u00e4\u00dfiger Form erh\u00e4ltlich. Es kann durch Plasmasph\u00e4roidisierung, PREP, Reduktion oder mechanische Mahlverfahren hergestellt werden.<\/p>\n<p>Sph\u00e4risches Chrompulver f\u00fcr den 3D-Druck wird normalerweise mit der Truer-Plasma-Sph\u00e4roidisierungs- oder PREP-Maschine hergestellt. Die Partikelgr\u00f6\u00dfe kann nach den Spezifikationen der Kunden angepasst werden. Normalerweise umfassen unsere gemeinsamen Partikelgr\u00f6\u00dfen PSD 15-53um, 45-105um, 53-150um.<\/p>","protected":false},"featured_media":2753,"comment_status":"closed","ping_status":"closed","template":"","meta":[],"product_brand":[],"product_cat":[23,16],"product_tag":[],"class_list":{"0":"post-2749","1":"product","2":"type-product","3":"status-publish","4":"has-post-thumbnail","6":"product_cat-refractory-metal-powder","7":"product_cat-additive-manufacturing-powder","9":"first","10":"instock","11":"shipping-taxable","12":"product-type-simple"},"_links":{"self":[{"href":"https:\/\/am-printing.com\/de\/wp-json\/wp\/v2\/product\/2749","targetHints":{"allow":["GET"]}}],"collection":[{"href":"https:\/\/am-printing.com\/de\/wp-json\/wp\/v2\/product"}],"about":[{"href":"https:\/\/am-printing.com\/de\/wp-json\/wp\/v2\/types\/product"}],"replies":[{"embeddable":true,"href":"https:\/\/am-printing.com\/de\/wp-json\/wp\/v2\/comments?post=2749"}],"wp:featuredmedia":[{"embeddable":true,"href":"https:\/\/am-printing.com\/de\/wp-json\/wp\/v2\/media\/2753"}],"wp:attachment":[{"href":"https:\/\/am-printing.com\/de\/wp-json\/wp\/v2\/media?parent=2749"}],"wp:term":[{"taxonomy":"product_brand","embeddable":true,"href":"https:\/\/am-printing.com\/de\/wp-json\/wp\/v2\/product_brand?post=2749"},{"taxonomy":"product_cat","embeddable":true,"href":"https:\/\/am-printing.com\/de\/wp-json\/wp\/v2\/product_cat?post=2749"},{"taxonomy":"product_tag","embeddable":true,"href":"https:\/\/am-printing.com\/de\/wp-json\/wp\/v2\/product_tag?post=2749"}],"curies":[{"name":"wp","href":"https:\/\/api.w.org\/{rel}","templated":true}]}}