{"id":2754,"date":"2025-08-19T06:00:52","date_gmt":"2025-08-19T06:00:52","guid":{"rendered":"https:\/\/am-printing.com\/?post_type=product&#038;p=2754"},"modified":"2025-08-19T06:00:52","modified_gmt":"2025-08-19T06:00:52","slug":"feco50-feco35-powder","status":"publish","type":"product","link":"https:\/\/am-printing.com\/de\/feco50-feco35-powder\/","title":{"rendered":"FeCo50 &amp; FeCo35 Pulver"},"content":{"rendered":"<p>FeCo35- oder FeCo50-Pulver bezieht sich auf ein bestimmtes Pulver aus einer Eisen-Kobalt-Legierung, wobei die Zahl \"35\" oder \"50\" einen Kobaltgehalt von etwa 35% bzw. 50% nach Gewicht angibt. Diese Legierung ist f\u00fcr ihre weichmagnetischen Eigenschaften bekannt und eignet sich daher f\u00fcr verschiedene Anwendungen in Branchen wie Luft- und Raumfahrt, Automobilbau und Energie.<\/p>\n<p>Diese Legierung weist hervorragende weichmagnetische Eigenschaften auf, was bedeutet, dass sie leicht magnetisiert und entmagnetisiert werden kann. Dies ist entscheidend f\u00fcr Anwendungen, bei denen ein schnelles Umschalten der Magnetfelder erforderlich ist.<\/p>\n<p>FeCo35- und FeCo50-Pulver wird aufgrund seiner hervorragenden magnetischen Eigenschaften in verschiedenen Anwendungen eingesetzt: Additive Fertigung (3D-Druck): Es wird in 3D-Druckverfahren wie dem Laser-Pulverbett-Verfahren zur Herstellung komplizierter magnetischer Komponenten verwendet und kommt in Bereichen zum Einsatz, die eine hohe Haltbarkeit, Oxidations- und Verschlei\u00dffestigkeit sowie eine effiziente Leitung des magnetischen Flusses erfordern.<\/p>\n<p>FeCo35- und FeCo50-Pulver wird h\u00e4ufig in einer kugelf\u00f6rmigen Form hergestellt, um eine bessere Flie\u00dff\u00e4higkeit und Packungsdichte beim 3D-Druck und anderen Herstellungsverfahren zu erreichen. Es sind verschiedene Partikelgr\u00f6\u00dfen erh\u00e4ltlich, z. B. 5-25\u03bcm, 0-45\u03bcm, 15-53um und 45-105\u03bcm, je nach Kundenwunsch.<\/p>\n<p>&nbsp;<\/p>\n<p><strong>SEM-Foto:<\/strong><\/p>\n<p><img fetchpriority=\"high\" decoding=\"async\" class=\"alignnone  wp-image-2755\" src=\"https:\/\/am-printing.com\/wp-content\/uploads\/2025\/08\/FeCo50-FeCo35.jpg\" alt=\"FeCo50 FeCo35\" width=\"402\" height=\"322\" srcset=\"https:\/\/am-printing.com\/wp-content\/uploads\/2025\/08\/FeCo50-FeCo35.jpg 1280w, https:\/\/am-printing.com\/wp-content\/uploads\/2025\/08\/FeCo50-FeCo35-300x240.jpg 300w, https:\/\/am-printing.com\/wp-content\/uploads\/2025\/08\/FeCo50-FeCo35-1024x819.jpg 1024w, https:\/\/am-printing.com\/wp-content\/uploads\/2025\/08\/FeCo50-FeCo35-768x614.jpg 768w, https:\/\/am-printing.com\/wp-content\/uploads\/2025\/08\/FeCo50-FeCo35-15x12.jpg 15w, https:\/\/am-printing.com\/wp-content\/uploads\/2025\/08\/FeCo50-FeCo35-600x480.jpg 600w\" sizes=\"(max-width: 402px) 100vw, 402px\" \/><\/p>\n<p><strong>COA von FeCo35 mit PSD 0-45um:<\/strong><\/p>\n<p><img decoding=\"async\" class=\"alignnone size-full wp-image-2756\" src=\"https:\/\/am-printing.com\/wp-content\/uploads\/2025\/08\/COA-FeCo50.jpg\" alt=\"COA-FeCo50\" width=\"661\" height=\"599\" srcset=\"https:\/\/am-printing.com\/wp-content\/uploads\/2025\/08\/COA-FeCo50.jpg 661w, https:\/\/am-printing.com\/wp-content\/uploads\/2025\/08\/COA-FeCo50-300x272.jpg 300w, https:\/\/am-printing.com\/wp-content\/uploads\/2025\/08\/COA-FeCo50-13x12.jpg 13w, https:\/\/am-printing.com\/wp-content\/uploads\/2025\/08\/COA-FeCo50-600x544.jpg 600w\" sizes=\"(max-width: 661px) 100vw, 661px\" \/><\/p>","protected":false},"excerpt":{"rendered":"<p>FeCo35- oder FeCo50-Pulver bezieht sich auf ein bestimmtes Pulver aus einer Eisen-Kobalt-Legierung, wobei die Zahl \"35\" oder \"50\" einen Kobaltgehalt von etwa 35% bzw. 50% nach Gewicht angibt. Diese Legierung ist f\u00fcr ihre weichmagnetischen Eigenschaften bekannt und eignet sich daher f\u00fcr verschiedene Anwendungen in Branchen wie Luft- und Raumfahrt, Automobilbau und Energie.<\/p>","protected":false},"featured_media":2757,"comment_status":"closed","ping_status":"closed","template":"","meta":[],"product_brand":[],"product_cat":[43],"product_tag":[],"class_list":{"0":"post-2754","1":"product","2":"type-product","3":"status-publish","4":"has-post-thumbnail","6":"product_cat-iron-based-alloy-powder","8":"first","9":"instock","10":"shipping-taxable","11":"product-type-simple"},"_links":{"self":[{"href":"https:\/\/am-printing.com\/de\/wp-json\/wp\/v2\/product\/2754","targetHints":{"allow":["GET"]}}],"collection":[{"href":"https:\/\/am-printing.com\/de\/wp-json\/wp\/v2\/product"}],"about":[{"href":"https:\/\/am-printing.com\/de\/wp-json\/wp\/v2\/types\/product"}],"replies":[{"embeddable":true,"href":"https:\/\/am-printing.com\/de\/wp-json\/wp\/v2\/comments?post=2754"}],"wp:featuredmedia":[{"embeddable":true,"href":"https:\/\/am-printing.com\/de\/wp-json\/wp\/v2\/media\/2757"}],"wp:attachment":[{"href":"https:\/\/am-printing.com\/de\/wp-json\/wp\/v2\/media?parent=2754"}],"wp:term":[{"taxonomy":"product_brand","embeddable":true,"href":"https:\/\/am-printing.com\/de\/wp-json\/wp\/v2\/product_brand?post=2754"},{"taxonomy":"product_cat","embeddable":true,"href":"https:\/\/am-printing.com\/de\/wp-json\/wp\/v2\/product_cat?post=2754"},{"taxonomy":"product_tag","embeddable":true,"href":"https:\/\/am-printing.com\/de\/wp-json\/wp\/v2\/product_tag?post=2754"}],"curies":[{"name":"wp","href":"https:\/\/api.w.org\/{rel}","templated":true}]}}