{"id":2796,"date":"2025-09-08T07:52:28","date_gmt":"2025-09-08T07:52:28","guid":{"rendered":"https:\/\/am-printing.com\/?post_type=product&#038;p=2796"},"modified":"2025-09-08T07:52:28","modified_gmt":"2025-09-08T07:52:28","slug":"stainless-steel-410-powder","status":"publish","type":"product","link":"https:\/\/am-printing.com\/de\/stainless-steel-410-powder\/","title":{"rendered":"Edelstahl 410 Pulver"},"content":{"rendered":"<h1>Edelstahl 410 Pulver<\/h1>\n<p>410 Edelstahlpulver \uff08AISI 410-Legierung, FeCr12.5\uff09ist eine Form von martensitischem Edelstahlpulver, das Eisen, Chrom und eine geringe Menge an Kohlenstoff enth\u00e4lt und f\u00fcr seine hohe Festigkeit, H\u00e4rte und Verschlei\u00dffestigkeit bekannt ist. Es weist eine m\u00e4\u00dfige Korrosionsbest\u00e4ndigkeit auf und ist stark magnetisch, was eine W\u00e4rmebehandlung zur Erzielung einer hohen H\u00e4rte erm\u00f6glicht. Die Eigenschaften des Pulvers, wie z. B. Partikelgr\u00f6\u00dfe, Form und Flie\u00dfverhalten, sind f\u00fcr die additive Fertigung, den 3D-Druck, das Spr\u00fchen, DED- und MIM-Verfahren (Metal Injection Molding) ma\u00dfgeschneidert.<\/p>\n<p><strong>Chemische Zusammensetzung (wt%):<\/strong><\/p>\n<p><img fetchpriority=\"high\" decoding=\"async\" class=\"alignnone size-full wp-image-2797\" src=\"https:\/\/am-printing.com\/wp-content\/uploads\/2025\/09\/410-powder-chins-supplier.png\" alt=\"410 Pulver Kinn Lieferant\" width=\"815\" height=\"360\" srcset=\"https:\/\/am-printing.com\/wp-content\/uploads\/2025\/09\/410-powder-chins-supplier.png 815w, https:\/\/am-printing.com\/wp-content\/uploads\/2025\/09\/410-powder-chins-supplier-300x133.png 300w, https:\/\/am-printing.com\/wp-content\/uploads\/2025\/09\/410-powder-chins-supplier-768x339.png 768w, https:\/\/am-printing.com\/wp-content\/uploads\/2025\/09\/410-powder-chins-supplier-18x8.png 18w, https:\/\/am-printing.com\/wp-content\/uploads\/2025\/09\/410-powder-chins-supplier-600x265.png 600w\" sizes=\"(max-width: 815px) 100vw, 815px\" \/><\/p>\n<p><strong>Morphologie:<\/strong><\/p>\n<p>Unser 410-Pulver hat eine kugelf\u00f6rmige Form, die eine hohe Packungsdichte, einen besseren Fluss und eine geringere Schrumpfung im folgenden Prozess beg\u00fcnstigt.<\/p>\n<p><img decoding=\"async\" class=\"alignnone size-full wp-image-2798\" src=\"https:\/\/am-printing.com\/wp-content\/uploads\/2025\/09\/steel-powder-410-powder.png\" alt=\"Stahlpulver 410 Pulver\" width=\"783\" height=\"348\" srcset=\"https:\/\/am-printing.com\/wp-content\/uploads\/2025\/09\/steel-powder-410-powder.png 783w, https:\/\/am-printing.com\/wp-content\/uploads\/2025\/09\/steel-powder-410-powder-300x133.png 300w, https:\/\/am-printing.com\/wp-content\/uploads\/2025\/09\/steel-powder-410-powder-768x341.png 768w, https:\/\/am-printing.com\/wp-content\/uploads\/2025\/09\/steel-powder-410-powder-18x8.png 18w, https:\/\/am-printing.com\/wp-content\/uploads\/2025\/09\/steel-powder-410-powder-600x267.png 600w\" sizes=\"(max-width: 783px) 100vw, 783px\" \/><\/p>\n<p><strong>Partikelgr\u00f6\u00dfenverteilung (PSD):<\/strong><\/p>\n<p>Unsere \u00fcbliche Partikelgr\u00f6\u00dfe kann 15-53, 45-105, 45-150um sein. Die Partikelgr\u00f6\u00dfe kann auch nach Bedarf gesiebt werden, wie 100-150um, 50-100um oder 0-30um usw.<\/p>\n<p><img decoding=\"async\" class=\"alignnone size-full wp-image-2799\" src=\"https:\/\/am-printing.com\/wp-content\/uploads\/2025\/09\/steel-powder-410-china-factory.png\" alt=\"stahlpulver 410 china fabrik\" width=\"845\" height=\"276\" srcset=\"https:\/\/am-printing.com\/wp-content\/uploads\/2025\/09\/steel-powder-410-china-factory.png 845w, https:\/\/am-printing.com\/wp-content\/uploads\/2025\/09\/steel-powder-410-china-factory-300x98.png 300w, https:\/\/am-printing.com\/wp-content\/uploads\/2025\/09\/steel-powder-410-china-factory-768x251.png 768w, https:\/\/am-printing.com\/wp-content\/uploads\/2025\/09\/steel-powder-410-china-factory-18x6.png 18w, https:\/\/am-printing.com\/wp-content\/uploads\/2025\/09\/steel-powder-410-china-factory-600x196.png 600w\" sizes=\"(max-width: 845px) 100vw, 845px\" \/><\/p>\n<p>Die Hochtemperatureigenschaften der additiven DED-Fertigung von TRUER 410- und 430-Pulver wurden erforscht und in Micromachines 2025 ver\u00f6ffentlicht.<\/p>\n<p>&nbsp;<\/p>\n<p><strong>Verpacken: <\/strong><\/p>\n<p>5kg, 10kg, 25kg oder nach Bedarf; Plastikflasche\/Dose.<\/p>\n<p><img loading=\"lazy\" decoding=\"async\" class=\"alignnone size-full wp-image-2800\" src=\"https:\/\/am-printing.com\/wp-content\/uploads\/2025\/09\/PACKING.png\" alt=\"VERPACKUNG\" width=\"386\" height=\"496\" srcset=\"https:\/\/am-printing.com\/wp-content\/uploads\/2025\/09\/PACKING.png 386w, https:\/\/am-printing.com\/wp-content\/uploads\/2025\/09\/PACKING-233x300.png 233w, https:\/\/am-printing.com\/wp-content\/uploads\/2025\/09\/PACKING-9x12.png 9w\" sizes=\"(max-width: 386px) 100vw, 386px\" \/><\/p>","protected":false},"excerpt":{"rendered":"<p>410 Edelstahlpulver \uff08AISI 410-Legierung, FeCr12.5\uff09ist eine Form von martensitischem Edelstahlpulver, das Eisen, Chrom und eine geringe Menge an Kohlenstoff enth\u00e4lt und f\u00fcr seine hohe Festigkeit, H\u00e4rte und Verschlei\u00dffestigkeit bekannt ist. Es weist eine m\u00e4\u00dfige Korrosionsbest\u00e4ndigkeit auf und ist stark magnetisch, was eine W\u00e4rmebehandlung zur Erzielung einer hohen H\u00e4rte erm\u00f6glicht. Die Eigenschaften des Pulvers, wie z. B. Partikelgr\u00f6\u00dfe, Form und Flie\u00dfverhalten, sind f\u00fcr die additive Fertigung, den 3D-Druck, das Spr\u00fchen, DED- und MIM-Verfahren (Metal Injection Molding) ma\u00dfgeschneidert.<\/p>","protected":false},"featured_media":2801,"comment_status":"closed","ping_status":"closed","template":"","meta":[],"product_brand":[],"product_cat":[43],"product_tag":[],"class_list":{"0":"post-2796","1":"product","2":"type-product","3":"status-publish","4":"has-post-thumbnail","6":"product_cat-iron-based-alloy-powder","8":"first","9":"instock","10":"shipping-taxable","11":"product-type-simple"},"_links":{"self":[{"href":"https:\/\/am-printing.com\/de\/wp-json\/wp\/v2\/product\/2796","targetHints":{"allow":["GET"]}}],"collection":[{"href":"https:\/\/am-printing.com\/de\/wp-json\/wp\/v2\/product"}],"about":[{"href":"https:\/\/am-printing.com\/de\/wp-json\/wp\/v2\/types\/product"}],"replies":[{"embeddable":true,"href":"https:\/\/am-printing.com\/de\/wp-json\/wp\/v2\/comments?post=2796"}],"wp:featuredmedia":[{"embeddable":true,"href":"https:\/\/am-printing.com\/de\/wp-json\/wp\/v2\/media\/2801"}],"wp:attachment":[{"href":"https:\/\/am-printing.com\/de\/wp-json\/wp\/v2\/media?parent=2796"}],"wp:term":[{"taxonomy":"product_brand","embeddable":true,"href":"https:\/\/am-printing.com\/de\/wp-json\/wp\/v2\/product_brand?post=2796"},{"taxonomy":"product_cat","embeddable":true,"href":"https:\/\/am-printing.com\/de\/wp-json\/wp\/v2\/product_cat?post=2796"},{"taxonomy":"product_tag","embeddable":true,"href":"https:\/\/am-printing.com\/de\/wp-json\/wp\/v2\/product_tag?post=2796"}],"curies":[{"name":"wp","href":"https:\/\/api.w.org\/{rel}","templated":true}]}}