{"id":2805,"date":"2025-09-10T07:04:38","date_gmt":"2025-09-10T07:04:38","guid":{"rendered":"https:\/\/am-printing.com\/?post_type=product&#038;p=2805"},"modified":"2025-09-10T07:07:06","modified_gmt":"2025-09-10T07:07:06","slug":"aisi-sae-1045-steel-powder","status":"publish","type":"product","link":"https:\/\/am-printing.com\/de\/aisi-sae-1045-steel-powder\/","title":{"rendered":"AISI\/SAE 1045 Stahl-Pulver"},"content":{"rendered":"<h1>AISI\/SAE 1045 Stahl-Pulver<\/h1>\n<p>1045-Pulver ist eine spezielle Sorte von Stahlpulver mit mittlerem Kohlenstoffgehalt, die in verschiedenen 3D-Metalldruckverfahren wie dem selektiven Laserschmelzen (SLM) verwendet wird, um robuste, komplexe und leichte Teile f\u00fcr Branchen wie die Automobilindustrie und den allgemeinen Maschinenbau herzustellen.<\/p>\n<p>Unser 1045-Pulver, das von PREP f\u00fcr bessere kugelf\u00f6rmige Partikel und weniger hohle &amp; Satelliten-Pulver f\u00fcr 3D-Druckanwendungen hergestellt wird, bietet ein gutes Gleichgewicht zwischen Festigkeit, Haltbarkeit und Kosteneffizienz, mit der M\u00f6glichkeit, nach dem Druck w\u00e4rmebehandelt zu werden, um die mechanischen Eigenschaften weiter zu verbessern.<\/p>\n<p>Die Pulvereigenschaften wie Partikelgr\u00f6\u00dfe, Form und Flie\u00dfverhalten unseres Carbonyl 1045-Pulvers sind auf die Prozesse des Kaltgie\u00dfens und Metal Injection Molding (MIM) zugeschnitten.<\/p>\n<h3><strong>AISI\/SAE 1045 Stahlpulver - Chemische Zusammensetzung (wt%):\u00a0<\/strong><\/h3>\n<p><img fetchpriority=\"high\" decoding=\"async\" class=\"alignnone size-full wp-image-2806\" src=\"https:\/\/am-printing.com\/wp-content\/uploads\/2025\/09\/1045-POWDER-china-supplier.png\" alt=\"1045 POWDER china lieferant\" width=\"865\" height=\"391\" srcset=\"https:\/\/am-printing.com\/wp-content\/uploads\/2025\/09\/1045-POWDER-china-supplier.png 865w, https:\/\/am-printing.com\/wp-content\/uploads\/2025\/09\/1045-POWDER-china-supplier-300x136.png 300w, https:\/\/am-printing.com\/wp-content\/uploads\/2025\/09\/1045-POWDER-china-supplier-768x347.png 768w, https:\/\/am-printing.com\/wp-content\/uploads\/2025\/09\/1045-POWDER-china-supplier-18x8.png 18w, https:\/\/am-printing.com\/wp-content\/uploads\/2025\/09\/1045-POWDER-china-supplier-600x271.png 600w\" sizes=\"(max-width: 865px) 100vw, 865px\" \/><\/p>\n<h3><strong>AISI\/SAE 1045 Stahl Pulver-<\/strong><strong> Morphologie:<\/strong><\/h3>\n<p><img decoding=\"async\" class=\"alignnone size-full wp-image-2807\" src=\"https:\/\/am-printing.com\/wp-content\/uploads\/2025\/09\/1045-powder-SEM-photo.png\" alt=\"1045 Pulver SEM-Foto\" width=\"757\" height=\"321\" srcset=\"https:\/\/am-printing.com\/wp-content\/uploads\/2025\/09\/1045-powder-SEM-photo.png 757w, https:\/\/am-printing.com\/wp-content\/uploads\/2025\/09\/1045-powder-SEM-photo-300x127.png 300w, https:\/\/am-printing.com\/wp-content\/uploads\/2025\/09\/1045-powder-SEM-photo-18x8.png 18w, https:\/\/am-printing.com\/wp-content\/uploads\/2025\/09\/1045-powder-SEM-photo-600x254.png 600w\" sizes=\"(max-width: 757px) 100vw, 757px\" \/><\/p>\n<h3><strong>AISI\/SAE 1045 Stahl Pulver-<\/strong><strong>Partikelgr\u00f6\u00dfenverteilung (PSD):<\/strong><\/h3>\n<p>Unsere \u00fcbliche Partikelgr\u00f6\u00dfe kann 15-53, 45-105, 45-150um f\u00fcr PREP 1045 Pulver sein. Die Partikelgr\u00f6\u00dfe von Carbonyl 1045 Pulver ist normalerweise weniger als 25um.<\/p>\n<p><img decoding=\"async\" class=\"alignnone size-full wp-image-2808\" src=\"https:\/\/am-printing.com\/wp-content\/uploads\/2025\/09\/1045-powder-PSD-photo.png\" alt=\"1045 Pulver PSD Foto\" width=\"657\" height=\"376\" srcset=\"https:\/\/am-printing.com\/wp-content\/uploads\/2025\/09\/1045-powder-PSD-photo.png 657w, https:\/\/am-printing.com\/wp-content\/uploads\/2025\/09\/1045-powder-PSD-photo-300x172.png 300w, https:\/\/am-printing.com\/wp-content\/uploads\/2025\/09\/1045-powder-PSD-photo-18x10.png 18w, https:\/\/am-printing.com\/wp-content\/uploads\/2025\/09\/1045-powder-PSD-photo-600x343.png 600w\" sizes=\"(max-width: 657px) 100vw, 657px\" \/><\/p>\n<h3><strong>Verpacken: <\/strong><\/h3>\n<p>5kg, 10kg, 25kg oder nach Bedarf; Plastikflasche\/Dose.<\/p>\n<p><img loading=\"lazy\" decoding=\"async\" class=\"alignnone size-full wp-image-2809\" src=\"https:\/\/am-printing.com\/wp-content\/uploads\/2025\/09\/1045-powder-packing-photo.png\" alt=\"1045 Pulververpackung Foto\" width=\"320\" height=\"404\" srcset=\"https:\/\/am-printing.com\/wp-content\/uploads\/2025\/09\/1045-powder-packing-photo.png 320w, https:\/\/am-printing.com\/wp-content\/uploads\/2025\/09\/1045-powder-packing-photo-238x300.png 238w, https:\/\/am-printing.com\/wp-content\/uploads\/2025\/09\/1045-powder-packing-photo-10x12.png 10w\" sizes=\"(max-width: 320px) 100vw, 320px\" \/><\/p>\n<p>&nbsp;<\/p>\n<p>&nbsp;<\/p>\n<p>&nbsp;<\/p>","protected":false},"excerpt":{"rendered":"<p>AISI\/SAE 1045 Stahlpulver ist eine spezielle Sorte von Stahlpulver mit mittlerem Kohlenstoffgehalt, das in verschiedenen Metall-3D-Druckverfahren wie dem selektiven Laserschmelzen (SLM) verwendet wird, um robuste, komplexe und leichte Teile f\u00fcr Branchen wie die Automobilindustrie und den allgemeinen Maschinenbau herzustellen.<\/p>\n<p>Unser 1045-Pulver, das von PREP f\u00fcr bessere kugelf\u00f6rmige Partikel und weniger hohle &amp; Satelliten-Pulver f\u00fcr 3D-Druckanwendungen hergestellt wird, bietet ein gutes Gleichgewicht zwischen Festigkeit, Haltbarkeit und Kosteneffizienz, mit der M\u00f6glichkeit, nach dem Druck w\u00e4rmebehandelt zu werden, um die mechanischen Eigenschaften weiter zu verbessern.<\/p>","protected":false},"featured_media":2811,"comment_status":"closed","ping_status":"closed","template":"","meta":[],"product_brand":[],"product_cat":[43],"product_tag":[],"class_list":{"0":"post-2805","1":"product","2":"type-product","3":"status-publish","4":"has-post-thumbnail","6":"product_cat-iron-based-alloy-powder","8":"first","9":"instock","10":"shipping-taxable","11":"product-type-simple"},"_links":{"self":[{"href":"https:\/\/am-printing.com\/de\/wp-json\/wp\/v2\/product\/2805","targetHints":{"allow":["GET"]}}],"collection":[{"href":"https:\/\/am-printing.com\/de\/wp-json\/wp\/v2\/product"}],"about":[{"href":"https:\/\/am-printing.com\/de\/wp-json\/wp\/v2\/types\/product"}],"replies":[{"embeddable":true,"href":"https:\/\/am-printing.com\/de\/wp-json\/wp\/v2\/comments?post=2805"}],"wp:featuredmedia":[{"embeddable":true,"href":"https:\/\/am-printing.com\/de\/wp-json\/wp\/v2\/media\/2811"}],"wp:attachment":[{"href":"https:\/\/am-printing.com\/de\/wp-json\/wp\/v2\/media?parent=2805"}],"wp:term":[{"taxonomy":"product_brand","embeddable":true,"href":"https:\/\/am-printing.com\/de\/wp-json\/wp\/v2\/product_brand?post=2805"},{"taxonomy":"product_cat","embeddable":true,"href":"https:\/\/am-printing.com\/de\/wp-json\/wp\/v2\/product_cat?post=2805"},{"taxonomy":"product_tag","embeddable":true,"href":"https:\/\/am-printing.com\/de\/wp-json\/wp\/v2\/product_tag?post=2805"}],"curies":[{"name":"wp","href":"https:\/\/api.w.org\/{rel}","templated":true}]}}