{"id":2814,"date":"2025-09-12T03:37:42","date_gmt":"2025-09-12T03:37:42","guid":{"rendered":"https:\/\/am-printing.com\/?post_type=product&#038;p=2814"},"modified":"2025-09-12T03:37:42","modified_gmt":"2025-09-12T03:37:42","slug":"cuni2sicr-powder-copper-based-metal-powder","status":"publish","type":"product","link":"https:\/\/am-printing.com\/de\/cuni2sicr-powder-copper-based-metal-powder\/","title":{"rendered":"CuNi2SiCr-Pulver Metallpulver auf Kupferbasis"},"content":{"rendered":"<h1>CuNi2SiCr-Pulver Metallpulver auf Kupferbasis<\/h1>\n<p>CuNi2SiCr-Pulver ist ein kugelf\u00f6rmiges, thermisch h\u00e4rtbares Kupferlegierungspulver, das f\u00fcr die additive Fertigung (3D-Druck) verwendet wird und hohe Steifigkeit, gute elektrische und thermische Leitf\u00e4higkeit, hohe Festigkeit und ausgezeichnete Korrosionsbest\u00e4ndigkeit bietet. Es eignet sich besonders f\u00fcr hochpr\u00e4zise Anwendungen in der Luft- und Raumfahrt, der Automobilindustrie, der Medizintechnik und der Schifffahrt. Das Pulver ist f\u00fcr seine kugelf\u00f6rmige Form bekannt, die eine ausgezeichnete Flie\u00dff\u00e4higkeit und Packungsdichte f\u00fcr verbesserte Druckprozesse und hervorragende Oberfl\u00e4cheng\u00fcten bietet.<\/p>\n<h3><strong>CuNi2SiCr-Pulver - <span style=\"color: #800000;\">Chemische Zusammensetzung (wt%):<\/span><\/strong><\/h3>\n<p><img fetchpriority=\"high\" decoding=\"async\" class=\"alignnone size-full wp-image-2815\" src=\"https:\/\/am-printing.com\/wp-content\/uploads\/2025\/09\/CuNi2SiCr-Copper-Based-Metal-Powder-chemical-composition.png\" alt=\"CuNi2SiCr-Pulver Metallpulver aus Kupferlegierungen\" width=\"863\" height=\"302\" srcset=\"https:\/\/am-printing.com\/wp-content\/uploads\/2025\/09\/CuNi2SiCr-Copper-Based-Metal-Powder-chemical-composition.png 863w, https:\/\/am-printing.com\/wp-content\/uploads\/2025\/09\/CuNi2SiCr-Copper-Based-Metal-Powder-chemical-composition-300x105.png 300w, https:\/\/am-printing.com\/wp-content\/uploads\/2025\/09\/CuNi2SiCr-Copper-Based-Metal-Powder-chemical-composition-768x269.png 768w, https:\/\/am-printing.com\/wp-content\/uploads\/2025\/09\/CuNi2SiCr-Copper-Based-Metal-Powder-chemical-composition-18x6.png 18w, https:\/\/am-printing.com\/wp-content\/uploads\/2025\/09\/CuNi2SiCr-Copper-Based-Metal-Powder-chemical-composition-600x210.png 600w\" sizes=\"(max-width: 863px) 100vw, 863px\" \/><\/p>\n<h3><strong>CuNi2SiCr-Pulver - <\/strong><span style=\"color: #800000;\"><strong>Morphologie:<\/strong><\/span><\/h3>\n<p><img decoding=\"async\" class=\"alignnone size-full wp-image-2817\" src=\"https:\/\/am-printing.com\/wp-content\/uploads\/2025\/09\/CuNi2SiCr-Copper-Based-Metal-Powder.png\" alt=\"CuNi2SiCr-Pulver Metallpulver auf Kupferbasis\" width=\"522\" height=\"413\" srcset=\"https:\/\/am-printing.com\/wp-content\/uploads\/2025\/09\/CuNi2SiCr-Copper-Based-Metal-Powder.png 522w, https:\/\/am-printing.com\/wp-content\/uploads\/2025\/09\/CuNi2SiCr-Copper-Based-Metal-Powder-300x237.png 300w, https:\/\/am-printing.com\/wp-content\/uploads\/2025\/09\/CuNi2SiCr-Copper-Based-Metal-Powder-15x12.png 15w\" sizes=\"(max-width: 522px) 100vw, 522px\" \/><\/p>\n<h3><strong>CuNi2SiCr-Pulver -<\/strong><span style=\"color: #800000;\"><strong>Partikelgr\u00f6\u00dfe:<\/strong><\/span><\/h3>\n<p>\u00dcbliche Partikelgr\u00f6\u00dfen sind: 0-25um, 15-53um, 45-105um, 53-150um.<\/p>\n<h3><span style=\"color: #800000;\"><strong>Eigenschaften von\u00a0<\/strong><\/span><strong>CuNi2SiCr-Pulver <\/strong><span style=\"color: #800000;\"><strong>nach SLM gebaut:<\/strong><\/span><\/h3>\n<p><img decoding=\"async\" class=\"alignnone size-full wp-image-2816\" src=\"https:\/\/am-printing.com\/wp-content\/uploads\/2025\/09\/CuNi2SiCr-Copper-Based-Metal-Powder-COA.png\" alt=\"CuNi2SiCr-Pulver Metallpulver auf Kupferbasis COA\" width=\"701\" height=\"197\" srcset=\"https:\/\/am-printing.com\/wp-content\/uploads\/2025\/09\/CuNi2SiCr-Copper-Based-Metal-Powder-COA.png 701w, https:\/\/am-printing.com\/wp-content\/uploads\/2025\/09\/CuNi2SiCr-Copper-Based-Metal-Powder-COA-300x84.png 300w, https:\/\/am-printing.com\/wp-content\/uploads\/2025\/09\/CuNi2SiCr-Copper-Based-Metal-Powder-COA-18x5.png 18w, https:\/\/am-printing.com\/wp-content\/uploads\/2025\/09\/CuNi2SiCr-Copper-Based-Metal-Powder-COA-600x169.png 600w\" sizes=\"(max-width: 701px) 100vw, 701px\" \/><\/p>\n<h3><strong>CuNi2SiCr-Pulver -<\/strong><span style=\"color: #800000;\"><strong>Verpacken:<\/strong><\/span><\/h3>\n<p>5kg, 10kg, 25kg oder nach Bedarf; Plastikflasche\/Dose.<\/p>\n<p><img loading=\"lazy\" decoding=\"async\" class=\"alignnone size-full wp-image-2818\" src=\"https:\/\/am-printing.com\/wp-content\/uploads\/2025\/09\/\u5305\u88c5\u74f6.png\" alt=\"CuNi2SiCr Pulververpackung\" width=\"434\" height=\"575\" srcset=\"https:\/\/am-printing.com\/wp-content\/uploads\/2025\/09\/\u5305\u88c5\u74f6.png 434w, https:\/\/am-printing.com\/wp-content\/uploads\/2025\/09\/\u5305\u88c5\u74f6-226x300.png 226w, https:\/\/am-printing.com\/wp-content\/uploads\/2025\/09\/\u5305\u88c5\u74f6-9x12.png 9w\" sizes=\"(max-width: 434px) 100vw, 434px\" \/><\/p>\n<p>&nbsp;<\/p>\n<p>&nbsp;<\/p>","protected":false},"excerpt":{"rendered":"<p>CuNi2SiCr-Pulver Metallpulver auf Kupferbasis, CuNi2SiCr-Pulver ist ein kugelf\u00f6rmiges, thermisch h\u00e4rtbares Kupferlegierungspulver, das f\u00fcr die additive Fertigung (3D-Druck) verwendet wird und eine hohe Steifigkeit, gute elektrische und thermische Leitf\u00e4higkeit, hohe Festigkeit und ausgezeichnete Korrosionsbest\u00e4ndigkeit bietet. Es eignet sich besonders f\u00fcr hochpr\u00e4zise Anwendungen in der Luft- und Raumfahrt, der Automobilindustrie, der Medizintechnik und der Schifffahrt. Das Pulver ist f\u00fcr seine kugelf\u00f6rmige Form bekannt, die eine ausgezeichnete Flie\u00dff\u00e4higkeit und Packungsdichte f\u00fcr verbesserte Druckprozesse und hervorragende Oberfl\u00e4cheng\u00fcten bietet.<\/p>\n<p>&nbsp;<\/p>","protected":false},"featured_media":2817,"comment_status":"closed","ping_status":"closed","template":"","meta":[],"product_brand":[],"product_cat":[98],"product_tag":[],"class_list":{"0":"post-2814","1":"product","2":"type-product","3":"status-publish","4":"has-post-thumbnail","6":"product_cat-copper-based-alloy-powder-2","8":"first","9":"instock","10":"shipping-taxable","11":"product-type-simple"},"_links":{"self":[{"href":"https:\/\/am-printing.com\/de\/wp-json\/wp\/v2\/product\/2814","targetHints":{"allow":["GET"]}}],"collection":[{"href":"https:\/\/am-printing.com\/de\/wp-json\/wp\/v2\/product"}],"about":[{"href":"https:\/\/am-printing.com\/de\/wp-json\/wp\/v2\/types\/product"}],"replies":[{"embeddable":true,"href":"https:\/\/am-printing.com\/de\/wp-json\/wp\/v2\/comments?post=2814"}],"wp:featuredmedia":[{"embeddable":true,"href":"https:\/\/am-printing.com\/de\/wp-json\/wp\/v2\/media\/2817"}],"wp:attachment":[{"href":"https:\/\/am-printing.com\/de\/wp-json\/wp\/v2\/media?parent=2814"}],"wp:term":[{"taxonomy":"product_brand","embeddable":true,"href":"https:\/\/am-printing.com\/de\/wp-json\/wp\/v2\/product_brand?post=2814"},{"taxonomy":"product_cat","embeddable":true,"href":"https:\/\/am-printing.com\/de\/wp-json\/wp\/v2\/product_cat?post=2814"},{"taxonomy":"product_tag","embeddable":true,"href":"https:\/\/am-printing.com\/de\/wp-json\/wp\/v2\/product_tag?post=2814"}],"curies":[{"name":"wp","href":"https:\/\/api.w.org\/{rel}","templated":true}]}}