{"id":2819,"date":"2025-09-12T06:29:25","date_gmt":"2025-09-12T06:29:25","guid":{"rendered":"https:\/\/am-printing.com\/?post_type=product&#038;p=2819"},"modified":"2025-09-12T06:29:25","modified_gmt":"2025-09-12T06:29:25","slug":"cual10-powder-copper-based-metal-powder","status":"publish","type":"product","link":"https:\/\/am-printing.com\/de\/cual10-powder-copper-based-metal-powder\/","title":{"rendered":"CuAl10 Pulver Metallpulver auf Kupferbasis"},"content":{"rendered":"<h1>CuAl10 Pulver Metallpulver auf Kupferbasis<\/h1>\n<p>CuAl10-Pulver ist eine Art Aluminiumbronze-Pulver, das aus ca. 90% Kupfer und 10% Aluminium nach Gewicht besteht und zur Herstellung von dispersionsverfestigten Kupferlegierungen mit hoher Festigkeit, hervorragender elektrischer und thermischer Leitf\u00e4higkeit und guter Best\u00e4ndigkeit gegen hohe Temperaturen, Verschlei\u00df und Korrosion verwendet wird. Dieses Metallpulver wird in der Regel durch Gasverd\u00fcsung hergestellt, wodurch kugelf\u00f6rmige Partikel entstehen, die sich f\u00fcr Anwendungen wie additive Fertigung, 3D-Druck und andere pulvermetallurgische Verfahren zur Herstellung von Komponenten wie Lagern und Buchsen eignen.<\/p>\n<h3>CuAl10-Pulver -<span style=\"color: #800000;\"><strong>Chemische Zusammensetzung (wt%):<\/strong><\/span><\/h3>\n<p>Die Zusammensetzung kann individuell angepasst werden, um eine h\u00f6here Festigkeit zu erreichen, z. B. CuAl10Fe, CuAl10Ni4.<\/p>\n<p>Die Zugabe von Ni-Element kann \u03b1-Phase mehr einheitlich, Ni als Diffusionskatalysator zu \u00e4ndern.<\/p>\n<p><img fetchpriority=\"high\" decoding=\"async\" class=\"alignnone size-full wp-image-2820\" src=\"https:\/\/am-printing.com\/wp-content\/uploads\/2025\/09\/CuAl10-powder-chemical-composition-china-supplier.png\" alt=\"CuAl10-Pulver chemische Zusammensetzung china supplier\" width=\"865\" height=\"203\" srcset=\"https:\/\/am-printing.com\/wp-content\/uploads\/2025\/09\/CuAl10-powder-chemical-composition-china-supplier.png 865w, https:\/\/am-printing.com\/wp-content\/uploads\/2025\/09\/CuAl10-powder-chemical-composition-china-supplier-300x70.png 300w, https:\/\/am-printing.com\/wp-content\/uploads\/2025\/09\/CuAl10-powder-chemical-composition-china-supplier-768x180.png 768w, https:\/\/am-printing.com\/wp-content\/uploads\/2025\/09\/CuAl10-powder-chemical-composition-china-supplier-18x4.png 18w, https:\/\/am-printing.com\/wp-content\/uploads\/2025\/09\/CuAl10-powder-chemical-composition-china-supplier-600x141.png 600w\" sizes=\"(max-width: 865px) 100vw, 865px\" \/><\/p>\n<h3>CuAl10 Pulver-<span style=\"color: #800000;\"><strong>Morphologie:<\/strong><\/span><\/h3>\n<p><img decoding=\"async\" class=\"alignnone size-full wp-image-2822\" src=\"https:\/\/am-printing.com\/wp-content\/uploads\/2025\/09\/CuAl10-powder-china-supplier.png\" alt=\"CuAl10 pulver china lieferant\" width=\"460\" height=\"413\" srcset=\"https:\/\/am-printing.com\/wp-content\/uploads\/2025\/09\/CuAl10-powder-china-supplier.png 460w, https:\/\/am-printing.com\/wp-content\/uploads\/2025\/09\/CuAl10-powder-china-supplier-300x269.png 300w, https:\/\/am-printing.com\/wp-content\/uploads\/2025\/09\/CuAl10-powder-china-supplier-13x12.png 13w\" sizes=\"(max-width: 460px) 100vw, 460px\" \/><\/p>\n<h3>CuAl10 Pulver-<span style=\"color: #800000;\"><strong>Partikelgr\u00f6\u00dfe:<\/strong><\/span><\/h3>\n<p>Einschlie\u00dflich: 0-25um, 15-53um, 45-105um, 53-150um, etc. und anpassbar auf Anfrage.<\/p>\n<h3><span style=\"color: #800000;\"><strong>Mikrostruktur der Mantelschicht:<\/strong><\/span><\/h3>\n<p><img decoding=\"async\" class=\"alignnone size-full wp-image-2821\" src=\"https:\/\/am-printing.com\/wp-content\/uploads\/2025\/09\/CuAl10-powder-china-manufacturer.png\" alt=\"CuAl10 Pulver Porzellan Hersteller\" width=\"766\" height=\"340\" srcset=\"https:\/\/am-printing.com\/wp-content\/uploads\/2025\/09\/CuAl10-powder-china-manufacturer.png 766w, https:\/\/am-printing.com\/wp-content\/uploads\/2025\/09\/CuAl10-powder-china-manufacturer-300x133.png 300w, https:\/\/am-printing.com\/wp-content\/uploads\/2025\/09\/CuAl10-powder-china-manufacturer-18x8.png 18w, https:\/\/am-printing.com\/wp-content\/uploads\/2025\/09\/CuAl10-powder-china-manufacturer-600x266.png 600w\" sizes=\"(max-width: 766px) 100vw, 766px\" \/><\/p>\n<h3><span style=\"color: #800000;\"><span style=\"color: #000000;\">CuAl10 Pulver-<\/span><strong>Verpacken: <\/strong><\/span><\/h3>\n<p>5kg, 10kg, 25kg oder nach Bedarf; Plastikflasche\/Dose.<\/p>\n<p><img loading=\"lazy\" decoding=\"async\" class=\"alignnone size-full wp-image-2818\" src=\"https:\/\/am-printing.com\/wp-content\/uploads\/2025\/09\/\u5305\u88c5\u74f6.png\" alt=\"CuAl10-Pulververpackung\" width=\"434\" height=\"575\" srcset=\"https:\/\/am-printing.com\/wp-content\/uploads\/2025\/09\/\u5305\u88c5\u74f6.png 434w, https:\/\/am-printing.com\/wp-content\/uploads\/2025\/09\/\u5305\u88c5\u74f6-226x300.png 226w, https:\/\/am-printing.com\/wp-content\/uploads\/2025\/09\/\u5305\u88c5\u74f6-9x12.png 9w\" sizes=\"(max-width: 434px) 100vw, 434px\" \/><\/p>","protected":false},"excerpt":{"rendered":"<p>CuAl10-Pulver Metallpulver auf Kupferbasis - CuAl10-Pulver ist eine Art Aluminiumbronze-Pulver, das aus etwa 90% Kupfer und 10% Aluminium nach Gewicht besteht und zur Herstellung von dispersionsgeh\u00e4rteten Kupferlegierungen mit hoher Festigkeit, hervorragender elektrischer und thermischer Leitf\u00e4higkeit und guter Best\u00e4ndigkeit gegen hohe Temperaturen, Verschlei\u00df und Korrosion verwendet wird. Dieses Metallpulver wird in der Regel durch Gasverd\u00fcsung hergestellt, wodurch kugelf\u00f6rmige Partikel entstehen, die sich f\u00fcr Anwendungen wie additive Fertigung, 3D-Druck und andere pulvermetallurgische Verfahren zur Herstellung von Komponenten wie Lagern und Buchsen eignen.<\/p>","protected":false},"featured_media":2822,"comment_status":"closed","ping_status":"closed","template":"","meta":[],"product_brand":[],"product_cat":[98],"product_tag":[],"class_list":{"0":"post-2819","1":"product","2":"type-product","3":"status-publish","4":"has-post-thumbnail","6":"product_cat-copper-based-alloy-powder-2","8":"first","9":"instock","10":"shipping-taxable","11":"product-type-simple"},"_links":{"self":[{"href":"https:\/\/am-printing.com\/de\/wp-json\/wp\/v2\/product\/2819","targetHints":{"allow":["GET"]}}],"collection":[{"href":"https:\/\/am-printing.com\/de\/wp-json\/wp\/v2\/product"}],"about":[{"href":"https:\/\/am-printing.com\/de\/wp-json\/wp\/v2\/types\/product"}],"replies":[{"embeddable":true,"href":"https:\/\/am-printing.com\/de\/wp-json\/wp\/v2\/comments?post=2819"}],"wp:featuredmedia":[{"embeddable":true,"href":"https:\/\/am-printing.com\/de\/wp-json\/wp\/v2\/media\/2822"}],"wp:attachment":[{"href":"https:\/\/am-printing.com\/de\/wp-json\/wp\/v2\/media?parent=2819"}],"wp:term":[{"taxonomy":"product_brand","embeddable":true,"href":"https:\/\/am-printing.com\/de\/wp-json\/wp\/v2\/product_brand?post=2819"},{"taxonomy":"product_cat","embeddable":true,"href":"https:\/\/am-printing.com\/de\/wp-json\/wp\/v2\/product_cat?post=2819"},{"taxonomy":"product_tag","embeddable":true,"href":"https:\/\/am-printing.com\/de\/wp-json\/wp\/v2\/product_tag?post=2819"}],"curies":[{"name":"wp","href":"https:\/\/api.w.org\/{rel}","templated":true}]}}