{"id":2829,"date":"2025-09-12T07:25:19","date_gmt":"2025-09-12T07:25:19","guid":{"rendered":"https:\/\/am-printing.com\/?post_type=product&#038;p=2829"},"modified":"2025-09-12T07:25:19","modified_gmt":"2025-09-12T07:25:19","slug":"cusn10-powder-copper-based-metal-powder","status":"publish","type":"product","link":"https:\/\/am-printing.com\/de\/cusn10-powder-copper-based-metal-powder\/","title":{"rendered":"CuSn10 Pulver Metallpulver auf Kupferbasis"},"content":{"rendered":"<h1>CuSn10 Pulver Metallpulver auf Kupferbasis<\/h1>\n<p>CuSn10-Pulver ist eine Bronzelegierung, die aus etwa 10% Zinn und 90% Kupfer besteht und f\u00fcr ihre hervorragenden mechanischen Eigenschaften bekannt ist, darunter Festigkeit, Verschlei\u00dffestigkeit und Korrosionsbest\u00e4ndigkeit. Es wird durch Gaszerst\u00e4ubung hergestellt, um feine, kugelf\u00f6rmige Partikel zu erzeugen, und wird in der additiven Fertigung (3D-Druck) in der Luft- und Raumfahrt, in der Automobilindustrie und in der Biomedizin verwendet. Durch Wasserzerst\u00e4ubung oder elektrolytische Verfahren werden nicht kugelf\u00f6rmige Partikel f\u00fcr pulvermetallurgische Teile wie Lager und Befestigungselemente erzeugt.<\/p>\n<p>Unsere Forschungsingenieure haben gezeigt, dass mit dem LPBF-Verfahren Multi-Material-Verbundbauteile aus rostfreiem 316L-Stahl und CuSn10 hergestellt werden k\u00f6nnen, und die Zugfestigkeit ihrer Schnittstelle erreicht 328 MPa.<\/p>\n<p>Dar\u00fcber hinaus k\u00f6nnen der Zinngehalt (zwischen 10% und 33%, CuSn10, CuSn15, CuSn20, CuSn33) und die Partikelgr\u00f6\u00dfe je nach Kundenwunsch angepasst werden.<\/p>\n<h3>CuSn10 Pulver-<span style=\"color: #800000;\"><strong>Chemische Zusammensetzung (wt%):<\/strong><\/span><\/h3>\n<p><img fetchpriority=\"high\" decoding=\"async\" class=\"alignnone size-full wp-image-2830\" src=\"https:\/\/am-printing.com\/wp-content\/uploads\/2025\/09\/CuSn10-powder-metal-alloy-powder.png\" alt=\"CuSn10 Pulver Metalllegierungspulver\" width=\"864\" height=\"269\" srcset=\"https:\/\/am-printing.com\/wp-content\/uploads\/2025\/09\/CuSn10-powder-metal-alloy-powder.png 864w, https:\/\/am-printing.com\/wp-content\/uploads\/2025\/09\/CuSn10-powder-metal-alloy-powder-300x93.png 300w, https:\/\/am-printing.com\/wp-content\/uploads\/2025\/09\/CuSn10-powder-metal-alloy-powder-768x239.png 768w, https:\/\/am-printing.com\/wp-content\/uploads\/2025\/09\/CuSn10-powder-metal-alloy-powder-18x6.png 18w, https:\/\/am-printing.com\/wp-content\/uploads\/2025\/09\/CuSn10-powder-metal-alloy-powder-600x187.png 600w\" sizes=\"(max-width: 864px) 100vw, 864px\" \/><\/p>\n<h3>CuSn10 Pulver-<span style=\"color: #800000;\"><strong>Morphologie:<\/strong><\/span><\/h3>\n<p><img decoding=\"async\" class=\"alignnone size-full wp-image-2832\" src=\"https:\/\/am-printing.com\/wp-content\/uploads\/2025\/09\/CuSn10-powder-china-supplier-metal-alloy-powder.png\" alt=\"CuSn10 Pulver China Lieferant Metalllegierungspulver\" width=\"518\" height=\"413\" srcset=\"https:\/\/am-printing.com\/wp-content\/uploads\/2025\/09\/CuSn10-powder-china-supplier-metal-alloy-powder.png 518w, https:\/\/am-printing.com\/wp-content\/uploads\/2025\/09\/CuSn10-powder-china-supplier-metal-alloy-powder-300x239.png 300w, https:\/\/am-printing.com\/wp-content\/uploads\/2025\/09\/CuSn10-powder-china-supplier-metal-alloy-powder-15x12.png 15w\" sizes=\"(max-width: 518px) 100vw, 518px\" \/><\/p>\n<h3>CuSn10 Pulver-<span style=\"color: #800000;\"><strong>Partikelgr\u00f6\u00dfenverteilung von 45-105 um:<\/strong><\/span><\/h3>\n<p>\u00dcbliche Partikelgr\u00f6\u00dfen sind: 0-25um, 15-53um, 45-105um, 53-150um.<\/p>\n<p><img decoding=\"async\" class=\"alignnone size-full wp-image-2833\" src=\"https:\/\/am-printing.com\/wp-content\/uploads\/2025\/09\/CuSn10-powder-distribution-metal-alloy-powder.png\" alt=\"CuSn10-Pulververteilung Metalllegierungspulver\" width=\"865\" height=\"421\" srcset=\"https:\/\/am-printing.com\/wp-content\/uploads\/2025\/09\/CuSn10-powder-distribution-metal-alloy-powder.png 865w, https:\/\/am-printing.com\/wp-content\/uploads\/2025\/09\/CuSn10-powder-distribution-metal-alloy-powder-300x146.png 300w, https:\/\/am-printing.com\/wp-content\/uploads\/2025\/09\/CuSn10-powder-distribution-metal-alloy-powder-768x374.png 768w, https:\/\/am-printing.com\/wp-content\/uploads\/2025\/09\/CuSn10-powder-distribution-metal-alloy-powder-18x9.png 18w, https:\/\/am-printing.com\/wp-content\/uploads\/2025\/09\/CuSn10-powder-distribution-metal-alloy-powder-600x292.png 600w\" sizes=\"(max-width: 865px) 100vw, 865px\" \/><\/p>\n<p>&nbsp;<\/p>\n<h3>CuSn10 Pulver-<span style=\"color: #800000;\"><strong>Anwendungsbeispiel von LDED:<\/strong><\/span><\/h3>\n<p><img loading=\"lazy\" decoding=\"async\" class=\"alignnone size-full wp-image-2831\" src=\"https:\/\/am-printing.com\/wp-content\/uploads\/2025\/09\/CuSn10-powder-china-manufacturer-metal-alloy-powder.png\" alt=\"CuSn10 Pulver Porzellanhersteller Metalllegierungspulver\" width=\"703\" height=\"213\" srcset=\"https:\/\/am-printing.com\/wp-content\/uploads\/2025\/09\/CuSn10-powder-china-manufacturer-metal-alloy-powder.png 703w, https:\/\/am-printing.com\/wp-content\/uploads\/2025\/09\/CuSn10-powder-china-manufacturer-metal-alloy-powder-300x91.png 300w, https:\/\/am-printing.com\/wp-content\/uploads\/2025\/09\/CuSn10-powder-china-manufacturer-metal-alloy-powder-18x5.png 18w, https:\/\/am-printing.com\/wp-content\/uploads\/2025\/09\/CuSn10-powder-china-manufacturer-metal-alloy-powder-600x182.png 600w\" sizes=\"(max-width: 703px) 100vw, 703px\" \/><\/p>\n<h3>CuSn10 Pulver-<span style=\"color: #800000;\"><strong>Verpacken:<\/strong><\/span><\/h3>\n<p><img loading=\"lazy\" decoding=\"async\" class=\"alignnone  wp-image-2818\" src=\"https:\/\/am-printing.com\/wp-content\/uploads\/2025\/09\/\u5305\u88c5\u74f6.png\" alt=\"CuAl10-Pulververpackung\" width=\"307\" height=\"407\" srcset=\"https:\/\/am-printing.com\/wp-content\/uploads\/2025\/09\/\u5305\u88c5\u74f6.png 434w, https:\/\/am-printing.com\/wp-content\/uploads\/2025\/09\/\u5305\u88c5\u74f6-226x300.png 226w, https:\/\/am-printing.com\/wp-content\/uploads\/2025\/09\/\u5305\u88c5\u74f6-9x12.png 9w\" sizes=\"(max-width: 307px) 100vw, 307px\" \/><img loading=\"lazy\" decoding=\"async\" class=\"alignnone size-full wp-image-2834\" src=\"https:\/\/am-printing.com\/wp-content\/uploads\/2025\/09\/CuSn10-powder-china-manufacturer-packing.png\" alt=\"CuSn10 Pulver China Hersteller Verpackung\" width=\"310\" height=\"413\" srcset=\"https:\/\/am-printing.com\/wp-content\/uploads\/2025\/09\/CuSn10-powder-china-manufacturer-packing.png 310w, https:\/\/am-printing.com\/wp-content\/uploads\/2025\/09\/CuSn10-powder-china-manufacturer-packing-225x300.png 225w, https:\/\/am-printing.com\/wp-content\/uploads\/2025\/09\/CuSn10-powder-china-manufacturer-packing-9x12.png 9w\" sizes=\"(max-width: 310px) 100vw, 310px\" \/><\/p>\n<p>&nbsp;<\/p>","protected":false},"excerpt":{"rendered":"<p>CuSn10-Pulver Metallpulver auf Kupferbasis, CuSn10-Pulver ist eine Bronzelegierung, die aus etwa 10% Zinn und 90% Kupfer besteht und f\u00fcr ihre hervorragenden mechanischen Eigenschaften bekannt ist, darunter Festigkeit, Verschlei\u00dffestigkeit und Korrosionsbest\u00e4ndigkeit. Es wird durch Gaszerst\u00e4ubung hergestellt, um feine, kugelf\u00f6rmige Partikel zu erzeugen, und wird in der additiven Fertigung (3D-Druck) in der Luft- und Raumfahrt, in der Automobilindustrie und in der biomedizinischen Industrie verwendet, sowie durch Wasserzerst\u00e4ubung oder elektrolytische Verfahren, um nicht kugelf\u00f6rmige Partikel f\u00fcr pulvermetallurgische Teile wie Lager und Befestigungselemente zu erzeugen.<\/p>","protected":false},"featured_media":2832,"comment_status":"closed","ping_status":"closed","template":"","meta":[],"product_brand":[],"product_cat":[98],"product_tag":[],"class_list":{"0":"post-2829","1":"product","2":"type-product","3":"status-publish","4":"has-post-thumbnail","6":"product_cat-copper-based-alloy-powder-2","8":"first","9":"instock","10":"shipping-taxable","11":"product-type-simple"},"_links":{"self":[{"href":"https:\/\/am-printing.com\/de\/wp-json\/wp\/v2\/product\/2829","targetHints":{"allow":["GET"]}}],"collection":[{"href":"https:\/\/am-printing.com\/de\/wp-json\/wp\/v2\/product"}],"about":[{"href":"https:\/\/am-printing.com\/de\/wp-json\/wp\/v2\/types\/product"}],"replies":[{"embeddable":true,"href":"https:\/\/am-printing.com\/de\/wp-json\/wp\/v2\/comments?post=2829"}],"wp:featuredmedia":[{"embeddable":true,"href":"https:\/\/am-printing.com\/de\/wp-json\/wp\/v2\/media\/2832"}],"wp:attachment":[{"href":"https:\/\/am-printing.com\/de\/wp-json\/wp\/v2\/media?parent=2829"}],"wp:term":[{"taxonomy":"product_brand","embeddable":true,"href":"https:\/\/am-printing.com\/de\/wp-json\/wp\/v2\/product_brand?post=2829"},{"taxonomy":"product_cat","embeddable":true,"href":"https:\/\/am-printing.com\/de\/wp-json\/wp\/v2\/product_cat?post=2829"},{"taxonomy":"product_tag","embeddable":true,"href":"https:\/\/am-printing.com\/de\/wp-json\/wp\/v2\/product_tag?post=2829"}],"curies":[{"name":"wp","href":"https:\/\/api.w.org\/{rel}","templated":true}]}}